{"id":2515,"date":"2023-05-29T06:26:09","date_gmt":"2023-05-29T06:26:09","guid":{"rendered":"https:\/\/www.marbella.gr\/the-destinations\/corfu-copy-copy\/"},"modified":"2025-01-28T09:24:39","modified_gmt":"2025-01-28T09:24:39","slug":"private-yacht-cruises","status":"publish","type":"page","link":"https:\/\/www.marbella.gr\/fr\/the-destinations\/corfu\/private-yacht-cruises\/","title":{"rendered":"Croisi\u00e8res en yacht priv\u00e9"},"content":{"rendered":"<p style=\"text-align: left;\">Cr\u00e9ez votre propre circuit en louant un yacht priv\u00e9 et en partant \u00e0 la d\u00e9couverte des villages, des \u00eeles, des plages et de tout ce qui vous fait envie. Nous avons s\u00e9lectionn\u00e9 une s\u00e9rie de croisi\u00e8res, mais n'h\u00e9sitez pas \u00e0 nous en demander d'autres.<\/p>\n<p style=\"text-align: left;\"><strong>Croisi\u00e8re Paxos- Antipaxos et Grottes bleues<\/strong><\/p>\n<p style=\"text-align: left;\">Cette croisi\u00e8re d'une journ\u00e9e vous offre la possibilit\u00e9 de vous baigner dans les eaux turquoise d'Antipaxos, dont les criques de sable bleu ont souvent \u00e9t\u00e9 compar\u00e9es \u00e0 celles des Cara\u00efbes. Nous visiterons \u00e9galement les c\u00e9l\u00e8bres grottes bleues et explorerons l'\u00eele pittoresque de Paxos.<\/p>\n<p style=\"text-align: left;\"><strong>Croisi\u00e8re priv\u00e9e dans la vieille ville de Corfou<\/strong><\/p>\n<p style=\"text-align: left;\">Visitez les tr\u00e9sors naturels et les attractions historiques de Corfou, notamment l'incontournable vieille ville qui offre de nombreuses possibilit\u00e9s de shopping et de restauration. L'excursion permet \u00e9galement de se baigner sur l'une des plages les plus isol\u00e9es de l'\u00eele.<\/p>\n<p style=\"text-align: left;\"><strong>Sur les traces de Durrels<\/strong><\/p>\n<p style=\"text-align: left;\">Sur les traces de Gerald Durrell et de son bateau, charmamment baptis\u00e9 \"Bootle Bumtrinket\", vous d\u00e9couvrirez qu'il n'y a rien de tel que d'explorer la c\u00f4te orientale de Corfou en bateau. La villa \"Daffodil Yellow\" \u00e0 Kontokali est l'une des diff\u00e9rentes maisons que les Durrell ont habit\u00e9es pendant leur s\u00e9jour de quatre ans \u00e0 Corfou, et ce sera la premi\u00e8re escale pour la baignade. En se dirigeant vers le nord-est, de courtes escales seront faites \u00e0 Kouloura, o\u00f9 Gerald Durrell a \u00e9crit \"Ma famille et autres animaux\", et \u00e0 Kalami, o\u00f9 le c\u00e9l\u00e8bre po\u00e8te et romancier Lawrence Durrell a v\u00e9cu pendant 18 mois avec sa femme.<\/p>\n<p style=\"text-align: left;\"><strong>Croisi\u00e8re priv\u00e9e au coucher du soleil<\/strong><\/p>\n<p style=\"text-align: left;\">Nous avons cr\u00e9\u00e9 la croisi\u00e8re id\u00e9ale au coucher du soleil qui vous emm\u00e8nera vers la ville de Corfou, la baie de Garitsa et Pontikonissi. Pendant deux heures, vous et vos proches pourrez admirer les paysages parfaits qu'offre g\u00e9n\u00e9reusement le littoral de Corfou. Admirez les couleurs spectaculaires du coucher de soleil, accompagn\u00e9es de notes de jazz apaisantes et d'une bouteille de vin p\u00e9tillant et de chocolats.<\/p>","protected":false},"excerpt":{"rendered":"<p>Design your own tour by hiring a private yacht and taking off to the villages, islands, beaches and wherever you want to go. We have handpicked a selection of cruises to pick from but always feel free to ask for more. Paxos- Antipaxos and Blue Caves Cruise This full day cruise offers you the chance [&#8230;]<\/p>\n<p><a class=\"btn btn-secondary understrap-read-more-link\" href=\"https:\/\/www.marbella.gr\/fr\/the-destinations\/corfu\/private-yacht-cruises\/\">Read More&#8230;<span class=\"screen-reader-text\"> from Private Yacht Cruises<\/span><\/a><\/p>\n","protected":false},"author":11,"featured_media":2770,"parent":2275,"menu_order":0,"comment_status":"closed","ping_status":"closed","template":"","meta":{"_acf_changed":false,"footnotes":""},"class_list":["post-2515","page","type-page","status-publish","has-post-thumbnail","hentry"],"acf":[],"yoast_head":"<!-- This site is optimized with the Yoast SEO plugin v27.4 - https:\/\/yoast.com\/product\/yoast-seo-wordpress\/ -->\n<title>Private Yacht Cruises &amp; Excurions In Corfu - Mar-Bella Collection<\/title>\n<meta name=\"description\" content=\"Private yacht cruises &amp; excursions in Corfu. Explore hidden gems &amp; create your dream itinerary with Mar-Bella Collection.\" \/>\n<meta name=\"robots\" content=\"index, follow, max-snippet:-1, max-image-preview:large, max-video-preview:-1\" \/>\n<link rel=\"canonical\" href=\"https:\/\/www.marbella.gr\/fr\/exclusive-services\/private-yacht-cruises\/\" \/>\n<meta property=\"og:locale\" content=\"fr_FR\" \/>\n<meta property=\"og:type\" content=\"article\" \/>\n<meta property=\"og:title\" content=\"Private Yacht Cruises &amp; Excurions In Corfu - Mar-Bella Collection\" \/>\n<meta property=\"og:description\" content=\"Private yacht cruises &amp; excursions in Corfu. Explore hidden gems &amp; create your dream itinerary with Mar-Bella Collection.\" \/>\n<meta property=\"og:url\" content=\"https:\/\/www.marbella.gr\/fr\/exclusive-services\/private-yacht-cruises\/\" \/>\n<meta property=\"og:site_name\" content=\"Mar-Bella Collection\" \/>\n<meta property=\"article:modified_time\" content=\"2025-01-28T09:24:39+00:00\" \/>\n<meta property=\"og:image\" content=\"https:\/\/www.marbella.gr\/app\/uploads\/2023\/05\/marbella19-3428-scaled-e1621256403362.jpg\" \/>\n\t<meta property=\"og:image:width\" content=\"1920\" \/>\n\t<meta property=\"og:image:height\" content=\"1279\" \/>\n\t<meta property=\"og:image:type\" content=\"image\/jpeg\" \/>\n<meta name=\"twitter:card\" content=\"summary_large_image\" \/>\n<meta name=\"twitter:label1\" content=\"Dur\u00e9e de lecture estim\u00e9e\" \/>\n\t<meta name=\"twitter:data1\" content=\"2 minutes\" \/>\n<!-- \/ Yoast SEO plugin. -->","yoast_head_json":{"title":"Croisi\u00e8res et excursions en yacht priv\u00e9 \u00e0 Corfou - Mar-Bella Collection","description":"Croisi\u00e8res en yacht priv\u00e9 et excursions \u00e0 Corfou. Explorez les joyaux cach\u00e9s et cr\u00e9ez l'itin\u00e9raire de vos r\u00eaves avec Mar-Bella Collection.","robots":{"index":"index","follow":"follow","max-snippet":"max-snippet:-1","max-image-preview":"max-image-preview:large","max-video-preview":"max-video-preview:-1"},"canonical":"https:\/\/www.marbella.gr\/fr\/exclusive-services\/private-yacht-cruises\/","og_locale":"fr_FR","og_type":"article","og_title":"Private Yacht Cruises & Excurions In Corfu - Mar-Bella Collection","og_description":"Private yacht cruises & excursions in Corfu. Explore hidden gems & create your dream itinerary with Mar-Bella Collection.","og_url":"https:\/\/www.marbella.gr\/fr\/exclusive-services\/private-yacht-cruises\/","og_site_name":"Mar-Bella Collection","article_modified_time":"2025-01-28T09:24:39+00:00","og_image":[{"width":1920,"height":1279,"url":"https:\/\/www.marbella.gr\/app\/uploads\/2023\/05\/marbella19-3428-scaled-e1621256403362.jpg","type":"image\/jpeg"}],"twitter_card":"summary_large_image","twitter_misc":{"Dur\u00e9e de lecture estim\u00e9e":"2 minutes"},"schema":{"@context":"https:\/\/schema.org","@graph":[{"@type":"WebPage","@id":"https:\/\/www.marbella.gr\/the-destinations\/corfu\/private-yacht-cruises\/","url":"https:\/\/www.marbella.gr\/exclusive-services\/private-yacht-cruises\/","name":"Croisi\u00e8res et excursions en yacht priv\u00e9 \u00e0 Corfou - Mar-Bella Collection","isPartOf":{"@id":"https:\/\/www.marbella.gr\/#website"},"primaryImageOfPage":{"@id":"https:\/\/www.marbella.gr\/exclusive-services\/private-yacht-cruises\/#primaryimage"},"image":{"@id":"https:\/\/www.marbella.gr\/exclusive-services\/private-yacht-cruises\/#primaryimage"},"thumbnailUrl":"https:\/\/www.marbella.gr\/app\/uploads\/2023\/05\/marbella19-3428-scaled-e1621256403362.jpg","datePublished":"2023-05-29T06:26:09+00:00","dateModified":"2025-01-28T09:24:39+00:00","description":"Croisi\u00e8res en yacht priv\u00e9 et excursions \u00e0 Corfou. Explorez les joyaux cach\u00e9s et cr\u00e9ez l'itin\u00e9raire de vos r\u00eaves avec Mar-Bella Collection.","breadcrumb":{"@id":"https:\/\/www.marbella.gr\/exclusive-services\/private-yacht-cruises\/#breadcrumb"},"inLanguage":"fr-FR","potentialAction":[{"@type":"ReadAction","target":["https:\/\/www.marbella.gr\/exclusive-services\/private-yacht-cruises\/"]}]},{"@type":"ImageObject","inLanguage":"fr-FR","@id":"https:\/\/www.marbella.gr\/exclusive-services\/private-yacht-cruises\/#primaryimage","url":"https:\/\/www.marbella.gr\/app\/uploads\/2023\/05\/marbella19-3428-scaled-e1621256403362.jpg","contentUrl":"https:\/\/www.marbella.gr\/app\/uploads\/2023\/05\/marbella19-3428-scaled-e1621256403362.jpg","width":1920,"height":1279,"caption":"Discover Mar-Bella Collection - 5 star hotels in Corfu, Parga Greece"},{"@type":"BreadcrumbList","@id":"https:\/\/www.marbella.gr\/exclusive-services\/private-yacht-cruises\/#breadcrumb","itemListElement":[{"@type":"ListItem","position":1,"name":"Home","item":"https:\/\/www.marbella.gr\/"},{"@type":"ListItem","position":2,"name":"The Destinations","item":"https:\/\/www.marbella.gr\/the-destinations\/"},{"@type":"ListItem","position":3,"name":"Corfu","item":"https:\/\/www.marbella.gr\/the-destinations\/corfu\/"},{"@type":"ListItem","position":4,"name":"Private Yacht Cruises"}]},{"@type":"WebSite","@id":"https:\/\/www.marbella.gr\/#website","url":"https:\/\/www.marbella.gr\/","name":"MarBella","description":"Une famille d'h\u00f4tels vous reliant \u00e0 la magnifique mer Ionienne","publisher":{"@id":"https:\/\/www.marbella.gr\/#organization"},"alternateName":"MarBella","potentialAction":[{"@type":"SearchAction","target":{"@type":"EntryPoint","urlTemplate":"https:\/\/www.marbella.gr\/?s={search_term_string}"},"query-input":{"@type":"PropertyValueSpecification","valueRequired":true,"valueName":"search_term_string"}}],"inLanguage":"fr-FR"},{"@type":"Organization","@id":"https:\/\/www.marbella.gr\/#organization","name":"MarBella","url":"https:\/\/www.marbella.gr\/","logo":{"@type":"ImageObject","inLanguage":"fr-FR","@id":"https:\/\/www.marbella.gr\/#\/schema\/logo\/image\/","url":"https:\/\/www.marbella.gr\/app\/uploads\/2023\/06\/Marbella-collection.png","contentUrl":"https:\/\/www.marbella.gr\/app\/uploads\/2023\/06\/Marbella-collection.png","width":230,"height":75,"caption":"MarBella"},"image":{"@id":"https:\/\/www.marbella.gr\/#\/schema\/logo\/image\/"}}]}},"_links":{"self":[{"href":"https:\/\/www.marbella.gr\/fr\/wp-json\/wp\/v2\/pages\/2515","targetHints":{"allow":["GET"]}}],"collection":[{"href":"https:\/\/www.marbella.gr\/fr\/wp-json\/wp\/v2\/pages"}],"about":[{"href":"https:\/\/www.marbella.gr\/fr\/wp-json\/wp\/v2\/types\/page"}],"author":[{"embeddable":true,"href":"https:\/\/www.marbella.gr\/fr\/wp-json\/wp\/v2\/users\/11"}],"replies":[{"embeddable":true,"href":"https:\/\/www.marbella.gr\/fr\/wp-json\/wp\/v2\/comments?post=2515"}],"version-history":[{"count":7,"href":"https:\/\/www.marbella.gr\/fr\/wp-json\/wp\/v2\/pages\/2515\/revisions"}],"predecessor-version":[{"id":4082,"href":"https:\/\/www.marbella.gr\/fr\/wp-json\/wp\/v2\/pages\/2515\/revisions\/4082"}],"up":[{"embeddable":true,"href":"https:\/\/www.marbella.gr\/fr\/wp-json\/wp\/v2\/pages\/2275"}],"wp:featuredmedia":[{"embeddable":true,"href":"https:\/\/www.marbella.gr\/fr\/wp-json\/wp\/v2\/media\/2770"}],"wp:attachment":[{"href":"https:\/\/www.marbella.gr\/fr\/wp-json\/wp\/v2\/media?parent=2515"}],"curies":[{"name":"wp","href":"https:\/\/api.w.org\/{rel}","templated":true}]}}