{"id":2516,"date":"2023-05-29T06:26:18","date_gmt":"2023-05-29T06:26:18","guid":{"rendered":"https:\/\/www.marbella.gr\/the-destinations\/corfu-copy-copy-copy\/"},"modified":"2024-09-06T09:47:16","modified_gmt":"2024-09-06T09:47:16","slug":"location","status":"publish","type":"page","link":"https:\/\/www.marbella.gr\/fr\/the-destinations\/corfu\/location\/","title":{"rendered":"Localisation"},"content":{"rendered":"<p style=\"text-align: left;\">Corfou, sise dans la mer Ionienne, vous invite \u00e0 d\u00e9couvrir tout ce qu'elle a \u00e0 offrir. Ses pittoresques villages de montagne et de bord de mer, ses habitants dynamiques et ses traditions fascinantes en font un v\u00e9ritable joyau. Profitez de votre s\u00e9jour pour ramener des images, des sons et des souvenirs inoubliables. Voici nos 5 meilleures suggestions de choses \u00e0 voir ...., mais il y a bien d'autres choses \u00e0 d\u00e9couvrir.<\/p>\n<p style=\"text-align: left;\"><strong>Vieille ville de Corfou<\/strong><\/p>\n<p style=\"text-align: left;\">Regorgeant de tr\u00e9sors culturels, artistiques et culinaires, la vieille ville est un passage oblig\u00e9 pour tout visiteur. Elle est d'ailleurs inscrite au patrimoine mondial de l'UNESCO. Les Byzantins, les V\u00e9nitiens, les Fran\u00e7ais et les Britanniques ont tous r\u00e9gn\u00e9 sur l'\u00eele, lui laissant une histoire unique que vous retrouverez dans ses \u00e9glises, ses palais et ses places.<\/p>\n<p style=\"text-align: left;\"><strong>Lac Korission<\/strong><\/p>\n<p style=\"text-align: left;\">Les amoureux de la nature adoreront l'\u00e9tonnante faune ornithologique de ce lac de 5 km de long. Mouettes, hiboux, buses, hirondelles et flamants roses sont au rendez-vous, alors n'oubliez pas vos jumelles pour passer une journ\u00e9e parfaite. Une fois la d\u00e9couverte de la faune termin\u00e9e, rafra\u00eechissez-vous dans les eaux de la plage pr\u00e9serv\u00e9e d'Halikounas, l'une des plus pris\u00e9es par Forbes.<\/p>\n<p style=\"text-align: left;\"><strong>Benitses<\/strong><\/p>\n<p style=\"text-align: left;\">Combinant les charmes d'un village grec traditionnel avec l'une des plus jolies marinas de l'\u00eele et une multitude de tavernes grecques traditionnelles, Benitses, \u00e0 quelques minutes de route de MarBella et de Nido, a de quoi plaire \u00e0 toute la famille.<\/p>\n<p style=\"text-align: left;\"><strong>Pontikonissi<\/strong><\/p>\n<p style=\"text-align: left;\">La pittoresque Pontikonissi, ou \u00eele de la Souris, m\u00e9rite une visite. Ce minuscule \u00eelot rocheux proche de la ville de Corfou est charg\u00e9 d'histoire et surmont\u00e9 de l'impressionnante \u00e9glise byzantine de Pantokrator, datant du XIe si\u00e8cle.<\/p>\n<p style=\"text-align: left;\"><strong>Palais de l'Achilleion<\/strong><\/p>\n<p style=\"text-align: left;\">\u00c0 15 minutes en voiture de nos h\u00f4tels, vous trouverez le magnifique palais d'\u00e9t\u00e9 Achilleion et ses jardins impeccables, construit pour l'imp\u00e9ratrice autrichienne Sisi. C'est aussi un endroit splendide pour profiter de vues panoramiques sur la ville. Actuellement, le b\u00e2timent principal est ferm\u00e9 pour r\u00e9novation, mais vous pouvez visiter les jardins imp\u00e9riaux.<\/p>","protected":false},"excerpt":{"rendered":"<p>Corfu sits serenely in the Ionian Sea inviting you to discover all it has to offer. From picturesque mountain and seaside villages to its vibrant people and fascinating traditions, it\u2019s a real jewel. Make the most of your stay and take home some unforgettable sights, sounds and memories. Here are our top 5 suggestions on [&#8230;]<\/p>\n<p><a class=\"btn btn-secondary understrap-read-more-link\" href=\"https:\/\/www.marbella.gr\/fr\/the-destinations\/corfu\/location\/\">Read More&#8230;<span class=\"screen-reader-text\"> from Location<\/span><\/a><\/p>\n","protected":false},"author":11,"featured_media":3067,"parent":2275,"menu_order":0,"comment_status":"closed","ping_status":"closed","template":"","meta":{"_acf_changed":false,"footnotes":""},"class_list":["post-2516","page","type-page","status-publish","has-post-thumbnail","hentry"],"acf":[],"yoast_head":"<!-- This site is optimized with the Yoast SEO plugin v27.4 - https:\/\/yoast.com\/product\/yoast-seo-wordpress\/ -->\n<title>Explore Corfu Points of Interest: Top 5 Sights Including Old Town<\/title>\n<meta name=\"description\" content=\"Uncover Corfu&#039;s Hidden Treasures: Must-See Points of Interest and Old Town. Start Exploring Today with Mar-Bella Collection.\" \/>\n<meta name=\"robots\" content=\"index, follow, max-snippet:-1, max-image-preview:large, max-video-preview:-1\" \/>\n<link rel=\"canonical\" href=\"https:\/\/www.marbella.gr\/fr\/the-destinations\/corfu\/location\/\" \/>\n<meta property=\"og:locale\" content=\"fr_FR\" \/>\n<meta property=\"og:type\" content=\"article\" \/>\n<meta property=\"og:title\" content=\"Explore Corfu Points of Interest: Top 5 Sights Including Old Town\" \/>\n<meta property=\"og:description\" content=\"Uncover Corfu&#039;s Hidden Treasures: Must-See Points of Interest and Old Town. Start Exploring Today with Mar-Bella Collection.\" \/>\n<meta property=\"og:url\" content=\"https:\/\/www.marbella.gr\/fr\/the-destinations\/corfu\/location\/\" \/>\n<meta property=\"og:site_name\" content=\"Mar-Bella Collection\" \/>\n<meta property=\"article:modified_time\" content=\"2024-09-06T09:47:16+00:00\" \/>\n<meta property=\"og:image\" content=\"https:\/\/www.marbella.gr\/app\/uploads\/2023\/06\/shutterstock_1058879975-desktop-resolution_resized-1300x700-1.jpg\" \/>\n\t<meta property=\"og:image:width\" content=\"1300\" \/>\n\t<meta property=\"og:image:height\" content=\"700\" \/>\n\t<meta property=\"og:image:type\" content=\"image\/jpeg\" \/>\n<meta name=\"twitter:card\" content=\"summary_large_image\" \/>\n<meta name=\"twitter:label1\" content=\"Dur\u00e9e de lecture estim\u00e9e\" \/>\n\t<meta name=\"twitter:data1\" content=\"2 minutes\" \/>\n<!-- \/ Yoast SEO plugin. -->","yoast_head_json":{"title":"Explorer les points d'int\u00e9r\u00eat de Corfou : Top 5 des sites touristiques, y compris la vieille ville","description":"D\u00e9couvrez les tr\u00e9sors cach\u00e9s de Corfou : Les points d'int\u00e9r\u00eat incontournables et la vieille ville. Commencez \u00e0 explorer aujourd'hui avec Mar-Bella Collection.","robots":{"index":"index","follow":"follow","max-snippet":"max-snippet:-1","max-image-preview":"max-image-preview:large","max-video-preview":"max-video-preview:-1"},"canonical":"https:\/\/www.marbella.gr\/fr\/the-destinations\/corfu\/location\/","og_locale":"fr_FR","og_type":"article","og_title":"Explore Corfu Points of Interest: Top 5 Sights Including Old Town","og_description":"Uncover Corfu's Hidden Treasures: Must-See Points of Interest and Old Town. Start Exploring Today with Mar-Bella Collection.","og_url":"https:\/\/www.marbella.gr\/fr\/the-destinations\/corfu\/location\/","og_site_name":"Mar-Bella Collection","article_modified_time":"2024-09-06T09:47:16+00:00","og_image":[{"width":1300,"height":700,"url":"https:\/\/www.marbella.gr\/app\/uploads\/2023\/06\/shutterstock_1058879975-desktop-resolution_resized-1300x700-1.jpg","type":"image\/jpeg"}],"twitter_card":"summary_large_image","twitter_misc":{"Dur\u00e9e de lecture estim\u00e9e":"2 minutes"},"schema":{"@context":"https:\/\/schema.org","@graph":[{"@type":"WebPage","@id":"https:\/\/www.marbella.gr\/the-destinations\/corfu\/location\/","url":"https:\/\/www.marbella.gr\/the-destinations\/corfu\/location\/","name":"Explorer les points d'int\u00e9r\u00eat de Corfou : Top 5 des sites touristiques, y compris la vieille ville","isPartOf":{"@id":"https:\/\/www.marbella.gr\/#website"},"primaryImageOfPage":{"@id":"https:\/\/www.marbella.gr\/the-destinations\/corfu\/location\/#primaryimage"},"image":{"@id":"https:\/\/www.marbella.gr\/the-destinations\/corfu\/location\/#primaryimage"},"thumbnailUrl":"https:\/\/www.marbella.gr\/app\/uploads\/2023\/06\/shutterstock_1058879975-desktop-resolution_resized-1300x700-1.jpg","datePublished":"2023-05-29T06:26:18+00:00","dateModified":"2024-09-06T09:47:16+00:00","description":"D\u00e9couvrez les tr\u00e9sors cach\u00e9s de Corfou : Les points d'int\u00e9r\u00eat incontournables et la vieille ville. Commencez \u00e0 explorer aujourd'hui avec Mar-Bella Collection.","breadcrumb":{"@id":"https:\/\/www.marbella.gr\/the-destinations\/corfu\/location\/#breadcrumb"},"inLanguage":"fr-FR","potentialAction":[{"@type":"ReadAction","target":["https:\/\/www.marbella.gr\/the-destinations\/corfu\/location\/"]}]},{"@type":"ImageObject","inLanguage":"fr-FR","@id":"https:\/\/www.marbella.gr\/the-destinations\/corfu\/location\/#primaryimage","url":"https:\/\/www.marbella.gr\/app\/uploads\/2023\/06\/shutterstock_1058879975-desktop-resolution_resized-1300x700-1.jpg","contentUrl":"https:\/\/www.marbella.gr\/app\/uploads\/2023\/06\/shutterstock_1058879975-desktop-resolution_resized-1300x700-1.jpg","width":1300,"height":700,"caption":"Panoramic View of Corfu Island from Above"},{"@type":"BreadcrumbList","@id":"https:\/\/www.marbella.gr\/the-destinations\/corfu\/location\/#breadcrumb","itemListElement":[{"@type":"ListItem","position":1,"name":"Home","item":"https:\/\/www.marbella.gr\/"},{"@type":"ListItem","position":2,"name":"The Destinations","item":"https:\/\/www.marbella.gr\/the-destinations\/"},{"@type":"ListItem","position":3,"name":"Corfu","item":"https:\/\/www.marbella.gr\/the-destinations\/corfu\/"},{"@type":"ListItem","position":4,"name":"Location"}]},{"@type":"WebSite","@id":"https:\/\/www.marbella.gr\/#website","url":"https:\/\/www.marbella.gr\/","name":"MarBella","description":"Une famille d'h\u00f4tels vous reliant \u00e0 la magnifique mer Ionienne","publisher":{"@id":"https:\/\/www.marbella.gr\/#organization"},"alternateName":"MarBella","potentialAction":[{"@type":"SearchAction","target":{"@type":"EntryPoint","urlTemplate":"https:\/\/www.marbella.gr\/?s={search_term_string}"},"query-input":{"@type":"PropertyValueSpecification","valueRequired":true,"valueName":"search_term_string"}}],"inLanguage":"fr-FR"},{"@type":"Organization","@id":"https:\/\/www.marbella.gr\/#organization","name":"MarBella","url":"https:\/\/www.marbella.gr\/","logo":{"@type":"ImageObject","inLanguage":"fr-FR","@id":"https:\/\/www.marbella.gr\/#\/schema\/logo\/image\/","url":"https:\/\/www.marbella.gr\/app\/uploads\/2023\/06\/Marbella-collection.png","contentUrl":"https:\/\/www.marbella.gr\/app\/uploads\/2023\/06\/Marbella-collection.png","width":230,"height":75,"caption":"MarBella"},"image":{"@id":"https:\/\/www.marbella.gr\/#\/schema\/logo\/image\/"}}]}},"_links":{"self":[{"href":"https:\/\/www.marbella.gr\/fr\/wp-json\/wp\/v2\/pages\/2516","targetHints":{"allow":["GET"]}}],"collection":[{"href":"https:\/\/www.marbella.gr\/fr\/wp-json\/wp\/v2\/pages"}],"about":[{"href":"https:\/\/www.marbella.gr\/fr\/wp-json\/wp\/v2\/types\/page"}],"author":[{"embeddable":true,"href":"https:\/\/www.marbella.gr\/fr\/wp-json\/wp\/v2\/users\/11"}],"replies":[{"embeddable":true,"href":"https:\/\/www.marbella.gr\/fr\/wp-json\/wp\/v2\/comments?post=2516"}],"version-history":[{"count":13,"href":"https:\/\/www.marbella.gr\/fr\/wp-json\/wp\/v2\/pages\/2516\/revisions"}],"predecessor-version":[{"id":8086,"href":"https:\/\/www.marbella.gr\/fr\/wp-json\/wp\/v2\/pages\/2516\/revisions\/8086"}],"up":[{"embeddable":true,"href":"https:\/\/www.marbella.gr\/fr\/wp-json\/wp\/v2\/pages\/2275"}],"wp:featuredmedia":[{"embeddable":true,"href":"https:\/\/www.marbella.gr\/fr\/wp-json\/wp\/v2\/media\/3067"}],"wp:attachment":[{"href":"https:\/\/www.marbella.gr\/fr\/wp-json\/wp\/v2\/media?parent=2516"}],"curies":[{"name":"wp","href":"https:\/\/api.w.org\/{rel}","templated":true}]}}