{"id":2527,"date":"2023-05-29T06:53:30","date_gmt":"2023-05-29T06:53:30","guid":{"rendered":"https:\/\/www.marbella.gr\/the-destinations\/parga-copy\/"},"modified":"2024-08-13T14:21:35","modified_gmt":"2024-08-13T14:21:35","slug":"around-the-region","status":"publish","type":"page","link":"https:\/\/www.marbella.gr\/fr\/the-destinations\/parga\/around-the-region\/","title":{"rendered":"Autour de la r\u00e9gion"},"content":{"rendered":"<p style=\"text-align: left;\"><strong>Parga<\/strong><\/p>\n<p style=\"text-align: left;\">Parga est une destination tr\u00e8s pris\u00e9e, pleine de charme grec traditionnel. Situ\u00e9 sur le front de mer, ses all\u00e9es pittoresques sont parsem\u00e9es de restaurants et de bars. Ses b\u00e2timents color\u00e9s et attrayants en font un lieu incontournable, couronn\u00e9 par le ch\u00e2teau de Parga qui offre une vue magnifique sur le village et le littoral.<\/p>\n<p style=\"text-align: left;\"><strong>Sivota<\/strong><\/p>\n<p style=\"text-align: left;\">Un beau village de p\u00eacheurs et une station baln\u00e9aire qui abrite de nombreuses villas priv\u00e9es et qui est une destination de voile tr\u00e8s pris\u00e9e. Explorez les \u00eeles situ\u00e9es juste au large de la c\u00f4te et fl\u00e2nez le long de la promenade pour trouver l'endroit id\u00e9al pour un d\u00e9licieux d\u00e9jeuner de fruits de mer.<\/p>\n<p style=\"text-align: left;\"><strong>M\u00e9t\u00e9ores\u00a0<\/strong><\/p>\n<p style=\"text-align: left;\">Merveille de la nature et de l'homme, les formations rocheuses des M\u00e9t\u00e9ores sont couronn\u00e9es par des monast\u00e8res byzantins. Ce site class\u00e9 au patrimoine mondial de l'UNESCO est l'un des plus visit\u00e9s de Gr\u00e8ce et vous ne devez pas le manquer.<\/p>\n<p style=\"text-align: left;\"><strong>Le th\u00e9\u00e2tre antique de Dodoni<\/strong><\/p>\n<p style=\"text-align: left;\">L'un des plus grands et des mieux conserv\u00e9s des th\u00e9\u00e2tres grecs antiques, Dodoni a \u00e9t\u00e9 construit au IIIe si\u00e8cle avant J.-C. par le roi Pyrros d'\u00c9pire. Aujourd'hui, il accueille encore quelques spectacles pendant les mois d'\u00e9t\u00e9.<\/p>\n<p style=\"text-align: left;\"><strong>Nicopolis<\/strong><\/p>\n<p style=\"text-align: left;\">Fond\u00e9e en 29 avant J.-C. par C\u00e9sar Auguste, Nicopolis \u00e9tait la capitale de la province romaine d'Epire V\u00e9tuste. Les ruines impressionnantes de la ville antique m\u00e9ritent une visite.<\/p>\n<p style=\"text-align: left;\"><strong>La rivi\u00e8re Acherontas<\/strong><\/p>\n<p style=\"text-align: left;\">Dans la mythologie grecque antique, l'Ach\u00e9ron \u00e9tait connu sous le nom de \"fleuve du malheur\". Dans la r\u00e9alit\u00e9, il fourmille de vie, enchantant les touristes d'un jour avec son \u00e9cosyst\u00e8me biodiversifi\u00e9 de gorges majestueuses, d'\u00e9tangs et de chutes d'eau, ainsi que de nombreux villages riverains.<\/p>\n<p style=\"text-align: left;\">Contactez notre \u00e9quipe de services exclusifs pendant votre s\u00e9jour pour en savoir plus.<\/p>","protected":false},"excerpt":{"rendered":"<p>Parga Parga is full of traditional Greek charm and a popular destination. Sitting on the waterfront its picturesque alleys are dotted with restaurants and bars. Its attractive colourful buildings make it a must see, all crowned by Parga Castle commanding magnificent views of the village and coastline. Sivota A beautiful fishing village and resort that [&#8230;]<\/p>\n<p><a class=\"btn btn-secondary understrap-read-more-link\" href=\"https:\/\/www.marbella.gr\/fr\/the-destinations\/parga\/around-the-region\/\">Read More&#8230;<span class=\"screen-reader-text\"> from Around the region<\/span><\/a><\/p>\n","protected":false},"author":11,"featured_media":7873,"parent":2276,"menu_order":0,"comment_status":"closed","ping_status":"closed","template":"","meta":{"_acf_changed":false,"footnotes":""},"class_list":["post-2527","page","type-page","status-publish","has-post-thumbnail","hentry"],"acf":[],"yoast_head":"<!-- This site is optimized with the Yoast SEO plugin v27.4 - https:\/\/yoast.com\/product\/yoast-seo-wordpress\/ -->\n<title>Explore the Region | Mar-Bella Collection<\/title>\n<meta name=\"description\" content=\"Explore the Region: Parga&#039;s charm, Sivota&#039;s fishing village, Meteora&#039;s marvel, Dodoni&#039;s ancient theater, Nicopolis ruins, and Acherontas River.\" \/>\n<meta name=\"robots\" content=\"index, follow, max-snippet:-1, max-image-preview:large, max-video-preview:-1\" \/>\n<link rel=\"canonical\" href=\"https:\/\/www.marbella.gr\/fr\/the-destinations\/parga\/around-the-region\/\" \/>\n<meta property=\"og:locale\" content=\"fr_FR\" \/>\n<meta property=\"og:type\" content=\"article\" \/>\n<meta property=\"og:title\" content=\"Explore the Region | Mar-Bella Collection\" \/>\n<meta property=\"og:description\" content=\"Explore the Region: Parga&#039;s charm, Sivota&#039;s fishing village, Meteora&#039;s marvel, Dodoni&#039;s ancient theater, Nicopolis ruins, and Acherontas River.\" \/>\n<meta property=\"og:url\" content=\"https:\/\/www.marbella.gr\/fr\/the-destinations\/parga\/around-the-region\/\" \/>\n<meta property=\"og:site_name\" content=\"Mar-Bella Collection\" \/>\n<meta property=\"article:modified_time\" content=\"2024-08-13T14:21:35+00:00\" \/>\n<meta property=\"og:image\" content=\"https:\/\/www.marbella.gr\/app\/uploads\/2024\/08\/Elix_Aerial-2-scaled.jpg\" \/>\n\t<meta property=\"og:image:width\" content=\"2560\" \/>\n\t<meta property=\"og:image:height\" content=\"1917\" \/>\n\t<meta property=\"og:image:type\" content=\"image\/jpeg\" \/>\n<meta name=\"twitter:card\" content=\"summary_large_image\" \/>\n<meta name=\"twitter:label1\" content=\"Dur\u00e9e de lecture estim\u00e9e\" \/>\n\t<meta name=\"twitter:data1\" content=\"2 minutes\" \/>\n<!-- \/ Yoast SEO plugin. -->","yoast_head_json":{"title":"Explorer la r\u00e9gion | Mar-Bella Collection","description":"Explorez la r\u00e9gion : Le charme de Parga, le village de p\u00eacheurs de Sivota, les merveilles des M\u00e9t\u00e9ores, le th\u00e9\u00e2tre antique de Dodoni, les ruines de Nicopolis et la rivi\u00e8re Acherontas.","robots":{"index":"index","follow":"follow","max-snippet":"max-snippet:-1","max-image-preview":"max-image-preview:large","max-video-preview":"max-video-preview:-1"},"canonical":"https:\/\/www.marbella.gr\/fr\/the-destinations\/parga\/around-the-region\/","og_locale":"fr_FR","og_type":"article","og_title":"Explore the Region | Mar-Bella Collection","og_description":"Explore the Region: Parga's charm, Sivota's fishing village, Meteora's marvel, Dodoni's ancient theater, Nicopolis ruins, and Acherontas River.","og_url":"https:\/\/www.marbella.gr\/fr\/the-destinations\/parga\/around-the-region\/","og_site_name":"Mar-Bella Collection","article_modified_time":"2024-08-13T14:21:35+00:00","og_image":[{"width":2560,"height":1917,"url":"https:\/\/www.marbella.gr\/app\/uploads\/2024\/08\/Elix_Aerial-2-scaled.jpg","type":"image\/jpeg"}],"twitter_card":"summary_large_image","twitter_misc":{"Dur\u00e9e de lecture estim\u00e9e":"2 minutes"},"schema":{"@context":"https:\/\/schema.org","@graph":[{"@type":"WebPage","@id":"https:\/\/www.marbella.gr\/the-destinations\/parga\/around-the-region\/","url":"https:\/\/www.marbella.gr\/the-destinations\/parga\/around-the-region\/","name":"Explorer la r\u00e9gion | Mar-Bella Collection","isPartOf":{"@id":"https:\/\/www.marbella.gr\/#website"},"primaryImageOfPage":{"@id":"https:\/\/www.marbella.gr\/the-destinations\/parga\/around-the-region\/#primaryimage"},"image":{"@id":"https:\/\/www.marbella.gr\/the-destinations\/parga\/around-the-region\/#primaryimage"},"thumbnailUrl":"https:\/\/www.marbella.gr\/app\/uploads\/2024\/08\/Elix_Aerial-2-scaled.jpg","datePublished":"2023-05-29T06:53:30+00:00","dateModified":"2024-08-13T14:21:35+00:00","description":"Explorez la r\u00e9gion : Le charme de Parga, le village de p\u00eacheurs de Sivota, les merveilles des M\u00e9t\u00e9ores, le th\u00e9\u00e2tre antique de Dodoni, les ruines de Nicopolis et la rivi\u00e8re Acherontas.","breadcrumb":{"@id":"https:\/\/www.marbella.gr\/the-destinations\/parga\/around-the-region\/#breadcrumb"},"inLanguage":"fr-FR","potentialAction":[{"@type":"ReadAction","target":["https:\/\/www.marbella.gr\/the-destinations\/parga\/around-the-region\/"]}]},{"@type":"ImageObject","inLanguage":"fr-FR","@id":"https:\/\/www.marbella.gr\/the-destinations\/parga\/around-the-region\/#primaryimage","url":"https:\/\/www.marbella.gr\/app\/uploads\/2024\/08\/Elix_Aerial-2-scaled.jpg","contentUrl":"https:\/\/www.marbella.gr\/app\/uploads\/2024\/08\/Elix_Aerial-2-scaled.jpg","width":2560,"height":1917,"caption":"Aerial"},{"@type":"BreadcrumbList","@id":"https:\/\/www.marbella.gr\/the-destinations\/parga\/around-the-region\/#breadcrumb","itemListElement":[{"@type":"ListItem","position":1,"name":"Home","item":"https:\/\/www.marbella.gr\/"},{"@type":"ListItem","position":2,"name":"The Destinations","item":"https:\/\/www.marbella.gr\/the-destinations\/"},{"@type":"ListItem","position":3,"name":"Parga","item":"https:\/\/www.marbella.gr\/the-destinations\/parga\/"},{"@type":"ListItem","position":4,"name":"Around the region"}]},{"@type":"WebSite","@id":"https:\/\/www.marbella.gr\/#website","url":"https:\/\/www.marbella.gr\/","name":"MarBella","description":"Une famille d'h\u00f4tels vous reliant \u00e0 la magnifique mer Ionienne","publisher":{"@id":"https:\/\/www.marbella.gr\/#organization"},"alternateName":"MarBella","potentialAction":[{"@type":"SearchAction","target":{"@type":"EntryPoint","urlTemplate":"https:\/\/www.marbella.gr\/?s={search_term_string}"},"query-input":{"@type":"PropertyValueSpecification","valueRequired":true,"valueName":"search_term_string"}}],"inLanguage":"fr-FR"},{"@type":"Organization","@id":"https:\/\/www.marbella.gr\/#organization","name":"MarBella","url":"https:\/\/www.marbella.gr\/","logo":{"@type":"ImageObject","inLanguage":"fr-FR","@id":"https:\/\/www.marbella.gr\/#\/schema\/logo\/image\/","url":"https:\/\/www.marbella.gr\/app\/uploads\/2023\/06\/Marbella-collection.png","contentUrl":"https:\/\/www.marbella.gr\/app\/uploads\/2023\/06\/Marbella-collection.png","width":230,"height":75,"caption":"MarBella"},"image":{"@id":"https:\/\/www.marbella.gr\/#\/schema\/logo\/image\/"}}]}},"_links":{"self":[{"href":"https:\/\/www.marbella.gr\/fr\/wp-json\/wp\/v2\/pages\/2527","targetHints":{"allow":["GET"]}}],"collection":[{"href":"https:\/\/www.marbella.gr\/fr\/wp-json\/wp\/v2\/pages"}],"about":[{"href":"https:\/\/www.marbella.gr\/fr\/wp-json\/wp\/v2\/types\/page"}],"author":[{"embeddable":true,"href":"https:\/\/www.marbella.gr\/fr\/wp-json\/wp\/v2\/users\/11"}],"replies":[{"embeddable":true,"href":"https:\/\/www.marbella.gr\/fr\/wp-json\/wp\/v2\/comments?post=2527"}],"version-history":[{"count":14,"href":"https:\/\/www.marbella.gr\/fr\/wp-json\/wp\/v2\/pages\/2527\/revisions"}],"predecessor-version":[{"id":7943,"href":"https:\/\/www.marbella.gr\/fr\/wp-json\/wp\/v2\/pages\/2527\/revisions\/7943"}],"up":[{"embeddable":true,"href":"https:\/\/www.marbella.gr\/fr\/wp-json\/wp\/v2\/pages\/2276"}],"wp:featuredmedia":[{"embeddable":true,"href":"https:\/\/www.marbella.gr\/fr\/wp-json\/wp\/v2\/media\/7873"}],"wp:attachment":[{"href":"https:\/\/www.marbella.gr\/fr\/wp-json\/wp\/v2\/media?parent=2527"}],"curies":[{"name":"wp","href":"https:\/\/api.w.org\/{rel}","templated":true}]}}