{"id":2528,"date":"2023-05-29T06:53:36","date_gmt":"2023-05-29T06:53:36","guid":{"rendered":"https:\/\/www.marbella.gr\/the-destinations\/parga-copy-copy\/"},"modified":"2025-03-04T09:53:06","modified_gmt":"2025-03-04T09:53:06","slug":"private-yacht-cruises","status":"publish","type":"page","link":"https:\/\/www.marbella.gr\/fr\/the-destinations\/parga\/private-yacht-cruises\/","title":{"rendered":"Croisi\u00e8res en yacht priv\u00e9"},"content":{"rendered":"<p style=\"text-align: left;\">D\u00e9couvrez le meilleur des \u00eeles Ioniennes gr\u00e2ce \u00e0 notre s\u00e9lection de croisi\u00e8res.<\/p>\n<p style=\"text-align: left;\"><strong>Croisi\u00e8re \u00e0 Paxos, Antipaxos et les Grottes Bleues<\/strong><\/p>\n<p style=\"text-align: left;\"><span class=\"TextRun SCXW106951246 BCX0\" lang=\"EN-US\" xml:lang=\"EN-US\" data-contrast=\"none\"><span class=\"NormalTextRun SCXW106951246 BCX0\">Nager dans les eaux turquoises de <\/span><span class=\"SpellingError SCXW106951246 BCX0\">Antipaxos<\/span><\/span><span class=\"TrackChangeTextInsertion TrackedChange SCXW106951246 BCX0\"><span class=\"TextRun SCXW106951246 BCX0\" lang=\"EN-US\" xml:lang=\"EN-US\" data-contrast=\"none\"><span class=\"NormalTextRun SCXW106951246 BCX0\"> \u00eele<\/span><\/span><\/span><span class=\"TextRun SCXW106951246 BCX0\" lang=\"EN-US\" xml:lang=\"EN-US\" data-contrast=\"none\"><span class=\"NormalTextRun SCXW106951246 BCX0\">Les criques de sable et d'eau bleue rappellent les Cara\u00efbes.<\/span><\/span><span class=\"TextRun SCXW106951246 BCX0\" lang=\"EN-US\" xml:lang=\"EN-US\" data-contrast=\"none\"><span class=\"SpellingError SCXW106951246 BCX0\">nd<\/span> <span class=\"NormalTextRun CommentStart CommentHighlightPipeRestV2 CommentHighlightRest SCXW106951246 BCX0\">visiter<\/span><span class=\"NormalTextRun CommentHighlightPipeRestV2 SCXW106951246 BCX0\"> les c\u00e9l\u00e8bres Grottes bleues et la pittoresque Paxos<\/span><\/span><span class=\"TrackChangeTextInsertion TrackedChange SCXW106951246 BCX0\"><span class=\"TextRun SCXW106951246 BCX0\" lang=\"EN-US\" xml:lang=\"EN-US\" data-contrast=\"none\"><span class=\"NormalTextRun SCXW106951246 BCX0\"> \u00eele<\/span><\/span><\/span>.<\/p>\n<p style=\"text-align: left;\"><strong>Croisi\u00e8re sur les \u00eeles Syvota et le lagon bleu<\/strong><\/p>\n<p style=\"text-align: left;\"><span class=\"TextRun SCXW167058495 BCX0\" lang=\"EN-US\" xml:lang=\"EN-US\" data-contrast=\"none\"><span class=\"NormalTextRun SCXW167058495 BCX0\">D\u00e9couvrir<\/span> <span class=\"NormalTextRun SCXW167058495 BCX0\">immacul\u00e9<\/span> <span class=\"NormalTextRun SCXW167058495 BCX0\">rivages<\/span><span class=\"NormalTextRun SCXW167058495 BCX0\">, <\/span><span class=\"NormalTextRun SCXW167058495 BCX0\">intime<\/span> <span class=\"NormalTextRun SCXW167058495 BCX0\">criques<\/span><span class=\"NormalTextRun SCXW167058495 BCX0\"> et <\/span><span class=\"NormalTextRun SCXW167058495 BCX0\">luxuriant<\/span> <span class=\"NormalTextRun SCXW167058495 BCX0\">vert<\/span> <span class=\"NormalTextRun SCXW167058495 BCX0\">\u00eeles<\/span><span class=\"NormalTextRun SCXW167058495 BCX0\">. <\/span><span class=\"NormalTextRun SCXW167058495 BCX0\">Nager<\/span><span class=\"NormalTextRun SCXW167058495 BCX0\"> dans le <\/span><span class=\"NormalTextRun SCXW167058495 BCX0\">clair comme de l'eau de roche<\/span> <span class=\"NormalTextRun SCXW167058495 BCX0\">eaux<\/span><span class=\"NormalTextRun SCXW167058495 BCX0\"> et <\/span><span class=\"NormalTextRun SCXW167058495 BCX0\">visiter<\/span><span class=\"NormalTextRun SCXW167058495 BCX0\"> les <\/span><span class=\"NormalTextRun SCXW167058495 BCX0\">ville<\/span><span class=\"NormalTextRun SCXW167058495 BCX0\"> de <\/span><span class=\"SpellingError SCXW167058495 BCX0\">Sivota<\/span> <span class=\"NormalTextRun SCXW167058495 BCX0\">et<\/span> <span class=\"NormalTextRun SCXW167058495 BCX0\">explorer<\/span> <\/span><span class=\"TrackChangeTextInsertion TrackedChange SCXW167058495 BCX0\"><span class=\"TextRun SCXW167058495 BCX0\" lang=\"EN-US\" xml:lang=\"EN-US\" data-contrast=\"none\"><span class=\"NormalTextRun SCXW167058495 BCX0\">son<\/span><\/span><\/span><span class=\"TextRun SCXW167058495 BCX0\" lang=\"EN-US\" xml:lang=\"EN-US\" data-contrast=\"none\"> <span class=\"NormalTextRun SCXW167058495 BCX0\">restaurants<\/span><span class=\"NormalTextRun SCXW167058495 BCX0\">, <\/span><span class=\"NormalTextRun SCXW167058495 BCX0\">caf\u00e9<\/span> <span class=\"NormalTextRun SCXW167058495 BCX0\">magasins<\/span><span class=\"NormalTextRun SCXW167058495 BCX0\"> et <\/span><span class=\"SpellingError SCXW167058495 BCX0\">port<\/span><\/span>.<\/p>\n<p style=\"text-align: left;\"><strong>Croisi\u00e8re au coucher du soleil sur les \u00eeles Syvota et le lagon bleu<\/strong><\/p>\n<p style=\"text-align: left;\"><span class=\"TextRun SCXW135398317 BCX0\" lang=\"EN-US\" xml:lang=\"EN-US\" data-contrast=\"none\"><span class=\"NormalTextRun SCXW135398317 BCX0\">Une soir\u00e9e m\u00e9morable vous attend. Terminez la journ\u00e9e par une excursion \u00e0 <\/span><span class=\"NormalTextRun CommentStart CommentHighlightPipeRestV2 CommentHighlightRest SCXW135398317 BCX0\">Sivota<\/span><span class=\"NormalTextRun CommentHighlightPipeRestV2 SCXW135398317 BCX0\"> par bateau et <\/span><\/span><span class=\"TrackChangeTextInsertion TrackedChange SCXW135398317 BCX0\"><span class=\"TextRun SCXW135398317 BCX0\" lang=\"EN-US\" xml:lang=\"EN-US\" data-contrast=\"none\"><span class=\"NormalTextRun SCXW135398317 BCX0\">enj<\/span><\/span><\/span><span class=\"TrackChangeTextInsertion TrackedChange SCXW135398317 BCX0\"><span class=\"TextRun SCXW135398317 BCX0\" lang=\"EN-US\" xml:lang=\"EN-US\" data-contrast=\"none\"><span class=\"NormalTextRun SCXW135398317 BCX0\">oy <\/span><\/span><\/span><span class=\"TrackChangeTextInsertion TrackedChange SCXW135398317 BCX0\"><span class=\"TextRun SCXW135398317 BCX0\" lang=\"EN-US\" xml:lang=\"EN-US\" data-contrast=\"none\"><span class=\"NormalTextRun SCXW135398317 BCX0\">les<\/span><\/span><\/span><span class=\"TextRun SCXW135398317 BCX0\" lang=\"EN-US\" xml:lang=\"EN-US\" data-contrast=\"none\"><span class=\"NormalTextRun SCXW135398317 BCX0\"> Le coucher de soleil sur la mer Ionienne est \u00e9poustouflant. Promenez-vous sur la jet\u00e9e et <\/span><\/span><span class=\"TrackChangeTextInsertion TrackedChange SCXW135398317 BCX0\"><span class=\"TextRun SCXW135398317 BCX0\" lang=\"EN-US\" xml:lang=\"EN-US\" data-contrast=\"none\"><span class=\"NormalTextRun SCXW135398317 BCX0\">avoir<\/span><\/span><\/span><span class=\"TextRun SCXW135398317 BCX0\" lang=\"EN-US\" xml:lang=\"EN-US\" data-contrast=\"none\"><span class=\"NormalTextRun SCXW135398317 BCX0\"> d\u00eener dans l'un des restaurants de la belle marina ou retour <\/span><\/span><span class=\"TrackChangeTextInsertion TrackedChange SCXW135398317 BCX0\"><span class=\"TextRun SCXW135398317 BCX0\" lang=\"EN-US\" xml:lang=\"EN-US\" data-contrast=\"none\"><span class=\"NormalTextRun SCXW135398317 BCX0\">et<\/span><\/span><\/span><span class=\"TextRun SCXW135398317 BCX0\" lang=\"EN-US\" xml:lang=\"EN-US\" data-contrast=\"none\"><span class=\"NormalTextRun SCXW135398317 BCX0\">\u00a0le bateau pour un verre de vin avec nos compliments<\/span><\/span>.<\/p>\n<p style=\"text-align: left;\"><strong>Croisi\u00e8re d'une journ\u00e9e \u00e0 Parga<\/strong><\/p>\n<p style=\"text-align: left;\"><span class=\"TextRun SCXW101877615 BCX0\" lang=\"EN-US\" xml:lang=\"EN-US\" data-contrast=\"none\"><span class=\"NormalTextRun SCXW101877615 BCX0\">Profitez de la <\/span><span class=\"NormalTextRun SCXW101877615 BCX0\">clair comme de l'eau de roche<\/span><span class=\"NormalTextRun SCXW101877615 BCX0\"> des plages de Parga et les paysages pittoresques de l'\u00eele.<\/span><\/span><span class=\"TrackChangeTextInsertion TrackedChange SCXW101877615 BCX0\"><span class=\"TextRun SCXW101877615 BCX0\" lang=\"EN-US\" xml:lang=\"EN-US\" data-contrast=\"none\"><span class=\"NormalTextRun SCXW101877615 BCX0\">erfect<\/span><\/span><\/span><span class=\"TextRun SCXW101877615 BCX0\" lang=\"EN-US\" xml:lang=\"EN-US\" data-contrast=\"none\"><span class=\"NormalTextRun SCXW101877615 BCX0\">\u00a0beaut\u00e9 de ses couleurs vives <\/span><span class=\"NormalTextRun SCXW101877615 BCX0\">color\u00e9<\/span><span class=\"NormalTextRun SCXW101877615 BCX0\"> maisons. Promenez-vous dans les ruelles \u00e9troites et visitez le splendide ch\u00e2teau v\u00e9nitien<\/span><\/span>.<\/p>\n<p style=\"text-align: left;\"><strong>Croisi\u00e8re au coucher du soleil \u00e0 Parga<\/strong><\/p>\n<p style=\"text-align: left;\"><span class=\"TextRun SCXW109515390 BCX0\" lang=\"EN-US\" xml:lang=\"EN-US\" data-contrast=\"none\"><span class=\"NormalTextRun SCXW109515390 BCX0\">La fin parfaite d'une journ\u00e9e. Rendez-vous en bateau \u00e0 Parga pour admirer le coucher de soleil sur la mer Ionienne. <\/span><\/span><span class=\"TextRun SCXW109515390 BCX0\" lang=\"EN-US\" xml:lang=\"EN-US\" data-contrast=\"none\"><span class=\"NormalTextRun SCXW109515390 BCX0\">Appr\u00e9ciez <\/span><\/span><span class=\"TrackChangeTextInsertion TrackedChange SCXW109515390 BCX0\"><span class=\"TextRun SCXW109515390 BCX0\" lang=\"EN-US\" xml:lang=\"EN-US\" data-contrast=\"none\"><span class=\"NormalTextRun SCXW109515390 BCX0\">de la ville <\/span><\/span><\/span><span class=\"TextRun SCXW109515390 BCX0\" lang=\"EN-US\" xml:lang=\"EN-US\" data-contrast=\"none\"><span class=\"NormalTextRun SCXW109515390 BCX0\">image<\/span><\/span><span class=\"TrackChangeTextInsertion TrackedChange SCXW109515390 BCX0\"><span class=\"TextRun SCXW109515390 BCX0\" lang=\"EN-US\" xml:lang=\"EN-US\" data-contrast=\"none\"><span class=\"NormalTextRun SCXW109515390 BCX0\">sque<\/span><\/span><\/span><span class=\"TextRun SCXW109515390 BCX0\" lang=\"EN-US\" xml:lang=\"EN-US\" data-contrast=\"none\"><span class=\"NormalTextRun SCXW109515390 BCX0\">\u00a0la beaut\u00e9 avec <\/span><\/span><span class=\"TrackChangeTextInsertion TrackedChange SCXW109515390 BCX0\"><span class=\"TextRun SCXW109515390 BCX0\" lang=\"EN-US\" xml:lang=\"EN-US\" data-contrast=\"none\"><span class=\"NormalTextRun SCXW109515390 BCX0\">son <\/span><\/span><\/span><span class=\"TextRun SCXW109515390 BCX0\" lang=\"EN-US\" xml:lang=\"EN-US\" data-contrast=\"none\"><span class=\"NormalTextRun SCXW109515390 BCX0\">brillamment <\/span><span class=\"SpellingError SCXW109515390 BCX0\">color\u00e9<\/span><span class=\"NormalTextRun SCXW109515390 BCX0\"> Les maisons v\u00e9nitiennes, les ruelles \u00e9troites et la promenade anim\u00e9e, bord\u00e9e de bars \u00e0 ouzo et de caf\u00e9s, sont autant d'atouts pour la ville. L'incontournable ch\u00e2teau v\u00e9nitien qui surplombe la ville est l'endroit id\u00e9al pour prendre un verre et admirer les vues incroyables.<\/span><\/span><\/p>\n<p style=\"text-align: left;\"><strong>Croisi\u00e8re dans la ville de Corfou et les \u00eeles Syvota<\/strong><\/p>\n<p style=\"text-align: left;\"><span class=\"TextRun SCXW229591366 BCX0\" lang=\"EL-GR\" xml:lang=\"EL-GR\" data-contrast=\"none\"><span class=\"SpellingError SCXW229591366 BCX0\">Explorer<\/span><span class=\"NormalTextRun SCXW229591366 BCX0\"> les <\/span><span class=\"SpellingError SCXW229591366 BCX0\">attractions<\/span><span class=\"NormalTextRun SCXW229591366 BCX0\"> de <\/span><span class=\"SpellingError SCXW229591366 BCX0\">Corfou<\/span> <span class=\"SpellingError SCXW229591366 BCX0\">incontournable<\/span> <span class=\"SpellingError SCXW229591366 BCX0\">Ancienne<\/span> <span class=\"SpellingError SCXW229591366 BCX0\">Ville<\/span><span class=\"NormalTextRun SCXW229591366 BCX0\">, <\/span><\/span><span class=\"TrackChangeTextInsertion TrackedChange SCXW229591366 BCX0\"><span class=\"TextRun SCXW229591366 BCX0\" lang=\"EL-GR\" xml:lang=\"EL-GR\" data-contrast=\"none\"><span class=\"NormalTextRun SCXW229591366 BCX0\">un site mondial de l'UNESCO <\/span><span class=\"SpellingError SCXW229591366 BCX0\">Herit<\/span><\/span><\/span><span class=\"TrackChangeTextInsertion TrackedChange SCXW229591366 BCX0\"><span class=\"TextRun SCXW229591366 BCX0\" lang=\"EL-GR\" xml:lang=\"EL-GR\" data-contrast=\"none\"><span class=\"SpellingError SCXW229591366 BCX0\">\u00e2ge<\/span> <span class=\"SpellingError SCXW229591366 BCX0\">site<\/span> <\/span><\/span><span class=\"TextRun SCXW229591366 BCX0\" lang=\"EL-GR\" xml:lang=\"EL-GR\" data-contrast=\"none\"><span class=\"SpellingError SCXW229591366 BCX0\">tremp\u00e9<\/span><span class=\"NormalTextRun SCXW229591366 BCX0\"> en <\/span><span class=\"SpellingError SCXW229591366 BCX0\">l'histoire<\/span><span class=\"NormalTextRun SCXW229591366 BCX0\"> et <\/span><span class=\"SpellingError SCXW229591366 BCX0\">offre<\/span> <span class=\"SpellingError SCXW229591366 BCX0\">grand<\/span> <span class=\"SpellingError SCXW229591366 BCX0\">achats<\/span><span class=\"NormalTextRun SCXW229591366 BCX0\"> et <\/span><span class=\"SpellingError SCXW229591366 BCX0\">repas<\/span><span class=\"NormalTextRun SCXW229591366 BCX0\">. <\/span><span class=\"SpellingError SCXW229591366 BCX0\">Cool<\/span> <span class=\"SpellingError SCXW229591366 BCX0\">vers le bas<\/span> <span class=\"SpellingError SCXW229591366 BCX0\">avec<\/span><span class=\"NormalTextRun SCXW229591366 BCX0\"> a <\/span><span class=\"SpellingError SCXW229591366 BCX0\">nager<\/span> <span class=\"SpellingError SCXW229591366 BCX0\">\u00e0<\/span> <span class=\"SpellingError SCXW229591366 BCX0\">un<\/span><span class=\"NormalTextRun SCXW229591366 BCX0\"> de la <\/span><\/span><span class=\"TrackChangeTextInsertion TrackedChange SCXW229591366 BCX0\"><span class=\"TextRun SCXW229591366 BCX0\" lang=\"EL-GR\" xml:lang=\"EL-GR\" data-contrast=\"none\"><span class=\"SpellingError SCXW229591366 BCX0\">\u00e0 proximit\u00e9<\/span><\/span><\/span><span class=\"TextRun SCXW229591366 BCX0\" lang=\"EL-GR\" xml:lang=\"EL-GR\" data-contrast=\"none\"><span class=\"NormalTextRun SCXW229591366 BCX0\">\u00a0plages isol\u00e9es<\/span><\/span>.<\/p>\n<p style=\"text-align: left;\">Contactez notre \u00e9quipe Exclusives Services avant votre arriv\u00e9e ou pendant votre s\u00e9jour pour r\u00e9server votre aventure inoubliable en remplissant le formulaire ci-dessous.<\/p>","protected":false},"excerpt":{"rendered":"<p>Experience the best of the Ionian islands through our handpicked\u00a0selection\u00a0of cruises. Paxos, Antipaxos and the Blue Caves Cruise Swim in the turquoise waters of Antipaxos island, whose sandy blue water coves are reminiscent of the Caribbean and visit the famous Blue Caves and picturesque Paxos island. Syvota Islands and the Blue Lagoon Cruise Discover pristine [&#8230;]<\/p>\n<p><a class=\"btn btn-secondary understrap-read-more-link\" href=\"https:\/\/www.marbella.gr\/fr\/the-destinations\/parga\/private-yacht-cruises\/\">Read More&#8230;<span class=\"screen-reader-text\"> from Private yacht cruises<\/span><\/a><\/p>\n","protected":false},"author":11,"featured_media":2989,"parent":2276,"menu_order":0,"comment_status":"closed","ping_status":"closed","template":"","meta":{"_acf_changed":false,"footnotes":""},"class_list":["post-2528","page","type-page","status-publish","has-post-thumbnail","hentry"],"acf":[],"yoast_head":"<!-- This site is optimized with the Yoast SEO plugin v27.4 - https:\/\/yoast.com\/product\/yoast-seo-wordpress\/ -->\n<title>Private Yacht Cruises in Parga, Greece | Mar-Bella Collection<\/title>\n<meta name=\"description\" content=\"Explore the Stunning Ionian Sea: Embark on Our Carefully Curated Private Yacht Cruises from Parga, Greece &amp; Experience Breathtaking Scenery.\" \/>\n<meta name=\"robots\" content=\"index, follow, max-snippet:-1, max-image-preview:large, max-video-preview:-1\" \/>\n<link rel=\"canonical\" href=\"https:\/\/www.marbella.gr\/fr\/the-destinations\/parga\/private-yacht-cruises\/\" \/>\n<meta property=\"og:locale\" content=\"fr_FR\" \/>\n<meta property=\"og:type\" content=\"article\" \/>\n<meta property=\"og:title\" content=\"Private Yacht Cruises in Parga, Greece | Mar-Bella Collection\" \/>\n<meta property=\"og:description\" content=\"Explore the Stunning Ionian Sea: Embark on Our Carefully Curated Private Yacht Cruises from Parga, Greece &amp; Experience Breathtaking Scenery.\" \/>\n<meta property=\"og:url\" content=\"https:\/\/www.marbella.gr\/fr\/the-destinations\/parga\/private-yacht-cruises\/\" \/>\n<meta property=\"og:site_name\" content=\"Mar-Bella Collection\" \/>\n<meta property=\"article:modified_time\" content=\"2025-03-04T09:53:06+00:00\" \/>\n<meta property=\"og:image\" content=\"https:\/\/www.marbella.gr\/app\/uploads\/2023\/05\/elix21-0663-1300x700-1.jpg\" \/>\n\t<meta property=\"og:image:width\" content=\"1300\" \/>\n\t<meta property=\"og:image:height\" content=\"700\" \/>\n\t<meta property=\"og:image:type\" content=\"image\/jpeg\" \/>\n<meta name=\"twitter:card\" content=\"summary_large_image\" \/>\n<meta name=\"twitter:label1\" content=\"Dur\u00e9e de lecture estim\u00e9e\" \/>\n\t<meta name=\"twitter:data1\" content=\"2 minutes\" \/>\n<!-- \/ Yoast SEO plugin. -->","yoast_head_json":{"title":"Croisi\u00e8res en yacht priv\u00e9 \u00e0 Parga, Gr\u00e8ce | Mar-Bella Collection","description":"Explorez l'\u00e9poustouflante mer Ionienne : Embarquez \u00e0 bord de nos croisi\u00e8res en yacht priv\u00e9 soigneusement s\u00e9lectionn\u00e9es au d\u00e9part de Parga, en Gr\u00e8ce, et d\u00e9couvrez des paysages \u00e0 couper le souffle.","robots":{"index":"index","follow":"follow","max-snippet":"max-snippet:-1","max-image-preview":"max-image-preview:large","max-video-preview":"max-video-preview:-1"},"canonical":"https:\/\/www.marbella.gr\/fr\/the-destinations\/parga\/private-yacht-cruises\/","og_locale":"fr_FR","og_type":"article","og_title":"Private Yacht Cruises in Parga, Greece | Mar-Bella Collection","og_description":"Explore the Stunning Ionian Sea: Embark on Our Carefully Curated Private Yacht Cruises from Parga, Greece & Experience Breathtaking Scenery.","og_url":"https:\/\/www.marbella.gr\/fr\/the-destinations\/parga\/private-yacht-cruises\/","og_site_name":"Mar-Bella Collection","article_modified_time":"2025-03-04T09:53:06+00:00","og_image":[{"width":1300,"height":700,"url":"https:\/\/www.marbella.gr\/app\/uploads\/2023\/05\/elix21-0663-1300x700-1.jpg","type":"image\/jpeg"}],"twitter_card":"summary_large_image","twitter_misc":{"Dur\u00e9e de lecture estim\u00e9e":"2 minutes"},"schema":{"@context":"https:\/\/schema.org","@graph":[{"@type":"WebPage","@id":"https:\/\/www.marbella.gr\/the-destinations\/parga\/private-yacht-cruises\/","url":"https:\/\/www.marbella.gr\/the-destinations\/parga\/private-yacht-cruises\/","name":"Croisi\u00e8res en yacht priv\u00e9 \u00e0 Parga, Gr\u00e8ce | Mar-Bella Collection","isPartOf":{"@id":"https:\/\/www.marbella.gr\/#website"},"primaryImageOfPage":{"@id":"https:\/\/www.marbella.gr\/the-destinations\/parga\/private-yacht-cruises\/#primaryimage"},"image":{"@id":"https:\/\/www.marbella.gr\/the-destinations\/parga\/private-yacht-cruises\/#primaryimage"},"thumbnailUrl":"https:\/\/www.marbella.gr\/app\/uploads\/2023\/05\/elix21-0663-1300x700-1.jpg","datePublished":"2023-05-29T06:53:36+00:00","dateModified":"2025-03-04T09:53:06+00:00","description":"Explorez l'\u00e9poustouflante mer Ionienne : Embarquez \u00e0 bord de nos croisi\u00e8res en yacht priv\u00e9 soigneusement s\u00e9lectionn\u00e9es au d\u00e9part de Parga, en Gr\u00e8ce, et d\u00e9couvrez des paysages \u00e0 couper le souffle.","breadcrumb":{"@id":"https:\/\/www.marbella.gr\/the-destinations\/parga\/private-yacht-cruises\/#breadcrumb"},"inLanguage":"fr-FR","potentialAction":[{"@type":"ReadAction","target":["https:\/\/www.marbella.gr\/the-destinations\/parga\/private-yacht-cruises\/"]}]},{"@type":"ImageObject","inLanguage":"fr-FR","@id":"https:\/\/www.marbella.gr\/the-destinations\/parga\/private-yacht-cruises\/#primaryimage","url":"https:\/\/www.marbella.gr\/app\/uploads\/2023\/05\/elix21-0663-1300x700-1.jpg","contentUrl":"https:\/\/www.marbella.gr\/app\/uploads\/2023\/05\/elix21-0663-1300x700-1.jpg","width":1300,"height":700,"caption":"Discover Mar-Bella Collection - 5 star hotels in Corfu, Parga Greece"},{"@type":"BreadcrumbList","@id":"https:\/\/www.marbella.gr\/the-destinations\/parga\/private-yacht-cruises\/#breadcrumb","itemListElement":[{"@type":"ListItem","position":1,"name":"Home","item":"https:\/\/www.marbella.gr\/"},{"@type":"ListItem","position":2,"name":"The Destinations","item":"https:\/\/www.marbella.gr\/the-destinations\/"},{"@type":"ListItem","position":3,"name":"Parga","item":"https:\/\/www.marbella.gr\/the-destinations\/parga\/"},{"@type":"ListItem","position":4,"name":"Private yacht cruises"}]},{"@type":"WebSite","@id":"https:\/\/www.marbella.gr\/#website","url":"https:\/\/www.marbella.gr\/","name":"MarBella","description":"Une famille d'h\u00f4tels vous reliant \u00e0 la magnifique mer Ionienne","publisher":{"@id":"https:\/\/www.marbella.gr\/#organization"},"alternateName":"MarBella","potentialAction":[{"@type":"SearchAction","target":{"@type":"EntryPoint","urlTemplate":"https:\/\/www.marbella.gr\/?s={search_term_string}"},"query-input":{"@type":"PropertyValueSpecification","valueRequired":true,"valueName":"search_term_string"}}],"inLanguage":"fr-FR"},{"@type":"Organization","@id":"https:\/\/www.marbella.gr\/#organization","name":"MarBella","url":"https:\/\/www.marbella.gr\/","logo":{"@type":"ImageObject","inLanguage":"fr-FR","@id":"https:\/\/www.marbella.gr\/#\/schema\/logo\/image\/","url":"https:\/\/www.marbella.gr\/app\/uploads\/2023\/06\/Marbella-collection.png","contentUrl":"https:\/\/www.marbella.gr\/app\/uploads\/2023\/06\/Marbella-collection.png","width":230,"height":75,"caption":"MarBella"},"image":{"@id":"https:\/\/www.marbella.gr\/#\/schema\/logo\/image\/"}}]}},"_links":{"self":[{"href":"https:\/\/www.marbella.gr\/fr\/wp-json\/wp\/v2\/pages\/2528","targetHints":{"allow":["GET"]}}],"collection":[{"href":"https:\/\/www.marbella.gr\/fr\/wp-json\/wp\/v2\/pages"}],"about":[{"href":"https:\/\/www.marbella.gr\/fr\/wp-json\/wp\/v2\/types\/page"}],"author":[{"embeddable":true,"href":"https:\/\/www.marbella.gr\/fr\/wp-json\/wp\/v2\/users\/11"}],"replies":[{"embeddable":true,"href":"https:\/\/www.marbella.gr\/fr\/wp-json\/wp\/v2\/comments?post=2528"}],"version-history":[{"count":18,"href":"https:\/\/www.marbella.gr\/fr\/wp-json\/wp\/v2\/pages\/2528\/revisions"}],"predecessor-version":[{"id":9833,"href":"https:\/\/www.marbella.gr\/fr\/wp-json\/wp\/v2\/pages\/2528\/revisions\/9833"}],"up":[{"embeddable":true,"href":"https:\/\/www.marbella.gr\/fr\/wp-json\/wp\/v2\/pages\/2276"}],"wp:featuredmedia":[{"embeddable":true,"href":"https:\/\/www.marbella.gr\/fr\/wp-json\/wp\/v2\/media\/2989"}],"wp:attachment":[{"href":"https:\/\/www.marbella.gr\/fr\/wp-json\/wp\/v2\/media?parent=2528"}],"curies":[{"name":"wp","href":"https:\/\/api.w.org\/{rel}","templated":true}]}}