{"id":2718,"date":"2023-05-30T20:14:23","date_gmt":"2023-05-30T20:14:23","guid":{"rendered":"https:\/\/www.marbella.gr\/?page_id=2718"},"modified":"2026-04-15T10:29:07","modified_gmt":"2026-04-15T07:29:07","slug":"download-our-app","status":"publish","type":"page","link":"https:\/\/www.marbella.gr\/fr\/download-our-app\/","title":{"rendered":"T\u00e9l\u00e9charger notre application"},"content":{"rendered":"<p><strong>Utilisez notre application pour optimiser votre s\u00e9jour \u00e0 Mar-Bella Collection.<\/strong><\/p>\n<p>L'exp\u00e9rience Mar-Bella Collection commence d\u00e8s le moment o\u00f9 vous t\u00e9l\u00e9chargez l'application Mar-Bella Collection Greece.<\/p>\n<p>Familiarisez-vous avec les installations et les destinations de nos h\u00f4tels ou planifiez simplement votre s\u00e9jour \u00e0 l'avance.<\/p>\n<p>Enregistrez-vous en ligne avant votre arriv\u00e9e, faites des r\u00e9servations de restaurant et de spa, et d\u00e9couvrez toutes nos activit\u00e9s et \u00e9v\u00e9nements en toute simplicit\u00e9.<\/p>\n<p>Download the app <a href=\"https:\/\/app.okgini.com\/?lid=mbe\">ici<\/a> and start planning your stay today.<\/p>","protected":false},"excerpt":{"rendered":"<p>Use our app to fine-tune your stay at Mar-Bella Collection The Mar-Bella Collection experience starts from the moment you download the Mar-Bella Collection Greece App. Familiarise yourself with all our hotel facilities and destinations, or simply plan your stay ahead. Check in online prior to your arrival, make restaurant reservations and spa requests, and discover [&#8230;]<\/p>\n<p><a class=\"btn btn-secondary understrap-read-more-link\" href=\"https:\/\/www.marbella.gr\/fr\/download-our-app\/\">Read More&#8230;<span class=\"screen-reader-text\"> from Download our app<\/span><\/a><\/p>\n","protected":false},"author":1,"featured_media":0,"parent":0,"menu_order":0,"comment_status":"closed","ping_status":"closed","template":"","meta":{"_acf_changed":false,"footnotes":""},"class_list":["post-2718","page","type-page","status-publish","hentry"],"acf":[],"yoast_head":"<!-- This site is optimized with the Yoast SEO plugin v27.5 - https:\/\/yoast.com\/product\/yoast-seo-wordpress\/ -->\n<title>Download our app - Mar-Bella Collection<\/title>\n<meta name=\"description\" content=\"Discover the Mar-Bella Collection app for easy access to facilities and services. Download now for an enhanced experience with us.\" \/>\n<meta name=\"robots\" content=\"index, follow, max-snippet:-1, max-image-preview:large, max-video-preview:-1\" \/>\n<link rel=\"canonical\" href=\"https:\/\/www.marbella.gr\/fr\/download-our-app\/\" \/>\n<meta property=\"og:locale\" content=\"fr_FR\" \/>\n<meta property=\"og:type\" content=\"article\" \/>\n<meta property=\"og:title\" content=\"Download our app - Mar-Bella Collection\" \/>\n<meta property=\"og:description\" content=\"Discover the Mar-Bella Collection app for easy access to facilities and services. Download now for an enhanced experience with us.\" \/>\n<meta property=\"og:url\" content=\"https:\/\/www.marbella.gr\/fr\/download-our-app\/\" \/>\n<meta property=\"og:site_name\" content=\"Mar-Bella Collection\" \/>\n<meta property=\"article:modified_time\" content=\"2026-04-15T07:29:07+00:00\" \/>\n<meta property=\"og:image\" content=\"https:\/\/www.marbella.gr\/app\/uploads\/2024\/05\/Elix_Water-Sports-2-scaled.jpg\" \/>\n\t<meta property=\"og:image:width\" content=\"2560\" \/>\n\t<meta property=\"og:image:height\" content=\"1705\" \/>\n\t<meta property=\"og:image:type\" content=\"image\/jpeg\" \/>\n<meta name=\"twitter:card\" content=\"summary_large_image\" \/>\n<meta name=\"twitter:label1\" content=\"Dur\u00e9e de lecture estim\u00e9e\" \/>\n\t<meta name=\"twitter:data1\" content=\"1 minute\" \/>\n<!-- \/ Yoast SEO plugin. -->","yoast_head_json":{"title":"T\u00e9l\u00e9charger notre application - Mar-Bella Collection","description":"D\u00e9couvrez l'application Mar-Bella Collection pour un acc\u00e8s facile aux installations et aux services. T\u00e9l\u00e9chargez-la d\u00e8s maintenant pour une exp\u00e9rience am\u00e9lior\u00e9e avec nous.","robots":{"index":"index","follow":"follow","max-snippet":"max-snippet:-1","max-image-preview":"max-image-preview:large","max-video-preview":"max-video-preview:-1"},"canonical":"https:\/\/www.marbella.gr\/fr\/download-our-app\/","og_locale":"fr_FR","og_type":"article","og_title":"Download our app - Mar-Bella Collection","og_description":"Discover the Mar-Bella Collection app for easy access to facilities and services. Download now for an enhanced experience with us.","og_url":"https:\/\/www.marbella.gr\/fr\/download-our-app\/","og_site_name":"Mar-Bella Collection","article_modified_time":"2026-04-15T07:29:07+00:00","og_image":[{"width":2560,"height":1705,"url":"https:\/\/www.marbella.gr\/app\/uploads\/2024\/05\/Elix_Water-Sports-2-scaled.jpg","type":"image\/jpeg"}],"twitter_card":"summary_large_image","twitter_misc":{"Dur\u00e9e de lecture estim\u00e9e":"1 minute"},"schema":{"@context":"https:\/\/schema.org","@graph":[{"@type":"WebPage","@id":"https:\/\/www.marbella.gr\/download-our-app\/","url":"https:\/\/www.marbella.gr\/download-our-app\/","name":"T\u00e9l\u00e9charger notre application - Mar-Bella Collection","isPartOf":{"@id":"https:\/\/www.marbella.gr\/#website"},"datePublished":"2023-05-30T20:14:23+00:00","dateModified":"2026-04-15T07:29:07+00:00","description":"D\u00e9couvrez l'application Mar-Bella Collection pour un acc\u00e8s facile aux installations et aux services. T\u00e9l\u00e9chargez-la d\u00e8s maintenant pour une exp\u00e9rience am\u00e9lior\u00e9e avec nous.","breadcrumb":{"@id":"https:\/\/www.marbella.gr\/download-our-app\/#breadcrumb"},"inLanguage":"fr-FR","potentialAction":[{"@type":"ReadAction","target":["https:\/\/www.marbella.gr\/download-our-app\/"]}]},{"@type":"BreadcrumbList","@id":"https:\/\/www.marbella.gr\/download-our-app\/#breadcrumb","itemListElement":[{"@type":"ListItem","position":1,"name":"Home","item":"https:\/\/www.marbella.gr\/"},{"@type":"ListItem","position":2,"name":"Download our app"}]},{"@type":"WebSite","@id":"https:\/\/www.marbella.gr\/#website","url":"https:\/\/www.marbella.gr\/","name":"MarBella","description":"Une famille d'h\u00f4tels vous reliant \u00e0 la magnifique mer Ionienne","publisher":{"@id":"https:\/\/www.marbella.gr\/#organization"},"alternateName":"MarBella","potentialAction":[{"@type":"SearchAction","target":{"@type":"EntryPoint","urlTemplate":"https:\/\/www.marbella.gr\/?s={search_term_string}"},"query-input":{"@type":"PropertyValueSpecification","valueRequired":true,"valueName":"search_term_string"}}],"inLanguage":"fr-FR"},{"@type":"Organization","@id":"https:\/\/www.marbella.gr\/#organization","name":"MarBella","url":"https:\/\/www.marbella.gr\/","logo":{"@type":"ImageObject","inLanguage":"fr-FR","@id":"https:\/\/www.marbella.gr\/#\/schema\/logo\/image\/","url":"https:\/\/www.marbella.gr\/app\/uploads\/2023\/06\/Marbella-collection.png","contentUrl":"https:\/\/www.marbella.gr\/app\/uploads\/2023\/06\/Marbella-collection.png","width":230,"height":75,"caption":"MarBella"},"image":{"@id":"https:\/\/www.marbella.gr\/#\/schema\/logo\/image\/"}}]}},"_links":{"self":[{"href":"https:\/\/www.marbella.gr\/fr\/wp-json\/wp\/v2\/pages\/2718","targetHints":{"allow":["GET"]}}],"collection":[{"href":"https:\/\/www.marbella.gr\/fr\/wp-json\/wp\/v2\/pages"}],"about":[{"href":"https:\/\/www.marbella.gr\/fr\/wp-json\/wp\/v2\/types\/page"}],"author":[{"embeddable":true,"href":"https:\/\/www.marbella.gr\/fr\/wp-json\/wp\/v2\/users\/1"}],"replies":[{"embeddable":true,"href":"https:\/\/www.marbella.gr\/fr\/wp-json\/wp\/v2\/comments?post=2718"}],"version-history":[{"count":24,"href":"https:\/\/www.marbella.gr\/fr\/wp-json\/wp\/v2\/pages\/2718\/revisions"}],"predecessor-version":[{"id":14487,"href":"https:\/\/www.marbella.gr\/fr\/wp-json\/wp\/v2\/pages\/2718\/revisions\/14487"}],"wp:attachment":[{"href":"https:\/\/www.marbella.gr\/fr\/wp-json\/wp\/v2\/media?parent=2718"}],"curies":[{"name":"wp","href":"https:\/\/api.w.org\/{rel}","templated":true}]}}