{"id":3090,"date":"2023-06-02T08:46:13","date_gmt":"2023-06-02T08:46:13","guid":{"rendered":"https:\/\/www.marbella.gr\/partnerships-copy\/"},"modified":"2025-01-27T08:48:07","modified_gmt":"2025-01-27T08:48:07","slug":"refresh-your-body-and-mind","status":"publish","type":"page","link":"https:\/\/www.marbella.gr\/fr\/partnerships\/refresh-your-body-and-mind\/","title":{"rendered":"Rafra\u00eechissez votre corps et votre esprit"},"content":{"rendered":"<p style=\"text-align: left;\">Nous pensons que vous devriez avoir acc\u00e8s \u00e0 des activit\u00e9s de remise en forme et de bien-\u00eatre pendant vos vacances, afin que vous puissiez vous reposer au mieux et rentrer chez vous les batteries charg\u00e9es \u00e0 bloc. En collaboration avec l'agence sportive Oyogo, nous lan\u00e7ons une nouvelle s\u00e9rie de semaines pop-up de remise en forme qui se d\u00e9rouleront tout au long de la saison estivale 2023 pour vous proposer une offre passionnante d'\u00e9v\u00e9nements et de cours gratuits de bien-\u00eatre et de remise en forme. Compl\u00e9tant parfaitement notre magnifique station baln\u00e9aire, ces programmes vous aideront \u00e0 vous reconnecter et \u00e0 vous sentir vraiment revigor\u00e9 \u00e0 la fin de votre s\u00e9jour parmi nous.<\/p>","protected":false},"excerpt":{"rendered":"<p>We believe that you should have access to great fitness and well-being while away on holiday so you can get the best rest and return back home with batteries fully charged. Together with Oyogo sports agency, we are launching a new series of pop-up fitness weeks taking place throughout the 2023 summer season to bring [&#8230;]<\/p>\n<p><a class=\"btn btn-secondary understrap-read-more-link\" href=\"https:\/\/www.marbella.gr\/fr\/partnerships\/refresh-your-body-and-mind\/\">Read More&#8230;<span class=\"screen-reader-text\"> from Refresh your body and mind<\/span><\/a><\/p>\n","protected":false},"author":11,"featured_media":5669,"parent":1034,"menu_order":0,"comment_status":"closed","ping_status":"closed","template":"","meta":{"_acf_changed":false,"footnotes":""},"class_list":["post-3090","page","type-page","status-publish","has-post-thumbnail","hentry"],"acf":[],"yoast_head":"<!-- This site is optimized with the Yoast SEO plugin v27.5 - https:\/\/yoast.com\/product\/yoast-seo-wordpress\/ -->\n<title>Partnerships for refreshing body and mind | Mar-Bella Collection<\/title>\n<meta name=\"description\" content=\"The Summer 2023 partnerships at Mar-Bella Collection featured internationally renowned fitness instructor courses, designed to rejuvenate both body and mind.\" \/>\n<meta name=\"robots\" content=\"index, follow, max-snippet:-1, max-image-preview:large, max-video-preview:-1\" \/>\n<link rel=\"canonical\" href=\"https:\/\/www.marbella.gr\/fr\/partnerships\/refresh-your-body-and-mind\/\" \/>\n<meta property=\"og:locale\" content=\"fr_FR\" \/>\n<meta property=\"og:type\" content=\"article\" \/>\n<meta property=\"og:title\" content=\"Partnerships for refreshing body and mind | Mar-Bella Collection\" \/>\n<meta property=\"og:description\" content=\"The Summer 2023 partnerships at Mar-Bella Collection featured internationally renowned fitness instructor courses, designed to rejuvenate both body and mind.\" \/>\n<meta property=\"og:url\" content=\"https:\/\/www.marbella.gr\/fr\/partnerships\/refresh-your-body-and-mind\/\" \/>\n<meta property=\"og:site_name\" content=\"Mar-Bella Collection\" \/>\n<meta property=\"article:modified_time\" content=\"2025-01-27T08:48:07+00:00\" \/>\n<meta property=\"og:image\" content=\"https:\/\/www.marbella.gr\/app\/uploads\/2023\/07\/oyogo.jpg\" \/>\n\t<meta property=\"og:image:width\" content=\"2000\" \/>\n\t<meta property=\"og:image:height\" content=\"1125\" \/>\n\t<meta property=\"og:image:type\" content=\"image\/jpeg\" \/>\n<meta name=\"twitter:card\" content=\"summary_large_image\" \/>\n<meta name=\"twitter:label1\" content=\"Dur\u00e9e de lecture estim\u00e9e\" \/>\n\t<meta name=\"twitter:data1\" content=\"1 minute\" \/>\n<!-- \/ Yoast SEO plugin. -->","yoast_head_json":{"title":"Partenariats pour rafra\u00eechir le corps et l'esprit | Mar-Bella Collection","description":"Les partenariats de l'\u00e9t\u00e9 2023 \u00e0 Mar-Bella Collection proposaient des cours d'instructeurs de fitness de renomm\u00e9e internationale, con\u00e7us pour rajeunir le corps et l'esprit.","robots":{"index":"index","follow":"follow","max-snippet":"max-snippet:-1","max-image-preview":"max-image-preview:large","max-video-preview":"max-video-preview:-1"},"canonical":"https:\/\/www.marbella.gr\/fr\/partnerships\/refresh-your-body-and-mind\/","og_locale":"fr_FR","og_type":"article","og_title":"Partnerships for refreshing body and mind | Mar-Bella Collection","og_description":"The Summer 2023 partnerships at Mar-Bella Collection featured internationally renowned fitness instructor courses, designed to rejuvenate both body and mind.","og_url":"https:\/\/www.marbella.gr\/fr\/partnerships\/refresh-your-body-and-mind\/","og_site_name":"Mar-Bella Collection","article_modified_time":"2025-01-27T08:48:07+00:00","og_image":[{"width":2000,"height":1125,"url":"https:\/\/www.marbella.gr\/app\/uploads\/2023\/07\/oyogo.jpg","type":"image\/jpeg"}],"twitter_card":"summary_large_image","twitter_misc":{"Dur\u00e9e de lecture estim\u00e9e":"1 minute"},"schema":{"@context":"https:\/\/schema.org","@graph":[{"@type":"WebPage","@id":"https:\/\/www.marbella.gr\/partnerships\/refresh-your-body-and-mind\/","url":"https:\/\/www.marbella.gr\/partnerships\/refresh-your-body-and-mind\/","name":"Partenariats pour rafra\u00eechir le corps et l'esprit | Mar-Bella Collection","isPartOf":{"@id":"https:\/\/www.marbella.gr\/#website"},"primaryImageOfPage":{"@id":"https:\/\/www.marbella.gr\/partnerships\/refresh-your-body-and-mind\/#primaryimage"},"image":{"@id":"https:\/\/www.marbella.gr\/partnerships\/refresh-your-body-and-mind\/#primaryimage"},"thumbnailUrl":"https:\/\/www.marbella.gr\/app\/uploads\/2023\/07\/oyogo.jpg","datePublished":"2023-06-02T08:46:13+00:00","dateModified":"2025-01-27T08:48:07+00:00","description":"Les partenariats de l'\u00e9t\u00e9 2023 \u00e0 Mar-Bella Collection proposaient des cours d'instructeurs de fitness de renomm\u00e9e internationale, con\u00e7us pour rajeunir le corps et l'esprit.","breadcrumb":{"@id":"https:\/\/www.marbella.gr\/partnerships\/refresh-your-body-and-mind\/#breadcrumb"},"inLanguage":"fr-FR","potentialAction":[{"@type":"ReadAction","target":["https:\/\/www.marbella.gr\/partnerships\/refresh-your-body-and-mind\/"]}]},{"@type":"ImageObject","inLanguage":"fr-FR","@id":"https:\/\/www.marbella.gr\/partnerships\/refresh-your-body-and-mind\/#primaryimage","url":"https:\/\/www.marbella.gr\/app\/uploads\/2023\/07\/oyogo.jpg","contentUrl":"https:\/\/www.marbella.gr\/app\/uploads\/2023\/07\/oyogo.jpg","width":2000,"height":1125,"caption":"Discover Mar-Bella Collection - 5 star hotels in Corfu, Parga Greece"},{"@type":"BreadcrumbList","@id":"https:\/\/www.marbella.gr\/partnerships\/refresh-your-body-and-mind\/#breadcrumb","itemListElement":[{"@type":"ListItem","position":1,"name":"Home","item":"https:\/\/www.marbella.gr\/"},{"@type":"ListItem","position":2,"name":"Partnerships","item":"https:\/\/www.marbella.gr\/partnerships\/"},{"@type":"ListItem","position":3,"name":"Refresh your body and mind"}]},{"@type":"WebSite","@id":"https:\/\/www.marbella.gr\/#website","url":"https:\/\/www.marbella.gr\/","name":"MarBella","description":"Une famille d'h\u00f4tels vous reliant \u00e0 la magnifique mer Ionienne","publisher":{"@id":"https:\/\/www.marbella.gr\/#organization"},"alternateName":"MarBella","potentialAction":[{"@type":"SearchAction","target":{"@type":"EntryPoint","urlTemplate":"https:\/\/www.marbella.gr\/?s={search_term_string}"},"query-input":{"@type":"PropertyValueSpecification","valueRequired":true,"valueName":"search_term_string"}}],"inLanguage":"fr-FR"},{"@type":"Organization","@id":"https:\/\/www.marbella.gr\/#organization","name":"MarBella","url":"https:\/\/www.marbella.gr\/","logo":{"@type":"ImageObject","inLanguage":"fr-FR","@id":"https:\/\/www.marbella.gr\/#\/schema\/logo\/image\/","url":"https:\/\/www.marbella.gr\/app\/uploads\/2023\/06\/Marbella-collection.png","contentUrl":"https:\/\/www.marbella.gr\/app\/uploads\/2023\/06\/Marbella-collection.png","width":230,"height":75,"caption":"MarBella"},"image":{"@id":"https:\/\/www.marbella.gr\/#\/schema\/logo\/image\/"}}]}},"_links":{"self":[{"href":"https:\/\/www.marbella.gr\/fr\/wp-json\/wp\/v2\/pages\/3090","targetHints":{"allow":["GET"]}}],"collection":[{"href":"https:\/\/www.marbella.gr\/fr\/wp-json\/wp\/v2\/pages"}],"about":[{"href":"https:\/\/www.marbella.gr\/fr\/wp-json\/wp\/v2\/types\/page"}],"author":[{"embeddable":true,"href":"https:\/\/www.marbella.gr\/fr\/wp-json\/wp\/v2\/users\/11"}],"replies":[{"embeddable":true,"href":"https:\/\/www.marbella.gr\/fr\/wp-json\/wp\/v2\/comments?post=3090"}],"version-history":[{"count":22,"href":"https:\/\/www.marbella.gr\/fr\/wp-json\/wp\/v2\/pages\/3090\/revisions"}],"predecessor-version":[{"id":9238,"href":"https:\/\/www.marbella.gr\/fr\/wp-json\/wp\/v2\/pages\/3090\/revisions\/9238"}],"up":[{"embeddable":true,"href":"https:\/\/www.marbella.gr\/fr\/wp-json\/wp\/v2\/pages\/1034"}],"wp:featuredmedia":[{"embeddable":true,"href":"https:\/\/www.marbella.gr\/fr\/wp-json\/wp\/v2\/media\/5669"}],"wp:attachment":[{"href":"https:\/\/www.marbella.gr\/fr\/wp-json\/wp\/v2\/media?parent=3090"}],"curies":[{"name":"wp","href":"https:\/\/api.w.org\/{rel}","templated":true}]}}