{"id":3091,"date":"2023-06-02T08:46:37","date_gmt":"2023-06-02T08:46:37","guid":{"rendered":"https:\/\/www.marbella.gr\/partnerships-copy-copy\/"},"modified":"2025-01-27T08:42:28","modified_gmt":"2025-01-27T08:42:28","slug":"worldwide-kids","status":"publish","type":"page","link":"https:\/\/www.marbella.gr\/fr\/partnerships\/worldwide-kids\/","title":{"rendered":"Enfants du monde entier"},"content":{"rendered":"<p>Worldwide Kids est l'un des principaux fournisseurs mondiaux de services de d\u00e9veloppement et de conception de clubs pour enfants. Ils croient en la cr\u00e9ation d'environnements passionnants et uniques, accessibles \u00e0 tous, o\u00f9 les enfants peuvent s'amuser et s'\u00e9panouir.<\/p>\n<p>Ils sont passionn\u00e9s par les possibilit\u00e9s offertes aux enfants de tous \u00e2ges d'explorer, de cr\u00e9er et de s'\u00e9panouir par le biais d'activit\u00e9s et d'interactions. La s\u00e9curit\u00e9 des enfants est au c\u0153ur de tout ce qu'ils font pour que les parents soient assur\u00e9s d'\u00eatre entre les meilleures mains dans chacun de nos h\u00f4tels familiaux.<\/p>\n<p>Gr\u00e2ce \u00e0 leur aide experte, nous sommes en mesure d'atteindre l'excellence en mati\u00e8re de garde d'enfants dans nos clubs pour enfants de MarBella et d'Elix. Worldwide Kids a \u00e9galement jou\u00e9 un r\u00f4le important dans le remaniement de notre tout nouveau club pour enfants \u00e9cologique, les Grasshoppers, \u00e0 MarBella, qui remporte un franc succ\u00e8s aupr\u00e8s de nos petits clients et de leurs parents.<\/p>","protected":false},"excerpt":{"rendered":"<p>Worldwide Kids are one of the world\u2019s leading provider of kids\u2019 clubs concept development and design. They believe in creating exciting, unique environments accessible to all, where children can have fun and flourish. They are passionate in providing opportunities for children of all ages to explore, create and develop through activities and interactions. And the [&#8230;]<\/p>\n<p><a class=\"btn btn-secondary understrap-read-more-link\" href=\"https:\/\/www.marbella.gr\/fr\/partnerships\/worldwide-kids\/\">Read More&#8230;<span class=\"screen-reader-text\"> from Worldwide Kids<\/span><\/a><\/p>\n","protected":false},"author":11,"featured_media":5216,"parent":1034,"menu_order":0,"comment_status":"closed","ping_status":"closed","template":"","meta":{"_acf_changed":false,"footnotes":""},"class_list":["post-3091","page","type-page","status-publish","has-post-thumbnail","hentry"],"acf":[],"yoast_head":"<!-- This site is optimized with the Yoast SEO plugin v27.4 - https:\/\/yoast.com\/product\/yoast-seo-wordpress\/ -->\n<title>Worldwide Kids for excellence in childcare | Mar-Bella Collection<\/title>\n<meta name=\"description\" content=\"At Mar-Bella Collection, our young guests have the time of their lives with Worldwide Kids, a leading international provider in childcare services for resorts.\" \/>\n<meta name=\"robots\" content=\"index, follow, max-snippet:-1, max-image-preview:large, max-video-preview:-1\" \/>\n<link rel=\"canonical\" href=\"https:\/\/www.marbella.gr\/fr\/partnerships\/worldwide-kids\/\" \/>\n<meta property=\"og:locale\" content=\"fr_FR\" \/>\n<meta property=\"og:type\" content=\"article\" \/>\n<meta property=\"og:title\" content=\"Worldwide Kids for excellence in childcare | Mar-Bella Collection\" \/>\n<meta property=\"og:description\" content=\"At Mar-Bella Collection, our young guests have the time of their lives with Worldwide Kids, a leading international provider in childcare services for resorts.\" \/>\n<meta property=\"og:url\" content=\"https:\/\/www.marbella.gr\/fr\/partnerships\/worldwide-kids\/\" \/>\n<meta property=\"og:site_name\" content=\"Mar-Bella Collection\" \/>\n<meta property=\"article:modified_time\" content=\"2025-01-27T08:42:28+00:00\" \/>\n<meta property=\"og:image\" content=\"https:\/\/www.marbella.gr\/app\/uploads\/2023\/06\/marbella22-0621-scaled.jpg\" \/>\n\t<meta property=\"og:image:width\" content=\"2560\" \/>\n\t<meta property=\"og:image:height\" content=\"1708\" \/>\n\t<meta property=\"og:image:type\" content=\"image\/jpeg\" \/>\n<meta name=\"twitter:card\" content=\"summary_large_image\" \/>\n<meta name=\"twitter:label1\" content=\"Dur\u00e9e de lecture estim\u00e9e\" \/>\n\t<meta name=\"twitter:data1\" content=\"1 minute\" \/>\n<!-- \/ Yoast SEO plugin. -->","yoast_head_json":{"title":"Worldwide Kids pour l'excellence en mati\u00e8re de garde d'enfants | Mar-Bella Collection","description":"\u00c0 Mar-Bella Collection, nos jeunes h\u00f4tes s'amusent comme des fous gr\u00e2ce \u00e0 Worldwide Kids, l'un des principaux fournisseurs internationaux de services de garde d'enfants pour les centres de vill\u00e9giature.","robots":{"index":"index","follow":"follow","max-snippet":"max-snippet:-1","max-image-preview":"max-image-preview:large","max-video-preview":"max-video-preview:-1"},"canonical":"https:\/\/www.marbella.gr\/fr\/partnerships\/worldwide-kids\/","og_locale":"fr_FR","og_type":"article","og_title":"Worldwide Kids for excellence in childcare | Mar-Bella Collection","og_description":"At Mar-Bella Collection, our young guests have the time of their lives with Worldwide Kids, a leading international provider in childcare services for resorts.","og_url":"https:\/\/www.marbella.gr\/fr\/partnerships\/worldwide-kids\/","og_site_name":"Mar-Bella Collection","article_modified_time":"2025-01-27T08:42:28+00:00","og_image":[{"width":2560,"height":1708,"url":"https:\/\/www.marbella.gr\/app\/uploads\/2023\/06\/marbella22-0621-scaled.jpg","type":"image\/jpeg"}],"twitter_card":"summary_large_image","twitter_misc":{"Dur\u00e9e de lecture estim\u00e9e":"1 minute"},"schema":{"@context":"https:\/\/schema.org","@graph":[{"@type":"WebPage","@id":"https:\/\/www.marbella.gr\/partnerships\/worldwide-kids\/","url":"https:\/\/www.marbella.gr\/partnerships\/worldwide-kids\/","name":"Worldwide Kids pour l'excellence en mati\u00e8re de garde d'enfants | Mar-Bella Collection","isPartOf":{"@id":"https:\/\/www.marbella.gr\/#website"},"primaryImageOfPage":{"@id":"https:\/\/www.marbella.gr\/partnerships\/worldwide-kids\/#primaryimage"},"image":{"@id":"https:\/\/www.marbella.gr\/partnerships\/worldwide-kids\/#primaryimage"},"thumbnailUrl":"https:\/\/www.marbella.gr\/app\/uploads\/2023\/06\/marbella22-0621-scaled.jpg","datePublished":"2023-06-02T08:46:37+00:00","dateModified":"2025-01-27T08:42:28+00:00","description":"\u00c0 Mar-Bella Collection, nos jeunes h\u00f4tes s'amusent comme des fous gr\u00e2ce \u00e0 Worldwide Kids, l'un des principaux fournisseurs internationaux de services de garde d'enfants pour les centres de vill\u00e9giature.","breadcrumb":{"@id":"https:\/\/www.marbella.gr\/partnerships\/worldwide-kids\/#breadcrumb"},"inLanguage":"fr-FR","potentialAction":[{"@type":"ReadAction","target":["https:\/\/www.marbella.gr\/partnerships\/worldwide-kids\/"]}]},{"@type":"ImageObject","inLanguage":"fr-FR","@id":"https:\/\/www.marbella.gr\/partnerships\/worldwide-kids\/#primaryimage","url":"https:\/\/www.marbella.gr\/app\/uploads\/2023\/06\/marbella22-0621-scaled.jpg","contentUrl":"https:\/\/www.marbella.gr\/app\/uploads\/2023\/06\/marbella22-0621-scaled.jpg","width":2560,"height":1708,"caption":"Discover Mar-Bella Collection - 5 star hotels in Corfu, Parga Greece"},{"@type":"BreadcrumbList","@id":"https:\/\/www.marbella.gr\/partnerships\/worldwide-kids\/#breadcrumb","itemListElement":[{"@type":"ListItem","position":1,"name":"Home","item":"https:\/\/www.marbella.gr\/"},{"@type":"ListItem","position":2,"name":"Partnerships","item":"https:\/\/www.marbella.gr\/partnerships\/"},{"@type":"ListItem","position":3,"name":"Worldwide Kids"}]},{"@type":"WebSite","@id":"https:\/\/www.marbella.gr\/#website","url":"https:\/\/www.marbella.gr\/","name":"MarBella","description":"Une famille d'h\u00f4tels vous reliant \u00e0 la magnifique mer Ionienne","publisher":{"@id":"https:\/\/www.marbella.gr\/#organization"},"alternateName":"MarBella","potentialAction":[{"@type":"SearchAction","target":{"@type":"EntryPoint","urlTemplate":"https:\/\/www.marbella.gr\/?s={search_term_string}"},"query-input":{"@type":"PropertyValueSpecification","valueRequired":true,"valueName":"search_term_string"}}],"inLanguage":"fr-FR"},{"@type":"Organization","@id":"https:\/\/www.marbella.gr\/#organization","name":"MarBella","url":"https:\/\/www.marbella.gr\/","logo":{"@type":"ImageObject","inLanguage":"fr-FR","@id":"https:\/\/www.marbella.gr\/#\/schema\/logo\/image\/","url":"https:\/\/www.marbella.gr\/app\/uploads\/2023\/06\/Marbella-collection.png","contentUrl":"https:\/\/www.marbella.gr\/app\/uploads\/2023\/06\/Marbella-collection.png","width":230,"height":75,"caption":"MarBella"},"image":{"@id":"https:\/\/www.marbella.gr\/#\/schema\/logo\/image\/"}}]}},"_links":{"self":[{"href":"https:\/\/www.marbella.gr\/fr\/wp-json\/wp\/v2\/pages\/3091","targetHints":{"allow":["GET"]}}],"collection":[{"href":"https:\/\/www.marbella.gr\/fr\/wp-json\/wp\/v2\/pages"}],"about":[{"href":"https:\/\/www.marbella.gr\/fr\/wp-json\/wp\/v2\/types\/page"}],"author":[{"embeddable":true,"href":"https:\/\/www.marbella.gr\/fr\/wp-json\/wp\/v2\/users\/11"}],"replies":[{"embeddable":true,"href":"https:\/\/www.marbella.gr\/fr\/wp-json\/wp\/v2\/comments?post=3091"}],"version-history":[{"count":7,"href":"https:\/\/www.marbella.gr\/fr\/wp-json\/wp\/v2\/pages\/3091\/revisions"}],"predecessor-version":[{"id":9235,"href":"https:\/\/www.marbella.gr\/fr\/wp-json\/wp\/v2\/pages\/3091\/revisions\/9235"}],"up":[{"embeddable":true,"href":"https:\/\/www.marbella.gr\/fr\/wp-json\/wp\/v2\/pages\/1034"}],"wp:featuredmedia":[{"embeddable":true,"href":"https:\/\/www.marbella.gr\/fr\/wp-json\/wp\/v2\/media\/5216"}],"wp:attachment":[{"href":"https:\/\/www.marbella.gr\/fr\/wp-json\/wp\/v2\/media?parent=3091"}],"curies":[{"name":"wp","href":"https:\/\/api.w.org\/{rel}","templated":true}]}}