{"id":3125,"date":"2023-06-02T09:24:38","date_gmt":"2023-06-02T09:24:38","guid":{"rendered":"https:\/\/www.marbella.gr\/sustainability-copy-2\/"},"modified":"2024-01-19T16:44:41","modified_gmt":"2024-01-19T16:44:41","slug":"environmental-activities","status":"publish","type":"page","link":"https:\/\/www.marbella.gr\/fr\/sustainability\/environmental-activities\/","title":{"rendered":"Activit\u00e9s environnementales"},"content":{"rendered":"<p style=\"text-align: left;\">Une s\u00e9rie d'activit\u00e9s ax\u00e9es sur l'environnement sont organis\u00e9es dans tous nos h\u00f4tels :<\/p>\n<ul>\n<li style=\"text-align: left;\"><strong>Activit\u00e9s \u00e9ducatives ax\u00e9es sur l'environnement<\/strong>\u00a0pour nos jeunes clients dans le cadre de nos clubs pour enfants g\u00e9r\u00e9s par Worldwide Kids pour aider les enfants \u00e0 se rapprocher de la nature. Ces activit\u00e9s comprennent le ramassage des d\u00e9chets sur la plage, des s\u00e9minaires sur la s\u00e9curit\u00e9 anim\u00e9s par nos ma\u00eetres-nageurs, des activit\u00e9s artistiques et manuelles utilisant des mat\u00e9riaux recyclables et bien d'autres choses encore.<\/li>\n<li style=\"text-align: left;\"><strong>L'application mobile Mar-Bella Collection<\/strong>\u00a0propose de nombreuses id\u00e9es pour explorer la beaut\u00e9 naturelle de nos r\u00e9gions environnantes et encourage les visiteurs \u00e0 d\u00e9couvrir les villages traditionnels, les plages et les lieux d'importance historique, culturelle et environnementale situ\u00e9s \u00e0 proximit\u00e9.<\/li>\n<li style=\"text-align: left;\"><strong>Activit\u00e9s nautiques telles que le cano\u00eb, le stand up paddleboard et la plong\u00e9e ou le snorkeling\u00a0<\/strong>offrent aux visiteurs la possibilit\u00e9 d'admirer les tr\u00e9sors sous-marins de Poseidonia \u00e0 MarBella et Nido et de profiter de la richesse marine globale de la mer Ionienne.<\/li>\n<li style=\"text-align: left;\"><strong>Kaikis traditionnels et services de yacht<\/strong>\u00a0offrent un acc\u00e8s aux plages voisines et permettent aux visiteurs d'explorer la beaut\u00e9 naturelle du littoral environnant.<\/li>\n<li style=\"text-align: left;\"><strong>Activit\u00e9s de randonn\u00e9e et clubs de course<\/strong>\u00a0fonctionnent r\u00e9guli\u00e8rement, encourageant les h\u00f4tes \u00e0 entrer en contact avec la nature.<\/li>\n<li style=\"text-align: left;\"><strong>Acc\u00e8s facile \u00e0 la location de v\u00e9los<\/strong>\u00a0permet aux h\u00f4tes de visiter les villages voisins et de se familiariser avec la culture et les coutumes locales.<\/li>\n<\/ul>","protected":false},"excerpt":{"rendered":"<p>A range of Environmental oriented activities take place in all of our hotels: Eco-focused educational activities\u00a0for our younger guests as part of our Kids Clubs offering operated by Worldwide Kids to help children connect with nature. These include collecting waste from the beach, safety seminars by our lifeguards, arts &amp; crafts using recyclable materials and [&#8230;]<\/p>\n<p><a class=\"btn btn-secondary understrap-read-more-link\" href=\"https:\/\/www.marbella.gr\/fr\/sustainability\/environmental-activities\/\">Read More&#8230;<span class=\"screen-reader-text\"> from Environmental Activities<\/span><\/a><\/p>\n","protected":false},"author":11,"featured_media":3150,"parent":1036,"menu_order":0,"comment_status":"closed","ping_status":"closed","template":"","meta":{"_acf_changed":false,"footnotes":""},"class_list":["post-3125","page","type-page","status-publish","has-post-thumbnail","hentry"],"acf":[],"yoast_head":"<!-- This site is optimized with the Yoast SEO plugin v27.5 - https:\/\/yoast.com\/product\/yoast-seo-wordpress\/ -->\n<title>Enviromental, Eco- friendly Activities | Mar-Bella Collection<\/title>\n<meta name=\"description\" content=\"Engage in eco-friendly activities at our hotels, from Kids Club environmental education to water sports, hiking, and bike rentals.\" \/>\n<meta name=\"robots\" content=\"index, follow, max-snippet:-1, max-image-preview:large, max-video-preview:-1\" \/>\n<link rel=\"canonical\" href=\"https:\/\/www.marbella.gr\/fr\/sustainability\/environmental-activities\/\" \/>\n<meta property=\"og:locale\" content=\"fr_FR\" \/>\n<meta property=\"og:type\" content=\"article\" \/>\n<meta property=\"og:title\" content=\"Enviromental, Eco- friendly Activities | Mar-Bella Collection\" \/>\n<meta property=\"og:description\" content=\"Engage in eco-friendly activities at our hotels, from Kids Club environmental education to water sports, hiking, and bike rentals.\" \/>\n<meta property=\"og:url\" content=\"https:\/\/www.marbella.gr\/fr\/sustainability\/environmental-activities\/\" \/>\n<meta property=\"og:site_name\" content=\"Mar-Bella Collection\" \/>\n<meta property=\"article:modified_time\" content=\"2024-01-19T16:44:41+00:00\" \/>\n<meta property=\"og:image\" content=\"https:\/\/www.marbella.gr\/app\/uploads\/2023\/06\/bike-1-1300x700-1.jpg\" \/>\n\t<meta property=\"og:image:width\" content=\"1300\" \/>\n\t<meta property=\"og:image:height\" content=\"700\" \/>\n\t<meta property=\"og:image:type\" content=\"image\/jpeg\" \/>\n<meta name=\"twitter:card\" content=\"summary_large_image\" \/>\n<meta name=\"twitter:label1\" content=\"Dur\u00e9e de lecture estim\u00e9e\" \/>\n\t<meta name=\"twitter:data1\" content=\"2 minutes\" \/>\n<!-- \/ Yoast SEO plugin. -->","yoast_head_json":{"title":"Activit\u00e9s \u00e9cologiques et respectueuses de l'environnement | Mar-Bella Collection","description":"Participez aux activit\u00e9s respectueuses de l'environnement propos\u00e9es dans nos h\u00f4tels, qu'il s'agisse de l'\u00e9ducation \u00e0 l'environnement du Kids Club, des sports nautiques, de la randonn\u00e9e ou de la location de v\u00e9los.","robots":{"index":"index","follow":"follow","max-snippet":"max-snippet:-1","max-image-preview":"max-image-preview:large","max-video-preview":"max-video-preview:-1"},"canonical":"https:\/\/www.marbella.gr\/fr\/sustainability\/environmental-activities\/","og_locale":"fr_FR","og_type":"article","og_title":"Enviromental, Eco- friendly Activities | Mar-Bella Collection","og_description":"Engage in eco-friendly activities at our hotels, from Kids Club environmental education to water sports, hiking, and bike rentals.","og_url":"https:\/\/www.marbella.gr\/fr\/sustainability\/environmental-activities\/","og_site_name":"Mar-Bella Collection","article_modified_time":"2024-01-19T16:44:41+00:00","og_image":[{"width":1300,"height":700,"url":"https:\/\/www.marbella.gr\/app\/uploads\/2023\/06\/bike-1-1300x700-1.jpg","type":"image\/jpeg"}],"twitter_card":"summary_large_image","twitter_misc":{"Dur\u00e9e de lecture estim\u00e9e":"2 minutes"},"schema":{"@context":"https:\/\/schema.org","@graph":[{"@type":"WebPage","@id":"https:\/\/www.marbella.gr\/sustainability\/environmental-activities\/","url":"https:\/\/www.marbella.gr\/sustainability\/environmental-activities\/","name":"Activit\u00e9s \u00e9cologiques et respectueuses de l'environnement | Mar-Bella Collection","isPartOf":{"@id":"https:\/\/www.marbella.gr\/#website"},"primaryImageOfPage":{"@id":"https:\/\/www.marbella.gr\/sustainability\/environmental-activities\/#primaryimage"},"image":{"@id":"https:\/\/www.marbella.gr\/sustainability\/environmental-activities\/#primaryimage"},"thumbnailUrl":"https:\/\/www.marbella.gr\/app\/uploads\/2023\/06\/bike-1-1300x700-1.jpg","datePublished":"2023-06-02T09:24:38+00:00","dateModified":"2024-01-19T16:44:41+00:00","description":"Participez aux activit\u00e9s respectueuses de l'environnement propos\u00e9es dans nos h\u00f4tels, qu'il s'agisse de l'\u00e9ducation \u00e0 l'environnement du Kids Club, des sports nautiques, de la randonn\u00e9e ou de la location de v\u00e9los.","breadcrumb":{"@id":"https:\/\/www.marbella.gr\/sustainability\/environmental-activities\/#breadcrumb"},"inLanguage":"fr-FR","potentialAction":[{"@type":"ReadAction","target":["https:\/\/www.marbella.gr\/sustainability\/environmental-activities\/"]}]},{"@type":"ImageObject","inLanguage":"fr-FR","@id":"https:\/\/www.marbella.gr\/sustainability\/environmental-activities\/#primaryimage","url":"https:\/\/www.marbella.gr\/app\/uploads\/2023\/06\/bike-1-1300x700-1.jpg","contentUrl":"https:\/\/www.marbella.gr\/app\/uploads\/2023\/06\/bike-1-1300x700-1.jpg","width":1300,"height":700,"caption":"Discover Mar-Bella Collection - 5 star hotels in Corfu, Parga Greece"},{"@type":"BreadcrumbList","@id":"https:\/\/www.marbella.gr\/sustainability\/environmental-activities\/#breadcrumb","itemListElement":[{"@type":"ListItem","position":1,"name":"Home","item":"https:\/\/www.marbella.gr\/"},{"@type":"ListItem","position":2,"name":"Environmental &#038; Social Responsibility","item":"https:\/\/www.marbella.gr\/sustainability\/"},{"@type":"ListItem","position":3,"name":"Environmental Activities"}]},{"@type":"WebSite","@id":"https:\/\/www.marbella.gr\/#website","url":"https:\/\/www.marbella.gr\/","name":"MarBella","description":"Une famille d'h\u00f4tels vous reliant \u00e0 la magnifique mer Ionienne","publisher":{"@id":"https:\/\/www.marbella.gr\/#organization"},"alternateName":"MarBella","potentialAction":[{"@type":"SearchAction","target":{"@type":"EntryPoint","urlTemplate":"https:\/\/www.marbella.gr\/?s={search_term_string}"},"query-input":{"@type":"PropertyValueSpecification","valueRequired":true,"valueName":"search_term_string"}}],"inLanguage":"fr-FR"},{"@type":"Organization","@id":"https:\/\/www.marbella.gr\/#organization","name":"MarBella","url":"https:\/\/www.marbella.gr\/","logo":{"@type":"ImageObject","inLanguage":"fr-FR","@id":"https:\/\/www.marbella.gr\/#\/schema\/logo\/image\/","url":"https:\/\/www.marbella.gr\/app\/uploads\/2023\/06\/Marbella-collection.png","contentUrl":"https:\/\/www.marbella.gr\/app\/uploads\/2023\/06\/Marbella-collection.png","width":230,"height":75,"caption":"MarBella"},"image":{"@id":"https:\/\/www.marbella.gr\/#\/schema\/logo\/image\/"}}]}},"_links":{"self":[{"href":"https:\/\/www.marbella.gr\/fr\/wp-json\/wp\/v2\/pages\/3125","targetHints":{"allow":["GET"]}}],"collection":[{"href":"https:\/\/www.marbella.gr\/fr\/wp-json\/wp\/v2\/pages"}],"about":[{"href":"https:\/\/www.marbella.gr\/fr\/wp-json\/wp\/v2\/types\/page"}],"author":[{"embeddable":true,"href":"https:\/\/www.marbella.gr\/fr\/wp-json\/wp\/v2\/users\/11"}],"replies":[{"embeddable":true,"href":"https:\/\/www.marbella.gr\/fr\/wp-json\/wp\/v2\/comments?post=3125"}],"version-history":[{"count":7,"href":"https:\/\/www.marbella.gr\/fr\/wp-json\/wp\/v2\/pages\/3125\/revisions"}],"predecessor-version":[{"id":5184,"href":"https:\/\/www.marbella.gr\/fr\/wp-json\/wp\/v2\/pages\/3125\/revisions\/5184"}],"up":[{"embeddable":true,"href":"https:\/\/www.marbella.gr\/fr\/wp-json\/wp\/v2\/pages\/1036"}],"wp:featuredmedia":[{"embeddable":true,"href":"https:\/\/www.marbella.gr\/fr\/wp-json\/wp\/v2\/media\/3150"}],"wp:attachment":[{"href":"https:\/\/www.marbella.gr\/fr\/wp-json\/wp\/v2\/media?parent=3125"}],"curies":[{"name":"wp","href":"https:\/\/api.w.org\/{rel}","templated":true}]}}