{"id":3127,"date":"2023-06-02T09:24:40","date_gmt":"2023-06-02T09:24:40","guid":{"rendered":"https:\/\/www.marbella.gr\/sustainability-copy-4\/"},"modified":"2024-08-29T14:22:19","modified_gmt":"2024-08-29T14:22:19","slug":"saving-energy","status":"publish","type":"page","link":"https:\/\/www.marbella.gr\/fr\/sustainability\/saving-energy\/","title":{"rendered":"\u00c9conomies d'\u00e9nergie"},"content":{"rendered":"<p style=\"text-align: left;\">Compte tenu des conditions environnementales dans lesquelles ses h\u00f4tels op\u00e8rent, Mar-Bella Collection s'engage \u00e0 l'am\u00e9lioration continue du syst\u00e8me de gestion de l'\u00e9nergie, conform\u00e9ment aux obligations de conformit\u00e9, en suivant les principes et les exigences de la norme ISO 50001 : 2018.<\/p>\n<p style=\"text-align: left;\">Voil\u00e0 comment nous \u00e9conomisons l'\u00e9nergie dans tous les h\u00f4tels de la Mar-Bella Collection :<\/p>\n<ul style=\"text-align: left;\">\n<li><strong>Installation de panneaux solaires<\/strong>\u00a0- fournir de l'eau chaude \u00e0 nos h\u00f4tels, ce qui permet d'\u00e9conomiser 75% de consommation d'\u00e9nergie<\/li>\n<li><strong>GPL Gaz naturel<\/strong>\u00a0- utilis\u00e9s dans la cuisine et les machines \u00e0 laver<\/li>\n<li><strong>Cartes magn\u00e9tiques de cl\u00e9s de chambre<\/strong>\u00a0- Ces syst\u00e8mes \u00e9lectriques de contr\u00f4le ont permis de r\u00e9duire la consommation d'\u00e9lectricit\u00e9 de 15%<\/li>\n<li><strong>Utilisation d'ampoules LED \u00e0 \u00e9conomie d'\u00e9nergie<\/strong>\u00a0dans nos h\u00f4tels, ce qui a permis d'\u00e9conomiser 25%<\/li>\n<li><strong>Vannes de r\u00e9gulation de l'eau<\/strong>\u00a0dans tous les robinets et toilettes publics pour r\u00e9duire la consommation d'eau<\/li>\n<li><strong>Syst\u00e8me de dessalement<\/strong>\u00a0(300 m3\/jour) qui couvre la totalit\u00e9 des besoins en eau de l'h\u00f4tel MarBella Corfu, ce qui repr\u00e9sente une \u00e9conomie de 40%.<\/li>\n<li><strong>Installation d'un r\u00e9seau de condensateurs<\/strong>\u00a0am\u00e9liorer la tension \u00e9lectrique dans la r\u00e9gion d'Agios Ioannis Peristeron.<\/li>\n<li><strong>Politique de gestion de l'\u00e9nergie\u00a0<\/strong>- Nous nous sommes engag\u00e9s \u00e0 am\u00e9liorer la performance \u00e9nerg\u00e9tique de l'entreprise en mettant en \u0153uvre le syst\u00e8me de gestion de l'\u00e9nergie et les bonnes pratiques en la mati\u00e8re :<\/li>\n<\/ul>\n<p style=\"text-align: left;\">- Mise en \u0153uvre int\u00e9grale de la l\u00e9gislation environnementale grecque et communautaire et des autres exigences ou obligations de conformit\u00e9 que l'entreprise a accept\u00e9es par \u00e9crit et qui sont li\u00e9es \u00e0 l'utilisation et \u00e0 la consommation d'\u00e9nergie ainsi qu'\u00e0 la performance \u00e9nerg\u00e9tique de l'entreprise.<\/p>\n<p style=\"text-align: left;\">- Engagement \u00e0 fournir les ressources et les informations n\u00e9cessaires pour atteindre les buts et les objectifs fix\u00e9s dans le cadre du syst\u00e8me de management de l'\u00e9nergie.<\/p>\n<p style=\"text-align: left;\">- Prendre en compte dans la conception et l'exploitation des installations la r\u00e9duction de la consommation d'\u00e9nergie, la r\u00e9ponse au changement climatique, l'efficacit\u00e9 \u00e9nerg\u00e9tique et l'\u00e9conomie des ressources naturelles tout au long du cycle de vie de nos services.<\/p>\n<p style=\"text-align: left;\">- Soutenir l'offre de produits et de services \u00e0 haute efficacit\u00e9 \u00e9nerg\u00e9tique<\/p>\n<p style=\"text-align: left;\">- L'\u00e9ducation, la formation et la motivation continues de notre personnel<\/p>\n<p style=\"text-align: left;\">- L'\u00e9valuation annuelle de notre performance \u00e9nerg\u00e9tique et la fixation de nouveaux objectifs, dans un souci d'am\u00e9lioration continue.<\/p>\n<p style=\"text-align: left;\">- Chercher \u00e0 faire adopter notre politique \u00e9nerg\u00e9tique par nos fournisseurs et partenaires.<\/p>","protected":false},"excerpt":{"rendered":"<p>Taking into account the environmental conditions in which it our hotels operate, Mar-Bella Collection is committed to the continuous improvement of the Energy Management System, in accordance with compliance obligations, following the principles and requirements of the ISO 50001 Standard: 2018. This is how we are saving energy across all Mar-Bella Collection hotels: Installation of [&#8230;]<\/p>\n<p><a class=\"btn btn-secondary understrap-read-more-link\" href=\"https:\/\/www.marbella.gr\/fr\/sustainability\/saving-energy\/\">Read More&#8230;<span class=\"screen-reader-text\"> from Saving Energy<\/span><\/a><\/p>\n","protected":false},"author":11,"featured_media":5186,"parent":1036,"menu_order":0,"comment_status":"closed","ping_status":"closed","template":"","meta":{"_acf_changed":false,"footnotes":""},"class_list":["post-3127","page","type-page","status-publish","has-post-thumbnail","hentry"],"acf":[],"yoast_head":"<!-- This site is optimized with the Yoast SEO plugin v27.5 - https:\/\/yoast.com\/product\/yoast-seo-wordpress\/ -->\n<title>Saving energy through sustainable operations | Mar-Bella Collection<\/title>\n<meta name=\"description\" content=\"MarBella Collection is fully compliant with ISO 50001 Standard: 2018 for energy saving and eco-conscious operation, under our Energy Management System.\" \/>\n<meta name=\"robots\" content=\"index, follow, max-snippet:-1, max-image-preview:large, max-video-preview:-1\" \/>\n<link rel=\"canonical\" href=\"https:\/\/www.marbella.gr\/fr\/sustainability\/saving-energy\/\" \/>\n<meta property=\"og:locale\" content=\"fr_FR\" \/>\n<meta property=\"og:type\" content=\"article\" \/>\n<meta property=\"og:title\" content=\"Saving energy through sustainable operations | Mar-Bella Collection\" \/>\n<meta property=\"og:description\" content=\"MarBella Collection is fully compliant with ISO 50001 Standard: 2018 for energy saving and eco-conscious operation, under our Energy Management System.\" \/>\n<meta property=\"og:url\" content=\"https:\/\/www.marbella.gr\/fr\/sustainability\/saving-energy\/\" \/>\n<meta property=\"og:site_name\" content=\"Mar-Bella Collection\" \/>\n<meta property=\"article:modified_time\" content=\"2024-08-29T14:22:19+00:00\" \/>\n<meta property=\"og:image\" content=\"https:\/\/www.marbella.gr\/app\/uploads\/2023\/06\/Marbella23-0222-1-scaled.jpg\" \/>\n\t<meta property=\"og:image:width\" content=\"2560\" \/>\n\t<meta property=\"og:image:height\" content=\"1708\" \/>\n\t<meta property=\"og:image:type\" content=\"image\/jpeg\" \/>\n<meta name=\"twitter:card\" content=\"summary_large_image\" \/>\n<meta name=\"twitter:label1\" content=\"Dur\u00e9e de lecture estim\u00e9e\" \/>\n\t<meta name=\"twitter:data1\" content=\"2 minutes\" \/>\n<!-- \/ Yoast SEO plugin. -->","yoast_head_json":{"title":"\u00c9conomiser l'\u00e9nergie gr\u00e2ce \u00e0 des op\u00e9rations durables | Mar-Bella Collection","description":"MarBella Collection est enti\u00e8rement conforme \u00e0 la norme ISO 50001 : 2018 pour les \u00e9conomies d'\u00e9nergie et les op\u00e9rations \u00e9co-conscientes, dans le cadre de notre syst\u00e8me de gestion de l'\u00e9nergie.","robots":{"index":"index","follow":"follow","max-snippet":"max-snippet:-1","max-image-preview":"max-image-preview:large","max-video-preview":"max-video-preview:-1"},"canonical":"https:\/\/www.marbella.gr\/fr\/sustainability\/saving-energy\/","og_locale":"fr_FR","og_type":"article","og_title":"Saving energy through sustainable operations | Mar-Bella Collection","og_description":"MarBella Collection is fully compliant with ISO 50001 Standard: 2018 for energy saving and eco-conscious operation, under our Energy Management System.","og_url":"https:\/\/www.marbella.gr\/fr\/sustainability\/saving-energy\/","og_site_name":"Mar-Bella Collection","article_modified_time":"2024-08-29T14:22:19+00:00","og_image":[{"width":2560,"height":1708,"url":"https:\/\/www.marbella.gr\/app\/uploads\/2023\/06\/Marbella23-0222-1-scaled.jpg","type":"image\/jpeg"}],"twitter_card":"summary_large_image","twitter_misc":{"Dur\u00e9e de lecture estim\u00e9e":"2 minutes"},"schema":{"@context":"https:\/\/schema.org","@graph":[{"@type":"WebPage","@id":"https:\/\/www.marbella.gr\/sustainability\/saving-energy\/","url":"https:\/\/www.marbella.gr\/sustainability\/saving-energy\/","name":"\u00c9conomiser l'\u00e9nergie gr\u00e2ce \u00e0 des op\u00e9rations durables | Mar-Bella Collection","isPartOf":{"@id":"https:\/\/www.marbella.gr\/#website"},"primaryImageOfPage":{"@id":"https:\/\/www.marbella.gr\/sustainability\/saving-energy\/#primaryimage"},"image":{"@id":"https:\/\/www.marbella.gr\/sustainability\/saving-energy\/#primaryimage"},"thumbnailUrl":"https:\/\/www.marbella.gr\/app\/uploads\/2023\/06\/Marbella23-0222-1-scaled.jpg","datePublished":"2023-06-02T09:24:40+00:00","dateModified":"2024-08-29T14:22:19+00:00","description":"MarBella Collection est enti\u00e8rement conforme \u00e0 la norme ISO 50001 : 2018 pour les \u00e9conomies d'\u00e9nergie et les op\u00e9rations \u00e9co-conscientes, dans le cadre de notre syst\u00e8me de gestion de l'\u00e9nergie.","breadcrumb":{"@id":"https:\/\/www.marbella.gr\/sustainability\/saving-energy\/#breadcrumb"},"inLanguage":"fr-FR","potentialAction":[{"@type":"ReadAction","target":["https:\/\/www.marbella.gr\/sustainability\/saving-energy\/"]}]},{"@type":"ImageObject","inLanguage":"fr-FR","@id":"https:\/\/www.marbella.gr\/sustainability\/saving-energy\/#primaryimage","url":"https:\/\/www.marbella.gr\/app\/uploads\/2023\/06\/Marbella23-0222-1-scaled.jpg","contentUrl":"https:\/\/www.marbella.gr\/app\/uploads\/2023\/06\/Marbella23-0222-1-scaled.jpg","width":2560,"height":1708,"caption":"Discover Mar-Bella Collection - 5 star hotels in Corfu, Parga Greece"},{"@type":"BreadcrumbList","@id":"https:\/\/www.marbella.gr\/sustainability\/saving-energy\/#breadcrumb","itemListElement":[{"@type":"ListItem","position":1,"name":"Home","item":"https:\/\/www.marbella.gr\/"},{"@type":"ListItem","position":2,"name":"Environmental &#038; Social Responsibility","item":"https:\/\/www.marbella.gr\/sustainability\/"},{"@type":"ListItem","position":3,"name":"Saving Energy"}]},{"@type":"WebSite","@id":"https:\/\/www.marbella.gr\/#website","url":"https:\/\/www.marbella.gr\/","name":"MarBella","description":"Une famille d'h\u00f4tels vous reliant \u00e0 la magnifique mer Ionienne","publisher":{"@id":"https:\/\/www.marbella.gr\/#organization"},"alternateName":"MarBella","potentialAction":[{"@type":"SearchAction","target":{"@type":"EntryPoint","urlTemplate":"https:\/\/www.marbella.gr\/?s={search_term_string}"},"query-input":{"@type":"PropertyValueSpecification","valueRequired":true,"valueName":"search_term_string"}}],"inLanguage":"fr-FR"},{"@type":"Organization","@id":"https:\/\/www.marbella.gr\/#organization","name":"MarBella","url":"https:\/\/www.marbella.gr\/","logo":{"@type":"ImageObject","inLanguage":"fr-FR","@id":"https:\/\/www.marbella.gr\/#\/schema\/logo\/image\/","url":"https:\/\/www.marbella.gr\/app\/uploads\/2023\/06\/Marbella-collection.png","contentUrl":"https:\/\/www.marbella.gr\/app\/uploads\/2023\/06\/Marbella-collection.png","width":230,"height":75,"caption":"MarBella"},"image":{"@id":"https:\/\/www.marbella.gr\/#\/schema\/logo\/image\/"}}]}},"_links":{"self":[{"href":"https:\/\/www.marbella.gr\/fr\/wp-json\/wp\/v2\/pages\/3127","targetHints":{"allow":["GET"]}}],"collection":[{"href":"https:\/\/www.marbella.gr\/fr\/wp-json\/wp\/v2\/pages"}],"about":[{"href":"https:\/\/www.marbella.gr\/fr\/wp-json\/wp\/v2\/types\/page"}],"author":[{"embeddable":true,"href":"https:\/\/www.marbella.gr\/fr\/wp-json\/wp\/v2\/users\/11"}],"replies":[{"embeddable":true,"href":"https:\/\/www.marbella.gr\/fr\/wp-json\/wp\/v2\/comments?post=3127"}],"version-history":[{"count":8,"href":"https:\/\/www.marbella.gr\/fr\/wp-json\/wp\/v2\/pages\/3127\/revisions"}],"predecessor-version":[{"id":8024,"href":"https:\/\/www.marbella.gr\/fr\/wp-json\/wp\/v2\/pages\/3127\/revisions\/8024"}],"up":[{"embeddable":true,"href":"https:\/\/www.marbella.gr\/fr\/wp-json\/wp\/v2\/pages\/1036"}],"wp:featuredmedia":[{"embeddable":true,"href":"https:\/\/www.marbella.gr\/fr\/wp-json\/wp\/v2\/media\/5186"}],"wp:attachment":[{"href":"https:\/\/www.marbella.gr\/fr\/wp-json\/wp\/v2\/media?parent=3127"}],"curies":[{"name":"wp","href":"https:\/\/api.w.org\/{rel}","templated":true}]}}