{"id":3220,"date":"2023-06-02T14:22:00","date_gmt":"2023-06-02T14:22:00","guid":{"rendered":"https:\/\/www.marbella.gr\/?page_id=3220"},"modified":"2025-09-19T12:29:45","modified_gmt":"2025-09-19T09:29:45","slug":"signature-life","status":"publish","type":"page","link":"https:\/\/www.marbella.gr\/fr\/hotels\/marbella-corfu\/signature-life\/","title":{"rendered":"Signature Life Corfu"},"content":{"rendered":"<p style=\"text-align: left;\">Parfois, on a envie que les choses soient encore plus sp\u00e9ciales. En tant que client Signature Life \u00e0 MarBella, vous pouvez profiter de ces petites touches de luxe et d'un service am\u00e9lior\u00e9 qui \u00e9l\u00e8vent votre exp\u00e9rience \u00e0 un niveau encore plus \u00e9lev\u00e9. Vous pouvez b\u00e9n\u00e9ficier des avantages de Signature Life lorsque vous r\u00e9servez <span data-teams=\"true\"><strong>dans l'une de nos suites Junior ou plus<\/strong> \u00e0 MarBella pour une dur\u00e9e de 7 nuits ou plus.<\/span><\/p>\n<ul style=\"font-weight: 400;\">\n<li data-charcodes=\"8226\" data-font=\"Arial,Sans-Serif\" data-buautonum=\"8\" data-margin=\"270\" data-aria-posinset=\"1\" data-aria-level=\"1\"><span data-scheme-color=\"@002FB3,,\" data-usefontface=\"true\" data-contrast=\"none\">L'enregistrement anticip\u00e9 et le d\u00e9part tardif sont gratuits (sous r\u00e9serve de l'approbation de l'autorit\u00e9 comp\u00e9tente). <\/span><span data-scheme-color=\"@002FB3,,\" data-usefontface=\"true\" data-contrast=\"none\">disponibilit\u00e9)<\/span>\u200b<\/li>\n<li data-charcodes=\"8226\" data-font=\"Arial,Sans-Serif\" data-buautonum=\"8\" data-margin=\"270\" data-aria-posinset=\"3\" data-aria-level=\"1\"><span data-scheme-color=\"@002FB3,,\" data-usefontface=\"true\" data-contrast=\"none\">Offre de bienvenue premium dans la suite<\/span>\u200b<\/li>\n<li data-charcodes=\"8226\" data-font=\"Arial,Sans-Serif\" data-buautonum=\"8\" data-margin=\"270\" data-aria-posinset=\"5\" data-aria-level=\"1\"><span data-scheme-color=\"@002FB3,,\" data-usefontface=\"true\" data-contrast=\"none\">Menu de s\u00e9lection de l'oreiller<\/span>\u200b<\/li>\n<li data-charcodes=\"8226\" data-font=\"Arial,Sans-Serif\" data-buautonum=\"8\" data-margin=\"270\" data-aria-posinset=\"7\" data-aria-level=\"1\"><span data-scheme-color=\"@002FB3,,\" data-usefontface=\"true\" data-contrast=\"none\">Service quotidien de pr\u00e9paration \u00e0 la nuit<\/span>\u200b<\/li>\n<li data-charcodes=\"8226\" data-font=\"Arial,Sans-Serif\" data-buautonum=\"8\" data-margin=\"270\" data-aria-posinset=\"9\" data-aria-level=\"1\"><span data-scheme-color=\"@002FB3,,\" data-usefontface=\"true\" data-contrast=\"none\">Sac de plage de marque gratuit<\/span>\u200b<\/li>\n<li data-charcodes=\"8226\" data-font=\"Arial,Sans-Serif\" data-buautonum=\"8\" data-margin=\"270\" data-aria-posinset=\"11\" data-aria-level=\"1\"><span data-scheme-color=\"@002FB3,,\" data-usefontface=\"true\" data-contrast=\"none\">Cadeaux gratuits pour les enfants<\/span>\u200b<\/li>\n<\/ul>\n<p><em>Les clients de Signature Life sont toujours encourag\u00e9s \u00e0 s'inscrire au programme de fid\u00e9lit\u00e9 MC Rewards afin de collecter des points d'adh\u00e9sion et de b\u00e9n\u00e9ficier des avantages du programme lors de leurs futurs s\u00e9jours dans l'un des h\u00f4tels de Mar-Bella Collection. <\/em><\/p>","protected":false},"excerpt":{"rendered":"<p>Sometimes you just want things to be extra special. Being a Signature Life guest at MarBella means you can enjoy those little touches of luxury and enhanced service that elevate your experience to an even higher level. You can enjoy Signature life benefits when you book in one of our Junior Suites or higher room [&#8230;]<\/p>\n<p><a class=\"btn btn-secondary understrap-read-more-link\" href=\"https:\/\/www.marbella.gr\/fr\/hotels\/marbella-corfu\/signature-life\/\">Read More&#8230;<span class=\"screen-reader-text\"> from Signature Life Corfu<\/span><\/a><\/p>\n","protected":false},"author":5,"featured_media":0,"parent":797,"menu_order":0,"comment_status":"closed","ping_status":"closed","template":"","meta":{"_acf_changed":false,"footnotes":""},"class_list":["post-3220","page","type-page","status-publish","hentry"],"acf":[],"yoast_head":"<!-- This site is optimized with the Yoast SEO plugin v27.4 - https:\/\/yoast.com\/product\/yoast-seo-wordpress\/ -->\n<title>Signature Life services for exclusive Corfu stays | MarBella<\/title>\n<meta name=\"description\" content=\"At MarBella you can upgrade your holiday in Corfu with Signature Life services, benefits &amp; perks for added comfort, convenience and pampering.\" \/>\n<meta name=\"robots\" content=\"index, follow, max-snippet:-1, max-image-preview:large, max-video-preview:-1\" \/>\n<link rel=\"canonical\" href=\"https:\/\/www.marbella.gr\/fr\/hotels\/marbella-corfu\/signature-life\/\" \/>\n<meta property=\"og:locale\" content=\"fr_FR\" \/>\n<meta property=\"og:type\" content=\"article\" \/>\n<meta property=\"og:title\" content=\"Signature Life services for exclusive Corfu stays | MarBella\" \/>\n<meta property=\"og:description\" content=\"At MarBella you can upgrade your holiday in Corfu with Signature Life services, benefits &amp; perks for added comfort, convenience and pampering.\" \/>\n<meta property=\"og:url\" content=\"https:\/\/www.marbella.gr\/fr\/hotels\/marbella-corfu\/signature-life\/\" \/>\n<meta property=\"og:site_name\" content=\"Mar-Bella Collection\" \/>\n<meta property=\"article:modified_time\" content=\"2025-09-19T09:29:45+00:00\" \/>\n<meta property=\"og:image\" content=\"https:\/\/www.marbella.gr\/app\/uploads\/2024\/05\/Elix_Water-Sports-2-scaled.jpg\" \/>\n\t<meta property=\"og:image:width\" content=\"2560\" \/>\n\t<meta property=\"og:image:height\" content=\"1705\" \/>\n\t<meta property=\"og:image:type\" content=\"image\/jpeg\" \/>\n<meta name=\"twitter:card\" content=\"summary_large_image\" \/>\n<meta name=\"twitter:label1\" content=\"Dur\u00e9e de lecture estim\u00e9e\" \/>\n\t<meta name=\"twitter:data1\" content=\"1 minute\" \/>\n<!-- \/ Yoast SEO plugin. -->","yoast_head_json":{"title":"Services Signature Life pour des s\u00e9jours exclusifs \u00e0 Corfou | MarBella","description":"Au MarBella, vous pouvez am\u00e9liorer vos vacances \u00e0 Corfou gr\u00e2ce aux services, avantages et b\u00e9n\u00e9fices de Signature Life, pour plus de confort, de commodit\u00e9 et de chouchoutage.","robots":{"index":"index","follow":"follow","max-snippet":"max-snippet:-1","max-image-preview":"max-image-preview:large","max-video-preview":"max-video-preview:-1"},"canonical":"https:\/\/www.marbella.gr\/fr\/hotels\/marbella-corfu\/signature-life\/","og_locale":"fr_FR","og_type":"article","og_title":"Signature Life services for exclusive Corfu stays | MarBella","og_description":"At MarBella you can upgrade your holiday in Corfu with Signature Life services, benefits & perks for added comfort, convenience and pampering.","og_url":"https:\/\/www.marbella.gr\/fr\/hotels\/marbella-corfu\/signature-life\/","og_site_name":"Mar-Bella Collection","article_modified_time":"2025-09-19T09:29:45+00:00","og_image":[{"width":2560,"height":1705,"url":"https:\/\/www.marbella.gr\/app\/uploads\/2024\/05\/Elix_Water-Sports-2-scaled.jpg","type":"image\/jpeg"}],"twitter_card":"summary_large_image","twitter_misc":{"Dur\u00e9e de lecture estim\u00e9e":"1 minute"},"schema":{"@context":"https:\/\/schema.org","@graph":[{"@type":"WebPage","@id":"https:\/\/www.marbella.gr\/hotels\/marbella-corfu\/signature-life\/","url":"https:\/\/www.marbella.gr\/hotels\/marbella-corfu\/signature-life\/","name":"Services Signature Life pour des s\u00e9jours exclusifs \u00e0 Corfou | MarBella","isPartOf":{"@id":"https:\/\/www.marbella.gr\/#website"},"datePublished":"2023-06-02T14:22:00+00:00","dateModified":"2025-09-19T09:29:45+00:00","description":"Au MarBella, vous pouvez am\u00e9liorer vos vacances \u00e0 Corfou gr\u00e2ce aux services, avantages et b\u00e9n\u00e9fices de Signature Life, pour plus de confort, de commodit\u00e9 et de chouchoutage.","breadcrumb":{"@id":"https:\/\/www.marbella.gr\/hotels\/marbella-corfu\/signature-life\/#breadcrumb"},"inLanguage":"fr-FR","potentialAction":[{"@type":"ReadAction","target":["https:\/\/www.marbella.gr\/hotels\/marbella-corfu\/signature-life\/"]}]},{"@type":"BreadcrumbList","@id":"https:\/\/www.marbella.gr\/hotels\/marbella-corfu\/signature-life\/#breadcrumb","itemListElement":[{"@type":"ListItem","position":1,"name":"Home","item":"https:\/\/www.marbella.gr\/"},{"@type":"ListItem","position":2,"name":"Hotels","item":"https:\/\/www.marbella.gr\/hotels\/"},{"@type":"ListItem","position":3,"name":"MarBella","item":"https:\/\/www.marbella.gr\/hotels\/marbella-corfu\/"},{"@type":"ListItem","position":4,"name":"Signature Life Corfu"}]},{"@type":"WebSite","@id":"https:\/\/www.marbella.gr\/#website","url":"https:\/\/www.marbella.gr\/","name":"MarBella","description":"Une famille d'h\u00f4tels vous reliant \u00e0 la magnifique mer Ionienne","publisher":{"@id":"https:\/\/www.marbella.gr\/#organization"},"alternateName":"MarBella","potentialAction":[{"@type":"SearchAction","target":{"@type":"EntryPoint","urlTemplate":"https:\/\/www.marbella.gr\/?s={search_term_string}"},"query-input":{"@type":"PropertyValueSpecification","valueRequired":true,"valueName":"search_term_string"}}],"inLanguage":"fr-FR"},{"@type":"Organization","@id":"https:\/\/www.marbella.gr\/#organization","name":"MarBella","url":"https:\/\/www.marbella.gr\/","logo":{"@type":"ImageObject","inLanguage":"fr-FR","@id":"https:\/\/www.marbella.gr\/#\/schema\/logo\/image\/","url":"https:\/\/www.marbella.gr\/app\/uploads\/2023\/06\/Marbella-collection.png","contentUrl":"https:\/\/www.marbella.gr\/app\/uploads\/2023\/06\/Marbella-collection.png","width":230,"height":75,"caption":"MarBella"},"image":{"@id":"https:\/\/www.marbella.gr\/#\/schema\/logo\/image\/"}}]}},"_links":{"self":[{"href":"https:\/\/www.marbella.gr\/fr\/wp-json\/wp\/v2\/pages\/3220","targetHints":{"allow":["GET"]}}],"collection":[{"href":"https:\/\/www.marbella.gr\/fr\/wp-json\/wp\/v2\/pages"}],"about":[{"href":"https:\/\/www.marbella.gr\/fr\/wp-json\/wp\/v2\/types\/page"}],"author":[{"embeddable":true,"href":"https:\/\/www.marbella.gr\/fr\/wp-json\/wp\/v2\/users\/5"}],"replies":[{"embeddable":true,"href":"https:\/\/www.marbella.gr\/fr\/wp-json\/wp\/v2\/comments?post=3220"}],"version-history":[{"count":36,"href":"https:\/\/www.marbella.gr\/fr\/wp-json\/wp\/v2\/pages\/3220\/revisions"}],"predecessor-version":[{"id":10972,"href":"https:\/\/www.marbella.gr\/fr\/wp-json\/wp\/v2\/pages\/3220\/revisions\/10972"}],"up":[{"embeddable":true,"href":"https:\/\/www.marbella.gr\/fr\/wp-json\/wp\/v2\/pages\/797"}],"wp:attachment":[{"href":"https:\/\/www.marbella.gr\/fr\/wp-json\/wp\/v2\/media?parent=3220"}],"curies":[{"name":"wp","href":"https:\/\/api.w.org\/{rel}","templated":true}]}}