{"id":3229,"date":"2023-06-02T14:25:16","date_gmt":"2023-06-02T14:25:16","guid":{"rendered":"https:\/\/www.marbella.gr\/whats-on\/greek-chef-abroad-copy\/"},"modified":"2024-08-30T10:14:39","modified_gmt":"2024-08-30T10:14:39","slug":"greek-chef-abroad-vol-list","status":"publish","type":"page","link":"https:\/\/www.marbella.gr\/fr\/greek-chefs-abroad\/greek-chef-abroad\/greek-chef-abroad-vol-list\/","title":{"rendered":"Chefs grecs \u00e0 l'\u00e9tranger volumes I et II"},"content":{"rendered":"","protected":false},"excerpt":{"rendered":"<p> [&#8230;]<\/p>\n<p><a class=\"btn btn-secondary understrap-read-more-link\" href=\"https:\/\/www.marbella.gr\/fr\/greek-chefs-abroad\/greek-chef-abroad\/greek-chef-abroad-vol-list\/\">Read More&#8230;<span class=\"screen-reader-text\"> from Greek Chefs Abroad volume I and II<\/span><\/a><\/p>\n","protected":false},"author":11,"featured_media":0,"parent":2284,"menu_order":0,"comment_status":"closed","ping_status":"closed","template":"","meta":{"_acf_changed":false,"footnotes":""},"class_list":["post-3229","page","type-page","status-publish","hentry"],"acf":[],"yoast_head":"<!-- This site is optimized with the Yoast SEO plugin v27.4 - https:\/\/yoast.com\/product\/yoast-seo-wordpress\/ -->\n<title>Meet The Chefs - Greek Chefs Abroad Bios | Mar-Bella Collection<\/title>\n<meta name=\"description\" content=\"Bio archives of Mar-Bella Collection&#039;s Greek Chefs Abroad events that celebrate the talent of Greek chefs abroad, brought to share their culinary identity.\" \/>\n<meta name=\"robots\" content=\"index, follow, max-snippet:-1, max-image-preview:large, max-video-preview:-1\" \/>\n<link rel=\"canonical\" href=\"https:\/\/www.marbella.gr\/fr\/greek-chefs-abroad\/greek-chef-abroad\/greek-chef-abroad-vol-list\/\" \/>\n<meta property=\"og:locale\" content=\"fr_FR\" \/>\n<meta property=\"og:type\" content=\"article\" \/>\n<meta property=\"og:title\" content=\"Meet The Chefs - Greek Chefs Abroad Bios | Mar-Bella Collection\" \/>\n<meta property=\"og:description\" content=\"Bio archives of Mar-Bella Collection&#039;s Greek Chefs Abroad events that celebrate the talent of Greek chefs abroad, brought to share their culinary identity.\" \/>\n<meta property=\"og:url\" content=\"https:\/\/www.marbella.gr\/fr\/greek-chefs-abroad\/greek-chef-abroad\/greek-chef-abroad-vol-list\/\" \/>\n<meta property=\"og:site_name\" content=\"Mar-Bella Collection\" \/>\n<meta property=\"article:modified_time\" content=\"2024-08-30T10:14:39+00:00\" \/>\n<meta property=\"og:image\" content=\"https:\/\/www.marbella.gr\/app\/uploads\/2024\/05\/Elix_Water-Sports-2-scaled.jpg\" \/>\n\t<meta property=\"og:image:width\" content=\"2560\" \/>\n\t<meta property=\"og:image:height\" content=\"1705\" \/>\n\t<meta property=\"og:image:type\" content=\"image\/jpeg\" \/>\n<meta name=\"twitter:card\" content=\"summary_large_image\" \/>\n<!-- \/ Yoast SEO plugin. -->","yoast_head_json":{"title":"Meet The Chefs - Greek Chefs Abroad Bios | Mar-Bella Collection","description":"Bio archives des \u00e9v\u00e9nements \"Greek Chefs Abroad\" de Mar-Bella Collection qui c\u00e9l\u00e8brent le talent des chefs grecs \u00e0 l'\u00e9tranger, amen\u00e9s \u00e0 partager leur identit\u00e9 culinaire.","robots":{"index":"index","follow":"follow","max-snippet":"max-snippet:-1","max-image-preview":"max-image-preview:large","max-video-preview":"max-video-preview:-1"},"canonical":"https:\/\/www.marbella.gr\/fr\/greek-chefs-abroad\/greek-chef-abroad\/greek-chef-abroad-vol-list\/","og_locale":"fr_FR","og_type":"article","og_title":"Meet The Chefs - Greek Chefs Abroad Bios | Mar-Bella Collection","og_description":"Bio archives of Mar-Bella Collection's Greek Chefs Abroad events that celebrate the talent of Greek chefs abroad, brought to share their culinary identity.","og_url":"https:\/\/www.marbella.gr\/fr\/greek-chefs-abroad\/greek-chef-abroad\/greek-chef-abroad-vol-list\/","og_site_name":"Mar-Bella Collection","article_modified_time":"2024-08-30T10:14:39+00:00","og_image":[{"width":2560,"height":1705,"url":"https:\/\/www.marbella.gr\/app\/uploads\/2024\/05\/Elix_Water-Sports-2-scaled.jpg","type":"image\/jpeg"}],"twitter_card":"summary_large_image","schema":{"@context":"https:\/\/schema.org","@graph":[{"@type":"WebPage","@id":"https:\/\/www.marbella.gr\/greek-chefs-abroad\/greek-chef-abroad\/greek-chef-abroad-vol-list\/","url":"https:\/\/www.marbella.gr\/greek-chefs-abroad\/greek-chef-abroad\/greek-chef-abroad-vol-list\/","name":"Meet The Chefs - Greek Chefs Abroad Bios | Mar-Bella Collection","isPartOf":{"@id":"https:\/\/www.marbella.gr\/#website"},"datePublished":"2023-06-02T14:25:16+00:00","dateModified":"2024-08-30T10:14:39+00:00","description":"Bio archives des \u00e9v\u00e9nements \"Greek Chefs Abroad\" de Mar-Bella Collection qui c\u00e9l\u00e8brent le talent des chefs grecs \u00e0 l'\u00e9tranger, amen\u00e9s \u00e0 partager leur identit\u00e9 culinaire.","breadcrumb":{"@id":"https:\/\/www.marbella.gr\/greek-chefs-abroad\/greek-chef-abroad\/greek-chef-abroad-vol-list\/#breadcrumb"},"inLanguage":"fr-FR","potentialAction":[{"@type":"ReadAction","target":["https:\/\/www.marbella.gr\/greek-chefs-abroad\/greek-chef-abroad\/greek-chef-abroad-vol-list\/"]}]},{"@type":"BreadcrumbList","@id":"https:\/\/www.marbella.gr\/greek-chefs-abroad\/greek-chef-abroad\/greek-chef-abroad-vol-list\/#breadcrumb","itemListElement":[{"@type":"ListItem","position":1,"name":"Home","item":"https:\/\/www.marbella.gr\/"},{"@type":"ListItem","position":2,"name":"Greek Chefs Abroad","item":"https:\/\/www.marbella.gr\/greek-chefs-abroad\/"},{"@type":"ListItem","position":3,"name":"Greek Chef Abroad","item":"https:\/\/www.marbella.gr\/greek-chefs-abroad\/greek-chef-abroad\/"},{"@type":"ListItem","position":4,"name":"Greek Chefs Abroad volume I and II"}]},{"@type":"WebSite","@id":"https:\/\/www.marbella.gr\/#website","url":"https:\/\/www.marbella.gr\/","name":"MarBella","description":"Une famille d'h\u00f4tels vous reliant \u00e0 la magnifique mer Ionienne","publisher":{"@id":"https:\/\/www.marbella.gr\/#organization"},"alternateName":"MarBella","potentialAction":[{"@type":"SearchAction","target":{"@type":"EntryPoint","urlTemplate":"https:\/\/www.marbella.gr\/?s={search_term_string}"},"query-input":{"@type":"PropertyValueSpecification","valueRequired":true,"valueName":"search_term_string"}}],"inLanguage":"fr-FR"},{"@type":"Organization","@id":"https:\/\/www.marbella.gr\/#organization","name":"MarBella","url":"https:\/\/www.marbella.gr\/","logo":{"@type":"ImageObject","inLanguage":"fr-FR","@id":"https:\/\/www.marbella.gr\/#\/schema\/logo\/image\/","url":"https:\/\/www.marbella.gr\/app\/uploads\/2023\/06\/Marbella-collection.png","contentUrl":"https:\/\/www.marbella.gr\/app\/uploads\/2023\/06\/Marbella-collection.png","width":230,"height":75,"caption":"MarBella"},"image":{"@id":"https:\/\/www.marbella.gr\/#\/schema\/logo\/image\/"}}]}},"_links":{"self":[{"href":"https:\/\/www.marbella.gr\/fr\/wp-json\/wp\/v2\/pages\/3229","targetHints":{"allow":["GET"]}}],"collection":[{"href":"https:\/\/www.marbella.gr\/fr\/wp-json\/wp\/v2\/pages"}],"about":[{"href":"https:\/\/www.marbella.gr\/fr\/wp-json\/wp\/v2\/types\/page"}],"author":[{"embeddable":true,"href":"https:\/\/www.marbella.gr\/fr\/wp-json\/wp\/v2\/users\/11"}],"replies":[{"embeddable":true,"href":"https:\/\/www.marbella.gr\/fr\/wp-json\/wp\/v2\/comments?post=3229"}],"version-history":[{"count":19,"href":"https:\/\/www.marbella.gr\/fr\/wp-json\/wp\/v2\/pages\/3229\/revisions"}],"predecessor-version":[{"id":7334,"href":"https:\/\/www.marbella.gr\/fr\/wp-json\/wp\/v2\/pages\/3229\/revisions\/7334"}],"up":[{"embeddable":true,"href":"https:\/\/www.marbella.gr\/fr\/wp-json\/wp\/v2\/pages\/2284"}],"wp:attachment":[{"href":"https:\/\/www.marbella.gr\/fr\/wp-json\/wp\/v2\/media?parent=3229"}],"curies":[{"name":"wp","href":"https:\/\/api.w.org\/{rel}","templated":true}]}}