{"id":3866,"date":"2023-06-15T11:45:01","date_gmt":"2023-06-15T11:45:01","guid":{"rendered":"https:\/\/www.marbella.gr\/hotels\/marbella-corfu\/whats-included\/dining-bars-copy\/"},"modified":"2026-03-13T10:43:36","modified_gmt":"2026-03-13T08:43:36","slug":"gastronomy","status":"publish","type":"page","link":"https:\/\/www.marbella.gr\/fr\/hotels\/marbella-corfu\/gastronomy\/","title":{"rendered":"D\u00eener et boissons"},"content":{"rendered":"<p style=\"text-align: center;\">Des petits d\u00e9jeuners vivifiants aux buffets m\u00e9diterran\u00e9ens, le MarBella a de quoi satisfaire les plus grands app\u00e9tits. D\u00e9couvrez une authentique cuisine m\u00e9diterran\u00e9enne, fran\u00e7aise et panasiatique pr\u00e9par\u00e9e \u00e0 partir des meilleurs ingr\u00e9dients, des morceaux de viande les plus choisis et des poissons et fruits de mer provenant directement du quai. Le tout agr\u00e9ment\u00e9 d'une liste impressionnante de vins et de boissons, et d'un service amical comme \u00e0 l'accoutum\u00e9e. En outre, des d\u00e9gustations de vins sont propos\u00e9es tout au long de la saison !<\/p>\n<p style=\"text-align: center;\">We also offer a Little Explorers menu specially designed for our youngest guests, with nutritious dishes portioned for little appetites.<\/p>","protected":false},"excerpt":{"rendered":"<p>From life-affirming breakfasts to Mediterranean buffets, there\u2019s so much to satisfy the biggest of appetites at MarBella. Explore authentic Mediterranean, French and Pan Asian cuisine prepared using the finest ingredients, the choicest cuts of meat, and fish and seafood straight off the quay. All complemented by an impressive list of wines and drinks, and our [&#8230;]<\/p>\n<p><a class=\"btn btn-secondary understrap-read-more-link\" href=\"https:\/\/www.marbella.gr\/fr\/hotels\/marbella-corfu\/gastronomy\/\">Read More&#8230;<span class=\"screen-reader-text\"> from Dine &#038; Drink<\/span><\/a><\/p>\n","protected":false},"author":18,"featured_media":8568,"parent":797,"menu_order":0,"comment_status":"closed","ping_status":"closed","template":"","meta":{"_acf_changed":false,"footnotes":""},"class_list":["post-3866","page","type-page","status-publish","has-post-thumbnail","hentry"],"acf":[],"yoast_head":"<!-- This site is optimized with the Yoast SEO plugin v27.4 - https:\/\/yoast.com\/product\/yoast-seo-wordpress\/ -->\n<title>Dine &amp; Drink - MarBella<\/title>\n<meta name=\"description\" content=\"Satisfy your cravings with an array of Mediterranean delights, from Greek to Italian and more, all crafted from the finest ingredients, paired with fine wines, and served with our signature friendly hospitality.\" \/>\n<meta name=\"robots\" content=\"index, follow, max-snippet:-1, max-image-preview:large, max-video-preview:-1\" \/>\n<link rel=\"canonical\" href=\"https:\/\/www.marbella.gr\/fr\/hotels\/marbella-corfu\/gastronomy\/\" \/>\n<meta property=\"og:locale\" content=\"fr_FR\" \/>\n<meta property=\"og:type\" content=\"article\" \/>\n<meta property=\"og:title\" content=\"Dine &amp; Drink - MarBella\" \/>\n<meta property=\"og:description\" content=\"Satisfy your cravings with an array of Mediterranean delights, from Greek to Italian and more, all crafted from the finest ingredients, paired with fine wines, and served with our signature friendly hospitality.\" \/>\n<meta property=\"og:url\" content=\"https:\/\/www.marbella.gr\/fr\/hotels\/marbella-corfu\/gastronomy\/\" \/>\n<meta property=\"og:site_name\" content=\"Mar-Bella Collection\" \/>\n<meta property=\"article:modified_time\" content=\"2026-03-13T08:43:36+00:00\" \/>\n<meta property=\"og:image\" content=\"https:\/\/www.marbella.gr\/app\/uploads\/2024\/11\/MarBella_Deck_Restaurant-10-scaled.jpg\" \/>\n\t<meta property=\"og:image:width\" content=\"2560\" \/>\n\t<meta property=\"og:image:height\" content=\"1920\" \/>\n\t<meta property=\"og:image:type\" content=\"image\/jpeg\" \/>\n<meta name=\"twitter:card\" content=\"summary_large_image\" \/>\n<meta name=\"twitter:label1\" content=\"Dur\u00e9e de lecture estim\u00e9e\" \/>\n\t<meta name=\"twitter:data1\" content=\"1 minute\" \/>\n<!-- \/ Yoast SEO plugin. -->","yoast_head_json":{"title":"D\u00eener et boissons - MarBella","description":"Satisfaites vos envies avec un \u00e9ventail de d\u00e9lices m\u00e9diterran\u00e9ens, grecs, italiens et autres, tous \u00e9labor\u00e9s \u00e0 partir des meilleurs ingr\u00e9dients, accompagn\u00e9s de vins raffin\u00e9s et servis avec l'hospitalit\u00e9 amicale qui nous caract\u00e9rise.","robots":{"index":"index","follow":"follow","max-snippet":"max-snippet:-1","max-image-preview":"max-image-preview:large","max-video-preview":"max-video-preview:-1"},"canonical":"https:\/\/www.marbella.gr\/fr\/hotels\/marbella-corfu\/gastronomy\/","og_locale":"fr_FR","og_type":"article","og_title":"Dine & Drink - MarBella","og_description":"Satisfy your cravings with an array of Mediterranean delights, from Greek to Italian and more, all crafted from the finest ingredients, paired with fine wines, and served with our signature friendly hospitality.","og_url":"https:\/\/www.marbella.gr\/fr\/hotels\/marbella-corfu\/gastronomy\/","og_site_name":"Mar-Bella Collection","article_modified_time":"2026-03-13T08:43:36+00:00","og_image":[{"width":2560,"height":1920,"url":"https:\/\/www.marbella.gr\/app\/uploads\/2024\/11\/MarBella_Deck_Restaurant-10-scaled.jpg","type":"image\/jpeg"}],"twitter_card":"summary_large_image","twitter_misc":{"Dur\u00e9e de lecture estim\u00e9e":"1 minute"},"schema":{"@context":"https:\/\/schema.org","@graph":[{"@type":"WebPage","@id":"https:\/\/www.marbella.gr\/hotels\/marbella-corfu\/gastronomy\/","url":"https:\/\/www.marbella.gr\/hotels\/marbella-corfu\/gastronomy\/","name":"D\u00eener et boissons - MarBella","isPartOf":{"@id":"https:\/\/www.marbella.gr\/#website"},"primaryImageOfPage":{"@id":"https:\/\/www.marbella.gr\/hotels\/marbella-corfu\/gastronomy\/#primaryimage"},"image":{"@id":"https:\/\/www.marbella.gr\/hotels\/marbella-corfu\/gastronomy\/#primaryimage"},"thumbnailUrl":"https:\/\/www.marbella.gr\/app\/uploads\/2024\/11\/MarBella_Deck_Restaurant-10-scaled.jpg","datePublished":"2023-06-15T11:45:01+00:00","dateModified":"2026-03-13T08:43:36+00:00","description":"Satisfaites vos envies avec un \u00e9ventail de d\u00e9lices m\u00e9diterran\u00e9ens, grecs, italiens et autres, tous \u00e9labor\u00e9s \u00e0 partir des meilleurs ingr\u00e9dients, accompagn\u00e9s de vins raffin\u00e9s et servis avec l'hospitalit\u00e9 amicale qui nous caract\u00e9rise.","breadcrumb":{"@id":"https:\/\/www.marbella.gr\/hotels\/marbella-corfu\/gastronomy\/#breadcrumb"},"inLanguage":"fr-FR","potentialAction":[{"@type":"ReadAction","target":["https:\/\/www.marbella.gr\/hotels\/marbella-corfu\/gastronomy\/"]}]},{"@type":"ImageObject","inLanguage":"fr-FR","@id":"https:\/\/www.marbella.gr\/hotels\/marbella-corfu\/gastronomy\/#primaryimage","url":"https:\/\/www.marbella.gr\/app\/uploads\/2024\/11\/MarBella_Deck_Restaurant-10-scaled.jpg","contentUrl":"https:\/\/www.marbella.gr\/app\/uploads\/2024\/11\/MarBella_Deck_Restaurant-10-scaled.jpg","width":2560,"height":1920,"caption":"Discover Mar-Bella Collection - 5 star hotels in Corfu, Parga Greece"},{"@type":"BreadcrumbList","@id":"https:\/\/www.marbella.gr\/hotels\/marbella-corfu\/gastronomy\/#breadcrumb","itemListElement":[{"@type":"ListItem","position":1,"name":"Home","item":"https:\/\/www.marbella.gr\/"},{"@type":"ListItem","position":2,"name":"Hotels","item":"https:\/\/www.marbella.gr\/hotels\/"},{"@type":"ListItem","position":3,"name":"MarBella","item":"https:\/\/www.marbella.gr\/hotels\/marbella-corfu\/"},{"@type":"ListItem","position":4,"name":"Dine &#038; Drink"}]},{"@type":"WebSite","@id":"https:\/\/www.marbella.gr\/#website","url":"https:\/\/www.marbella.gr\/","name":"MarBella","description":"Une famille d'h\u00f4tels vous reliant \u00e0 la magnifique mer Ionienne","publisher":{"@id":"https:\/\/www.marbella.gr\/#organization"},"alternateName":"MarBella","potentialAction":[{"@type":"SearchAction","target":{"@type":"EntryPoint","urlTemplate":"https:\/\/www.marbella.gr\/?s={search_term_string}"},"query-input":{"@type":"PropertyValueSpecification","valueRequired":true,"valueName":"search_term_string"}}],"inLanguage":"fr-FR"},{"@type":"Organization","@id":"https:\/\/www.marbella.gr\/#organization","name":"MarBella","url":"https:\/\/www.marbella.gr\/","logo":{"@type":"ImageObject","inLanguage":"fr-FR","@id":"https:\/\/www.marbella.gr\/#\/schema\/logo\/image\/","url":"https:\/\/www.marbella.gr\/app\/uploads\/2023\/06\/Marbella-collection.png","contentUrl":"https:\/\/www.marbella.gr\/app\/uploads\/2023\/06\/Marbella-collection.png","width":230,"height":75,"caption":"MarBella"},"image":{"@id":"https:\/\/www.marbella.gr\/#\/schema\/logo\/image\/"}}]}},"_links":{"self":[{"href":"https:\/\/www.marbella.gr\/fr\/wp-json\/wp\/v2\/pages\/3866","targetHints":{"allow":["GET"]}}],"collection":[{"href":"https:\/\/www.marbella.gr\/fr\/wp-json\/wp\/v2\/pages"}],"about":[{"href":"https:\/\/www.marbella.gr\/fr\/wp-json\/wp\/v2\/types\/page"}],"author":[{"embeddable":true,"href":"https:\/\/www.marbella.gr\/fr\/wp-json\/wp\/v2\/users\/18"}],"replies":[{"embeddable":true,"href":"https:\/\/www.marbella.gr\/fr\/wp-json\/wp\/v2\/comments?post=3866"}],"version-history":[{"count":55,"href":"https:\/\/www.marbella.gr\/fr\/wp-json\/wp\/v2\/pages\/3866\/revisions"}],"predecessor-version":[{"id":14127,"href":"https:\/\/www.marbella.gr\/fr\/wp-json\/wp\/v2\/pages\/3866\/revisions\/14127"}],"up":[{"embeddable":true,"href":"https:\/\/www.marbella.gr\/fr\/wp-json\/wp\/v2\/pages\/797"}],"wp:featuredmedia":[{"embeddable":true,"href":"https:\/\/www.marbella.gr\/fr\/wp-json\/wp\/v2\/media\/8568"}],"wp:attachment":[{"href":"https:\/\/www.marbella.gr\/fr\/wp-json\/wp\/v2\/media?parent=3866"}],"curies":[{"name":"wp","href":"https:\/\/api.w.org\/{rel}","templated":true}]}}