{"id":5008,"date":"2023-06-26T08:40:16","date_gmt":"2023-06-26T08:40:16","guid":{"rendered":"https:\/\/www.marbella.gr\/hotels\/marbella-elix\/premium-all-inclusive-copy\/"},"modified":"2025-01-28T15:32:15","modified_gmt":"2025-01-28T15:32:15","slug":"connecting-to-water","status":"publish","type":"page","link":"https:\/\/www.marbella.gr\/fr\/hotels\/marbella-elix\/connecting-to-water\/","title":{"rendered":"Raccordement \u00e0 l'eau Elix"},"content":{"rendered":"<p>Sereinement install\u00e9 sur les hauteurs, l'Elix est immerg\u00e9 entre les bleus \u00e9tonnants du ciel et de la mer. La terrasse du hall est id\u00e9ale pour admirer les vues panoramiques et les rivages dor\u00e9s de la plage de Karavostasi. L'aventure est au rendez-vous avec un choix de sports nautiques pour tous les clients. Vous pouvez aussi vous aventurer plus loin pour explorer les plages cach\u00e9es, les grottes et les \u00eeles s\u00e9duisantes qui entourent cette magnifique destination.<\/p>","protected":false},"excerpt":{"rendered":"<p>Sitting serenely on high, Elix is immersed between the stunning blues of the sky and sea. The lobby terrace is perfect for showcasing the sweeping vistas and unending golden shores of Karavostasi beach. Adventure calls with a choice of watersports to suit all our guests. Or venture further afield to explore the hidden beaches, caves [&#8230;]<\/p>\n<p><a class=\"btn btn-secondary understrap-read-more-link\" href=\"https:\/\/www.marbella.gr\/fr\/hotels\/marbella-elix\/connecting-to-water\/\">Read More&#8230;<span class=\"screen-reader-text\"> from Connecting to water Elix<\/span><\/a><\/p>\n","protected":false},"author":18,"featured_media":0,"parent":385,"menu_order":0,"comment_status":"closed","ping_status":"closed","template":"","meta":{"_acf_changed":false,"footnotes":""},"class_list":["post-5008","page","type-page","status-publish","hentry"],"acf":[],"yoast_head":"<!-- This site is optimized with the Yoast SEO plugin v27.5 - https:\/\/yoast.com\/product\/yoast-seo-wordpress\/ -->\n<title>Connecting with Water | Elix by Mar-Bella Collection<\/title>\n<meta name=\"description\" content=\"Elix by Mar-Bella Collection sits high on a cliff above the golden Karavostasi beach in Parga, for endless Ionian sea views and jaw-dropping infinity pools.\" \/>\n<meta name=\"robots\" content=\"index, follow, max-snippet:-1, max-image-preview:large, max-video-preview:-1\" \/>\n<link rel=\"canonical\" href=\"https:\/\/www.marbella.gr\/fr\/hotels\/marbella-elix\/connecting-to-water\/\" \/>\n<meta property=\"og:locale\" content=\"fr_FR\" \/>\n<meta property=\"og:type\" content=\"article\" \/>\n<meta property=\"og:title\" content=\"Connecting with Water | Elix by Mar-Bella Collection\" \/>\n<meta property=\"og:description\" content=\"Elix by Mar-Bella Collection sits high on a cliff above the golden Karavostasi beach in Parga, for endless Ionian sea views and jaw-dropping infinity pools.\" \/>\n<meta property=\"og:url\" content=\"https:\/\/www.marbella.gr\/fr\/hotels\/marbella-elix\/connecting-to-water\/\" \/>\n<meta property=\"og:site_name\" content=\"Mar-Bella Collection\" \/>\n<meta property=\"article:modified_time\" content=\"2025-01-28T15:32:15+00:00\" \/>\n<meta property=\"og:image\" content=\"https:\/\/www.marbella.gr\/app\/uploads\/2024\/05\/Elix_Water-Sports-2-scaled.jpg\" \/>\n\t<meta property=\"og:image:width\" content=\"2560\" \/>\n\t<meta property=\"og:image:height\" content=\"1705\" \/>\n\t<meta property=\"og:image:type\" content=\"image\/jpeg\" \/>\n<meta name=\"twitter:card\" content=\"summary_large_image\" \/>\n<meta name=\"twitter:label1\" content=\"Dur\u00e9e de lecture estim\u00e9e\" \/>\n\t<meta name=\"twitter:data1\" content=\"1 minute\" \/>\n<!-- \/ Yoast SEO plugin. -->","yoast_head_json":{"title":"Se connecter \u00e0 l'eau | Elix by Mar-Bella Collection","description":"La collection Elix by Mar-Bella est situ\u00e9e sur une falaise au-dessus de la plage dor\u00e9e de Karavostasi, \u00e0 Parga, et offre une vue imprenable sur la mer Ionienne et des piscines \u00e0 d\u00e9bordement \u00e0 couper le souffle.","robots":{"index":"index","follow":"follow","max-snippet":"max-snippet:-1","max-image-preview":"max-image-preview:large","max-video-preview":"max-video-preview:-1"},"canonical":"https:\/\/www.marbella.gr\/fr\/hotels\/marbella-elix\/connecting-to-water\/","og_locale":"fr_FR","og_type":"article","og_title":"Connecting with Water | Elix by Mar-Bella Collection","og_description":"Elix by Mar-Bella Collection sits high on a cliff above the golden Karavostasi beach in Parga, for endless Ionian sea views and jaw-dropping infinity pools.","og_url":"https:\/\/www.marbella.gr\/fr\/hotels\/marbella-elix\/connecting-to-water\/","og_site_name":"Mar-Bella Collection","article_modified_time":"2025-01-28T15:32:15+00:00","og_image":[{"width":2560,"height":1705,"url":"https:\/\/www.marbella.gr\/app\/uploads\/2024\/05\/Elix_Water-Sports-2-scaled.jpg","type":"image\/jpeg"}],"twitter_card":"summary_large_image","twitter_misc":{"Dur\u00e9e de lecture estim\u00e9e":"1 minute"},"schema":{"@context":"https:\/\/schema.org","@graph":[{"@type":"WebPage","@id":"https:\/\/www.marbella.gr\/hotels\/marbella-elix\/connecting-to-water\/","url":"https:\/\/www.marbella.gr\/hotels\/marbella-elix\/connecting-to-water\/","name":"Se connecter \u00e0 l'eau | Elix by Mar-Bella Collection","isPartOf":{"@id":"https:\/\/www.marbella.gr\/#website"},"datePublished":"2023-06-26T08:40:16+00:00","dateModified":"2025-01-28T15:32:15+00:00","description":"La collection Elix by Mar-Bella est situ\u00e9e sur une falaise au-dessus de la plage dor\u00e9e de Karavostasi, \u00e0 Parga, et offre une vue imprenable sur la mer Ionienne et des piscines \u00e0 d\u00e9bordement \u00e0 couper le souffle.","breadcrumb":{"@id":"https:\/\/www.marbella.gr\/hotels\/marbella-elix\/connecting-to-water\/#breadcrumb"},"inLanguage":"fr-FR","potentialAction":[{"@type":"ReadAction","target":["https:\/\/www.marbella.gr\/hotels\/marbella-elix\/connecting-to-water\/"]}]},{"@type":"BreadcrumbList","@id":"https:\/\/www.marbella.gr\/hotels\/marbella-elix\/connecting-to-water\/#breadcrumb","itemListElement":[{"@type":"ListItem","position":1,"name":"Home","item":"https:\/\/www.marbella.gr\/"},{"@type":"ListItem","position":2,"name":"Hotels","item":"https:\/\/www.marbella.gr\/hotels\/"},{"@type":"ListItem","position":3,"name":"Elix","item":"https:\/\/www.marbella.gr\/hotels\/marbella-elix\/"},{"@type":"ListItem","position":4,"name":"Connecting to water Elix"}]},{"@type":"WebSite","@id":"https:\/\/www.marbella.gr\/#website","url":"https:\/\/www.marbella.gr\/","name":"MarBella","description":"Une famille d'h\u00f4tels vous reliant \u00e0 la magnifique mer Ionienne","publisher":{"@id":"https:\/\/www.marbella.gr\/#organization"},"alternateName":"MarBella","potentialAction":[{"@type":"SearchAction","target":{"@type":"EntryPoint","urlTemplate":"https:\/\/www.marbella.gr\/?s={search_term_string}"},"query-input":{"@type":"PropertyValueSpecification","valueRequired":true,"valueName":"search_term_string"}}],"inLanguage":"fr-FR"},{"@type":"Organization","@id":"https:\/\/www.marbella.gr\/#organization","name":"MarBella","url":"https:\/\/www.marbella.gr\/","logo":{"@type":"ImageObject","inLanguage":"fr-FR","@id":"https:\/\/www.marbella.gr\/#\/schema\/logo\/image\/","url":"https:\/\/www.marbella.gr\/app\/uploads\/2023\/06\/Marbella-collection.png","contentUrl":"https:\/\/www.marbella.gr\/app\/uploads\/2023\/06\/Marbella-collection.png","width":230,"height":75,"caption":"MarBella"},"image":{"@id":"https:\/\/www.marbella.gr\/#\/schema\/logo\/image\/"}}]}},"_links":{"self":[{"href":"https:\/\/www.marbella.gr\/fr\/wp-json\/wp\/v2\/pages\/5008","targetHints":{"allow":["GET"]}}],"collection":[{"href":"https:\/\/www.marbella.gr\/fr\/wp-json\/wp\/v2\/pages"}],"about":[{"href":"https:\/\/www.marbella.gr\/fr\/wp-json\/wp\/v2\/types\/page"}],"author":[{"embeddable":true,"href":"https:\/\/www.marbella.gr\/fr\/wp-json\/wp\/v2\/users\/18"}],"replies":[{"embeddable":true,"href":"https:\/\/www.marbella.gr\/fr\/wp-json\/wp\/v2\/comments?post=5008"}],"version-history":[{"count":9,"href":"https:\/\/www.marbella.gr\/fr\/wp-json\/wp\/v2\/pages\/5008\/revisions"}],"predecessor-version":[{"id":9281,"href":"https:\/\/www.marbella.gr\/fr\/wp-json\/wp\/v2\/pages\/5008\/revisions\/9281"}],"up":[{"embeddable":true,"href":"https:\/\/www.marbella.gr\/fr\/wp-json\/wp\/v2\/pages\/385"}],"wp:attachment":[{"href":"https:\/\/www.marbella.gr\/fr\/wp-json\/wp\/v2\/media?parent=5008"}],"curies":[{"name":"wp","href":"https:\/\/api.w.org\/{rel}","templated":true}]}}