{"id":5012,"date":"2023-06-26T08:45:37","date_gmt":"2023-06-26T08:45:37","guid":{"rendered":"https:\/\/www.marbella.gr\/hotels\/marbella-corfu\/signature-life-copy\/"},"modified":"2024-10-02T09:41:54","modified_gmt":"2024-10-02T09:41:54","slug":"connecting-to-water","status":"publish","type":"page","link":"https:\/\/www.marbella.gr\/fr\/hotels\/marbella-corfu\/connecting-to-water\/","title":{"rendered":"Raccordement \u00e0 l'eau MarBella"},"content":{"rendered":"<p>D\u00e8s votre arriv\u00e9e \u00e0 MarBella, vous sentirez l'\u00e9nergie de l'eau autour de vous. Le parc aquatique d\u00e9borde d'activit\u00e9s pour toute la famille. Les piscines priv\u00e9es \u00e0 d\u00e9bordement, baign\u00e9es de soleil, vous appellent. Et la promesse de la mer Ionienne \u00e9meraude s'\u00e9tend devant vous. L'eau ajoute une touche sp\u00e9ciale \u00e0 MarBella et offre une multitude de sports nautiques, du p\u00e9dalo aux sensations fortes du wakeboard.<\/p>","protected":false},"excerpt":{"rendered":"<p>The moment you step into MarBella, you\u2019ll feel the energy of the water all around you. The Aqua Park overflows with fun for all the family. Sun-soaked private infinity pools beckon. And the promise of the emerald Ionian sea, stretches before you. Water adds a special touch to MarBella, and offers a wealth of watersports [&#8230;]<\/p>\n<p><a class=\"btn btn-secondary understrap-read-more-link\" href=\"https:\/\/www.marbella.gr\/fr\/hotels\/marbella-corfu\/connecting-to-water\/\">Read More&#8230;<span class=\"screen-reader-text\"> from Connecting to water MarBella<\/span><\/a><\/p>\n","protected":false},"author":18,"featured_media":0,"parent":797,"menu_order":0,"comment_status":"closed","ping_status":"closed","template":"","meta":{"_acf_changed":false,"footnotes":""},"class_list":["post-5012","page","type-page","status-publish","hentry"],"acf":[],"yoast_head":"<!-- This site is optimized with the Yoast SEO plugin v27.5 - https:\/\/yoast.com\/product\/yoast-seo-wordpress\/ -->\n<title>Connecting with Water - The element of Life | MarBella<\/title>\n<meta name=\"description\" content=\"MarBella in Corfu, an aquatic playground with Watersports, Aqua Park, and stunning pools offering endless Ionian sea views.\" \/>\n<meta name=\"robots\" content=\"index, follow, max-snippet:-1, max-image-preview:large, max-video-preview:-1\" \/>\n<link rel=\"canonical\" href=\"https:\/\/www.marbella.gr\/fr\/hotels\/marbella-corfu\/connecting-to-water\/\" \/>\n<meta property=\"og:locale\" content=\"fr_FR\" \/>\n<meta property=\"og:type\" content=\"article\" \/>\n<meta property=\"og:title\" content=\"Connecting with Water - The element of Life | MarBella\" \/>\n<meta property=\"og:description\" content=\"MarBella in Corfu, an aquatic playground with Watersports, Aqua Park, and stunning pools offering endless Ionian sea views.\" \/>\n<meta property=\"og:url\" content=\"https:\/\/www.marbella.gr\/fr\/hotels\/marbella-corfu\/connecting-to-water\/\" \/>\n<meta property=\"og:site_name\" content=\"Mar-Bella Collection\" \/>\n<meta property=\"article:modified_time\" content=\"2024-10-02T09:41:54+00:00\" \/>\n<meta property=\"og:image\" content=\"https:\/\/www.marbella.gr\/app\/uploads\/2024\/05\/Elix_Water-Sports-2-scaled.jpg\" \/>\n\t<meta property=\"og:image:width\" content=\"2560\" \/>\n\t<meta property=\"og:image:height\" content=\"1705\" \/>\n\t<meta property=\"og:image:type\" content=\"image\/jpeg\" \/>\n<meta name=\"twitter:card\" content=\"summary_large_image\" \/>\n<meta name=\"twitter:label1\" content=\"Dur\u00e9e de lecture estim\u00e9e\" \/>\n\t<meta name=\"twitter:data1\" content=\"1 minute\" \/>\n<!-- \/ Yoast SEO plugin. -->","yoast_head_json":{"title":"Se connecter \u00e0 l'eau - L'\u00e9l\u00e9ment de la vie | MarBella","description":"MarBella \u00e0 Corfou, un terrain de jeu aquatique avec des sports nautiques, un parc aquatique et de superbes piscines offrant une vue imprenable sur la mer Ionienne.","robots":{"index":"index","follow":"follow","max-snippet":"max-snippet:-1","max-image-preview":"max-image-preview:large","max-video-preview":"max-video-preview:-1"},"canonical":"https:\/\/www.marbella.gr\/fr\/hotels\/marbella-corfu\/connecting-to-water\/","og_locale":"fr_FR","og_type":"article","og_title":"Connecting with Water - The element of Life | MarBella","og_description":"MarBella in Corfu, an aquatic playground with Watersports, Aqua Park, and stunning pools offering endless Ionian sea views.","og_url":"https:\/\/www.marbella.gr\/fr\/hotels\/marbella-corfu\/connecting-to-water\/","og_site_name":"Mar-Bella Collection","article_modified_time":"2024-10-02T09:41:54+00:00","og_image":[{"width":2560,"height":1705,"url":"https:\/\/www.marbella.gr\/app\/uploads\/2024\/05\/Elix_Water-Sports-2-scaled.jpg","type":"image\/jpeg"}],"twitter_card":"summary_large_image","twitter_misc":{"Dur\u00e9e de lecture estim\u00e9e":"1 minute"},"schema":{"@context":"https:\/\/schema.org","@graph":[{"@type":"WebPage","@id":"https:\/\/www.marbella.gr\/hotels\/marbella-corfu\/connecting-to-water\/","url":"https:\/\/www.marbella.gr\/hotels\/marbella-corfu\/connecting-to-water\/","name":"Se connecter \u00e0 l'eau - L'\u00e9l\u00e9ment de la vie | MarBella","isPartOf":{"@id":"https:\/\/www.marbella.gr\/#website"},"datePublished":"2023-06-26T08:45:37+00:00","dateModified":"2024-10-02T09:41:54+00:00","description":"MarBella \u00e0 Corfou, un terrain de jeu aquatique avec des sports nautiques, un parc aquatique et de superbes piscines offrant une vue imprenable sur la mer Ionienne.","breadcrumb":{"@id":"https:\/\/www.marbella.gr\/hotels\/marbella-corfu\/connecting-to-water\/#breadcrumb"},"inLanguage":"fr-FR","potentialAction":[{"@type":"ReadAction","target":["https:\/\/www.marbella.gr\/hotels\/marbella-corfu\/connecting-to-water\/"]}]},{"@type":"BreadcrumbList","@id":"https:\/\/www.marbella.gr\/hotels\/marbella-corfu\/connecting-to-water\/#breadcrumb","itemListElement":[{"@type":"ListItem","position":1,"name":"Home","item":"https:\/\/www.marbella.gr\/"},{"@type":"ListItem","position":2,"name":"Hotels","item":"https:\/\/www.marbella.gr\/hotels\/"},{"@type":"ListItem","position":3,"name":"MarBella","item":"https:\/\/www.marbella.gr\/hotels\/marbella-corfu\/"},{"@type":"ListItem","position":4,"name":"Connecting to water MarBella"}]},{"@type":"WebSite","@id":"https:\/\/www.marbella.gr\/#website","url":"https:\/\/www.marbella.gr\/","name":"MarBella","description":"Une famille d'h\u00f4tels vous reliant \u00e0 la magnifique mer Ionienne","publisher":{"@id":"https:\/\/www.marbella.gr\/#organization"},"alternateName":"MarBella","potentialAction":[{"@type":"SearchAction","target":{"@type":"EntryPoint","urlTemplate":"https:\/\/www.marbella.gr\/?s={search_term_string}"},"query-input":{"@type":"PropertyValueSpecification","valueRequired":true,"valueName":"search_term_string"}}],"inLanguage":"fr-FR"},{"@type":"Organization","@id":"https:\/\/www.marbella.gr\/#organization","name":"MarBella","url":"https:\/\/www.marbella.gr\/","logo":{"@type":"ImageObject","inLanguage":"fr-FR","@id":"https:\/\/www.marbella.gr\/#\/schema\/logo\/image\/","url":"https:\/\/www.marbella.gr\/app\/uploads\/2023\/06\/Marbella-collection.png","contentUrl":"https:\/\/www.marbella.gr\/app\/uploads\/2023\/06\/Marbella-collection.png","width":230,"height":75,"caption":"MarBella"},"image":{"@id":"https:\/\/www.marbella.gr\/#\/schema\/logo\/image\/"}}]}},"_links":{"self":[{"href":"https:\/\/www.marbella.gr\/fr\/wp-json\/wp\/v2\/pages\/5012","targetHints":{"allow":["GET"]}}],"collection":[{"href":"https:\/\/www.marbella.gr\/fr\/wp-json\/wp\/v2\/pages"}],"about":[{"href":"https:\/\/www.marbella.gr\/fr\/wp-json\/wp\/v2\/types\/page"}],"author":[{"embeddable":true,"href":"https:\/\/www.marbella.gr\/fr\/wp-json\/wp\/v2\/users\/18"}],"replies":[{"embeddable":true,"href":"https:\/\/www.marbella.gr\/fr\/wp-json\/wp\/v2\/comments?post=5012"}],"version-history":[{"count":7,"href":"https:\/\/www.marbella.gr\/fr\/wp-json\/wp\/v2\/pages\/5012\/revisions"}],"predecessor-version":[{"id":8188,"href":"https:\/\/www.marbella.gr\/fr\/wp-json\/wp\/v2\/pages\/5012\/revisions\/8188"}],"up":[{"embeddable":true,"href":"https:\/\/www.marbella.gr\/fr\/wp-json\/wp\/v2\/pages\/797"}],"wp:attachment":[{"href":"https:\/\/www.marbella.gr\/fr\/wp-json\/wp\/v2\/media?parent=5012"}],"curies":[{"name":"wp","href":"https:\/\/api.w.org\/{rel}","templated":true}]}}