{"id":5017,"date":"2023-06-26T08:50:21","date_gmt":"2023-06-26T08:50:21","guid":{"rendered":"https:\/\/www.marbella.gr\/hotels\/marbella-nido\/signature-life-copy\/"},"modified":"2025-01-27T09:41:02","modified_gmt":"2025-01-27T09:41:02","slug":"connecting-to-water","status":"publish","type":"page","link":"https:\/\/www.marbella.gr\/fr\/hotels\/marbella-nido\/connecting-to-water\/","title":{"rendered":"Connexion \u00e0 l'eau Nido"},"content":{"rendered":"<p>Des journ\u00e9es de farniente dans votre piscine priv\u00e9e aux aventures uniques dans la mer Ionienne, l'eau n'est jamais loin de la vie au Nido. La mer, magnifique, tapisse doucement les sables dor\u00e9s de notre plage priv\u00e9e, attendant de vous laisser renouvel\u00e9 et rafra\u00eechi. Une gamme de sports nautiques soigneusement s\u00e9lectionn\u00e9s est \u00e0 votre disposition, et l'environnement naturel offre de nombreuses possibilit\u00e9s d'exploration.<\/p>","protected":false},"excerpt":{"rendered":"<p>From lazy days in your private pool to one-of-a-kind Ionian adventures, water is never far from life at Nido. The beautiful sea gently laps the golden sands of our private beach, waiting to leave you renewed and refreshed. A carefully curated range of watersports are available for you to enjoy, and the natural environment offers [&#8230;]<\/p>\n<p><a class=\"btn btn-secondary understrap-read-more-link\" href=\"https:\/\/www.marbella.gr\/fr\/hotels\/marbella-nido\/connecting-to-water\/\">Read More&#8230;<span class=\"screen-reader-text\"> from Connecting to water Nido<\/span><\/a><\/p>\n","protected":false},"author":18,"featured_media":0,"parent":795,"menu_order":0,"comment_status":"closed","ping_status":"closed","template":"","meta":{"_acf_changed":false,"footnotes":""},"class_list":["post-5017","page","type-page","status-publish","hentry"],"acf":[],"yoast_head":"<!-- This site is optimized with the Yoast SEO plugin v27.5 - https:\/\/yoast.com\/product\/yoast-seo-wordpress\/ -->\n<title>Connecting to water Nido - Nido, Mar-Bella Collection<\/title>\n<meta name=\"description\" content=\"Immerse in Nido&#039;s serenity: private pool, Ionian adventures, and a private beach. Dive into watersports &amp; explore the natural surroundings\" \/>\n<meta name=\"robots\" content=\"index, follow, max-snippet:-1, max-image-preview:large, max-video-preview:-1\" \/>\n<link rel=\"canonical\" href=\"https:\/\/www.marbella.gr\/fr\/hotels\/marbella-nido\/connecting-to-water\/\" \/>\n<meta property=\"og:locale\" content=\"fr_FR\" \/>\n<meta property=\"og:type\" content=\"article\" \/>\n<meta property=\"og:title\" content=\"Connecting to water Nido - Nido, Mar-Bella Collection\" \/>\n<meta property=\"og:description\" content=\"Immerse in Nido&#039;s serenity: private pool, Ionian adventures, and a private beach. Dive into watersports &amp; explore the natural surroundings\" \/>\n<meta property=\"og:url\" content=\"https:\/\/www.marbella.gr\/fr\/hotels\/marbella-nido\/connecting-to-water\/\" \/>\n<meta property=\"og:site_name\" content=\"Mar-Bella Collection\" \/>\n<meta property=\"article:modified_time\" content=\"2025-01-27T09:41:02+00:00\" \/>\n<meta property=\"og:image\" content=\"https:\/\/www.marbella.gr\/app\/uploads\/2024\/05\/Elix_Water-Sports-2-scaled.jpg\" \/>\n\t<meta property=\"og:image:width\" content=\"2560\" \/>\n\t<meta property=\"og:image:height\" content=\"1705\" \/>\n\t<meta property=\"og:image:type\" content=\"image\/jpeg\" \/>\n<meta name=\"twitter:card\" content=\"summary_large_image\" \/>\n<meta name=\"twitter:label1\" content=\"Dur\u00e9e de lecture estim\u00e9e\" \/>\n\t<meta name=\"twitter:data1\" content=\"1 minute\" \/>\n<!-- \/ Yoast SEO plugin. -->","yoast_head_json":{"title":"Raccordement \u00e0 l'eau Nido - Nido, Mar-Bella Collection","description":"Plongez dans la s\u00e9r\u00e9nit\u00e9 de Nido : piscine priv\u00e9e, aventures ioniennes et plage priv\u00e9e. Plongez dans les sports nautiques et explorez la nature environnante.","robots":{"index":"index","follow":"follow","max-snippet":"max-snippet:-1","max-image-preview":"max-image-preview:large","max-video-preview":"max-video-preview:-1"},"canonical":"https:\/\/www.marbella.gr\/fr\/hotels\/marbella-nido\/connecting-to-water\/","og_locale":"fr_FR","og_type":"article","og_title":"Connecting to water Nido - Nido, Mar-Bella Collection","og_description":"Immerse in Nido's serenity: private pool, Ionian adventures, and a private beach. Dive into watersports & explore the natural surroundings","og_url":"https:\/\/www.marbella.gr\/fr\/hotels\/marbella-nido\/connecting-to-water\/","og_site_name":"Mar-Bella Collection","article_modified_time":"2025-01-27T09:41:02+00:00","og_image":[{"width":2560,"height":1705,"url":"https:\/\/www.marbella.gr\/app\/uploads\/2024\/05\/Elix_Water-Sports-2-scaled.jpg","type":"image\/jpeg"}],"twitter_card":"summary_large_image","twitter_misc":{"Dur\u00e9e de lecture estim\u00e9e":"1 minute"},"schema":{"@context":"https:\/\/schema.org","@graph":[{"@type":"WebPage","@id":"https:\/\/www.marbella.gr\/hotels\/marbella-nido\/connecting-to-water\/","url":"https:\/\/www.marbella.gr\/hotels\/marbella-nido\/connecting-to-water\/","name":"Raccordement \u00e0 l'eau Nido - Nido, Mar-Bella Collection","isPartOf":{"@id":"https:\/\/www.marbella.gr\/#website"},"datePublished":"2023-06-26T08:50:21+00:00","dateModified":"2025-01-27T09:41:02+00:00","description":"Plongez dans la s\u00e9r\u00e9nit\u00e9 de Nido : piscine priv\u00e9e, aventures ioniennes et plage priv\u00e9e. Plongez dans les sports nautiques et explorez la nature environnante.","breadcrumb":{"@id":"https:\/\/www.marbella.gr\/hotels\/marbella-nido\/connecting-to-water\/#breadcrumb"},"inLanguage":"fr-FR","potentialAction":[{"@type":"ReadAction","target":["https:\/\/www.marbella.gr\/hotels\/marbella-nido\/connecting-to-water\/"]}]},{"@type":"BreadcrumbList","@id":"https:\/\/www.marbella.gr\/hotels\/marbella-nido\/connecting-to-water\/#breadcrumb","itemListElement":[{"@type":"ListItem","position":1,"name":"Home","item":"https:\/\/www.marbella.gr\/"},{"@type":"ListItem","position":2,"name":"Hotels","item":"https:\/\/www.marbella.gr\/hotels\/"},{"@type":"ListItem","position":3,"name":"Nido","item":"https:\/\/www.marbella.gr\/hotels\/marbella-nido\/"},{"@type":"ListItem","position":4,"name":"Connecting to water Nido"}]},{"@type":"WebSite","@id":"https:\/\/www.marbella.gr\/#website","url":"https:\/\/www.marbella.gr\/","name":"MarBella","description":"Une famille d'h\u00f4tels vous reliant \u00e0 la magnifique mer Ionienne","publisher":{"@id":"https:\/\/www.marbella.gr\/#organization"},"alternateName":"MarBella","potentialAction":[{"@type":"SearchAction","target":{"@type":"EntryPoint","urlTemplate":"https:\/\/www.marbella.gr\/?s={search_term_string}"},"query-input":{"@type":"PropertyValueSpecification","valueRequired":true,"valueName":"search_term_string"}}],"inLanguage":"fr-FR"},{"@type":"Organization","@id":"https:\/\/www.marbella.gr\/#organization","name":"MarBella","url":"https:\/\/www.marbella.gr\/","logo":{"@type":"ImageObject","inLanguage":"fr-FR","@id":"https:\/\/www.marbella.gr\/#\/schema\/logo\/image\/","url":"https:\/\/www.marbella.gr\/app\/uploads\/2023\/06\/Marbella-collection.png","contentUrl":"https:\/\/www.marbella.gr\/app\/uploads\/2023\/06\/Marbella-collection.png","width":230,"height":75,"caption":"MarBella"},"image":{"@id":"https:\/\/www.marbella.gr\/#\/schema\/logo\/image\/"}}]}},"_links":{"self":[{"href":"https:\/\/www.marbella.gr\/fr\/wp-json\/wp\/v2\/pages\/5017","targetHints":{"allow":["GET"]}}],"collection":[{"href":"https:\/\/www.marbella.gr\/fr\/wp-json\/wp\/v2\/pages"}],"about":[{"href":"https:\/\/www.marbella.gr\/fr\/wp-json\/wp\/v2\/types\/page"}],"author":[{"embeddable":true,"href":"https:\/\/www.marbella.gr\/fr\/wp-json\/wp\/v2\/users\/18"}],"replies":[{"embeddable":true,"href":"https:\/\/www.marbella.gr\/fr\/wp-json\/wp\/v2\/comments?post=5017"}],"version-history":[{"count":9,"href":"https:\/\/www.marbella.gr\/fr\/wp-json\/wp\/v2\/pages\/5017\/revisions"}],"predecessor-version":[{"id":9268,"href":"https:\/\/www.marbella.gr\/fr\/wp-json\/wp\/v2\/pages\/5017\/revisions\/9268"}],"up":[{"embeddable":true,"href":"https:\/\/www.marbella.gr\/fr\/wp-json\/wp\/v2\/pages\/795"}],"wp:attachment":[{"href":"https:\/\/www.marbella.gr\/fr\/wp-json\/wp\/v2\/media?parent=5017"}],"curies":[{"name":"wp","href":"https:\/\/api.w.org\/{rel}","templated":true}]}}