{"id":7119,"date":"2024-04-11T10:38:13","date_gmt":"2024-04-11T10:38:13","guid":{"rendered":"https:\/\/www.marbella.gr\/partnerships\/refresh-your-body-and-mind-copy\/"},"modified":"2025-08-14T09:11:27","modified_gmt":"2025-08-14T09:11:27","slug":"inspire-the-body-and-mind","status":"publish","type":"page","link":"https:\/\/www.marbella.gr\/fr\/partnerships\/inspire-the-body-and-mind\/","title":{"rendered":"Inspirer le corps et l'esprit"},"content":{"rendered":"<p style=\"text-align: left;\">Que vous soyez chez vous ou \u00e0 l'\u00e9tranger, il est bon d'\u00eatre en forme. Que vous soyez un habitu\u00e9 de l'entra\u00eenement ou que vous souhaitiez simplement profiter de vos vacances pour vous y mettre, nos s\u00e9ances gratuites de remise en forme et de bien-\u00eatre sont faites pour vous. Cette saison, Oyogo revient avec un programme adapt\u00e9 \u00e0 Elix \u00e0 partir de mai et fait ses d\u00e9buts \u00e0 Nido \u00e0 partir de juin, les deux programmes se poursuivant jusqu'\u00e0 la fin du mois de septembre.<\/p>\n<p style=\"text-align: left;\">Les clients du Nido peuvent s'adonner \u00e0 des s\u00e9ances revigorantes de yoga et de Pilates sur la nouvelle terrasse de yoga surplombant la mer Ionienne. \u00c0 Elix, vous pouvez vous attendre \u00e0 un m\u00e9lange d'exercices au poids du corps, de yoga, de HIIT et de cours d'\u00e9tirement. Les s\u00e9ances seront anim\u00e9es par un m\u00e9lange d'instructeurs de l'ann\u00e9e derni\u00e8re et de nouveaux visages. Ne manquez pas de r\u00e9server vos s\u00e9ances gratuites \u00e0 la r\u00e9ception de votre h\u00f4tel ou via l'application mobile de la Mar-Bella Collection.<\/p>","protected":false},"excerpt":{"rendered":"<p>At home or away, it feels great to be fit. So whether you\u2019re a workout regular or you just want to take the opportunity to give it a go while on holiday, our complimentary fitness and wellbeing sessions are just the job. This season Oyogo is returning with a curated programme at Elix starting in [&#8230;]<\/p>\n<p><a class=\"btn btn-secondary understrap-read-more-link\" href=\"https:\/\/www.marbella.gr\/fr\/partnerships\/inspire-the-body-and-mind\/\">Read More&#8230;<span class=\"screen-reader-text\"> from Inspire the body and mind<\/span><\/a><\/p>\n","protected":false},"author":27,"featured_media":8436,"parent":1034,"menu_order":0,"comment_status":"closed","ping_status":"closed","template":"","meta":{"_acf_changed":false,"footnotes":""},"class_list":["post-7119","page","type-page","status-publish","has-post-thumbnail","hentry"],"acf":[],"yoast_head":"<!-- This site is optimized with the Yoast SEO plugin v27.2 - https:\/\/yoast.com\/product\/yoast-seo-wordpress\/ -->\n<title>Elevate Body and Mind - Partnerships | Mar-Bella Collection<\/title>\n<meta name=\"description\" content=\"Be active on holiday with Oyogo fitness sessions at Elix and Nido. Enjoy yoga, Pilates, HIIT, and more\u2014set against stunning Ionian Sea views.\" \/>\n<meta name=\"robots\" content=\"index, follow, max-snippet:-1, max-image-preview:large, max-video-preview:-1\" \/>\n<link rel=\"canonical\" href=\"https:\/\/www.marbella.gr\/fr\/partnerships\/inspire-the-body-and-mind\/\" \/>\n<meta property=\"og:locale\" content=\"fr_FR\" \/>\n<meta property=\"og:type\" content=\"article\" \/>\n<meta property=\"og:title\" content=\"Elevate Body and Mind - Partnerships | Mar-Bella Collection\" \/>\n<meta property=\"og:description\" content=\"Be active on holiday with Oyogo fitness sessions at Elix and Nido. Enjoy yoga, Pilates, HIIT, and more\u2014set against stunning Ionian Sea views.\" \/>\n<meta property=\"og:url\" content=\"https:\/\/www.marbella.gr\/fr\/partnerships\/inspire-the-body-and-mind\/\" \/>\n<meta property=\"og:site_name\" content=\"Mar-Bella Collection\" \/>\n<meta property=\"article:modified_time\" content=\"2025-08-14T09:11:27+00:00\" \/>\n<meta property=\"og:image\" content=\"https:\/\/www.marbella.gr\/app\/uploads\/2024\/11\/2024_05_MARBELLA_009-Yoga_0063-scaled.jpg\" \/>\n\t<meta property=\"og:image:width\" content=\"2560\" \/>\n\t<meta property=\"og:image:height\" content=\"1920\" \/>\n\t<meta property=\"og:image:type\" content=\"image\/jpeg\" \/>\n<meta name=\"twitter:card\" content=\"summary_large_image\" \/>\n<meta name=\"twitter:label1\" content=\"Dur\u00e9e de lecture estim\u00e9e\" \/>\n\t<meta name=\"twitter:data1\" content=\"1 minute\" \/>\n<!-- \/ Yoast SEO plugin. -->","yoast_head_json":{"title":"Elevate Body and Mind - Partenariats | Mar-Bella Collection","description":"Soyez actif pendant vos vacances gr\u00e2ce aux s\u00e9ances de fitness Oyogo \u00e0 Elix et Nido. Profitez des cours de yoga, de Pilates, de HIIT, et bien plus encore, tout en profitant d'une vue imprenable sur la mer Ionienne.","robots":{"index":"index","follow":"follow","max-snippet":"max-snippet:-1","max-image-preview":"max-image-preview:large","max-video-preview":"max-video-preview:-1"},"canonical":"https:\/\/www.marbella.gr\/fr\/partnerships\/inspire-the-body-and-mind\/","og_locale":"fr_FR","og_type":"article","og_title":"Elevate Body and Mind - Partnerships | Mar-Bella Collection","og_description":"Be active on holiday with Oyogo fitness sessions at Elix and Nido. Enjoy yoga, Pilates, HIIT, and more\u2014set against stunning Ionian Sea views.","og_url":"https:\/\/www.marbella.gr\/fr\/partnerships\/inspire-the-body-and-mind\/","og_site_name":"Mar-Bella Collection","article_modified_time":"2025-08-14T09:11:27+00:00","og_image":[{"width":2560,"height":1920,"url":"https:\/\/www.marbella.gr\/app\/uploads\/2024\/11\/2024_05_MARBELLA_009-Yoga_0063-scaled.jpg","type":"image\/jpeg"}],"twitter_card":"summary_large_image","twitter_misc":{"Dur\u00e9e de lecture estim\u00e9e":"1 minute"},"schema":{"@context":"https:\/\/schema.org","@graph":[{"@type":"WebPage","@id":"https:\/\/www.marbella.gr\/partnerships\/inspire-the-body-and-mind\/","url":"https:\/\/www.marbella.gr\/partnerships\/inspire-the-body-and-mind\/","name":"Elevate Body and Mind - Partenariats | Mar-Bella Collection","isPartOf":{"@id":"https:\/\/www.marbella.gr\/#website"},"primaryImageOfPage":{"@id":"https:\/\/www.marbella.gr\/partnerships\/inspire-the-body-and-mind\/#primaryimage"},"image":{"@id":"https:\/\/www.marbella.gr\/partnerships\/inspire-the-body-and-mind\/#primaryimage"},"thumbnailUrl":"https:\/\/www.marbella.gr\/app\/uploads\/2024\/11\/2024_05_MARBELLA_009-Yoga_0063-scaled.jpg","datePublished":"2024-04-11T10:38:13+00:00","dateModified":"2025-08-14T09:11:27+00:00","description":"Soyez actif pendant vos vacances gr\u00e2ce aux s\u00e9ances de fitness Oyogo \u00e0 Elix et Nido. Profitez des cours de yoga, de Pilates, de HIIT, et bien plus encore, tout en profitant d'une vue imprenable sur la mer Ionienne.","breadcrumb":{"@id":"https:\/\/www.marbella.gr\/partnerships\/inspire-the-body-and-mind\/#breadcrumb"},"inLanguage":"fr-FR","potentialAction":[{"@type":"ReadAction","target":["https:\/\/www.marbella.gr\/partnerships\/inspire-the-body-and-mind\/"]}]},{"@type":"ImageObject","inLanguage":"fr-FR","@id":"https:\/\/www.marbella.gr\/partnerships\/inspire-the-body-and-mind\/#primaryimage","url":"https:\/\/www.marbella.gr\/app\/uploads\/2024\/11\/2024_05_MARBELLA_009-Yoga_0063-scaled.jpg","contentUrl":"https:\/\/www.marbella.gr\/app\/uploads\/2024\/11\/2024_05_MARBELLA_009-Yoga_0063-scaled.jpg","width":2560,"height":1920,"caption":"Discover Mar-Bella Collection - 5 star hotels in Corfu, Parga Greece"},{"@type":"BreadcrumbList","@id":"https:\/\/www.marbella.gr\/partnerships\/inspire-the-body-and-mind\/#breadcrumb","itemListElement":[{"@type":"ListItem","position":1,"name":"Home","item":"https:\/\/www.marbella.gr\/"},{"@type":"ListItem","position":2,"name":"Partnerships","item":"https:\/\/www.marbella.gr\/partnerships\/"},{"@type":"ListItem","position":3,"name":"Inspire the body and mind"}]},{"@type":"WebSite","@id":"https:\/\/www.marbella.gr\/#website","url":"https:\/\/www.marbella.gr\/","name":"MarBella","description":"Une famille d'h\u00f4tels vous reliant \u00e0 la magnifique mer Ionienne","publisher":{"@id":"https:\/\/www.marbella.gr\/#organization"},"alternateName":"MarBella","potentialAction":[{"@type":"SearchAction","target":{"@type":"EntryPoint","urlTemplate":"https:\/\/www.marbella.gr\/?s={search_term_string}"},"query-input":{"@type":"PropertyValueSpecification","valueRequired":true,"valueName":"search_term_string"}}],"inLanguage":"fr-FR"},{"@type":"Organization","@id":"https:\/\/www.marbella.gr\/#organization","name":"MarBella","url":"https:\/\/www.marbella.gr\/","logo":{"@type":"ImageObject","inLanguage":"fr-FR","@id":"https:\/\/www.marbella.gr\/#\/schema\/logo\/image\/","url":"https:\/\/www.marbella.gr\/app\/uploads\/2023\/06\/Marbella-collection.png","contentUrl":"https:\/\/www.marbella.gr\/app\/uploads\/2023\/06\/Marbella-collection.png","width":230,"height":75,"caption":"MarBella"},"image":{"@id":"https:\/\/www.marbella.gr\/#\/schema\/logo\/image\/"}}]}},"_links":{"self":[{"href":"https:\/\/www.marbella.gr\/fr\/wp-json\/wp\/v2\/pages\/7119","targetHints":{"allow":["GET"]}}],"collection":[{"href":"https:\/\/www.marbella.gr\/fr\/wp-json\/wp\/v2\/pages"}],"about":[{"href":"https:\/\/www.marbella.gr\/fr\/wp-json\/wp\/v2\/types\/page"}],"author":[{"embeddable":true,"href":"https:\/\/www.marbella.gr\/fr\/wp-json\/wp\/v2\/users\/27"}],"replies":[{"embeddable":true,"href":"https:\/\/www.marbella.gr\/fr\/wp-json\/wp\/v2\/comments?post=7119"}],"version-history":[{"count":23,"href":"https:\/\/www.marbella.gr\/fr\/wp-json\/wp\/v2\/pages\/7119\/revisions"}],"predecessor-version":[{"id":13466,"href":"https:\/\/www.marbella.gr\/fr\/wp-json\/wp\/v2\/pages\/7119\/revisions\/13466"}],"up":[{"embeddable":true,"href":"https:\/\/www.marbella.gr\/fr\/wp-json\/wp\/v2\/pages\/1034"}],"wp:featuredmedia":[{"embeddable":true,"href":"https:\/\/www.marbella.gr\/fr\/wp-json\/wp\/v2\/media\/8436"}],"wp:attachment":[{"href":"https:\/\/www.marbella.gr\/fr\/wp-json\/wp\/v2\/media?parent=7119"}],"curies":[{"name":"wp","href":"https:\/\/api.w.org\/{rel}","templated":true}]}}