{"id":7238,"date":"2024-04-12T13:53:21","date_gmt":"2024-04-12T13:53:21","guid":{"rendered":"https:\/\/www.marbella.gr\/hotels\/marbella-nido\/experiences\/wellness-copy\/"},"modified":"2025-01-27T09:38:12","modified_gmt":"2025-01-27T09:38:12","slug":"fitness-weeks","status":"publish","type":"page","link":"https:\/\/www.marbella.gr\/fr\/hotels\/marbella-nido\/experiences\/fitness-weeks\/","title":{"rendered":"Semaines de remise en forme"},"content":{"rendered":"<p style=\"text-align: left;\">Rencontrez les instructeurs :<\/p>\n<p style=\"text-align: left;\"><strong>Courtlyn Fazakas,<\/strong><strong> 10 - 22 juin<\/strong><\/p>\n<p style=\"text-align: left;\">Ayant grandi dans une petite ville canadienne, Courtlyn a d\u00e9velopp\u00e9 une passion pour le mouvement en participant \u00e0 des comp\u00e9titions de danse et d'athl\u00e9tisme. Elle croit fermement \u00e0 l'importance d'investir dans la sant\u00e9 mentale et de s'approprier son corps physique comme pierres angulaires pour se sentir bien mentalement. Elle est convaincue que la forme physique ne se limite pas \u00e0 l'apparence, mais qu'elle permet de se sentir autonome, fier et fort.<\/p>\n<p style=\"text-align: left;\"><strong>Stephanie Warwick,<\/strong><strong>\u00a011 - 20 juillet<\/strong><\/p>\n<p style=\"text-align: left;\">Issue du milieu de la danse, Stephanie partage son amour du mouvement \u00e0 travers des s\u00e9ances vari\u00e9es et ax\u00e9es sur la forme qui mettent \u00e0 l'\u00e9preuve tous les aspects de la condition physique. Avec plus de dix ans d'exp\u00e9rience dans le secteur, elle encourage ses clients \u00e0 appr\u00e9cier les capacit\u00e9s de leur corps. Influenc\u00e9s par sa vaste exp\u00e9rience en Pilates, en yoga et en danse, ses cours offrent un m\u00e9lange unique de techniques. Entra\u00eeneuse principale de TRX Training depuis trois ans, elle s'est sp\u00e9cialis\u00e9e dans le fitness num\u00e9rique, se connectant avec des clients du monde entier par le biais de l'entra\u00eenement en ligne. Quel que soit le niveau de forme physique, Stephanie assure l'accessibilit\u00e9 des cours, laissant les clients avec un sentiment d'accomplissement et d'autonomie.<\/p>\n<p style=\"text-align: left;\"><strong>Gigi Delsante,<\/strong><strong>\u00a022 - 27 juillet<\/strong><\/p>\n<p style=\"text-align: left;\">Le programme de Gigi propose une vari\u00e9t\u00e9 de cours, dont le Vinyasa Yoga, le Power Yoga et le Yin Yoga r\u00e9parateur, qui s'adressent \u00e0 tous les niveaux. Les clients peuvent s'attendre \u00e0 une s\u00e9ance dynamique de Vinyasa Flow, o\u00f9 Gigi les guide \u00e0 travers un flux rapide, guid\u00e9 par la respiration, pour explorer et se reconnecter. Le Slow Flow Yoga offre une \u00e9vasion apaisante, la s\u00e9ance de Yin Yoga Restore, Reset, Reconnect est une pratique rajeunissante avec des poses plus longues, et pour ceux qui recherchent une pratique forte et stimulante, le Power Yoga vise \u00e0 d\u00e9velopper la chaleur et la force dans le corps tout en cultivant le calme dans l'esprit.<\/p>\n<p style=\"text-align: left;\"><strong>Kayleigh Jayne,<\/strong><strong> 5 - 10 ao\u00fbt<\/strong><\/p>\n<p style=\"text-align: left;\">Kayleigh a commenc\u00e9 sa carri\u00e8re en tant que danseuse professionnelle, se produisant \u00e0 bord des bateaux de croisi\u00e8re australiens de P&amp;O dans le monde entier. Kayleigh s'est ensuite qualifi\u00e9e en tant qu'instructrice de Pilates et a cr\u00e9\u00e9 sa propre entreprise. Kayleigh a donn\u00e9 des cours pour des marques internationales telles que Gymshark, BoohooMan et Gymbella Wellness. Gr\u00e2ce \u00e0 une variation des cours de Pilates, Kayleigh am\u00e8nera ses clients \u00e0 se concentrer sur la tonification et le renforcement de l'ensemble du corps. Certaines s\u00e9ances seront tr\u00e8s \u00e9nergiques et transpirantes, et toutes seront adapt\u00e9es \u00e0 un \u00e9ventail de capacit\u00e9s afin de proposer des s\u00e9ances agr\u00e9ables, stimulantes et b\u00e9n\u00e9fiques.<\/p>\n<p style=\"text-align: left;\"><strong>Alexandra Poppy,<\/strong><strong> 17 - 28 septembre<\/strong><\/p>\n<p style=\"text-align: left;\">Alexandra est une enseignante britannique de yoga et de travail sur la respiration, sp\u00e9cialis\u00e9e dans le Vinyasa, le Gentle Flow et le Yin. Convaincue que le yoga n'est pas une pratique \u00e0 taille unique, Alexandra adopte une approche incarn\u00e9e et inclusive lors de ses s\u00e9ances. Chaque cours vous guidera \u00e0 \u00e9couter votre corps, \u00e0 calmer votre esprit et \u00e0 vous connecter \u00e0 votre respiration. Vous vous sentirez fort, ancr\u00e9 et d\u00e9tendu.<\/p>\n<p style=\"text-align: left;\">Pour en savoir plus sur le programme d\u00e9taill\u00e9 des Semaines du fitness 2024, cliquez sur le lien suivant\u00a0<strong><a href=\"https:\/\/www.marbella.gr\/fr\/partnerships\/inspire-the-body-and-mind\/\"><span style=\"text-decoration: underline;\">ici<\/span><\/a><\/strong>.<\/p>","protected":false},"excerpt":{"rendered":"<p>Meet the instructors: Courtlyn Fazakas, 10 &#8211; 22 June Growing up as a small-town Canadian girl, Courtlyn developed a passion for movement through competitive dance and track. She firmly believes in the importance of investing in mental health and taking ownership of one&#8217;s physical body as cornerstones to feeling good mentally. She holds the belief [&#8230;]<\/p>\n<p><a class=\"btn btn-secondary understrap-read-more-link\" href=\"https:\/\/www.marbella.gr\/fr\/hotels\/marbella-nido\/experiences\/fitness-weeks\/\">Read More&#8230;<span class=\"screen-reader-text\"> from Fitness Weeks<\/span><\/a><\/p>\n","protected":false},"author":27,"featured_media":8436,"parent":2119,"menu_order":0,"comment_status":"closed","ping_status":"closed","template":"","meta":{"_acf_changed":false,"footnotes":""},"class_list":["post-7238","page","type-page","status-publish","has-post-thumbnail","hentry"],"acf":[],"yoast_head":"<!-- This site is optimized with the Yoast SEO plugin v27.5 - https:\/\/yoast.com\/product\/yoast-seo-wordpress\/ -->\n<title>Fitness Weeks - Recharge and rejuvenate | Nido, Mar-Bella Collection<\/title>\n<meta name=\"description\" content=\"Experience world-class fitness and wellness programs at Nido. Enjoy complimentary retreats by Oyogo&#039;s experts.\" \/>\n<meta name=\"robots\" content=\"index, follow, max-snippet:-1, max-image-preview:large, max-video-preview:-1\" \/>\n<link rel=\"canonical\" href=\"https:\/\/www.marbella.gr\/fr\/hotels\/marbella-nido\/experiences\/fitness-weeks\/\" \/>\n<meta property=\"og:locale\" content=\"fr_FR\" \/>\n<meta property=\"og:type\" content=\"article\" \/>\n<meta property=\"og:title\" content=\"Fitness Weeks - Recharge and rejuvenate | Nido, Mar-Bella Collection\" \/>\n<meta property=\"og:description\" content=\"Experience world-class fitness and wellness programs at Nido. Enjoy complimentary retreats by Oyogo&#039;s experts.\" \/>\n<meta property=\"og:url\" content=\"https:\/\/www.marbella.gr\/fr\/hotels\/marbella-nido\/experiences\/fitness-weeks\/\" \/>\n<meta property=\"og:site_name\" content=\"Mar-Bella Collection\" \/>\n<meta property=\"article:modified_time\" content=\"2025-01-27T09:38:12+00:00\" \/>\n<meta property=\"og:image\" content=\"https:\/\/www.marbella.gr\/app\/uploads\/2024\/11\/2024_05_MARBELLA_009-Yoga_0063-scaled.jpg\" \/>\n\t<meta property=\"og:image:width\" content=\"2560\" \/>\n\t<meta property=\"og:image:height\" content=\"1920\" \/>\n\t<meta property=\"og:image:type\" content=\"image\/jpeg\" \/>\n<meta name=\"twitter:card\" content=\"summary_large_image\" \/>\n<meta name=\"twitter:label1\" content=\"Dur\u00e9e de lecture estim\u00e9e\" \/>\n\t<meta name=\"twitter:data1\" content=\"3 minutes\" \/>\n<!-- \/ Yoast SEO plugin. -->","yoast_head_json":{"title":"Semaines de remise en forme - Recharge et rajeunissement | Nido, Mar-Bella Collection","description":"Faites l'exp\u00e9rience des programmes de remise en forme et de bien-\u00eatre de classe mondiale au Nido. Profitez des retraites gratuites propos\u00e9es par les experts d'Oyogo.","robots":{"index":"index","follow":"follow","max-snippet":"max-snippet:-1","max-image-preview":"max-image-preview:large","max-video-preview":"max-video-preview:-1"},"canonical":"https:\/\/www.marbella.gr\/fr\/hotels\/marbella-nido\/experiences\/fitness-weeks\/","og_locale":"fr_FR","og_type":"article","og_title":"Fitness Weeks - Recharge and rejuvenate | Nido, Mar-Bella Collection","og_description":"Experience world-class fitness and wellness programs at Nido. Enjoy complimentary retreats by Oyogo's experts.","og_url":"https:\/\/www.marbella.gr\/fr\/hotels\/marbella-nido\/experiences\/fitness-weeks\/","og_site_name":"Mar-Bella Collection","article_modified_time":"2025-01-27T09:38:12+00:00","og_image":[{"width":2560,"height":1920,"url":"https:\/\/www.marbella.gr\/app\/uploads\/2024\/11\/2024_05_MARBELLA_009-Yoga_0063-scaled.jpg","type":"image\/jpeg"}],"twitter_card":"summary_large_image","twitter_misc":{"Dur\u00e9e de lecture estim\u00e9e":"3 minutes"},"schema":{"@context":"https:\/\/schema.org","@graph":[{"@type":"WebPage","@id":"https:\/\/www.marbella.gr\/hotels\/marbella-nido\/experiences\/fitness-weeks\/","url":"https:\/\/www.marbella.gr\/hotels\/marbella-nido\/experiences\/fitness-weeks\/","name":"Semaines de remise en forme - Recharge et rajeunissement | Nido, Mar-Bella Collection","isPartOf":{"@id":"https:\/\/www.marbella.gr\/#website"},"primaryImageOfPage":{"@id":"https:\/\/www.marbella.gr\/hotels\/marbella-nido\/experiences\/fitness-weeks\/#primaryimage"},"image":{"@id":"https:\/\/www.marbella.gr\/hotels\/marbella-nido\/experiences\/fitness-weeks\/#primaryimage"},"thumbnailUrl":"https:\/\/www.marbella.gr\/app\/uploads\/2024\/11\/2024_05_MARBELLA_009-Yoga_0063-scaled.jpg","datePublished":"2024-04-12T13:53:21+00:00","dateModified":"2025-01-27T09:38:12+00:00","description":"Faites l'exp\u00e9rience des programmes de remise en forme et de bien-\u00eatre de classe mondiale au Nido. Profitez des retraites gratuites propos\u00e9es par les experts d'Oyogo.","breadcrumb":{"@id":"https:\/\/www.marbella.gr\/hotels\/marbella-nido\/experiences\/fitness-weeks\/#breadcrumb"},"inLanguage":"fr-FR","potentialAction":[{"@type":"ReadAction","target":["https:\/\/www.marbella.gr\/hotels\/marbella-nido\/experiences\/fitness-weeks\/"]}]},{"@type":"ImageObject","inLanguage":"fr-FR","@id":"https:\/\/www.marbella.gr\/hotels\/marbella-nido\/experiences\/fitness-weeks\/#primaryimage","url":"https:\/\/www.marbella.gr\/app\/uploads\/2024\/11\/2024_05_MARBELLA_009-Yoga_0063-scaled.jpg","contentUrl":"https:\/\/www.marbella.gr\/app\/uploads\/2024\/11\/2024_05_MARBELLA_009-Yoga_0063-scaled.jpg","width":2560,"height":1920,"caption":"Discover Mar-Bella Collection - 5 star hotels in Corfu, Parga Greece"},{"@type":"BreadcrumbList","@id":"https:\/\/www.marbella.gr\/hotels\/marbella-nido\/experiences\/fitness-weeks\/#breadcrumb","itemListElement":[{"@type":"ListItem","position":1,"name":"Home","item":"https:\/\/www.marbella.gr\/"},{"@type":"ListItem","position":2,"name":"Hotels","item":"https:\/\/www.marbella.gr\/hotels\/"},{"@type":"ListItem","position":3,"name":"Nido","item":"https:\/\/www.marbella.gr\/hotels\/marbella-nido\/"},{"@type":"ListItem","position":4,"name":"Experiences","item":"https:\/\/www.marbella.gr\/hotels\/marbella-nido\/experiences\/"},{"@type":"ListItem","position":5,"name":"Fitness Weeks"}]},{"@type":"WebSite","@id":"https:\/\/www.marbella.gr\/#website","url":"https:\/\/www.marbella.gr\/","name":"MarBella","description":"Une famille d'h\u00f4tels vous reliant \u00e0 la magnifique mer Ionienne","publisher":{"@id":"https:\/\/www.marbella.gr\/#organization"},"alternateName":"MarBella","potentialAction":[{"@type":"SearchAction","target":{"@type":"EntryPoint","urlTemplate":"https:\/\/www.marbella.gr\/?s={search_term_string}"},"query-input":{"@type":"PropertyValueSpecification","valueRequired":true,"valueName":"search_term_string"}}],"inLanguage":"fr-FR"},{"@type":"Organization","@id":"https:\/\/www.marbella.gr\/#organization","name":"MarBella","url":"https:\/\/www.marbella.gr\/","logo":{"@type":"ImageObject","inLanguage":"fr-FR","@id":"https:\/\/www.marbella.gr\/#\/schema\/logo\/image\/","url":"https:\/\/www.marbella.gr\/app\/uploads\/2023\/06\/Marbella-collection.png","contentUrl":"https:\/\/www.marbella.gr\/app\/uploads\/2023\/06\/Marbella-collection.png","width":230,"height":75,"caption":"MarBella"},"image":{"@id":"https:\/\/www.marbella.gr\/#\/schema\/logo\/image\/"}}]}},"_links":{"self":[{"href":"https:\/\/www.marbella.gr\/fr\/wp-json\/wp\/v2\/pages\/7238","targetHints":{"allow":["GET"]}}],"collection":[{"href":"https:\/\/www.marbella.gr\/fr\/wp-json\/wp\/v2\/pages"}],"about":[{"href":"https:\/\/www.marbella.gr\/fr\/wp-json\/wp\/v2\/types\/page"}],"author":[{"embeddable":true,"href":"https:\/\/www.marbella.gr\/fr\/wp-json\/wp\/v2\/users\/27"}],"replies":[{"embeddable":true,"href":"https:\/\/www.marbella.gr\/fr\/wp-json\/wp\/v2\/comments?post=7238"}],"version-history":[{"count":13,"href":"https:\/\/www.marbella.gr\/fr\/wp-json\/wp\/v2\/pages\/7238\/revisions"}],"predecessor-version":[{"id":9265,"href":"https:\/\/www.marbella.gr\/fr\/wp-json\/wp\/v2\/pages\/7238\/revisions\/9265"}],"up":[{"embeddable":true,"href":"https:\/\/www.marbella.gr\/fr\/wp-json\/wp\/v2\/pages\/2119"}],"wp:featuredmedia":[{"embeddable":true,"href":"https:\/\/www.marbella.gr\/fr\/wp-json\/wp\/v2\/media\/8436"}],"wp:attachment":[{"href":"https:\/\/www.marbella.gr\/fr\/wp-json\/wp\/v2\/media?parent=7238"}],"curies":[{"name":"wp","href":"https:\/\/api.w.org\/{rel}","templated":true}]}}