{"id":7361,"date":"2024-05-08T10:15:16","date_gmt":"2024-05-08T10:15:16","guid":{"rendered":"https:\/\/www.marbella.gr\/hotels\/marbella-corfu\/experiences\/pools-beach-copy\/"},"modified":"2026-02-03T14:43:49","modified_gmt":"2026-02-03T12:43:49","slug":"enjoy-adults-only-nido","status":"publish","type":"page","link":"https:\/\/www.marbella.gr\/fr\/hotels\/marbella-corfu\/experiences\/enjoy-adults-only-nido\/","title":{"rendered":"Profitez de Nido r\u00e9serv\u00e9 aux adultes"},"content":{"rendered":"<p>Cette saison, s\u00e9journez \u00e0 MarBella tout en d\u00e9couvrant certains des points forts de Nido. Cet h\u00f4tel de charme r\u00e9serv\u00e9 aux adultes se trouve dans un cadre serein, \u00e0 quelques pas de MarBella. Il s'agit d'une escapade exigeante qui propose une cuisine d\u00e9licieuse et une ambiance tr\u00e8s relaxante.<\/p>\n<p>Voici ce que vous pouvez appr\u00e9cier \u00e0 Nido :<\/p>\n<p>- <strong><a href=\"https:\/\/www.marbella.gr\/fr\/hotels\/marbella-nido\/gastronomy\/\">Apaggio fine dining<\/a><\/strong> - en utilisant une allocation de 20 euros, boissons exclues<\/p>\n<p>- <strong><a href=\"https:\/\/www.marbella.gr\/fr\/hotels\/marbella-nido\/experiences\/entertainment\/\">Kafeneio Nuits grecques<\/a><\/strong> - Utilisation de l'allocation de 20 euros<\/p>\n<p>- <strong><a href=\"https:\/\/www.marbella.gr\/fr\/hotels\/marbella-nido\/experiences\/pool-beach\/\">Acc\u00e8s \u00e0 la piscine et \u00e0 la plage<\/a><\/strong> - Gratuit (consommations payantes)<\/p>\n<p>- <strong><a href=\"https:\/\/www.marbella.gr\/fr\/hotels\/marbella-nido\/experiences\/wellness\/\">Acc\u00e8s au spa<\/a><\/strong> - Gratuit<\/p>\n<p>- S\u00e9ances de yoga deux fois par semaine - Gratuites<\/p>\n<p>- <strong><a href=\"https:\/\/www.marbella.gr\/fr\/hotels\/marbella-nido\/experiences\/fitness-weeks\/\">Semaines de remise en forme \u00e0 Oyogo<\/a><\/strong> - Gratuit<\/p>\n<p>Toutes les activit\u00e9s sont soumises \u00e0 disponibilit\u00e9 et sont r\u00e9serv\u00e9es aux personnes \u00e2g\u00e9es de plus de 16 ans. Les places sont limit\u00e9es et doivent \u00eatre r\u00e9serv\u00e9es \u00e0 l'avance \u00e0 la r\u00e9ception de MarBella.<\/p>","protected":false},"excerpt":{"rendered":"<p>This season stay at MarBella and experience some of the highlights of our sister hotel Nido too. Our adults-only boutique hotel sits in serene surroundings a short walk from MarBella. It\u2019s a discerning getaway offering wonderful cuisine and a very relaxing ambience. Here is what you can enjoy at Nido: \u2022 Apaggio fine dining &#8211; [&#8230;]<\/p>\n<p><a class=\"btn btn-secondary understrap-read-more-link\" href=\"https:\/\/www.marbella.gr\/fr\/hotels\/marbella-corfu\/experiences\/enjoy-adults-only-nido\/\">Read More&#8230;<span class=\"screen-reader-text\"> from Enjoy adults-only Nido<\/span><\/a><\/p>\n","protected":false},"author":18,"featured_media":2836,"parent":2042,"menu_order":0,"comment_status":"closed","ping_status":"closed","template":"","meta":{"_acf_changed":false,"footnotes":""},"class_list":["post-7361","page","type-page","status-publish","has-post-thumbnail","hentry"],"acf":[],"yoast_head":"<!-- This site is optimized with the Yoast SEO plugin v27.4 - https:\/\/yoast.com\/product\/yoast-seo-wordpress\/ -->\n<title>Enjoy adults-only Nido<\/title>\n<meta name=\"description\" content=\"This season stay at MarBella and experience some of the highlights of Nido too. Our adults-only boutique hotel sits in serene surroundings a short walk from MarBella. It\u2019s a discerning getaway offering wonderful cuisine and a very relaxing ambience.\" \/>\n<meta name=\"robots\" content=\"index, follow, max-snippet:-1, max-image-preview:large, max-video-preview:-1\" \/>\n<link rel=\"canonical\" href=\"https:\/\/www.marbella.gr\/fr\/hotels\/marbella-corfu\/experiences\/enjoy-adults-only-nido\/\" \/>\n<meta property=\"og:locale\" content=\"fr_FR\" \/>\n<meta property=\"og:type\" content=\"article\" \/>\n<meta property=\"og:title\" content=\"Enjoy adults-only Nido\" \/>\n<meta property=\"og:description\" content=\"This season stay at MarBella and experience some of the highlights of Nido too. Our adults-only boutique hotel sits in serene surroundings a short walk from MarBella. It\u2019s a discerning getaway offering wonderful cuisine and a very relaxing ambience.\" \/>\n<meta property=\"og:url\" content=\"https:\/\/www.marbella.gr\/fr\/hotels\/marbella-corfu\/experiences\/enjoy-adults-only-nido\/\" \/>\n<meta property=\"og:site_name\" content=\"Mar-Bella Collection\" \/>\n<meta property=\"article:modified_time\" content=\"2026-02-03T12:43:49+00:00\" \/>\n<meta property=\"og:image\" content=\"https:\/\/www.marbella.gr\/app\/uploads\/2023\/05\/2.apaggio-a-la-carte-gourmet-restaurant_resized.jpg\" \/>\n\t<meta property=\"og:image:width\" content=\"1920\" \/>\n\t<meta property=\"og:image:height\" content=\"1280\" \/>\n\t<meta property=\"og:image:type\" content=\"image\/jpeg\" \/>\n<meta name=\"twitter:card\" content=\"summary_large_image\" \/>\n<meta name=\"twitter:label1\" content=\"Dur\u00e9e de lecture estim\u00e9e\" \/>\n\t<meta name=\"twitter:data1\" content=\"1 minute\" \/>\n<!-- \/ Yoast SEO plugin. -->","yoast_head_json":{"title":"Profitez de Nido r\u00e9serv\u00e9 aux adultes","description":"Cette saison, s\u00e9journez \u00e0 MarBella tout en d\u00e9couvrant certains des points forts de Nido. Cet h\u00f4tel de charme r\u00e9serv\u00e9 aux adultes se trouve dans un cadre serein, \u00e0 quelques pas de MarBella. Il s'agit d'une escapade exigeante qui propose une cuisine d\u00e9licieuse et une ambiance tr\u00e8s relaxante.","robots":{"index":"index","follow":"follow","max-snippet":"max-snippet:-1","max-image-preview":"max-image-preview:large","max-video-preview":"max-video-preview:-1"},"canonical":"https:\/\/www.marbella.gr\/fr\/hotels\/marbella-corfu\/experiences\/enjoy-adults-only-nido\/","og_locale":"fr_FR","og_type":"article","og_title":"Enjoy adults-only Nido","og_description":"This season stay at MarBella and experience some of the highlights of Nido too. Our adults-only boutique hotel sits in serene surroundings a short walk from MarBella. It\u2019s a discerning getaway offering wonderful cuisine and a very relaxing ambience.","og_url":"https:\/\/www.marbella.gr\/fr\/hotels\/marbella-corfu\/experiences\/enjoy-adults-only-nido\/","og_site_name":"Mar-Bella Collection","article_modified_time":"2026-02-03T12:43:49+00:00","og_image":[{"width":1920,"height":1280,"url":"https:\/\/www.marbella.gr\/app\/uploads\/2023\/05\/2.apaggio-a-la-carte-gourmet-restaurant_resized.jpg","type":"image\/jpeg"}],"twitter_card":"summary_large_image","twitter_misc":{"Dur\u00e9e de lecture estim\u00e9e":"1 minute"},"schema":{"@context":"https:\/\/schema.org","@graph":[{"@type":"WebPage","@id":"https:\/\/www.marbella.gr\/hotels\/marbella-corfu\/experiences\/enjoy-adults-only-nido\/","url":"https:\/\/www.marbella.gr\/hotels\/marbella-corfu\/experiences\/enjoy-adults-only-nido\/","name":"Profitez de Nido r\u00e9serv\u00e9 aux adultes","isPartOf":{"@id":"https:\/\/www.marbella.gr\/#website"},"primaryImageOfPage":{"@id":"https:\/\/www.marbella.gr\/hotels\/marbella-corfu\/experiences\/enjoy-adults-only-nido\/#primaryimage"},"image":{"@id":"https:\/\/www.marbella.gr\/hotels\/marbella-corfu\/experiences\/enjoy-adults-only-nido\/#primaryimage"},"thumbnailUrl":"https:\/\/www.marbella.gr\/app\/uploads\/2023\/05\/2.apaggio-a-la-carte-gourmet-restaurant_resized.jpg","datePublished":"2024-05-08T10:15:16+00:00","dateModified":"2026-02-03T12:43:49+00:00","description":"Cette saison, s\u00e9journez \u00e0 MarBella tout en d\u00e9couvrant certains des points forts de Nido. Cet h\u00f4tel de charme r\u00e9serv\u00e9 aux adultes se trouve dans un cadre serein, \u00e0 quelques pas de MarBella. Il s'agit d'une escapade exigeante qui propose une cuisine d\u00e9licieuse et une ambiance tr\u00e8s relaxante.","breadcrumb":{"@id":"https:\/\/www.marbella.gr\/hotels\/marbella-corfu\/experiences\/enjoy-adults-only-nido\/#breadcrumb"},"inLanguage":"fr-FR","potentialAction":[{"@type":"ReadAction","target":["https:\/\/www.marbella.gr\/hotels\/marbella-corfu\/experiences\/enjoy-adults-only-nido\/"]}]},{"@type":"ImageObject","inLanguage":"fr-FR","@id":"https:\/\/www.marbella.gr\/hotels\/marbella-corfu\/experiences\/enjoy-adults-only-nido\/#primaryimage","url":"https:\/\/www.marbella.gr\/app\/uploads\/2023\/05\/2.apaggio-a-la-carte-gourmet-restaurant_resized.jpg","contentUrl":"https:\/\/www.marbella.gr\/app\/uploads\/2023\/05\/2.apaggio-a-la-carte-gourmet-restaurant_resized.jpg","width":1920,"height":1280,"caption":"Discover Mar-Bella Collection - 5 star hotels in Corfu, Parga Greece"},{"@type":"BreadcrumbList","@id":"https:\/\/www.marbella.gr\/hotels\/marbella-corfu\/experiences\/enjoy-adults-only-nido\/#breadcrumb","itemListElement":[{"@type":"ListItem","position":1,"name":"Home","item":"https:\/\/www.marbella.gr\/"},{"@type":"ListItem","position":2,"name":"Hotels","item":"https:\/\/www.marbella.gr\/hotels\/"},{"@type":"ListItem","position":3,"name":"MarBella","item":"https:\/\/www.marbella.gr\/hotels\/marbella-corfu\/"},{"@type":"ListItem","position":4,"name":"Experiences","item":"https:\/\/www.marbella.gr\/hotels\/marbella-corfu\/experiences\/"},{"@type":"ListItem","position":5,"name":"Enjoy adults-only Nido"}]},{"@type":"WebSite","@id":"https:\/\/www.marbella.gr\/#website","url":"https:\/\/www.marbella.gr\/","name":"MarBella","description":"Une famille d'h\u00f4tels vous reliant \u00e0 la magnifique mer Ionienne","publisher":{"@id":"https:\/\/www.marbella.gr\/#organization"},"alternateName":"MarBella","potentialAction":[{"@type":"SearchAction","target":{"@type":"EntryPoint","urlTemplate":"https:\/\/www.marbella.gr\/?s={search_term_string}"},"query-input":{"@type":"PropertyValueSpecification","valueRequired":true,"valueName":"search_term_string"}}],"inLanguage":"fr-FR"},{"@type":"Organization","@id":"https:\/\/www.marbella.gr\/#organization","name":"MarBella","url":"https:\/\/www.marbella.gr\/","logo":{"@type":"ImageObject","inLanguage":"fr-FR","@id":"https:\/\/www.marbella.gr\/#\/schema\/logo\/image\/","url":"https:\/\/www.marbella.gr\/app\/uploads\/2023\/06\/Marbella-collection.png","contentUrl":"https:\/\/www.marbella.gr\/app\/uploads\/2023\/06\/Marbella-collection.png","width":230,"height":75,"caption":"MarBella"},"image":{"@id":"https:\/\/www.marbella.gr\/#\/schema\/logo\/image\/"}}]}},"_links":{"self":[{"href":"https:\/\/www.marbella.gr\/fr\/wp-json\/wp\/v2\/pages\/7361","targetHints":{"allow":["GET"]}}],"collection":[{"href":"https:\/\/www.marbella.gr\/fr\/wp-json\/wp\/v2\/pages"}],"about":[{"href":"https:\/\/www.marbella.gr\/fr\/wp-json\/wp\/v2\/types\/page"}],"author":[{"embeddable":true,"href":"https:\/\/www.marbella.gr\/fr\/wp-json\/wp\/v2\/users\/18"}],"replies":[{"embeddable":true,"href":"https:\/\/www.marbella.gr\/fr\/wp-json\/wp\/v2\/comments?post=7361"}],"version-history":[{"count":5,"href":"https:\/\/www.marbella.gr\/fr\/wp-json\/wp\/v2\/pages\/7361\/revisions"}],"predecessor-version":[{"id":13465,"href":"https:\/\/www.marbella.gr\/fr\/wp-json\/wp\/v2\/pages\/7361\/revisions\/13465"}],"up":[{"embeddable":true,"href":"https:\/\/www.marbella.gr\/fr\/wp-json\/wp\/v2\/pages\/2042"}],"wp:featuredmedia":[{"embeddable":true,"href":"https:\/\/www.marbella.gr\/fr\/wp-json\/wp\/v2\/media\/2836"}],"wp:attachment":[{"href":"https:\/\/www.marbella.gr\/fr\/wp-json\/wp\/v2\/media?parent=7361"}],"curies":[{"name":"wp","href":"https:\/\/api.w.org\/{rel}","templated":true}]}}