{"id":7481,"date":"2024-05-30T06:28:41","date_gmt":"2024-05-30T06:28:41","guid":{"rendered":"https:\/\/www.marbella.gr\/?page_id=7481"},"modified":"2025-01-27T14:13:25","modified_gmt":"2025-01-27T14:13:25","slug":"evening-kids-programme","status":"publish","type":"page","link":"https:\/\/www.marbella.gr\/fr\/evening-kids-programme\/","title":{"rendered":"Programme du soir pour les enfants"},"content":{"rendered":"<p>Un fantastique programme d'activit\u00e9s nocturnes pour les enfants de 4 \u00e0 12 ans est propos\u00e9 \u00e0 Elix en juillet et en ao\u00fbt, ainsi que pendant les vacances de mai et d'octobre. Sports, cin\u00e9ma, danse, science et aventure : il y a tant de choses \u00e0 faire. Organis\u00e9es et supervis\u00e9es par des professionnels, ces activit\u00e9s sont un excellent moyen pour nos jeunes clients de se d\u00e9penser et de se faire de nouveaux amis, tandis que vous avez l'occasion de profiter d'un d\u00eener romantique et peut-\u00eatre d'un coucher de soleil ou deux ! Pas besoin de r\u00e9server \u00e0 l'avance, il suffit d'arriver et de les laisser s'amuser.<\/p>\n<p><strong>La grande aventure nocturne<\/strong><\/p>\n<p>Les petites \u00e9quipes travaillent ensemble pour r\u00e9soudre des indices et relever des d\u00e9fis en cours de route. Cette activit\u00e9 encourage la curiosit\u00e9 et la cr\u00e9ativit\u00e9, et notre personnel est l\u00e0 pour donner un coup de main en cas de besoin.<\/p>\n<p><strong>Ligue des champions d'Elix<\/strong><\/p>\n<p>Les enfants de tous \u00e2ges et de tous niveaux vont adorer cette soir\u00e9e de sports et de jeux. R\u00e9partis en \u00e9quipes \u00e9gales, ils joueront au football, au basket-ball et au tennis de table, avec des collations \u00e9nergisantes \u00e0 la mi-temps. Voyons qui sera couronn\u00e9 champion de la mini-ligue.<\/p>\n<p><strong>Boogie silencieux<\/strong><\/p>\n<p>Mettez vos \u00e9couteurs sans fil et dansez toute la soir\u00e9e lors de cette discoth\u00e8que silencieuse qui promet d'\u00eatre tr\u00e8s amusante pour les enfants de tous \u00e2ges. Il y aura beaucoup de jeux et de divertissements, et ils auront m\u00eame leur propre espace de d\u00e9tente.<\/p>\n<p><strong>Vitrine Elix<\/strong><\/p>\n<p>Si votre enfant a du talent, c'est l'occasion de le montrer. Ils s'\u00e9chaufferont avec une improvisation th\u00e9\u00e2trale en groupe, suivie d'un spectacle de talents ouvert aux individus et aux groupes, et d'une c\u00e9r\u00e9monie de remise des prix qui cl\u00f4turera la soir\u00e9e.<\/p>\n<p><strong>Petits scientifiques<\/strong><\/p>\n<p>Une session \u00e9ducative passionnante pour les esprits curieux. Au cours de cette soir\u00e9e soigneusement encadr\u00e9e, vos enfants exploreront le monde de la science, participeront \u00e0 des exp\u00e9riences amusantes et r\u00e9pondront \u00e0 des questions dans le cadre d'un quiz.<\/p>\n<p><strong>Premi\u00e8re du film<\/strong><\/p>\n<p>Tamisez les lumi\u00e8res, prenez le pop-corn et installez-vous pour une fabuleuse soir\u00e9e cin\u00e9ma. Que ce soit dans l'amphith\u00e9\u00e2tre ext\u00e9rieur ou \u00e0 l'int\u00e9rieur, les enfants votent pour choisir le film (adapt\u00e9 \u00e0 leur \u00e2ge) qu'ils regarderont.<\/p>","protected":false},"excerpt":{"rendered":"<p>There\u2019s a fantastic evening activity programme for kids aged 4 to 12yrs to look forward to at Elix during July and August as well as the May and October Half term breaks. Sports, movies, dancing, science and adventure: there\u2019s so much to join in with. Professionally organised and supervised, these activities are a great way [&#8230;]<\/p>\n<p><a class=\"btn btn-secondary understrap-read-more-link\" href=\"https:\/\/www.marbella.gr\/fr\/evening-kids-programme\/\">Read More&#8230;<span class=\"screen-reader-text\"> from Evening Kids Programme<\/span><\/a><\/p>\n","protected":false},"author":18,"featured_media":0,"parent":0,"menu_order":0,"comment_status":"closed","ping_status":"closed","template":"","meta":{"_acf_changed":false,"footnotes":""},"class_list":["post-7481","page","type-page","status-publish","hentry"],"acf":[],"yoast_head":"<!-- This site is optimized with the Yoast SEO plugin v27.4 - https:\/\/yoast.com\/product\/yoast-seo-wordpress\/ -->\n<title>Evening Kids Programme - Mar-Bella Collection<\/title>\n<meta name=\"description\" content=\"There\u2019s a fantastic evening activity programme for kids aged 4 to 12yrs to look forward to at Elix during July and August as well as the May and October Half term breaks.\" \/>\n<meta name=\"robots\" content=\"index, follow, max-snippet:-1, max-image-preview:large, max-video-preview:-1\" \/>\n<link rel=\"canonical\" href=\"https:\/\/www.marbella.gr\/fr\/evening-kids-programme\/\" \/>\n<meta property=\"og:locale\" content=\"fr_FR\" \/>\n<meta property=\"og:type\" content=\"article\" \/>\n<meta property=\"og:title\" content=\"Evening Kids Programme - Mar-Bella Collection\" \/>\n<meta property=\"og:description\" content=\"There\u2019s a fantastic evening activity programme for kids aged 4 to 12yrs to look forward to at Elix during July and August as well as the May and October Half term breaks.\" \/>\n<meta property=\"og:url\" content=\"https:\/\/www.marbella.gr\/fr\/evening-kids-programme\/\" \/>\n<meta property=\"og:site_name\" content=\"Mar-Bella Collection\" \/>\n<meta property=\"article:modified_time\" content=\"2025-01-27T14:13:25+00:00\" \/>\n<meta property=\"og:image\" content=\"https:\/\/www.marbella.gr\/app\/uploads\/2024\/05\/Elix_Water-Sports-2-scaled.jpg\" \/>\n\t<meta property=\"og:image:width\" content=\"2560\" \/>\n\t<meta property=\"og:image:height\" content=\"1705\" \/>\n\t<meta property=\"og:image:type\" content=\"image\/jpeg\" \/>\n<meta name=\"twitter:card\" content=\"summary_large_image\" \/>\n<meta name=\"twitter:label1\" content=\"Dur\u00e9e de lecture estim\u00e9e\" \/>\n\t<meta name=\"twitter:data1\" content=\"2 minutes\" \/>\n<!-- \/ Yoast SEO plugin. -->","yoast_head_json":{"title":"Programme du soir pour les enfants - Mar-Bella Collection","description":"Un fantastique programme d'activit\u00e9s nocturnes pour les enfants de 4 \u00e0 12 ans est propos\u00e9 \u00e0 Elix en juillet et en ao\u00fbt, ainsi que pendant les vacances de mai et d'octobre.","robots":{"index":"index","follow":"follow","max-snippet":"max-snippet:-1","max-image-preview":"max-image-preview:large","max-video-preview":"max-video-preview:-1"},"canonical":"https:\/\/www.marbella.gr\/fr\/evening-kids-programme\/","og_locale":"fr_FR","og_type":"article","og_title":"Evening Kids Programme - Mar-Bella Collection","og_description":"There\u2019s a fantastic evening activity programme for kids aged 4 to 12yrs to look forward to at Elix during July and August as well as the May and October Half term breaks.","og_url":"https:\/\/www.marbella.gr\/fr\/evening-kids-programme\/","og_site_name":"Mar-Bella Collection","article_modified_time":"2025-01-27T14:13:25+00:00","og_image":[{"width":2560,"height":1705,"url":"https:\/\/www.marbella.gr\/app\/uploads\/2024\/05\/Elix_Water-Sports-2-scaled.jpg","type":"image\/jpeg"}],"twitter_card":"summary_large_image","twitter_misc":{"Dur\u00e9e de lecture estim\u00e9e":"2 minutes"},"schema":{"@context":"https:\/\/schema.org","@graph":[{"@type":"WebPage","@id":"https:\/\/www.marbella.gr\/evening-kids-programme\/","url":"https:\/\/www.marbella.gr\/evening-kids-programme\/","name":"Programme du soir pour les enfants - Mar-Bella Collection","isPartOf":{"@id":"https:\/\/www.marbella.gr\/#website"},"datePublished":"2024-05-30T06:28:41+00:00","dateModified":"2025-01-27T14:13:25+00:00","description":"Un fantastique programme d'activit\u00e9s nocturnes pour les enfants de 4 \u00e0 12 ans est propos\u00e9 \u00e0 Elix en juillet et en ao\u00fbt, ainsi que pendant les vacances de mai et d'octobre.","breadcrumb":{"@id":"https:\/\/www.marbella.gr\/evening-kids-programme\/#breadcrumb"},"inLanguage":"fr-FR","potentialAction":[{"@type":"ReadAction","target":["https:\/\/www.marbella.gr\/evening-kids-programme\/"]}]},{"@type":"BreadcrumbList","@id":"https:\/\/www.marbella.gr\/evening-kids-programme\/#breadcrumb","itemListElement":[{"@type":"ListItem","position":1,"name":"Home","item":"https:\/\/www.marbella.gr\/"},{"@type":"ListItem","position":2,"name":"Evening Kids Programme"}]},{"@type":"WebSite","@id":"https:\/\/www.marbella.gr\/#website","url":"https:\/\/www.marbella.gr\/","name":"MarBella","description":"Une famille d'h\u00f4tels vous reliant \u00e0 la magnifique mer Ionienne","publisher":{"@id":"https:\/\/www.marbella.gr\/#organization"},"alternateName":"MarBella","potentialAction":[{"@type":"SearchAction","target":{"@type":"EntryPoint","urlTemplate":"https:\/\/www.marbella.gr\/?s={search_term_string}"},"query-input":{"@type":"PropertyValueSpecification","valueRequired":true,"valueName":"search_term_string"}}],"inLanguage":"fr-FR"},{"@type":"Organization","@id":"https:\/\/www.marbella.gr\/#organization","name":"MarBella","url":"https:\/\/www.marbella.gr\/","logo":{"@type":"ImageObject","inLanguage":"fr-FR","@id":"https:\/\/www.marbella.gr\/#\/schema\/logo\/image\/","url":"https:\/\/www.marbella.gr\/app\/uploads\/2023\/06\/Marbella-collection.png","contentUrl":"https:\/\/www.marbella.gr\/app\/uploads\/2023\/06\/Marbella-collection.png","width":230,"height":75,"caption":"MarBella"},"image":{"@id":"https:\/\/www.marbella.gr\/#\/schema\/logo\/image\/"}}]}},"_links":{"self":[{"href":"https:\/\/www.marbella.gr\/fr\/wp-json\/wp\/v2\/pages\/7481","targetHints":{"allow":["GET"]}}],"collection":[{"href":"https:\/\/www.marbella.gr\/fr\/wp-json\/wp\/v2\/pages"}],"about":[{"href":"https:\/\/www.marbella.gr\/fr\/wp-json\/wp\/v2\/types\/page"}],"author":[{"embeddable":true,"href":"https:\/\/www.marbella.gr\/fr\/wp-json\/wp\/v2\/users\/18"}],"replies":[{"embeddable":true,"href":"https:\/\/www.marbella.gr\/fr\/wp-json\/wp\/v2\/comments?post=7481"}],"version-history":[{"count":19,"href":"https:\/\/www.marbella.gr\/fr\/wp-json\/wp\/v2\/pages\/7481\/revisions"}],"predecessor-version":[{"id":9299,"href":"https:\/\/www.marbella.gr\/fr\/wp-json\/wp\/v2\/pages\/7481\/revisions\/9299"}],"wp:attachment":[{"href":"https:\/\/www.marbella.gr\/fr\/wp-json\/wp\/v2\/media?parent=7481"}],"curies":[{"name":"wp","href":"https:\/\/api.w.org\/{rel}","templated":true}]}}