{"id":7637,"date":"2024-06-19T12:36:02","date_gmt":"2024-06-19T12:36:02","guid":{"rendered":"https:\/\/www.marbella.gr\/evening-kids-programme-copy\/"},"modified":"2026-02-09T14:07:43","modified_gmt":"2026-02-09T12:07:43","slug":"faq-elix","status":"publish","type":"page","link":"https:\/\/www.marbella.gr\/fr\/hotels\/marbella-elix\/faq-elix\/","title":{"rendered":"FAQ pour Elix"},"content":{"rendered":"<p>Bienvenue dans la section \"Foire aux questions\" (FAQ) de MarBella ! Nous avons rassembl\u00e9 ici les r\u00e9ponses aux questions les plus courantes afin que votre s\u00e9jour chez nous se d\u00e9roule dans les meilleures conditions possibles. Que vous soyez curieux de conna\u00eetre nos \u00e9quipements, nos proc\u00e9dures de r\u00e9servation ou nos services sp\u00e9ciaux, cette section est con\u00e7ue pour vous fournir des r\u00e9ponses rapides et compl\u00e8tes. Vous trouverez ci-dessous toutes les informations dont vous avez besoin pour profiter au mieux de votre s\u00e9jour dans notre h\u00f4tel.<\/p>","protected":false},"excerpt":{"rendered":"<p>Welcome to our Frequently Asked Questions (FAQs) section! Here, we have compiled answers to the most common inquiries to ensure your stay with us is as smooth and enjoyable as possible. Whether you are curious about our amenities, booking procedures, or special services, this resource is designed to provide quick and comprehensive responses. Explore below [&#8230;]<\/p>\n<p><a class=\"btn btn-secondary understrap-read-more-link\" href=\"https:\/\/www.marbella.gr\/fr\/hotels\/marbella-elix\/faq-elix\/\">Read More&#8230;<span class=\"screen-reader-text\"> from FAQs for Elix<\/span><\/a><\/p>\n","protected":false},"author":15,"featured_media":0,"parent":385,"menu_order":0,"comment_status":"closed","ping_status":"closed","template":"page-templates\/faq.php","meta":{"_acf_changed":false,"footnotes":""},"class_list":["post-7637","page","type-page","status-publish","hentry"],"acf":[],"yoast_head":"<!-- This site is optimized with the Yoast SEO plugin v27.5 - https:\/\/yoast.com\/product\/yoast-seo-wordpress\/ -->\n<title>FAQs for Elix - Mar-Bella Collection<\/title>\n<meta name=\"description\" content=\"Find answers to common questions about Elix by MarBella Collection in Parga. Learn about services, amenities, policies, and more to enhance your stay\" \/>\n<meta name=\"robots\" content=\"index, follow, max-snippet:-1, max-image-preview:large, max-video-preview:-1\" \/>\n<link rel=\"canonical\" href=\"https:\/\/www.marbella.gr\/fr\/hotels\/marbella-elix\/faq-elix\/\" \/>\n<meta property=\"og:locale\" content=\"fr_FR\" \/>\n<meta property=\"og:type\" content=\"article\" \/>\n<meta property=\"og:title\" content=\"FAQs for Elix - Mar-Bella Collection\" \/>\n<meta property=\"og:description\" content=\"Find answers to common questions about Elix by MarBella Collection in Parga. Learn about services, amenities, policies, and more to enhance your stay\" \/>\n<meta property=\"og:url\" content=\"https:\/\/www.marbella.gr\/fr\/hotels\/marbella-elix\/faq-elix\/\" \/>\n<meta property=\"og:site_name\" content=\"Mar-Bella Collection\" \/>\n<meta property=\"article:modified_time\" content=\"2026-02-09T12:07:43+00:00\" \/>\n<meta property=\"og:image\" content=\"https:\/\/www.marbella.gr\/app\/uploads\/2024\/05\/Elix_Water-Sports-2-scaled.jpg\" \/>\n\t<meta property=\"og:image:width\" content=\"2560\" \/>\n\t<meta property=\"og:image:height\" content=\"1705\" \/>\n\t<meta property=\"og:image:type\" content=\"image\/jpeg\" \/>\n<meta name=\"twitter:card\" content=\"summary_large_image\" \/>\n<meta name=\"twitter:label1\" content=\"Dur\u00e9e de lecture estim\u00e9e\" \/>\n\t<meta name=\"twitter:data1\" content=\"1 minute\" \/>\n<!-- \/ Yoast SEO plugin. -->","yoast_head_json":{"title":"FAQ pour Elix - Collection Mar-Bella","description":"Trouvez les r\u00e9ponses aux questions les plus fr\u00e9quentes sur l'h\u00f4tel Elix by MarBella Collection \u00e0 Parga. Renseignez-vous sur les services, les \u00e9quipements, les politiques et plus encore pour am\u00e9liorer votre s\u00e9jour.","robots":{"index":"index","follow":"follow","max-snippet":"max-snippet:-1","max-image-preview":"max-image-preview:large","max-video-preview":"max-video-preview:-1"},"canonical":"https:\/\/www.marbella.gr\/fr\/hotels\/marbella-elix\/faq-elix\/","og_locale":"fr_FR","og_type":"article","og_title":"FAQs for Elix - Mar-Bella Collection","og_description":"Find answers to common questions about Elix by MarBella Collection in Parga. Learn about services, amenities, policies, and more to enhance your stay","og_url":"https:\/\/www.marbella.gr\/fr\/hotels\/marbella-elix\/faq-elix\/","og_site_name":"Mar-Bella Collection","article_modified_time":"2026-02-09T12:07:43+00:00","og_image":[{"width":2560,"height":1705,"url":"https:\/\/www.marbella.gr\/app\/uploads\/2024\/05\/Elix_Water-Sports-2-scaled.jpg","type":"image\/jpeg"}],"twitter_card":"summary_large_image","twitter_misc":{"Dur\u00e9e de lecture estim\u00e9e":"1 minute"},"schema":{"@context":"https:\/\/schema.org","@graph":[{"@type":"WebPage","@id":"https:\/\/www.marbella.gr\/hotels\/marbella-elix\/faq-elix\/","url":"https:\/\/www.marbella.gr\/hotels\/marbella-elix\/faq-elix\/","name":"FAQ pour Elix - Collection Mar-Bella","isPartOf":{"@id":"https:\/\/www.marbella.gr\/#website"},"datePublished":"2024-06-19T12:36:02+00:00","dateModified":"2026-02-09T12:07:43+00:00","description":"Trouvez les r\u00e9ponses aux questions les plus fr\u00e9quentes sur l'h\u00f4tel Elix by MarBella Collection \u00e0 Parga. Renseignez-vous sur les services, les \u00e9quipements, les politiques et plus encore pour am\u00e9liorer votre s\u00e9jour.","breadcrumb":{"@id":"https:\/\/www.marbella.gr\/hotels\/marbella-elix\/faq-elix\/#breadcrumb"},"inLanguage":"fr-FR","potentialAction":[{"@type":"ReadAction","target":["https:\/\/www.marbella.gr\/hotels\/marbella-elix\/faq-elix\/"]}]},{"@type":"BreadcrumbList","@id":"https:\/\/www.marbella.gr\/hotels\/marbella-elix\/faq-elix\/#breadcrumb","itemListElement":[{"@type":"ListItem","position":1,"name":"Home","item":"https:\/\/www.marbella.gr\/"},{"@type":"ListItem","position":2,"name":"Hotels","item":"https:\/\/www.marbella.gr\/hotels\/"},{"@type":"ListItem","position":3,"name":"Elix","item":"https:\/\/www.marbella.gr\/hotels\/marbella-elix\/"},{"@type":"ListItem","position":4,"name":"FAQs for Elix"}]},{"@type":"WebSite","@id":"https:\/\/www.marbella.gr\/#website","url":"https:\/\/www.marbella.gr\/","name":"MarBella","description":"Une famille d'h\u00f4tels vous reliant \u00e0 la magnifique mer Ionienne","publisher":{"@id":"https:\/\/www.marbella.gr\/#organization"},"alternateName":"MarBella","potentialAction":[{"@type":"SearchAction","target":{"@type":"EntryPoint","urlTemplate":"https:\/\/www.marbella.gr\/?s={search_term_string}"},"query-input":{"@type":"PropertyValueSpecification","valueRequired":true,"valueName":"search_term_string"}}],"inLanguage":"fr-FR"},{"@type":"Organization","@id":"https:\/\/www.marbella.gr\/#organization","name":"MarBella","url":"https:\/\/www.marbella.gr\/","logo":{"@type":"ImageObject","inLanguage":"fr-FR","@id":"https:\/\/www.marbella.gr\/#\/schema\/logo\/image\/","url":"https:\/\/www.marbella.gr\/app\/uploads\/2023\/06\/Marbella-collection.png","contentUrl":"https:\/\/www.marbella.gr\/app\/uploads\/2023\/06\/Marbella-collection.png","width":230,"height":75,"caption":"MarBella"},"image":{"@id":"https:\/\/www.marbella.gr\/#\/schema\/logo\/image\/"}}]}},"_links":{"self":[{"href":"https:\/\/www.marbella.gr\/fr\/wp-json\/wp\/v2\/pages\/7637","targetHints":{"allow":["GET"]}}],"collection":[{"href":"https:\/\/www.marbella.gr\/fr\/wp-json\/wp\/v2\/pages"}],"about":[{"href":"https:\/\/www.marbella.gr\/fr\/wp-json\/wp\/v2\/types\/page"}],"author":[{"embeddable":true,"href":"https:\/\/www.marbella.gr\/fr\/wp-json\/wp\/v2\/users\/15"}],"replies":[{"embeddable":true,"href":"https:\/\/www.marbella.gr\/fr\/wp-json\/wp\/v2\/comments?post=7637"}],"version-history":[{"count":24,"href":"https:\/\/www.marbella.gr\/fr\/wp-json\/wp\/v2\/pages\/7637\/revisions"}],"predecessor-version":[{"id":13755,"href":"https:\/\/www.marbella.gr\/fr\/wp-json\/wp\/v2\/pages\/7637\/revisions\/13755"}],"up":[{"embeddable":true,"href":"https:\/\/www.marbella.gr\/fr\/wp-json\/wp\/v2\/pages\/385"}],"wp:attachment":[{"href":"https:\/\/www.marbella.gr\/fr\/wp-json\/wp\/v2\/media?parent=7637"}],"curies":[{"name":"wp","href":"https:\/\/api.w.org\/{rel}","templated":true}]}}