{"id":7793,"date":"2024-06-20T10:25:08","date_gmt":"2024-06-20T10:25:08","guid":{"rendered":"https:\/\/www.marbella.gr\/?page_id=7793"},"modified":"2026-02-09T13:45:21","modified_gmt":"2026-02-09T11:45:21","slug":"faq-marbella","status":"publish","type":"page","link":"https:\/\/www.marbella.gr\/fr\/hotels\/marbella-corfu\/faq-marbella\/","title":{"rendered":"FAQ pour MarBella"},"content":{"rendered":"<p>Bienvenue dans la section \"Foire aux questions\" (FAQ) de MarBella ! Nous avons rassembl\u00e9 ici les r\u00e9ponses aux questions les plus courantes afin que votre s\u00e9jour chez nous se d\u00e9roule dans les meilleures conditions possibles. Que vous soyez curieux de conna\u00eetre nos \u00e9quipements, nos proc\u00e9dures de r\u00e9servation ou nos services sp\u00e9ciaux, cette section est con\u00e7ue pour vous fournir des r\u00e9ponses rapides et compl\u00e8tes. Vous trouverez ci-dessous toutes les informations dont vous avez besoin pour profiter au mieux de votre s\u00e9jour dans notre h\u00f4tel.<\/p>\n<p><span style=\"font-weight: 400;\">Pour plus d'informations sur nos services et prestations, vous pouvez <strong><a href=\"https:\/\/www.marbella.gr\/fr\/contact\/\">nous contacter<\/a><\/strong> directement.<\/span><\/p>","protected":false},"excerpt":{"rendered":"<p>Welcome to our Frequently Asked Questions (FAQs) section for MarBella! Here, we&#8217;ve compiled answers to the most common inquiries to ensure your stay with us is as smooth and enjoyable as possible. Whether you&#8217;re curious about our amenities, booking procedures, or special services, this resource is designed to provide quick and comprehensive responses. Explore below [&#8230;]<\/p>\n<p><a class=\"btn btn-secondary understrap-read-more-link\" href=\"https:\/\/www.marbella.gr\/fr\/hotels\/marbella-corfu\/faq-marbella\/\">Read More&#8230;<span class=\"screen-reader-text\"> from FAQs for MarBella<\/span><\/a><\/p>\n","protected":false},"author":15,"featured_media":4908,"parent":797,"menu_order":0,"comment_status":"closed","ping_status":"closed","template":"page-templates\/faq.php","meta":{"_acf_changed":false,"footnotes":""},"class_list":["post-7793","page","type-page","status-publish","has-post-thumbnail","hentry"],"acf":[],"yoast_head":"<!-- This site is optimized with the Yoast SEO plugin v27.2 - https:\/\/yoast.com\/product\/yoast-seo-wordpress\/ -->\n<title>FAQs for MarBella - Mar-Bella Collection<\/title>\n<meta name=\"description\" content=\"Find answers to your queries about MarBella at Corfu. Get info on accommodations, amenities, dining, activities, and more to plan your perfect stay with ease!\" \/>\n<meta name=\"robots\" content=\"index, follow, max-snippet:-1, max-image-preview:large, max-video-preview:-1\" \/>\n<link rel=\"canonical\" href=\"https:\/\/www.marbella.gr\/fr\/hotels\/marbella-corfu\/faq-marbella\/\" \/>\n<meta property=\"og:locale\" content=\"fr_FR\" \/>\n<meta property=\"og:type\" content=\"article\" \/>\n<meta property=\"og:title\" content=\"FAQs for MarBella - Mar-Bella Collection\" \/>\n<meta property=\"og:description\" content=\"Find answers to your queries about MarBella at Corfu. Get info on accommodations, amenities, dining, activities, and more to plan your perfect stay with ease!\" \/>\n<meta property=\"og:url\" content=\"https:\/\/www.marbella.gr\/fr\/hotels\/marbella-corfu\/faq-marbella\/\" \/>\n<meta property=\"og:site_name\" content=\"Mar-Bella Collection\" \/>\n<meta property=\"article:modified_time\" content=\"2026-02-09T11:45:21+00:00\" \/>\n<meta property=\"og:image\" content=\"https:\/\/www.marbella.gr\/app\/uploads\/2023\/06\/Marbella23-0218.jpg\" \/>\n\t<meta property=\"og:image:width\" content=\"2055\" \/>\n\t<meta property=\"og:image:height\" content=\"1281\" \/>\n\t<meta property=\"og:image:type\" content=\"image\/jpeg\" \/>\n<meta name=\"twitter:card\" content=\"summary_large_image\" \/>\n<meta name=\"twitter:label1\" content=\"Dur\u00e9e de lecture estim\u00e9e\" \/>\n\t<meta name=\"twitter:data1\" content=\"1 minute\" \/>\n<!-- \/ Yoast SEO plugin. -->","yoast_head_json":{"title":"FAQ pour MarBella - Collection Mar-Bella","description":"Trouvez les r\u00e9ponses \u00e0 vos questions sur MarBella at Corfu. Obtenez des informations sur l'h\u00e9bergement, les \u00e9quipements, la restauration, les activit\u00e9s, et plus encore pour planifier facilement votre s\u00e9jour id\u00e9al !","robots":{"index":"index","follow":"follow","max-snippet":"max-snippet:-1","max-image-preview":"max-image-preview:large","max-video-preview":"max-video-preview:-1"},"canonical":"https:\/\/www.marbella.gr\/fr\/hotels\/marbella-corfu\/faq-marbella\/","og_locale":"fr_FR","og_type":"article","og_title":"FAQs for MarBella - Mar-Bella Collection","og_description":"Find answers to your queries about MarBella at Corfu. Get info on accommodations, amenities, dining, activities, and more to plan your perfect stay with ease!","og_url":"https:\/\/www.marbella.gr\/fr\/hotels\/marbella-corfu\/faq-marbella\/","og_site_name":"Mar-Bella Collection","article_modified_time":"2026-02-09T11:45:21+00:00","og_image":[{"width":2055,"height":1281,"url":"https:\/\/www.marbella.gr\/app\/uploads\/2023\/06\/Marbella23-0218.jpg","type":"image\/jpeg"}],"twitter_card":"summary_large_image","twitter_misc":{"Dur\u00e9e de lecture estim\u00e9e":"1 minute"},"schema":{"@context":"https:\/\/schema.org","@graph":[{"@type":"WebPage","@id":"https:\/\/www.marbella.gr\/hotels\/marbella-corfu\/faq-marbella\/","url":"https:\/\/www.marbella.gr\/hotels\/marbella-corfu\/faq-marbella\/","name":"FAQ pour MarBella - Collection Mar-Bella","isPartOf":{"@id":"https:\/\/www.marbella.gr\/#website"},"primaryImageOfPage":{"@id":"https:\/\/www.marbella.gr\/hotels\/marbella-corfu\/faq-marbella\/#primaryimage"},"image":{"@id":"https:\/\/www.marbella.gr\/hotels\/marbella-corfu\/faq-marbella\/#primaryimage"},"thumbnailUrl":"https:\/\/www.marbella.gr\/app\/uploads\/2023\/06\/Marbella23-0218.jpg","datePublished":"2024-06-20T10:25:08+00:00","dateModified":"2026-02-09T11:45:21+00:00","description":"Trouvez les r\u00e9ponses \u00e0 vos questions sur MarBella at Corfu. Obtenez des informations sur l'h\u00e9bergement, les \u00e9quipements, la restauration, les activit\u00e9s, et plus encore pour planifier facilement votre s\u00e9jour id\u00e9al !","breadcrumb":{"@id":"https:\/\/www.marbella.gr\/hotels\/marbella-corfu\/faq-marbella\/#breadcrumb"},"inLanguage":"fr-FR","potentialAction":[{"@type":"ReadAction","target":["https:\/\/www.marbella.gr\/hotels\/marbella-corfu\/faq-marbella\/"]}]},{"@type":"ImageObject","inLanguage":"fr-FR","@id":"https:\/\/www.marbella.gr\/hotels\/marbella-corfu\/faq-marbella\/#primaryimage","url":"https:\/\/www.marbella.gr\/app\/uploads\/2023\/06\/Marbella23-0218.jpg","contentUrl":"https:\/\/www.marbella.gr\/app\/uploads\/2023\/06\/Marbella23-0218.jpg","width":2055,"height":1281,"caption":"Discover Mar-Bella Collection - 5 star hotels in Corfu, Parga Greece"},{"@type":"BreadcrumbList","@id":"https:\/\/www.marbella.gr\/hotels\/marbella-corfu\/faq-marbella\/#breadcrumb","itemListElement":[{"@type":"ListItem","position":1,"name":"Home","item":"https:\/\/www.marbella.gr\/"},{"@type":"ListItem","position":2,"name":"Hotels","item":"https:\/\/www.marbella.gr\/hotels\/"},{"@type":"ListItem","position":3,"name":"MarBella","item":"https:\/\/www.marbella.gr\/hotels\/marbella-corfu\/"},{"@type":"ListItem","position":4,"name":"FAQs for MarBella"}]},{"@type":"WebSite","@id":"https:\/\/www.marbella.gr\/#website","url":"https:\/\/www.marbella.gr\/","name":"MarBella","description":"Une famille d'h\u00f4tels vous reliant \u00e0 la magnifique mer Ionienne","publisher":{"@id":"https:\/\/www.marbella.gr\/#organization"},"alternateName":"MarBella","potentialAction":[{"@type":"SearchAction","target":{"@type":"EntryPoint","urlTemplate":"https:\/\/www.marbella.gr\/?s={search_term_string}"},"query-input":{"@type":"PropertyValueSpecification","valueRequired":true,"valueName":"search_term_string"}}],"inLanguage":"fr-FR"},{"@type":"Organization","@id":"https:\/\/www.marbella.gr\/#organization","name":"MarBella","url":"https:\/\/www.marbella.gr\/","logo":{"@type":"ImageObject","inLanguage":"fr-FR","@id":"https:\/\/www.marbella.gr\/#\/schema\/logo\/image\/","url":"https:\/\/www.marbella.gr\/app\/uploads\/2023\/06\/Marbella-collection.png","contentUrl":"https:\/\/www.marbella.gr\/app\/uploads\/2023\/06\/Marbella-collection.png","width":230,"height":75,"caption":"MarBella"},"image":{"@id":"https:\/\/www.marbella.gr\/#\/schema\/logo\/image\/"}}]}},"_links":{"self":[{"href":"https:\/\/www.marbella.gr\/fr\/wp-json\/wp\/v2\/pages\/7793","targetHints":{"allow":["GET"]}}],"collection":[{"href":"https:\/\/www.marbella.gr\/fr\/wp-json\/wp\/v2\/pages"}],"about":[{"href":"https:\/\/www.marbella.gr\/fr\/wp-json\/wp\/v2\/types\/page"}],"author":[{"embeddable":true,"href":"https:\/\/www.marbella.gr\/fr\/wp-json\/wp\/v2\/users\/15"}],"replies":[{"embeddable":true,"href":"https:\/\/www.marbella.gr\/fr\/wp-json\/wp\/v2\/comments?post=7793"}],"version-history":[{"count":37,"href":"https:\/\/www.marbella.gr\/fr\/wp-json\/wp\/v2\/pages\/7793\/revisions"}],"predecessor-version":[{"id":13752,"href":"https:\/\/www.marbella.gr\/fr\/wp-json\/wp\/v2\/pages\/7793\/revisions\/13752"}],"up":[{"embeddable":true,"href":"https:\/\/www.marbella.gr\/fr\/wp-json\/wp\/v2\/pages\/797"}],"wp:featuredmedia":[{"embeddable":true,"href":"https:\/\/www.marbella.gr\/fr\/wp-json\/wp\/v2\/media\/4908"}],"wp:attachment":[{"href":"https:\/\/www.marbella.gr\/fr\/wp-json\/wp\/v2\/media?parent=7793"}],"curies":[{"name":"wp","href":"https:\/\/api.w.org\/{rel}","templated":true}]}}