{"id":795,"date":"2023-03-11T19:40:11","date_gmt":"2023-03-11T19:40:11","guid":{"rendered":"https:\/\/marbella.wdev\/?page_id=795"},"modified":"2026-04-02T11:57:43","modified_gmt":"2026-04-02T08:57:43","slug":"marbella-nido","status":"publish","type":"page","link":"https:\/\/www.marbella.gr\/fr\/hotels\/marbella-nido\/","title":{"rendered":"Nido"},"content":{"rendered":"<p><em>Une escapade sophistiqu\u00e9e pour adultes - con\u00e7ue autour de vous.<\/em><\/p>\n<p>Nich\u00e9 paisiblement sur la c\u00f4te ionienne ensoleill\u00e9e de Corfou,\u00a0<strong>Nido<\/strong>\u00a0est un sanctuaire r\u00e9serv\u00e9 aux adultes, con\u00e7u pour ceux qui souhaitent ralentir, respirer profond\u00e9ment et se reconnecter - avec eux-m\u00eames ou avec quelqu'un de sp\u00e9cial. En tant que fier membre de\u00a0<em>Petits h\u00f4tels de luxe du monde<\/em>L'h\u00f4tel Nido allie facilit\u00e9 et plaisir dans un cadre accueillant et serein. Et avec l'effervescence de la ville de Corfou \u00e0 une courte distance en voiture, vous n'\u00eates jamais loin d'un peu d'\u00e9clat.<\/p>\n<p>Que vous soyez ici pour vous d\u00e9tendre en solo, c\u00e9l\u00e9brer l'amour ou simplement passer du temps ensemble, le Nido vous offre l'espace n\u00e9cessaire pour vous \u00e9panouir pleinement. Notre \u00e9quipe est l\u00e0 pour vous rafra\u00eechir tout au long de la journ\u00e9e - sur notre plage priv\u00e9e, au bord de la piscine ou n'importe o\u00f9 entre les deux. Commencez votre matin\u00e9e sur la terrasse de yoga, visitez le spa pour un rituel apaisant ou faites le plein d'\u00e9nergie dans la salle de sport.<\/p>\n<p>Chaque suite est un havre de paix, avec un design \u00e9l\u00e9gant, des terrasses priv\u00e9es et des piscines accueillantes, id\u00e9ales pour se d\u00e9tendre avec un bon livre ou un verre \u00e0 la main. Vous avez envie de rester \u00e0 la maison ? Laissez le service d'\u00e9tage s'occuper de tout. Lorsque vous \u00eates pr\u00eat, rendez-vous au bar de la piscine pour un long d\u00e9jeuner ou un cocktail au coucher du soleil. \u00c0 la tomb\u00e9e de la nuit, nos chefs vous guideront dans un voyage culinaire \u00e0 travers les saveurs locales et mondiales, accompagn\u00e9es, bien s\u00fbr, de vins sur lesquels vous voudrez vous attarder.<\/p>\n<p><strong>Venez comme vous \u00eates.<\/strong>\u00a0Vous repartirez rafra\u00eechi, inspir\u00e9 et compl\u00e8tement vous-m\u00eame.<\/p>\n<p><img loading=\"lazy\" decoding=\"async\" class=\"aligncenter wp-image-10007\" src=\"https:\/\/www.marbella.gr\/app\/uploads\/2026\/03\/Nido-awards.png\" alt=\"\" width=\"695\" height=\"278\" \/><\/p>\n<p>Voir la vid\u00e9o Nido <span style=\"text-decoration: underline;\"><strong><a href=\"https:\/\/www.marbella.gr\/app\/uploads\/2023\/06\/nido-hero-video-1.mp4\" target=\"_blank\" rel=\"noopener\">ici<\/a><\/strong><\/span><\/p>","protected":false},"excerpt":{"rendered":"<p>A sophisticated escape for adults \u2013 designed around you. Nestled peacefully on Corfu\u2019s sun-drenched Ionian coast,\u00a0Nido\u00a0is an adults-only sanctuary made for those who want to slow down, breathe deep, and reconnect \u2013 with themselves or someone special. As a proud member of\u00a0Small Luxury Hotels of the World, Nido brings ease and indulgence together in a [&#8230;]<\/p>\n<p><a class=\"btn btn-secondary understrap-read-more-link\" href=\"https:\/\/www.marbella.gr\/fr\/hotels\/marbella-nido\/\">Read More&#8230;<span class=\"screen-reader-text\"> from Nido<\/span><\/a><\/p>\n","protected":false},"author":1,"featured_media":8468,"parent":793,"menu_order":2,"comment_status":"closed","ping_status":"closed","template":"page-templates\/hotel.php","meta":{"_acf_changed":false,"footnotes":""},"class_list":["post-795","page","type-page","status-publish","has-post-thumbnail","hentry"],"acf":[],"yoast_head":"<!-- This site is optimized with the Yoast SEO plugin v27.5 - https:\/\/yoast.com\/product\/yoast-seo-wordpress\/ -->\n<title>Nido by Mar-Bella Collection: 5-Star Hotel in Corfu Adults-Only<\/title>\n<meta name=\"description\" content=\"Escape to Nido by Mar-Bella Collection, a 5-star hotel in Corfu adults-only, crafted for exclusive adult enjoyment in your dream getaway.\" \/>\n<meta name=\"robots\" content=\"index, follow, max-snippet:-1, max-image-preview:large, max-video-preview:-1\" \/>\n<link rel=\"canonical\" href=\"https:\/\/www.marbella.gr\/fr\/hotels\/marbella-nido\/\" \/>\n<meta property=\"og:locale\" content=\"fr_FR\" \/>\n<meta property=\"og:type\" content=\"article\" \/>\n<meta property=\"og:title\" content=\"Nido by Mar-Bella Collection: 5-Star Hotel in Corfu Adults-Only\" \/>\n<meta property=\"og:description\" content=\"Escape to Nido by Mar-Bella Collection, a 5-star hotel in Corfu adults-only, crafted for exclusive adult enjoyment in your dream getaway.\" \/>\n<meta property=\"og:url\" content=\"https:\/\/www.marbella.gr\/fr\/hotels\/marbella-nido\/\" \/>\n<meta property=\"og:site_name\" content=\"Mar-Bella Collection\" \/>\n<meta property=\"article:modified_time\" content=\"2026-04-02T08:57:43+00:00\" \/>\n<meta property=\"og:image\" content=\"https:\/\/www.marbella.gr\/app\/uploads\/2024\/11\/Nido_Suite_Life-1-scaled.jpg\" \/>\n\t<meta property=\"og:image:width\" content=\"2560\" \/>\n\t<meta property=\"og:image:height\" content=\"1920\" \/>\n\t<meta property=\"og:image:type\" content=\"image\/jpeg\" \/>\n<meta name=\"twitter:card\" content=\"summary_large_image\" \/>\n<meta name=\"twitter:label1\" content=\"Dur\u00e9e de lecture estim\u00e9e\" \/>\n\t<meta name=\"twitter:data1\" content=\"2 minutes\" \/>\n<!-- \/ Yoast SEO plugin. -->","yoast_head_json":{"title":"Nido by Mar-Bella Collection : H\u00f4tel 5 \u00e9toiles \u00e0 Corfou R\u00e9serv\u00e9 aux adultes","description":"\u00c9vadez-vous au Nido by Mar-Bella Collection, un h\u00f4tel 5 \u00e9toiles \u00e0 Corfou r\u00e9serv\u00e9 aux adultes, con\u00e7u pour le plaisir exclusif des adultes dans votre escapade de r\u00eave.","robots":{"index":"index","follow":"follow","max-snippet":"max-snippet:-1","max-image-preview":"max-image-preview:large","max-video-preview":"max-video-preview:-1"},"canonical":"https:\/\/www.marbella.gr\/fr\/hotels\/marbella-nido\/","og_locale":"fr_FR","og_type":"article","og_title":"Nido by Mar-Bella Collection: 5-Star Hotel in Corfu Adults-Only","og_description":"Escape to Nido by Mar-Bella Collection, a 5-star hotel in Corfu adults-only, crafted for exclusive adult enjoyment in your dream getaway.","og_url":"https:\/\/www.marbella.gr\/fr\/hotels\/marbella-nido\/","og_site_name":"Mar-Bella Collection","article_modified_time":"2026-04-02T08:57:43+00:00","og_image":[{"width":2560,"height":1920,"url":"https:\/\/www.marbella.gr\/app\/uploads\/2024\/11\/Nido_Suite_Life-1-scaled.jpg","type":"image\/jpeg"}],"twitter_card":"summary_large_image","twitter_misc":{"Dur\u00e9e de lecture estim\u00e9e":"2 minutes"},"schema":{"@context":"https:\/\/schema.org","@graph":[{"@type":"WebPage","@id":"https:\/\/www.marbella.gr\/hotels\/marbella-nido\/","url":"https:\/\/www.marbella.gr\/hotels\/marbella-nido\/","name":"Nido by Mar-Bella Collection : H\u00f4tel 5 \u00e9toiles \u00e0 Corfou R\u00e9serv\u00e9 aux adultes","isPartOf":{"@id":"https:\/\/www.marbella.gr\/#website"},"primaryImageOfPage":{"@id":"https:\/\/www.marbella.gr\/hotels\/marbella-nido\/#primaryimage"},"image":{"@id":"https:\/\/www.marbella.gr\/hotels\/marbella-nido\/#primaryimage"},"thumbnailUrl":"https:\/\/www.marbella.gr\/app\/uploads\/2024\/11\/Nido_Suite_Life-1-scaled.jpg","datePublished":"2023-03-11T19:40:11+00:00","dateModified":"2026-04-02T08:57:43+00:00","description":"\u00c9vadez-vous au Nido by Mar-Bella Collection, un h\u00f4tel 5 \u00e9toiles \u00e0 Corfou r\u00e9serv\u00e9 aux adultes, con\u00e7u pour le plaisir exclusif des adultes dans votre escapade de r\u00eave.","breadcrumb":{"@id":"https:\/\/www.marbella.gr\/hotels\/marbella-nido\/#breadcrumb"},"inLanguage":"fr-FR","potentialAction":[{"@type":"ReadAction","target":["https:\/\/www.marbella.gr\/hotels\/marbella-nido\/"]}]},{"@type":"ImageObject","inLanguage":"fr-FR","@id":"https:\/\/www.marbella.gr\/hotels\/marbella-nido\/#primaryimage","url":"https:\/\/www.marbella.gr\/app\/uploads\/2024\/11\/Nido_Suite_Life-1-scaled.jpg","contentUrl":"https:\/\/www.marbella.gr\/app\/uploads\/2024\/11\/Nido_Suite_Life-1-scaled.jpg","width":2560,"height":1920,"caption":"Discover Mar-Bella Collection - 5 star hotels in Corfu, Parga Greece"},{"@type":"BreadcrumbList","@id":"https:\/\/www.marbella.gr\/hotels\/marbella-nido\/#breadcrumb","itemListElement":[{"@type":"ListItem","position":1,"name":"Home","item":"https:\/\/www.marbella.gr\/"},{"@type":"ListItem","position":2,"name":"Hotels","item":"https:\/\/www.marbella.gr\/hotels\/"},{"@type":"ListItem","position":3,"name":"Nido"}]},{"@type":"WebSite","@id":"https:\/\/www.marbella.gr\/#website","url":"https:\/\/www.marbella.gr\/","name":"MarBella","description":"Une famille d'h\u00f4tels vous reliant \u00e0 la magnifique mer Ionienne","publisher":{"@id":"https:\/\/www.marbella.gr\/#organization"},"alternateName":"MarBella","potentialAction":[{"@type":"SearchAction","target":{"@type":"EntryPoint","urlTemplate":"https:\/\/www.marbella.gr\/?s={search_term_string}"},"query-input":{"@type":"PropertyValueSpecification","valueRequired":true,"valueName":"search_term_string"}}],"inLanguage":"fr-FR"},{"@type":"Organization","@id":"https:\/\/www.marbella.gr\/#organization","name":"MarBella","url":"https:\/\/www.marbella.gr\/","logo":{"@type":"ImageObject","inLanguage":"fr-FR","@id":"https:\/\/www.marbella.gr\/#\/schema\/logo\/image\/","url":"https:\/\/www.marbella.gr\/app\/uploads\/2023\/06\/Marbella-collection.png","contentUrl":"https:\/\/www.marbella.gr\/app\/uploads\/2023\/06\/Marbella-collection.png","width":230,"height":75,"caption":"MarBella"},"image":{"@id":"https:\/\/www.marbella.gr\/#\/schema\/logo\/image\/"}}]}},"_links":{"self":[{"href":"https:\/\/www.marbella.gr\/fr\/wp-json\/wp\/v2\/pages\/795","targetHints":{"allow":["GET"]}}],"collection":[{"href":"https:\/\/www.marbella.gr\/fr\/wp-json\/wp\/v2\/pages"}],"about":[{"href":"https:\/\/www.marbella.gr\/fr\/wp-json\/wp\/v2\/types\/page"}],"author":[{"embeddable":true,"href":"https:\/\/www.marbella.gr\/fr\/wp-json\/wp\/v2\/users\/1"}],"replies":[{"embeddable":true,"href":"https:\/\/www.marbella.gr\/fr\/wp-json\/wp\/v2\/comments?post=795"}],"version-history":[{"count":82,"href":"https:\/\/www.marbella.gr\/fr\/wp-json\/wp\/v2\/pages\/795\/revisions"}],"predecessor-version":[{"id":14335,"href":"https:\/\/www.marbella.gr\/fr\/wp-json\/wp\/v2\/pages\/795\/revisions\/14335"}],"up":[{"embeddable":true,"href":"https:\/\/www.marbella.gr\/fr\/wp-json\/wp\/v2\/pages\/793"}],"wp:featuredmedia":[{"embeddable":true,"href":"https:\/\/www.marbella.gr\/fr\/wp-json\/wp\/v2\/media\/8468"}],"wp:attachment":[{"href":"https:\/\/www.marbella.gr\/fr\/wp-json\/wp\/v2\/media?parent=795"}],"curies":[{"name":"wp","href":"https:\/\/api.w.org\/{rel}","templated":true}]}}