{"id":797,"date":"2023-03-11T19:40:28","date_gmt":"2023-03-11T19:40:28","guid":{"rendered":"https:\/\/marbella.wdev\/?page_id=797"},"modified":"2026-03-31T09:59:21","modified_gmt":"2026-03-31T06:59:21","slug":"marbella-corfu","status":"publish","type":"page","link":"https:\/\/www.marbella.gr\/fr\/hotels\/marbella-corfu\/","title":{"rendered":"MarBella"},"content":{"rendered":"<p>Situ\u00e9e sur le littoral ensoleill\u00e9 de la c\u00f4te sud-est de Corfou, MarBella est pleine d'amour et de vie. Elle offre \u00e0 chacun une qualit\u00e9 cinq \u00e9toiles et tout ce dont il a besoin pour se d\u00e9tendre et s'amuser. Et il y en a beaucoup.<\/p>\n<p>Il s'agit d'\u00eatre ensemble. Manger, nager, se reposer, jouer, r\u00eaver et explorer. Des moments pr\u00e9cieux dont on se souviendra toujours. Et de voir vos proches rayonner et les liens qui vous unissent se resserrer.<\/p>\n<p>Vot\u00e9 ann\u00e9e apr\u00e8s ann\u00e9e dans le <strong>Cond\u00e9 Nast Traveller Reader's Choice Awards (en anglais)<\/strong> en tant que l'un des <strong>Les dix meilleures stations baln\u00e9aires de Gr\u00e8ce<\/strong>C'est un monde aux multiples dimensions et aux multiples plaisirs. Les jardins paysagers luxuriants offrent de vastes vues sur la mer Ionienne \u00e9meraude. Les chambres et les suites sont spacieuses, \u00e9l\u00e9gantes et d\u00e9cor\u00e9es avec soin. Le parc aquatique est un plaisir sans fin. Les menus regorgent de d\u00e9licieuses saveurs de la Gr\u00e8ce, de la M\u00e9diterran\u00e9e et d'ailleurs. Les cocktails sont pr\u00e9par\u00e9s \u00e0 la demande.<\/p>\n<p>Et comme presque tout est inclus, vous pouvez vous d\u00e9tendre compl\u00e8tement. Une autre glace ? Pourquoi pas ? Un petit creux au bord de la piscine ? Prenez l'en-cas de votre choix. Un ap\u00e9ritif avant le d\u00eener ? C'est la perfection.<\/p>\n<p><img loading=\"lazy\" decoding=\"async\" class=\"\" src=\"https:\/\/www.marbella.gr\/app\/uploads\/2026\/03\/MarBella-Logo.png\" width=\"1130\" height=\"452\" \/><\/p>\n<p>&nbsp;<\/p>\n<p><strong><span class=\"ui-provider ee bvo bqk bvp bvq bvr bvs bvt bvu bvv bvw bvx bvy bvz bwa bwb bwc bwd bwe bwf bwg bwh bwi bwj bwk bwl bwm bwn bwo bwp bwq bwr bws bwt bwu\" dir=\"ltr\">Voir la vid\u00e9o MarBella <span style=\"text-decoration: underline;\"><a href=\"https:\/\/www.marbella.gr\/fr\/app\/uploads\/2023\/06\/corfu-hero-video.mp4\/\" target=\"_blank\" rel=\"noopener\">ici<\/a><\/span><\/span><\/strong><\/p>","protected":false},"excerpt":{"rendered":"<p>Found on the sun-soaked shoreline of Corfu&#8217;s southeast coast, MarBella is full of love and life. It gives everyone five-star quality and all they need to relax and have fun. And plenty of it. It&#8217;s about togetherness. Eating, swimming, resting, playing, dreaming, and exploring. Precious moments to remember forever. And seeing your loved ones shine [&#8230;]<\/p>\n<p><a class=\"btn btn-secondary understrap-read-more-link\" href=\"https:\/\/www.marbella.gr\/fr\/hotels\/marbella-corfu\/\">Read More&#8230;<span class=\"screen-reader-text\"> from MarBella<\/span><\/a><\/p>\n","protected":false},"author":1,"featured_media":8552,"parent":793,"menu_order":1,"comment_status":"closed","ping_status":"closed","template":"page-templates\/hotel.php","meta":{"_acf_changed":false,"footnotes":""},"class_list":["post-797","page","type-page","status-publish","has-post-thumbnail","hentry"],"acf":[],"yoast_head":"<!-- This site is optimized with the Yoast SEO plugin v27.2 - https:\/\/yoast.com\/product\/yoast-seo-wordpress\/ -->\n<title>MarBella by Mar-Bella Collection: 5-Star Excellence in Corfu<\/title>\n<meta name=\"description\" content=\"Experience the ultimate luxury at MarBella, a 5-star hotel in Corfu, offering breathtaking beachfront views and surrounded by lush nature.\" \/>\n<meta name=\"robots\" content=\"index, follow, max-snippet:-1, max-image-preview:large, max-video-preview:-1\" \/>\n<link rel=\"canonical\" href=\"https:\/\/www.marbella.gr\/fr\/hotels\/marbella-corfu\/\" \/>\n<meta property=\"og:locale\" content=\"fr_FR\" \/>\n<meta property=\"og:type\" content=\"article\" \/>\n<meta property=\"og:title\" content=\"MarBella by Mar-Bella Collection: 5-Star Excellence in Corfu\" \/>\n<meta property=\"og:description\" content=\"Experience the ultimate luxury at MarBella, a 5-star hotel in Corfu, offering breathtaking beachfront views and surrounded by lush nature.\" \/>\n<meta property=\"og:url\" content=\"https:\/\/www.marbella.gr\/fr\/hotels\/marbella-corfu\/\" \/>\n<meta property=\"og:site_name\" content=\"Mar-Bella Collection\" \/>\n<meta property=\"article:modified_time\" content=\"2026-03-31T06:59:21+00:00\" \/>\n<meta property=\"og:image\" content=\"https:\/\/www.marbella.gr\/app\/uploads\/2024\/11\/MarBella_Family_Experiences-26-scaled.jpg\" \/>\n\t<meta property=\"og:image:width\" content=\"2560\" \/>\n\t<meta property=\"og:image:height\" content=\"1924\" \/>\n\t<meta property=\"og:image:type\" content=\"image\/jpeg\" \/>\n<meta name=\"twitter:card\" content=\"summary_large_image\" \/>\n<meta name=\"twitter:label1\" content=\"Dur\u00e9e de lecture estim\u00e9e\" \/>\n\t<meta name=\"twitter:data1\" content=\"2 minutes\" \/>\n<!-- \/ Yoast SEO plugin. -->","yoast_head_json":{"title":"MarBella by Mar-Bella Collection : L'excellence 5 \u00e9toiles \u00e0 Corfou","description":"D\u00e9couvrez le luxe ultime au MarBella, un h\u00f4tel 5 \u00e9toiles situ\u00e9 \u00e0 Corfou, offrant une vue imprenable sur la plage et entour\u00e9 d'une nature luxuriante.","robots":{"index":"index","follow":"follow","max-snippet":"max-snippet:-1","max-image-preview":"max-image-preview:large","max-video-preview":"max-video-preview:-1"},"canonical":"https:\/\/www.marbella.gr\/fr\/hotels\/marbella-corfu\/","og_locale":"fr_FR","og_type":"article","og_title":"MarBella by Mar-Bella Collection: 5-Star Excellence in Corfu","og_description":"Experience the ultimate luxury at MarBella, a 5-star hotel in Corfu, offering breathtaking beachfront views and surrounded by lush nature.","og_url":"https:\/\/www.marbella.gr\/fr\/hotels\/marbella-corfu\/","og_site_name":"Mar-Bella Collection","article_modified_time":"2026-03-31T06:59:21+00:00","og_image":[{"width":2560,"height":1924,"url":"https:\/\/www.marbella.gr\/app\/uploads\/2024\/11\/MarBella_Family_Experiences-26-scaled.jpg","type":"image\/jpeg"}],"twitter_card":"summary_large_image","twitter_misc":{"Dur\u00e9e de lecture estim\u00e9e":"2 minutes"},"schema":{"@context":"https:\/\/schema.org","@graph":[{"@type":"WebPage","@id":"https:\/\/www.marbella.gr\/hotels\/marbella-corfu\/","url":"https:\/\/www.marbella.gr\/hotels\/marbella-corfu\/","name":"MarBella by Mar-Bella Collection : L'excellence 5 \u00e9toiles \u00e0 Corfou","isPartOf":{"@id":"https:\/\/www.marbella.gr\/#website"},"primaryImageOfPage":{"@id":"https:\/\/www.marbella.gr\/hotels\/marbella-corfu\/#primaryimage"},"image":{"@id":"https:\/\/www.marbella.gr\/hotels\/marbella-corfu\/#primaryimage"},"thumbnailUrl":"https:\/\/www.marbella.gr\/app\/uploads\/2024\/11\/MarBella_Family_Experiences-26-scaled.jpg","datePublished":"2023-03-11T19:40:28+00:00","dateModified":"2026-03-31T06:59:21+00:00","description":"D\u00e9couvrez le luxe ultime au MarBella, un h\u00f4tel 5 \u00e9toiles situ\u00e9 \u00e0 Corfou, offrant une vue imprenable sur la plage et entour\u00e9 d'une nature luxuriante.","breadcrumb":{"@id":"https:\/\/www.marbella.gr\/hotels\/marbella-corfu\/#breadcrumb"},"inLanguage":"fr-FR","potentialAction":[{"@type":"ReadAction","target":["https:\/\/www.marbella.gr\/hotels\/marbella-corfu\/"]}]},{"@type":"ImageObject","inLanguage":"fr-FR","@id":"https:\/\/www.marbella.gr\/hotels\/marbella-corfu\/#primaryimage","url":"https:\/\/www.marbella.gr\/app\/uploads\/2024\/11\/MarBella_Family_Experiences-26-scaled.jpg","contentUrl":"https:\/\/www.marbella.gr\/app\/uploads\/2024\/11\/MarBella_Family_Experiences-26-scaled.jpg","width":2560,"height":1924,"caption":"Discover MarBella by Mar-Bella Collection - 5 star hotel in Corfu, Parga Greece"},{"@type":"BreadcrumbList","@id":"https:\/\/www.marbella.gr\/hotels\/marbella-corfu\/#breadcrumb","itemListElement":[{"@type":"ListItem","position":1,"name":"Home","item":"https:\/\/www.marbella.gr\/"},{"@type":"ListItem","position":2,"name":"Hotels","item":"https:\/\/www.marbella.gr\/hotels\/"},{"@type":"ListItem","position":3,"name":"MarBella"}]},{"@type":"WebSite","@id":"https:\/\/www.marbella.gr\/#website","url":"https:\/\/www.marbella.gr\/","name":"MarBella","description":"Une famille d'h\u00f4tels vous reliant \u00e0 la magnifique mer Ionienne","publisher":{"@id":"https:\/\/www.marbella.gr\/#organization"},"alternateName":"MarBella","potentialAction":[{"@type":"SearchAction","target":{"@type":"EntryPoint","urlTemplate":"https:\/\/www.marbella.gr\/?s={search_term_string}"},"query-input":{"@type":"PropertyValueSpecification","valueRequired":true,"valueName":"search_term_string"}}],"inLanguage":"fr-FR"},{"@type":"Organization","@id":"https:\/\/www.marbella.gr\/#organization","name":"MarBella","url":"https:\/\/www.marbella.gr\/","logo":{"@type":"ImageObject","inLanguage":"fr-FR","@id":"https:\/\/www.marbella.gr\/#\/schema\/logo\/image\/","url":"https:\/\/www.marbella.gr\/app\/uploads\/2023\/06\/Marbella-collection.png","contentUrl":"https:\/\/www.marbella.gr\/app\/uploads\/2023\/06\/Marbella-collection.png","width":230,"height":75,"caption":"MarBella"},"image":{"@id":"https:\/\/www.marbella.gr\/#\/schema\/logo\/image\/"}}]}},"_links":{"self":[{"href":"https:\/\/www.marbella.gr\/fr\/wp-json\/wp\/v2\/pages\/797","targetHints":{"allow":["GET"]}}],"collection":[{"href":"https:\/\/www.marbella.gr\/fr\/wp-json\/wp\/v2\/pages"}],"about":[{"href":"https:\/\/www.marbella.gr\/fr\/wp-json\/wp\/v2\/types\/page"}],"author":[{"embeddable":true,"href":"https:\/\/www.marbella.gr\/fr\/wp-json\/wp\/v2\/users\/1"}],"replies":[{"embeddable":true,"href":"https:\/\/www.marbella.gr\/fr\/wp-json\/wp\/v2\/comments?post=797"}],"version-history":[{"count":88,"href":"https:\/\/www.marbella.gr\/fr\/wp-json\/wp\/v2\/pages\/797\/revisions"}],"predecessor-version":[{"id":14300,"href":"https:\/\/www.marbella.gr\/fr\/wp-json\/wp\/v2\/pages\/797\/revisions\/14300"}],"up":[{"embeddable":true,"href":"https:\/\/www.marbella.gr\/fr\/wp-json\/wp\/v2\/pages\/793"}],"wp:featuredmedia":[{"embeddable":true,"href":"https:\/\/www.marbella.gr\/fr\/wp-json\/wp\/v2\/media\/8552"}],"wp:attachment":[{"href":"https:\/\/www.marbella.gr\/fr\/wp-json\/wp\/v2\/media?parent=797"}],"curies":[{"name":"wp","href":"https:\/\/api.w.org\/{rel}","templated":true}]}}