{"id":8046,"date":"2024-08-30T08:22:14","date_gmt":"2024-08-30T08:22:14","guid":{"rendered":"https:\/\/www.marbella.gr\/offers-copy\/"},"modified":"2025-11-25T16:45:18","modified_gmt":"2025-11-25T14:45:18","slug":"season-offers","status":"publish","type":"page","link":"https:\/\/www.marbella.gr\/fr\/season-offers\/","title":{"rendered":"2027 Early Booking Offers"},"content":{"rendered":"<p>Planifiez vos prochaines vacances d'\u00e9t\u00e9 avec Mar-Bella Collection et \u00e9conomisez ! Qu'il s'agisse de vacances familiales Premium All-Inclusive ou d'escapades relaxantes pour adultes, Mar-Bella Collection a l'endroit id\u00e9al pour tous.<\/p>","protected":false},"excerpt":{"rendered":"<p>Plan your upcoming summer holidays with Mar-Bella Collection and save! Choose from Premium All-Inclusive family holidays to serene and relaxing adult-only escape, Mar-Bella Collection has the perfect place for all. [&#8230;]<\/p>\n<p><a class=\"btn btn-secondary understrap-read-more-link\" href=\"https:\/\/www.marbella.gr\/fr\/season-offers\/\">Read More&#8230;<span class=\"screen-reader-text\"> from 2027 Early Booking Offers<\/span><\/a><\/p>\n","protected":false},"author":16,"featured_media":4828,"parent":0,"menu_order":0,"comment_status":"closed","ping_status":"closed","template":"page-templates\/offers.php","meta":{"_acf_changed":false,"footnotes":""},"class_list":["post-8046","page","type-page","status-publish","has-post-thumbnail","hentry"],"acf":[],"yoast_head":"<!-- This site is optimized with the Yoast SEO plugin v27.4 - https:\/\/yoast.com\/product\/yoast-seo-wordpress\/ -->\n<title>Corfu &amp; Parga luxury hotel value Offers | MarBella Collection<\/title>\n<meta name=\"description\" content=\"Plan your upcoming holidays with Mar-Bella Collection and save with our Early Booking Offers for season 2027!\" \/>\n<meta name=\"robots\" content=\"index, follow, max-snippet:-1, max-image-preview:large, max-video-preview:-1\" \/>\n<link rel=\"canonical\" href=\"https:\/\/www.marbella.gr\/fr\/offers\/\" \/>\n<meta property=\"og:locale\" content=\"fr_FR\" \/>\n<meta property=\"og:type\" content=\"article\" \/>\n<meta property=\"og:title\" content=\"Corfu &amp; Parga luxury hotel value Offers | MarBella Collection\" \/>\n<meta property=\"og:description\" content=\"Plan your upcoming holidays with Mar-Bella Collection and save with our Early Booking Offers for season 2027!\" \/>\n<meta property=\"og:url\" content=\"https:\/\/www.marbella.gr\/fr\/offers\/\" \/>\n<meta property=\"og:site_name\" content=\"Mar-Bella Collection\" \/>\n<meta property=\"article:modified_time\" content=\"2025-11-25T14:45:18+00:00\" \/>\n<meta property=\"og:image\" content=\"https:\/\/www.marbella.gr\/app\/uploads\/2023\/05\/One-Bedroom-Bungalow-Suite-PP.jpg\" \/>\n\t<meta property=\"og:image:width\" content=\"1921\" \/>\n\t<meta property=\"og:image:height\" content=\"1281\" \/>\n\t<meta property=\"og:image:type\" content=\"image\/jpeg\" \/>\n<meta name=\"twitter:card\" content=\"summary_large_image\" \/>\n<meta name=\"twitter:label1\" content=\"Dur\u00e9e de lecture estim\u00e9e\" \/>\n\t<meta name=\"twitter:data1\" content=\"1 minute\" \/>\n<!-- \/ Yoast SEO plugin. -->","yoast_head_json":{"title":"Corfou &amp; Parga h\u00f4tel de luxe Offres de valeur | Mar-Bella Collection","description":"Planifiez vos prochaines vacances avec Mar-Bella Collection et \u00e9conomisez gr\u00e2ce \u00e0 nos offres de r\u00e9servation anticip\u00e9e pour la saison 2027 !","robots":{"index":"index","follow":"follow","max-snippet":"max-snippet:-1","max-image-preview":"max-image-preview:large","max-video-preview":"max-video-preview:-1"},"canonical":"https:\/\/www.marbella.gr\/fr\/offers\/","og_locale":"fr_FR","og_type":"article","og_title":"Corfu & Parga luxury hotel value Offers | MarBella Collection","og_description":"Plan your upcoming holidays with Mar-Bella Collection and save with our Early Booking Offers for season 2027!","og_url":"https:\/\/www.marbella.gr\/fr\/offers\/","og_site_name":"Mar-Bella Collection","article_modified_time":"2025-11-25T14:45:18+00:00","og_image":[{"width":1921,"height":1281,"url":"https:\/\/www.marbella.gr\/app\/uploads\/2023\/05\/One-Bedroom-Bungalow-Suite-PP.jpg","type":"image\/jpeg"}],"twitter_card":"summary_large_image","twitter_misc":{"Dur\u00e9e de lecture estim\u00e9e":"1 minute"},"schema":{"@context":"https:\/\/schema.org","@graph":[{"@type":"WebPage","@id":"https:\/\/www.marbella.gr\/season-offers\/","url":"https:\/\/www.marbella.gr\/offers","name":"Corfou &amp; Parga h\u00f4tel de luxe Offres de valeur | Mar-Bella Collection","isPartOf":{"@id":"https:\/\/www.marbella.gr\/#website"},"primaryImageOfPage":{"@id":"https:\/\/www.marbella.gr\/offers#primaryimage"},"image":{"@id":"https:\/\/www.marbella.gr\/offers#primaryimage"},"thumbnailUrl":"https:\/\/www.marbella.gr\/app\/uploads\/2023\/05\/One-Bedroom-Bungalow-Suite-PP.jpg","datePublished":"2024-08-30T08:22:14+00:00","dateModified":"2025-11-25T14:45:18+00:00","description":"Planifiez vos prochaines vacances avec Mar-Bella Collection et \u00e9conomisez gr\u00e2ce \u00e0 nos offres de r\u00e9servation anticip\u00e9e pour la saison 2027 !","breadcrumb":{"@id":"https:\/\/www.marbella.gr\/offers#breadcrumb"},"inLanguage":"fr-FR","potentialAction":[{"@type":"ReadAction","target":["https:\/\/www.marbella.gr\/offers"]}]},{"@type":"ImageObject","inLanguage":"fr-FR","@id":"https:\/\/www.marbella.gr\/offers#primaryimage","url":"https:\/\/www.marbella.gr\/app\/uploads\/2023\/05\/One-Bedroom-Bungalow-Suite-PP.jpg","contentUrl":"https:\/\/www.marbella.gr\/app\/uploads\/2023\/05\/One-Bedroom-Bungalow-Suite-PP.jpg","width":1921,"height":1281,"caption":"Discover Mar-Bella Collection - 5 star hotels in Corfu, Parga Greece"},{"@type":"BreadcrumbList","@id":"https:\/\/www.marbella.gr\/offers#breadcrumb","itemListElement":[{"@type":"ListItem","position":1,"name":"Home","item":"https:\/\/www.marbella.gr\/"},{"@type":"ListItem","position":2,"name":"2027 Early Booking Offers"}]},{"@type":"WebSite","@id":"https:\/\/www.marbella.gr\/#website","url":"https:\/\/www.marbella.gr\/","name":"MarBella","description":"Une famille d'h\u00f4tels vous reliant \u00e0 la magnifique mer Ionienne","publisher":{"@id":"https:\/\/www.marbella.gr\/#organization"},"alternateName":"MarBella","potentialAction":[{"@type":"SearchAction","target":{"@type":"EntryPoint","urlTemplate":"https:\/\/www.marbella.gr\/?s={search_term_string}"},"query-input":{"@type":"PropertyValueSpecification","valueRequired":true,"valueName":"search_term_string"}}],"inLanguage":"fr-FR"},{"@type":"Organization","@id":"https:\/\/www.marbella.gr\/#organization","name":"MarBella","url":"https:\/\/www.marbella.gr\/","logo":{"@type":"ImageObject","inLanguage":"fr-FR","@id":"https:\/\/www.marbella.gr\/#\/schema\/logo\/image\/","url":"https:\/\/www.marbella.gr\/app\/uploads\/2023\/06\/Marbella-collection.png","contentUrl":"https:\/\/www.marbella.gr\/app\/uploads\/2023\/06\/Marbella-collection.png","width":230,"height":75,"caption":"MarBella"},"image":{"@id":"https:\/\/www.marbella.gr\/#\/schema\/logo\/image\/"}}]}},"_links":{"self":[{"href":"https:\/\/www.marbella.gr\/fr\/wp-json\/wp\/v2\/pages\/8046","targetHints":{"allow":["GET"]}}],"collection":[{"href":"https:\/\/www.marbella.gr\/fr\/wp-json\/wp\/v2\/pages"}],"about":[{"href":"https:\/\/www.marbella.gr\/fr\/wp-json\/wp\/v2\/types\/page"}],"author":[{"embeddable":true,"href":"https:\/\/www.marbella.gr\/fr\/wp-json\/wp\/v2\/users\/16"}],"replies":[{"embeddable":true,"href":"https:\/\/www.marbella.gr\/fr\/wp-json\/wp\/v2\/comments?post=8046"}],"version-history":[{"count":11,"href":"https:\/\/www.marbella.gr\/fr\/wp-json\/wp\/v2\/pages\/8046\/revisions"}],"predecessor-version":[{"id":11536,"href":"https:\/\/www.marbella.gr\/fr\/wp-json\/wp\/v2\/pages\/8046\/revisions\/11536"}],"wp:featuredmedia":[{"embeddable":true,"href":"https:\/\/www.marbella.gr\/fr\/wp-json\/wp\/v2\/media\/4828"}],"wp:attachment":[{"href":"https:\/\/www.marbella.gr\/fr\/wp-json\/wp\/v2\/media?parent=8046"}],"curies":[{"name":"wp","href":"https:\/\/api.w.org\/{rel}","templated":true}]}}