{"id":8230,"date":"2024-10-03T13:45:10","date_gmt":"2024-10-03T13:45:10","guid":{"rendered":"https:\/\/www.marbella.gr\/?page_id=8230"},"modified":"2026-04-01T15:00:37","modified_gmt":"2026-04-01T12:00:37","slug":"twin-center","status":"publish","type":"page","link":"https:\/\/www.marbella.gr\/fr\/twin-center\/","title":{"rendered":"Escapades \u00e0 Twin Centre avec Mar-Bella Collection"},"content":{"rendered":"<p>Alors que vous pensiez que des vacances ne pouvaient pas \u00eatre plus indulgentes qu'un s\u00e9jour dans l'une des superbes destinations de Mar-Bella Collection, voici nos escapades au Twin Centre. Cette exp\u00e9rience parfaitement combin\u00e9e permet de passer du temps \u00e0 <a href=\"https:\/\/www.marbella.gr\/fr\/hotels\/marbella-corfu\/\" target=\"_blank\" rel=\"noopener\"><strong>MarBella,<\/strong><\/a>\u00a0<a href=\"https:\/\/www.marbella.gr\/fr\/hotels\/marbella-nido\/\" target=\"_blank\" rel=\"noopener\"><strong>Nido<\/strong><\/a> ou <strong><a href=\"https:\/\/www.marbella.gr\/fr\/hotels\/avali-hotel\/\">Avali<\/a><\/strong> \u00e0 Corfou avec un s\u00e9jour \u00e0 <a href=\"https:\/\/www.marbella.gr\/fr\/hotels\/marbella-elix\/\" target=\"_blank\" rel=\"noopener\"><strong>Elix<\/strong><\/a> de l'autre c\u00f4t\u00e9 de la mer Ionienne, \u00e0 l'ouest de la Gr\u00e8ce continentale.<\/p>\n<p>Choose one of our amazing hotels on stunning Corfu, an island steeped in colourful history and influences, including the capital\u2019s Old Town, a UNESCO World Heritage site, packed with cultural, artistic and culinary treasures. Take your pick from the luxurious MarBella, the place to relax and have fun with your loved ones, check in to our intimate grown-up getaway Nido, for a stay of five-star perfection and peace or step into <i>Avali<\/i>, the newest addition to the Mar-Bella Collection, opening in 2025, where beach life and laid-back luxury come together.<\/p>\n<p>Combinez cela avec une visite inoubliable \u00e0 Elix, sur la c\u00f4te immacul\u00e9e de l'\u00c9pire, l'un des secrets les mieux gard\u00e9s du continent. Surplombant majestueusement la magnifique plage de Karavostasi et les eaux cristallines de la mer Ionienne, cet h\u00f4tel luxueux offre une escapade parfaite pour les couples et les grandes familles. Il vous invite \u00e0 fuir le monde num\u00e9rique et \u00e0 explorer les grands espaces gr\u00e2ce \u00e0 la gamme d'activit\u00e9s terrestres et marines propos\u00e9es.<\/p>\n<p>Prenez le temps de passer d'un h\u00f4tel \u00e0 l'autre et impr\u00e9gnez-vous de la beaut\u00e9 naturelle d'un environnement vierge.<\/p>","protected":false},"excerpt":{"rendered":"<p>When you thought a holiday couldn\u2019t get any more indulgent than a stay at one of Mar-Bella Collection\u2019s stunning destinations, along come our Twin Centre getaways. This perfectly paired experience combines time at MarBella,\u00a0Nido or Avali on Corfu with a stay at Elix just across the Ionian Sea on the west side of mainland Greece. [&#8230;]<\/p>\n<p><a class=\"btn btn-secondary understrap-read-more-link\" href=\"https:\/\/www.marbella.gr\/fr\/twin-center\/\">Read More&#8230;<span class=\"screen-reader-text\"> from Twin Centre Getaways with Mar-Bella Collection<\/span><\/a><\/p>\n","protected":false},"author":16,"featured_media":0,"parent":0,"menu_order":0,"comment_status":"closed","ping_status":"closed","template":"","meta":{"_acf_changed":false,"footnotes":""},"class_list":["post-8230","page","type-page","status-publish","hentry"],"acf":[],"yoast_head":"<!-- This site is optimized with the Yoast SEO plugin v27.5 - https:\/\/yoast.com\/product\/yoast-seo-wordpress\/ -->\n<title>Twin Centre Getaways in Corfu &amp; Epirus | Mar-Bella Collection<\/title>\n<meta name=\"description\" content=\"Experience the ultimate indulgence with Mar-Bella Collection\u2019s Twin Centre getaways, combining stays at MarBella, Nido, Avali in Corfu and Elix on Epirus\u2019 pristine coast.\" \/>\n<meta name=\"robots\" content=\"index, follow, max-snippet:-1, max-image-preview:large, max-video-preview:-1\" \/>\n<link rel=\"canonical\" href=\"https:\/\/www.marbella.gr\/fr\/twin-center\/\" \/>\n<meta property=\"og:locale\" content=\"fr_FR\" \/>\n<meta property=\"og:type\" content=\"article\" \/>\n<meta property=\"og:title\" content=\"Twin Centre Getaways in Corfu &amp; Epirus | Mar-Bella Collection\" \/>\n<meta property=\"og:description\" content=\"Experience the ultimate indulgence with Mar-Bella Collection\u2019s Twin Centre getaways, combining stays at MarBella, Nido, Avali in Corfu and Elix on Epirus\u2019 pristine coast.\" \/>\n<meta property=\"og:url\" content=\"https:\/\/www.marbella.gr\/fr\/twin-center\/\" \/>\n<meta property=\"og:site_name\" content=\"Mar-Bella Collection\" \/>\n<meta property=\"article:modified_time\" content=\"2026-04-01T12:00:37+00:00\" \/>\n<meta property=\"og:image\" content=\"https:\/\/www.marbella.gr\/app\/uploads\/2024\/05\/Elix_Water-Sports-2-scaled.jpg\" \/>\n\t<meta property=\"og:image:width\" content=\"2560\" \/>\n\t<meta property=\"og:image:height\" content=\"1705\" \/>\n\t<meta property=\"og:image:type\" content=\"image\/jpeg\" \/>\n<meta name=\"twitter:card\" content=\"summary_large_image\" \/>\n<meta name=\"twitter:label1\" content=\"Dur\u00e9e de lecture estim\u00e9e\" \/>\n\t<meta name=\"twitter:data1\" content=\"2 minutes\" \/>\n<!-- \/ Yoast SEO plugin. -->","yoast_head_json":{"title":"Escapades \u00e0 Corfou et en \u00c9pire dans un centre jumel\u00e9 | Mar-Bella Collection","description":"Faites l'exp\u00e9rience du plaisir ultime avec les escapades Twin Centre de Mar-Bella Collection, qui combinent des s\u00e9jours \u00e0 MarBella, Nido, Avali \u00e0 Corfou et Elix sur la c\u00f4te vierge de l'\u00c9pire.","robots":{"index":"index","follow":"follow","max-snippet":"max-snippet:-1","max-image-preview":"max-image-preview:large","max-video-preview":"max-video-preview:-1"},"canonical":"https:\/\/www.marbella.gr\/fr\/twin-center\/","og_locale":"fr_FR","og_type":"article","og_title":"Twin Centre Getaways in Corfu & Epirus | Mar-Bella Collection","og_description":"Experience the ultimate indulgence with Mar-Bella Collection\u2019s Twin Centre getaways, combining stays at MarBella, Nido, Avali in Corfu and Elix on Epirus\u2019 pristine coast.","og_url":"https:\/\/www.marbella.gr\/fr\/twin-center\/","og_site_name":"Mar-Bella Collection","article_modified_time":"2026-04-01T12:00:37+00:00","og_image":[{"width":2560,"height":1705,"url":"https:\/\/www.marbella.gr\/app\/uploads\/2024\/05\/Elix_Water-Sports-2-scaled.jpg","type":"image\/jpeg"}],"twitter_card":"summary_large_image","twitter_misc":{"Dur\u00e9e de lecture estim\u00e9e":"2 minutes"},"schema":{"@context":"https:\/\/schema.org","@graph":[{"@type":"WebPage","@id":"https:\/\/www.marbella.gr\/twin-center\/","url":"https:\/\/www.marbella.gr\/twin-center\/","name":"Escapades \u00e0 Corfou et en \u00c9pire dans un centre jumel\u00e9 | Mar-Bella Collection","isPartOf":{"@id":"https:\/\/www.marbella.gr\/#website"},"datePublished":"2024-10-03T13:45:10+00:00","dateModified":"2026-04-01T12:00:37+00:00","description":"Faites l'exp\u00e9rience du plaisir ultime avec les escapades Twin Centre de Mar-Bella Collection, qui combinent des s\u00e9jours \u00e0 MarBella, Nido, Avali \u00e0 Corfou et Elix sur la c\u00f4te vierge de l'\u00c9pire.","breadcrumb":{"@id":"https:\/\/www.marbella.gr\/twin-center\/#breadcrumb"},"inLanguage":"fr-FR","potentialAction":[{"@type":"ReadAction","target":["https:\/\/www.marbella.gr\/twin-center\/"]}]},{"@type":"BreadcrumbList","@id":"https:\/\/www.marbella.gr\/twin-center\/#breadcrumb","itemListElement":[{"@type":"ListItem","position":1,"name":"Home","item":"https:\/\/www.marbella.gr\/"},{"@type":"ListItem","position":2,"name":"Twin Centre Getaways with Mar-Bella Collection"}]},{"@type":"WebSite","@id":"https:\/\/www.marbella.gr\/#website","url":"https:\/\/www.marbella.gr\/","name":"MarBella","description":"Une famille d'h\u00f4tels vous reliant \u00e0 la magnifique mer Ionienne","publisher":{"@id":"https:\/\/www.marbella.gr\/#organization"},"alternateName":"MarBella","potentialAction":[{"@type":"SearchAction","target":{"@type":"EntryPoint","urlTemplate":"https:\/\/www.marbella.gr\/?s={search_term_string}"},"query-input":{"@type":"PropertyValueSpecification","valueRequired":true,"valueName":"search_term_string"}}],"inLanguage":"fr-FR"},{"@type":"Organization","@id":"https:\/\/www.marbella.gr\/#organization","name":"MarBella","url":"https:\/\/www.marbella.gr\/","logo":{"@type":"ImageObject","inLanguage":"fr-FR","@id":"https:\/\/www.marbella.gr\/#\/schema\/logo\/image\/","url":"https:\/\/www.marbella.gr\/app\/uploads\/2023\/06\/Marbella-collection.png","contentUrl":"https:\/\/www.marbella.gr\/app\/uploads\/2023\/06\/Marbella-collection.png","width":230,"height":75,"caption":"MarBella"},"image":{"@id":"https:\/\/www.marbella.gr\/#\/schema\/logo\/image\/"}}]}},"_links":{"self":[{"href":"https:\/\/www.marbella.gr\/fr\/wp-json\/wp\/v2\/pages\/8230","targetHints":{"allow":["GET"]}}],"collection":[{"href":"https:\/\/www.marbella.gr\/fr\/wp-json\/wp\/v2\/pages"}],"about":[{"href":"https:\/\/www.marbella.gr\/fr\/wp-json\/wp\/v2\/types\/page"}],"author":[{"embeddable":true,"href":"https:\/\/www.marbella.gr\/fr\/wp-json\/wp\/v2\/users\/16"}],"replies":[{"embeddable":true,"href":"https:\/\/www.marbella.gr\/fr\/wp-json\/wp\/v2\/comments?post=8230"}],"version-history":[{"count":19,"href":"https:\/\/www.marbella.gr\/fr\/wp-json\/wp\/v2\/pages\/8230\/revisions"}],"predecessor-version":[{"id":14320,"href":"https:\/\/www.marbella.gr\/fr\/wp-json\/wp\/v2\/pages\/8230\/revisions\/14320"}],"wp:attachment":[{"href":"https:\/\/www.marbella.gr\/fr\/wp-json\/wp\/v2\/media?parent=8230"}],"curies":[{"name":"wp","href":"https:\/\/api.w.org\/{rel}","templated":true}]}}