{"id":8298,"date":"2024-10-24T07:39:48","date_gmt":"2024-10-24T07:39:48","guid":{"rendered":"https:\/\/www.marbella.gr\/?page_id=8298"},"modified":"2025-12-11T11:28:33","modified_gmt":"2025-12-11T09:28:33","slug":"whats-included","status":"publish","type":"page","link":"https:\/\/www.marbella.gr\/fr\/hotels\/avali-hotel\/whats-included\/","title":{"rendered":"Ce qui est inclus"},"content":{"rendered":"<p style=\"text-align: center;\">Chez Avali, vous \u00eates invit\u00e9 \u00e0 vous simplifier la vie gr\u00e2ce \u00e0 la formule Premium All-Inclusive. Des repas aux boissons en passant par les activit\u00e9s et les divertissements, tout est r\u00e9gl\u00e9 avant votre arriv\u00e9e et vous n'avez plus qu'\u00e0 profiter d'une escapade sans stress. Comme c'est agr\u00e9able !<\/p>\n<p style=\"text-align: center;\">Jetez un coup d'\u0153il...<\/p>\n<p style=\"text-align: center;\"><span data-olk-copy-source=\"MessageBody\">D\u00eener toute la journ\u00e9e et repas \u00e0 la carte avec des menus enrichie au restaurant Zardini, programme Dine Around, rafra\u00eechissements au bord de la piscine ou de la plage deux fois par jour, boissons de marque, signature cocktails et s\u00e9lection de vins, glaces \u00e0 volont\u00e9, snacks et rafra\u00eechissements, utilisation gratuite pendant 30 minutes d'un cano\u00eb, d'un p\u00e9dalo ou d'un SUP par personne et par jour, et bien d'autres choses encore.<\/span><\/p>\n<p>&nbsp;<\/p>","protected":false},"excerpt":{"rendered":"<p>At Avali you\u2019re invited to take life nice and easy with Premium All-Inclusive. From dining and drinks to activities and entertainment, everything\u2019s sorted before you arrive, so all you have to do is enjoy a stress-free getaway. How lovely is that? Just a take a look&#8230; All Day dining and a la carte meals with [&#8230;]<\/p>\n<p><a class=\"btn btn-secondary understrap-read-more-link\" href=\"https:\/\/www.marbella.gr\/fr\/hotels\/avali-hotel\/whats-included\/\">Read More&#8230;<span class=\"screen-reader-text\"> from What\u2019s Included<\/span><\/a><\/p>\n","protected":false},"author":13,"featured_media":8168,"parent":7158,"menu_order":0,"comment_status":"closed","ping_status":"closed","template":"","meta":{"_acf_changed":false,"footnotes":""},"class_list":["post-8298","page","type-page","status-publish","has-post-thumbnail","hentry"],"acf":[],"yoast_head":"<!-- This site is optimized with the Yoast SEO plugin v27.4 - https:\/\/yoast.com\/product\/yoast-seo-wordpress\/ -->\n<title>Premium All-Inclusive Experience in Corfu | Avali, Mar-Bella Collection<\/title>\n<meta name=\"description\" content=\"Experience a stress-free getaway at Avali, Corfu with Premium All-Inclusive: dining, drinks, activities, and entertainment, including Dine Around and beachside treats.\" \/>\n<meta name=\"robots\" content=\"index, follow, max-snippet:-1, max-image-preview:large, max-video-preview:-1\" \/>\n<link rel=\"canonical\" href=\"https:\/\/www.marbella.gr\/fr\/hotels\/avali-hotel\/whats-included\/\" \/>\n<meta property=\"og:locale\" content=\"fr_FR\" \/>\n<meta property=\"og:type\" content=\"article\" \/>\n<meta property=\"og:title\" content=\"Premium All-Inclusive Experience in Corfu | Avali, Mar-Bella Collection\" \/>\n<meta property=\"og:description\" content=\"Experience a stress-free getaway at Avali, Corfu with Premium All-Inclusive: dining, drinks, activities, and entertainment, including Dine Around and beachside treats.\" \/>\n<meta property=\"og:url\" content=\"https:\/\/www.marbella.gr\/fr\/hotels\/avali-hotel\/whats-included\/\" \/>\n<meta property=\"og:site_name\" content=\"Mar-Bella Collection\" \/>\n<meta property=\"article:modified_time\" content=\"2025-12-11T09:28:33+00:00\" \/>\n<meta property=\"og:image\" content=\"https:\/\/www.marbella.gr\/app\/uploads\/2024\/10\/2024_05_MARBELLA-4_Avali-Beach_596_v3-scaled.jpg\" \/>\n\t<meta property=\"og:image:width\" content=\"2560\" \/>\n\t<meta property=\"og:image:height\" content=\"1920\" \/>\n\t<meta property=\"og:image:type\" content=\"image\/jpeg\" \/>\n<meta name=\"twitter:card\" content=\"summary_large_image\" \/>\n<meta name=\"twitter:label1\" content=\"Dur\u00e9e de lecture estim\u00e9e\" \/>\n\t<meta name=\"twitter:data1\" content=\"1 minute\" \/>\n<!-- \/ Yoast SEO plugin. -->","yoast_head_json":{"title":"Exp\u00e9rience tout compris haut de gamme \u00e0 Corfou | Avali, Mar-Bella Collection","description":"Vivez une escapade sans stress \u00e0 l'Avali, Corfou, avec la formule Premium All-Inclusive : repas, boissons, activit\u00e9s et divertissements, y compris le Dine Around et les plaisirs de la plage.","robots":{"index":"index","follow":"follow","max-snippet":"max-snippet:-1","max-image-preview":"max-image-preview:large","max-video-preview":"max-video-preview:-1"},"canonical":"https:\/\/www.marbella.gr\/fr\/hotels\/avali-hotel\/whats-included\/","og_locale":"fr_FR","og_type":"article","og_title":"Premium All-Inclusive Experience in Corfu | Avali, Mar-Bella Collection","og_description":"Experience a stress-free getaway at Avali, Corfu with Premium All-Inclusive: dining, drinks, activities, and entertainment, including Dine Around and beachside treats.","og_url":"https:\/\/www.marbella.gr\/fr\/hotels\/avali-hotel\/whats-included\/","og_site_name":"Mar-Bella Collection","article_modified_time":"2025-12-11T09:28:33+00:00","og_image":[{"width":2560,"height":1920,"url":"https:\/\/www.marbella.gr\/app\/uploads\/2024\/10\/2024_05_MARBELLA-4_Avali-Beach_596_v3-scaled.jpg","type":"image\/jpeg"}],"twitter_card":"summary_large_image","twitter_misc":{"Dur\u00e9e de lecture estim\u00e9e":"1 minute"},"schema":{"@context":"https:\/\/schema.org","@graph":[{"@type":"WebPage","@id":"https:\/\/www.marbella.gr\/hotels\/avali-hotel\/whats-included\/","url":"https:\/\/www.marbella.gr\/hotels\/avali-hotel\/whats-included\/","name":"Exp\u00e9rience tout compris haut de gamme \u00e0 Corfou | Avali, Mar-Bella Collection","isPartOf":{"@id":"https:\/\/www.marbella.gr\/#website"},"primaryImageOfPage":{"@id":"https:\/\/www.marbella.gr\/hotels\/avali-hotel\/whats-included\/#primaryimage"},"image":{"@id":"https:\/\/www.marbella.gr\/hotels\/avali-hotel\/whats-included\/#primaryimage"},"thumbnailUrl":"https:\/\/www.marbella.gr\/app\/uploads\/2024\/10\/2024_05_MARBELLA-4_Avali-Beach_596_v3-scaled.jpg","datePublished":"2024-10-24T07:39:48+00:00","dateModified":"2025-12-11T09:28:33+00:00","description":"Vivez une escapade sans stress \u00e0 l'Avali, Corfou, avec la formule Premium All-Inclusive : repas, boissons, activit\u00e9s et divertissements, y compris le Dine Around et les plaisirs de la plage.","breadcrumb":{"@id":"https:\/\/www.marbella.gr\/hotels\/avali-hotel\/whats-included\/#breadcrumb"},"inLanguage":"fr-FR","potentialAction":[{"@type":"ReadAction","target":["https:\/\/www.marbella.gr\/hotels\/avali-hotel\/whats-included\/"]}]},{"@type":"ImageObject","inLanguage":"fr-FR","@id":"https:\/\/www.marbella.gr\/hotels\/avali-hotel\/whats-included\/#primaryimage","url":"https:\/\/www.marbella.gr\/app\/uploads\/2024\/10\/2024_05_MARBELLA-4_Avali-Beach_596_v3-scaled.jpg","contentUrl":"https:\/\/www.marbella.gr\/app\/uploads\/2024\/10\/2024_05_MARBELLA-4_Avali-Beach_596_v3-scaled.jpg","width":2560,"height":1920,"caption":"Discover Mar-Bella Collection - 5 star hotels in Corfu, Parga Greece"},{"@type":"BreadcrumbList","@id":"https:\/\/www.marbella.gr\/hotels\/avali-hotel\/whats-included\/#breadcrumb","itemListElement":[{"@type":"ListItem","position":1,"name":"Home","item":"https:\/\/www.marbella.gr\/"},{"@type":"ListItem","position":2,"name":"Hotels","item":"https:\/\/www.marbella.gr\/hotels\/"},{"@type":"ListItem","position":3,"name":"Avali","item":"https:\/\/www.marbella.gr\/hotels\/avali-hotel\/"},{"@type":"ListItem","position":4,"name":"What\u2019s Included"}]},{"@type":"WebSite","@id":"https:\/\/www.marbella.gr\/#website","url":"https:\/\/www.marbella.gr\/","name":"MarBella","description":"Une famille d'h\u00f4tels vous reliant \u00e0 la magnifique mer Ionienne","publisher":{"@id":"https:\/\/www.marbella.gr\/#organization"},"alternateName":"MarBella","potentialAction":[{"@type":"SearchAction","target":{"@type":"EntryPoint","urlTemplate":"https:\/\/www.marbella.gr\/?s={search_term_string}"},"query-input":{"@type":"PropertyValueSpecification","valueRequired":true,"valueName":"search_term_string"}}],"inLanguage":"fr-FR"},{"@type":"Organization","@id":"https:\/\/www.marbella.gr\/#organization","name":"MarBella","url":"https:\/\/www.marbella.gr\/","logo":{"@type":"ImageObject","inLanguage":"fr-FR","@id":"https:\/\/www.marbella.gr\/#\/schema\/logo\/image\/","url":"https:\/\/www.marbella.gr\/app\/uploads\/2023\/06\/Marbella-collection.png","contentUrl":"https:\/\/www.marbella.gr\/app\/uploads\/2023\/06\/Marbella-collection.png","width":230,"height":75,"caption":"MarBella"},"image":{"@id":"https:\/\/www.marbella.gr\/#\/schema\/logo\/image\/"}}]}},"_links":{"self":[{"href":"https:\/\/www.marbella.gr\/fr\/wp-json\/wp\/v2\/pages\/8298","targetHints":{"allow":["GET"]}}],"collection":[{"href":"https:\/\/www.marbella.gr\/fr\/wp-json\/wp\/v2\/pages"}],"about":[{"href":"https:\/\/www.marbella.gr\/fr\/wp-json\/wp\/v2\/types\/page"}],"author":[{"embeddable":true,"href":"https:\/\/www.marbella.gr\/fr\/wp-json\/wp\/v2\/users\/13"}],"replies":[{"embeddable":true,"href":"https:\/\/www.marbella.gr\/fr\/wp-json\/wp\/v2\/comments?post=8298"}],"version-history":[{"count":28,"href":"https:\/\/www.marbella.gr\/fr\/wp-json\/wp\/v2\/pages\/8298\/revisions"}],"predecessor-version":[{"id":11726,"href":"https:\/\/www.marbella.gr\/fr\/wp-json\/wp\/v2\/pages\/8298\/revisions\/11726"}],"up":[{"embeddable":true,"href":"https:\/\/www.marbella.gr\/fr\/wp-json\/wp\/v2\/pages\/7158"}],"wp:featuredmedia":[{"embeddable":true,"href":"https:\/\/www.marbella.gr\/fr\/wp-json\/wp\/v2\/media\/8168"}],"wp:attachment":[{"href":"https:\/\/www.marbella.gr\/fr\/wp-json\/wp\/v2\/media?parent=8298"}],"curies":[{"name":"wp","href":"https:\/\/api.w.org\/{rel}","templated":true}]}}