{"id":8300,"date":"2024-10-24T07:40:04","date_gmt":"2024-10-24T07:40:04","guid":{"rendered":"https:\/\/www.marbella.gr\/?page_id=8300"},"modified":"2026-02-10T17:16:07","modified_gmt":"2026-02-10T15:16:07","slug":"dine-drink","status":"publish","type":"page","link":"https:\/\/www.marbella.gr\/fr\/hotels\/avali-hotel\/dine-drink\/","title":{"rendered":"D\u00eener et boissons"},"content":{"rendered":"<p style=\"text-align: center;\">Utilisant les ingr\u00e9dients locaux les plus frais, nos menus vous apportent les saveurs de la M\u00e9diterran\u00e9e combin\u00e9es \u00e0 de d\u00e9licieuses touches asiatiques. Profitez de buffets exceptionnels, de saveurs en plein air et explorez des horizons plus lointains gr\u00e2ce \u00e0 notre formule Dine Around. Et lorsqu'il s'agit de passer un moment pr\u00e9cieux en bonne compagnie, d\u00e9couvrez des bars d\u00e9contract\u00e9s pour toutes les occasions.<\/p>","protected":false},"excerpt":{"rendered":"<p>Using the freshest local ingredients, our menus bring you the flavours of the Mediterranean combined with delightful Asian touches. Enjoy exceptional buffets, al fresco flavours and explore further afield with our Dine Around. And when it comes to spending precious time with great company, discover chilled out bars for every occasion. [&#8230;]<\/p>\n<p><a class=\"btn btn-secondary understrap-read-more-link\" href=\"https:\/\/www.marbella.gr\/fr\/hotels\/avali-hotel\/dine-drink\/\">Read More&#8230;<span class=\"screen-reader-text\"> from Dine &#038; Drink<\/span><\/a><\/p>\n","protected":false},"author":13,"featured_media":8237,"parent":7158,"menu_order":0,"comment_status":"closed","ping_status":"closed","template":"","meta":{"_acf_changed":false,"footnotes":""},"class_list":["post-8300","page","type-page","status-publish","has-post-thumbnail","hentry"],"acf":[],"yoast_head":"<!-- This site is optimized with the Yoast SEO plugin v27.4 - https:\/\/yoast.com\/product\/yoast-seo-wordpress\/ -->\n<title>Dine &amp; Drink | Avali by Mar-Bella Collection<\/title>\n<meta name=\"description\" content=\"Enjoy exceptional buffets, al fresco dining, and cocktail bars for every occasion at Avali by Mar-Bella Collection, offering a delightful blend of Mediterranean and Asian flavours.\" \/>\n<meta name=\"robots\" content=\"index, follow, max-snippet:-1, max-image-preview:large, max-video-preview:-1\" \/>\n<link rel=\"canonical\" href=\"https:\/\/www.marbella.gr\/fr\/hotels\/avali-hotel\/dine-drink\/\" \/>\n<meta property=\"og:locale\" content=\"fr_FR\" \/>\n<meta property=\"og:type\" content=\"article\" \/>\n<meta property=\"og:title\" content=\"Dine &amp; Drink | Avali by Mar-Bella Collection\" \/>\n<meta property=\"og:description\" content=\"Enjoy exceptional buffets, al fresco dining, and cocktail bars for every occasion at Avali by Mar-Bella Collection, offering a delightful blend of Mediterranean and Asian flavours.\" \/>\n<meta property=\"og:url\" content=\"https:\/\/www.marbella.gr\/fr\/hotels\/avali-hotel\/dine-drink\/\" \/>\n<meta property=\"og:site_name\" content=\"Mar-Bella Collection\" \/>\n<meta property=\"article:modified_time\" content=\"2026-02-10T15:16:07+00:00\" \/>\n<meta property=\"og:image\" content=\"https:\/\/www.marbella.gr\/app\/uploads\/2024\/10\/2024_05_MARBELLA_Avali-Beach_1267_v2-scaled.jpg\" \/>\n\t<meta property=\"og:image:width\" content=\"2560\" \/>\n\t<meta property=\"og:image:height\" content=\"1920\" \/>\n\t<meta property=\"og:image:type\" content=\"image\/jpeg\" \/>\n<meta name=\"twitter:card\" content=\"summary_large_image\" \/>\n<meta name=\"twitter:label1\" content=\"Dur\u00e9e de lecture estim\u00e9e\" \/>\n\t<meta name=\"twitter:data1\" content=\"1 minute\" \/>\n<!-- \/ Yoast SEO plugin. -->","yoast_head_json":{"title":"D\u00eener et boissons | Avali by Mar-Bella Collection","description":"L'Avali by Mar-Bella Collection propose des buffets exceptionnels, des repas en plein air et des bars \u00e0 cocktails pour toutes les occasions, avec un d\u00e9licieux m\u00e9lange de saveurs m\u00e9diterran\u00e9ennes et asiatiques.","robots":{"index":"index","follow":"follow","max-snippet":"max-snippet:-1","max-image-preview":"max-image-preview:large","max-video-preview":"max-video-preview:-1"},"canonical":"https:\/\/www.marbella.gr\/fr\/hotels\/avali-hotel\/dine-drink\/","og_locale":"fr_FR","og_type":"article","og_title":"Dine & Drink | Avali by Mar-Bella Collection","og_description":"Enjoy exceptional buffets, al fresco dining, and cocktail bars for every occasion at Avali by Mar-Bella Collection, offering a delightful blend of Mediterranean and Asian flavours.","og_url":"https:\/\/www.marbella.gr\/fr\/hotels\/avali-hotel\/dine-drink\/","og_site_name":"Mar-Bella Collection","article_modified_time":"2026-02-10T15:16:07+00:00","og_image":[{"width":2560,"height":1920,"url":"https:\/\/www.marbella.gr\/app\/uploads\/2024\/10\/2024_05_MARBELLA_Avali-Beach_1267_v2-scaled.jpg","type":"image\/jpeg"}],"twitter_card":"summary_large_image","twitter_misc":{"Dur\u00e9e de lecture estim\u00e9e":"1 minute"},"schema":{"@context":"https:\/\/schema.org","@graph":[{"@type":"WebPage","@id":"https:\/\/www.marbella.gr\/hotels\/avali-hotel\/dine-drink\/","url":"https:\/\/www.marbella.gr\/hotels\/avali-hotel\/dine-drink\/","name":"D\u00eener et boissons | Avali by Mar-Bella Collection","isPartOf":{"@id":"https:\/\/www.marbella.gr\/#website"},"primaryImageOfPage":{"@id":"https:\/\/www.marbella.gr\/hotels\/avali-hotel\/dine-drink\/#primaryimage"},"image":{"@id":"https:\/\/www.marbella.gr\/hotels\/avali-hotel\/dine-drink\/#primaryimage"},"thumbnailUrl":"https:\/\/www.marbella.gr\/app\/uploads\/2024\/10\/2024_05_MARBELLA_Avali-Beach_1267_v2-scaled.jpg","datePublished":"2024-10-24T07:40:04+00:00","dateModified":"2026-02-10T15:16:07+00:00","description":"L'Avali by Mar-Bella Collection propose des buffets exceptionnels, des repas en plein air et des bars \u00e0 cocktails pour toutes les occasions, avec un d\u00e9licieux m\u00e9lange de saveurs m\u00e9diterran\u00e9ennes et asiatiques.","breadcrumb":{"@id":"https:\/\/www.marbella.gr\/hotels\/avali-hotel\/dine-drink\/#breadcrumb"},"inLanguage":"fr-FR","potentialAction":[{"@type":"ReadAction","target":["https:\/\/www.marbella.gr\/hotels\/avali-hotel\/dine-drink\/"]}]},{"@type":"ImageObject","inLanguage":"fr-FR","@id":"https:\/\/www.marbella.gr\/hotels\/avali-hotel\/dine-drink\/#primaryimage","url":"https:\/\/www.marbella.gr\/app\/uploads\/2024\/10\/2024_05_MARBELLA_Avali-Beach_1267_v2-scaled.jpg","contentUrl":"https:\/\/www.marbella.gr\/app\/uploads\/2024\/10\/2024_05_MARBELLA_Avali-Beach_1267_v2-scaled.jpg","width":2560,"height":1920,"caption":"Discover Mar-Bella Collection - 5 star hotels in Corfu, Parga Greece"},{"@type":"BreadcrumbList","@id":"https:\/\/www.marbella.gr\/hotels\/avali-hotel\/dine-drink\/#breadcrumb","itemListElement":[{"@type":"ListItem","position":1,"name":"Home","item":"https:\/\/www.marbella.gr\/"},{"@type":"ListItem","position":2,"name":"Hotels","item":"https:\/\/www.marbella.gr\/hotels\/"},{"@type":"ListItem","position":3,"name":"Avali","item":"https:\/\/www.marbella.gr\/hotels\/avali-hotel\/"},{"@type":"ListItem","position":4,"name":"Dine &#038; Drink"}]},{"@type":"WebSite","@id":"https:\/\/www.marbella.gr\/#website","url":"https:\/\/www.marbella.gr\/","name":"MarBella","description":"Une famille d'h\u00f4tels vous reliant \u00e0 la magnifique mer Ionienne","publisher":{"@id":"https:\/\/www.marbella.gr\/#organization"},"alternateName":"MarBella","potentialAction":[{"@type":"SearchAction","target":{"@type":"EntryPoint","urlTemplate":"https:\/\/www.marbella.gr\/?s={search_term_string}"},"query-input":{"@type":"PropertyValueSpecification","valueRequired":true,"valueName":"search_term_string"}}],"inLanguage":"fr-FR"},{"@type":"Organization","@id":"https:\/\/www.marbella.gr\/#organization","name":"MarBella","url":"https:\/\/www.marbella.gr\/","logo":{"@type":"ImageObject","inLanguage":"fr-FR","@id":"https:\/\/www.marbella.gr\/#\/schema\/logo\/image\/","url":"https:\/\/www.marbella.gr\/app\/uploads\/2023\/06\/Marbella-collection.png","contentUrl":"https:\/\/www.marbella.gr\/app\/uploads\/2023\/06\/Marbella-collection.png","width":230,"height":75,"caption":"MarBella"},"image":{"@id":"https:\/\/www.marbella.gr\/#\/schema\/logo\/image\/"}}]}},"_links":{"self":[{"href":"https:\/\/www.marbella.gr\/fr\/wp-json\/wp\/v2\/pages\/8300","targetHints":{"allow":["GET"]}}],"collection":[{"href":"https:\/\/www.marbella.gr\/fr\/wp-json\/wp\/v2\/pages"}],"about":[{"href":"https:\/\/www.marbella.gr\/fr\/wp-json\/wp\/v2\/types\/page"}],"author":[{"embeddable":true,"href":"https:\/\/www.marbella.gr\/fr\/wp-json\/wp\/v2\/users\/13"}],"replies":[{"embeddable":true,"href":"https:\/\/www.marbella.gr\/fr\/wp-json\/wp\/v2\/comments?post=8300"}],"version-history":[{"count":33,"href":"https:\/\/www.marbella.gr\/fr\/wp-json\/wp\/v2\/pages\/8300\/revisions"}],"predecessor-version":[{"id":13777,"href":"https:\/\/www.marbella.gr\/fr\/wp-json\/wp\/v2\/pages\/8300\/revisions\/13777"}],"up":[{"embeddable":true,"href":"https:\/\/www.marbella.gr\/fr\/wp-json\/wp\/v2\/pages\/7158"}],"wp:featuredmedia":[{"embeddable":true,"href":"https:\/\/www.marbella.gr\/fr\/wp-json\/wp\/v2\/media\/8237"}],"wp:attachment":[{"href":"https:\/\/www.marbella.gr\/fr\/wp-json\/wp\/v2\/media?parent=8300"}],"curies":[{"name":"wp","href":"https:\/\/api.w.org\/{rel}","templated":true}]}}