{"id":8304,"date":"2024-10-24T07:40:35","date_gmt":"2024-10-24T07:40:35","guid":{"rendered":"https:\/\/www.marbella.gr\/?page_id=8304"},"modified":"2026-01-21T10:46:55","modified_gmt":"2026-01-21T08:46:55","slug":"barefoot-living","status":"publish","type":"page","link":"https:\/\/www.marbella.gr\/fr\/hotels\/avali-hotel\/barefoot-living\/","title":{"rendered":"La vie aux pieds nus"},"content":{"rendered":"<p>Sports nautiques non motoris\u00e9s, espace de remise en forme en plein air de l'Avali ou simple d\u00e9tente sous un cabanon au bord de la piscine : vivez \u00e0 votre rythme \u00e0 l'Avali. Profitez des 300 m\u00e8tres de plage priv\u00e9e et de la superbe piscine \u00e0 d\u00e9bordement. Offrez-vous un massage dans le kiosque du spa situ\u00e9 sur la plage et offrant une vue imprenable sur la mer.<\/p>","protected":false},"excerpt":{"rendered":"<p>Non motorized water sports, enjoying the Avali outdoor fitness area or simply relaxing under a cabana by the pool; take life at your own pace at Avali. Enjoy the 300m of exclusively secluded beachfront and the stunning infinity pool. Treat yourself to a pampering spa massage in our spa kiosk by the beach, offering incredible [&#8230;]<\/p>\n<p><a class=\"btn btn-secondary understrap-read-more-link\" href=\"https:\/\/www.marbella.gr\/fr\/hotels\/avali-hotel\/barefoot-living\/\">Read More&#8230;<span class=\"screen-reader-text\"> from Barefoot living<\/span><\/a><\/p>\n","protected":false},"author":13,"featured_media":0,"parent":7158,"menu_order":0,"comment_status":"closed","ping_status":"closed","template":"","meta":{"_acf_changed":false,"footnotes":""},"class_list":["post-8304","page","type-page","status-publish","hentry"],"acf":[],"yoast_head":"<!-- This site is optimized with the Yoast SEO plugin v27.5 - https:\/\/yoast.com\/product\/yoast-seo-wordpress\/ -->\n<title>Barefoot Way of Living | Avali by Mar-Bella Collection, Corfu<\/title>\n<meta name=\"description\" content=\"Enjoy non-motorized watersports, outdoor fitness, and relaxation at Avali by Mar-Bella Collection. Unwind on a 300m private beachfront, infinity pool, and spa\" \/>\n<meta name=\"robots\" content=\"index, follow, max-snippet:-1, max-image-preview:large, max-video-preview:-1\" \/>\n<link rel=\"canonical\" href=\"https:\/\/www.marbella.gr\/fr\/hotels\/avali-hotel\/barefoot-living\/\" \/>\n<meta property=\"og:locale\" content=\"fr_FR\" \/>\n<meta property=\"og:type\" content=\"article\" \/>\n<meta property=\"og:title\" content=\"Barefoot Way of Living | Avali by Mar-Bella Collection, Corfu\" \/>\n<meta property=\"og:description\" content=\"Enjoy non-motorized watersports, outdoor fitness, and relaxation at Avali by Mar-Bella Collection. Unwind on a 300m private beachfront, infinity pool, and spa\" \/>\n<meta property=\"og:url\" content=\"https:\/\/www.marbella.gr\/fr\/hotels\/avali-hotel\/barefoot-living\/\" \/>\n<meta property=\"og:site_name\" content=\"Mar-Bella Collection\" \/>\n<meta property=\"article:modified_time\" content=\"2026-01-21T08:46:55+00:00\" \/>\n<meta property=\"og:image\" content=\"https:\/\/www.marbella.gr\/app\/uploads\/2024\/05\/Elix_Water-Sports-2-scaled.jpg\" \/>\n\t<meta property=\"og:image:width\" content=\"2560\" \/>\n\t<meta property=\"og:image:height\" content=\"1705\" \/>\n\t<meta property=\"og:image:type\" content=\"image\/jpeg\" \/>\n<meta name=\"twitter:card\" content=\"summary_large_image\" \/>\n<meta name=\"twitter:label1\" content=\"Dur\u00e9e de lecture estim\u00e9e\" \/>\n\t<meta name=\"twitter:data1\" content=\"1 minute\" \/>\n<!-- \/ Yoast SEO plugin. -->","yoast_head_json":{"title":"Barefoot Way of Living | Avali by Mar-Bella Collection, Corfou","description":"Profitez des sports nautiques non motoris\u00e9s, de la remise en forme en plein air et de la relaxation \u00e0 l'Avali by Mar-Bella Collection. D\u00e9tendez-vous sur une plage priv\u00e9e de 300 m\u00e8tres de long, avec une piscine \u00e0 d\u00e9bordement et un spa.","robots":{"index":"index","follow":"follow","max-snippet":"max-snippet:-1","max-image-preview":"max-image-preview:large","max-video-preview":"max-video-preview:-1"},"canonical":"https:\/\/www.marbella.gr\/fr\/hotels\/avali-hotel\/barefoot-living\/","og_locale":"fr_FR","og_type":"article","og_title":"Barefoot Way of Living | Avali by Mar-Bella Collection, Corfu","og_description":"Enjoy non-motorized watersports, outdoor fitness, and relaxation at Avali by Mar-Bella Collection. Unwind on a 300m private beachfront, infinity pool, and spa","og_url":"https:\/\/www.marbella.gr\/fr\/hotels\/avali-hotel\/barefoot-living\/","og_site_name":"Mar-Bella Collection","article_modified_time":"2026-01-21T08:46:55+00:00","og_image":[{"width":2560,"height":1705,"url":"https:\/\/www.marbella.gr\/app\/uploads\/2024\/05\/Elix_Water-Sports-2-scaled.jpg","type":"image\/jpeg"}],"twitter_card":"summary_large_image","twitter_misc":{"Dur\u00e9e de lecture estim\u00e9e":"1 minute"},"schema":{"@context":"https:\/\/schema.org","@graph":[{"@type":"WebPage","@id":"https:\/\/www.marbella.gr\/hotels\/avali-hotel\/barefoot-living\/","url":"https:\/\/www.marbella.gr\/hotels\/avali-hotel\/barefoot-living\/","name":"Barefoot Way of Living | Avali by Mar-Bella Collection, Corfou","isPartOf":{"@id":"https:\/\/www.marbella.gr\/#website"},"datePublished":"2024-10-24T07:40:35+00:00","dateModified":"2026-01-21T08:46:55+00:00","description":"Profitez des sports nautiques non motoris\u00e9s, de la remise en forme en plein air et de la relaxation \u00e0 l'Avali by Mar-Bella Collection. D\u00e9tendez-vous sur une plage priv\u00e9e de 300 m\u00e8tres de long, avec une piscine \u00e0 d\u00e9bordement et un spa.","breadcrumb":{"@id":"https:\/\/www.marbella.gr\/hotels\/avali-hotel\/barefoot-living\/#breadcrumb"},"inLanguage":"fr-FR","potentialAction":[{"@type":"ReadAction","target":["https:\/\/www.marbella.gr\/hotels\/avali-hotel\/barefoot-living\/"]}]},{"@type":"BreadcrumbList","@id":"https:\/\/www.marbella.gr\/hotels\/avali-hotel\/barefoot-living\/#breadcrumb","itemListElement":[{"@type":"ListItem","position":1,"name":"Home","item":"https:\/\/www.marbella.gr\/"},{"@type":"ListItem","position":2,"name":"Hotels","item":"https:\/\/www.marbella.gr\/hotels\/"},{"@type":"ListItem","position":3,"name":"Avali","item":"https:\/\/www.marbella.gr\/hotels\/avali-hotel\/"},{"@type":"ListItem","position":4,"name":"Barefoot living"}]},{"@type":"WebSite","@id":"https:\/\/www.marbella.gr\/#website","url":"https:\/\/www.marbella.gr\/","name":"MarBella","description":"Une famille d'h\u00f4tels vous reliant \u00e0 la magnifique mer Ionienne","publisher":{"@id":"https:\/\/www.marbella.gr\/#organization"},"alternateName":"MarBella","potentialAction":[{"@type":"SearchAction","target":{"@type":"EntryPoint","urlTemplate":"https:\/\/www.marbella.gr\/?s={search_term_string}"},"query-input":{"@type":"PropertyValueSpecification","valueRequired":true,"valueName":"search_term_string"}}],"inLanguage":"fr-FR"},{"@type":"Organization","@id":"https:\/\/www.marbella.gr\/#organization","name":"MarBella","url":"https:\/\/www.marbella.gr\/","logo":{"@type":"ImageObject","inLanguage":"fr-FR","@id":"https:\/\/www.marbella.gr\/#\/schema\/logo\/image\/","url":"https:\/\/www.marbella.gr\/app\/uploads\/2023\/06\/Marbella-collection.png","contentUrl":"https:\/\/www.marbella.gr\/app\/uploads\/2023\/06\/Marbella-collection.png","width":230,"height":75,"caption":"MarBella"},"image":{"@id":"https:\/\/www.marbella.gr\/#\/schema\/logo\/image\/"}}]}},"_links":{"self":[{"href":"https:\/\/www.marbella.gr\/fr\/wp-json\/wp\/v2\/pages\/8304","targetHints":{"allow":["GET"]}}],"collection":[{"href":"https:\/\/www.marbella.gr\/fr\/wp-json\/wp\/v2\/pages"}],"about":[{"href":"https:\/\/www.marbella.gr\/fr\/wp-json\/wp\/v2\/types\/page"}],"author":[{"embeddable":true,"href":"https:\/\/www.marbella.gr\/fr\/wp-json\/wp\/v2\/users\/13"}],"replies":[{"embeddable":true,"href":"https:\/\/www.marbella.gr\/fr\/wp-json\/wp\/v2\/comments?post=8304"}],"version-history":[{"count":20,"href":"https:\/\/www.marbella.gr\/fr\/wp-json\/wp\/v2\/pages\/8304\/revisions"}],"predecessor-version":[{"id":12733,"href":"https:\/\/www.marbella.gr\/fr\/wp-json\/wp\/v2\/pages\/8304\/revisions\/12733"}],"up":[{"embeddable":true,"href":"https:\/\/www.marbella.gr\/fr\/wp-json\/wp\/v2\/pages\/7158"}],"wp:attachment":[{"href":"https:\/\/www.marbella.gr\/fr\/wp-json\/wp\/v2\/media?parent=8304"}],"curies":[{"name":"wp","href":"https:\/\/api.w.org\/{rel}","templated":true}]}}