{"id":8306,"date":"2024-10-24T07:40:52","date_gmt":"2024-10-24T07:40:52","guid":{"rendered":"https:\/\/www.marbella.gr\/?page_id=8306"},"modified":"2025-01-27T14:04:55","modified_gmt":"2025-01-27T14:04:55","slug":"outnabout","status":"publish","type":"page","link":"https:\/\/www.marbella.gr\/fr\/hotels\/avali-hotel\/outnabout\/","title":{"rendered":"En d\u00e9placement"},"content":{"rendered":"<p>Explorez les eaux et les c\u00f4tes magnifiques \u00e0 bord de votre propre yacht, personnalisez un tour de l'\u00eele pour satisfaire tous les membres de votre groupe ou \u00e9vitez les embouteillages gr\u00e2ce \u00e0 un transfert de luxe vers la ville de Corfou en bateau priv\u00e9. Tout est possible avec les services exclusifs de Mar-Bella Collection.<\/p>","protected":false},"excerpt":{"rendered":"<p>Explore the stunning waters and coastline onboard your very own yacht; personalise an island tour to make everyone in your party happy; or skip the traffic with a luxury transfer to Corfu town by private boat. Anything is possible with Mar-Bella Collection Exclusive Services. [&#8230;]<\/p>\n<p><a class=\"btn btn-secondary understrap-read-more-link\" href=\"https:\/\/www.marbella.gr\/fr\/hotels\/avali-hotel\/outnabout\/\">Read More&#8230;<span class=\"screen-reader-text\"> from Out&#8217;n&#8217;about<\/span><\/a><\/p>\n","protected":false},"author":13,"featured_media":8823,"parent":7158,"menu_order":0,"comment_status":"closed","ping_status":"closed","template":"","meta":{"_acf_changed":false,"footnotes":""},"class_list":["post-8306","page","type-page","status-publish","has-post-thumbnail","hentry"],"acf":[],"yoast_head":"<!-- This site is optimized with the Yoast SEO plugin v27.4 - https:\/\/yoast.com\/product\/yoast-seo-wordpress\/ -->\n<title>Mar-Bella Collection Exclusive Services | Avali, Mar-Bella Collection<\/title>\n<meta name=\"description\" content=\"Experience the best with Mar-Bella Collection&#039;s exclusive services. Explore stunning waters, enjoy private yacht tours, or skip traffic with a luxury transfer to Corfu town.\" \/>\n<meta name=\"robots\" content=\"index, follow, max-snippet:-1, max-image-preview:large, max-video-preview:-1\" \/>\n<link rel=\"canonical\" href=\"https:\/\/www.marbella.gr\/fr\/hotels\/avali-hotel\/outnabout\/\" \/>\n<meta property=\"og:locale\" content=\"fr_FR\" \/>\n<meta property=\"og:type\" content=\"article\" \/>\n<meta property=\"og:title\" content=\"Mar-Bella Collection Exclusive Services | Avali, Mar-Bella Collection\" \/>\n<meta property=\"og:description\" content=\"Experience the best with Mar-Bella Collection&#039;s exclusive services. Explore stunning waters, enjoy private yacht tours, or skip traffic with a luxury transfer to Corfu town.\" \/>\n<meta property=\"og:url\" content=\"https:\/\/www.marbella.gr\/fr\/hotels\/avali-hotel\/outnabout\/\" \/>\n<meta property=\"og:site_name\" content=\"Mar-Bella Collection\" \/>\n<meta property=\"article:modified_time\" content=\"2025-01-27T14:04:55+00:00\" \/>\n<meta property=\"og:image\" content=\"https:\/\/www.marbella.gr\/app\/uploads\/2024\/11\/2024_05_MARBELLA_Boat_317-1-scaled.jpg\" \/>\n\t<meta property=\"og:image:width\" content=\"2560\" \/>\n\t<meta property=\"og:image:height\" content=\"1920\" \/>\n\t<meta property=\"og:image:type\" content=\"image\/jpeg\" \/>\n<meta name=\"twitter:card\" content=\"summary_large_image\" \/>\n<meta name=\"twitter:label1\" content=\"Dur\u00e9e de lecture estim\u00e9e\" \/>\n\t<meta name=\"twitter:data1\" content=\"1 minute\" \/>\n<!-- \/ Yoast SEO plugin. -->","yoast_head_json":{"title":"Mar-Bella Collection Exclusive Services | Avali, Mar-Bella Collection","description":"Faites l'exp\u00e9rience du meilleur avec les services exclusifs de Mar-Bella Collection. Explorez des eaux magnifiques, profitez d'excursions en yacht priv\u00e9 ou \u00e9vitez la circulation gr\u00e2ce \u00e0 un transfert de luxe vers la ville de Corfou.","robots":{"index":"index","follow":"follow","max-snippet":"max-snippet:-1","max-image-preview":"max-image-preview:large","max-video-preview":"max-video-preview:-1"},"canonical":"https:\/\/www.marbella.gr\/fr\/hotels\/avali-hotel\/outnabout\/","og_locale":"fr_FR","og_type":"article","og_title":"Mar-Bella Collection Exclusive Services | Avali, Mar-Bella Collection","og_description":"Experience the best with Mar-Bella Collection's exclusive services. Explore stunning waters, enjoy private yacht tours, or skip traffic with a luxury transfer to Corfu town.","og_url":"https:\/\/www.marbella.gr\/fr\/hotels\/avali-hotel\/outnabout\/","og_site_name":"Mar-Bella Collection","article_modified_time":"2025-01-27T14:04:55+00:00","og_image":[{"width":2560,"height":1920,"url":"https:\/\/www.marbella.gr\/app\/uploads\/2024\/11\/2024_05_MARBELLA_Boat_317-1-scaled.jpg","type":"image\/jpeg"}],"twitter_card":"summary_large_image","twitter_misc":{"Dur\u00e9e de lecture estim\u00e9e":"1 minute"},"schema":{"@context":"https:\/\/schema.org","@graph":[{"@type":"WebPage","@id":"https:\/\/www.marbella.gr\/hotels\/avali-hotel\/outnabout\/","url":"https:\/\/www.marbella.gr\/hotels\/avali-hotel\/outnabout\/","name":"Mar-Bella Collection Exclusive Services | Avali, Mar-Bella Collection","isPartOf":{"@id":"https:\/\/www.marbella.gr\/#website"},"primaryImageOfPage":{"@id":"https:\/\/www.marbella.gr\/hotels\/avali-hotel\/outnabout\/#primaryimage"},"image":{"@id":"https:\/\/www.marbella.gr\/hotels\/avali-hotel\/outnabout\/#primaryimage"},"thumbnailUrl":"https:\/\/www.marbella.gr\/app\/uploads\/2024\/11\/2024_05_MARBELLA_Boat_317-1-scaled.jpg","datePublished":"2024-10-24T07:40:52+00:00","dateModified":"2025-01-27T14:04:55+00:00","description":"Faites l'exp\u00e9rience du meilleur avec les services exclusifs de Mar-Bella Collection. Explorez des eaux magnifiques, profitez d'excursions en yacht priv\u00e9 ou \u00e9vitez la circulation gr\u00e2ce \u00e0 un transfert de luxe vers la ville de Corfou.","breadcrumb":{"@id":"https:\/\/www.marbella.gr\/hotels\/avali-hotel\/outnabout\/#breadcrumb"},"inLanguage":"fr-FR","potentialAction":[{"@type":"ReadAction","target":["https:\/\/www.marbella.gr\/hotels\/avali-hotel\/outnabout\/"]}]},{"@type":"ImageObject","inLanguage":"fr-FR","@id":"https:\/\/www.marbella.gr\/hotels\/avali-hotel\/outnabout\/#primaryimage","url":"https:\/\/www.marbella.gr\/app\/uploads\/2024\/11\/2024_05_MARBELLA_Boat_317-1-scaled.jpg","contentUrl":"https:\/\/www.marbella.gr\/app\/uploads\/2024\/11\/2024_05_MARBELLA_Boat_317-1-scaled.jpg","width":2560,"height":1920,"caption":"Discover Mar-Bella Collection - 5 star hotels in Corfu, Parga Greece"},{"@type":"BreadcrumbList","@id":"https:\/\/www.marbella.gr\/hotels\/avali-hotel\/outnabout\/#breadcrumb","itemListElement":[{"@type":"ListItem","position":1,"name":"Home","item":"https:\/\/www.marbella.gr\/"},{"@type":"ListItem","position":2,"name":"Hotels","item":"https:\/\/www.marbella.gr\/hotels\/"},{"@type":"ListItem","position":3,"name":"Avali","item":"https:\/\/www.marbella.gr\/hotels\/avali-hotel\/"},{"@type":"ListItem","position":4,"name":"Out&#8217;n&#8217;about"}]},{"@type":"WebSite","@id":"https:\/\/www.marbella.gr\/#website","url":"https:\/\/www.marbella.gr\/","name":"MarBella","description":"Une famille d'h\u00f4tels vous reliant \u00e0 la magnifique mer Ionienne","publisher":{"@id":"https:\/\/www.marbella.gr\/#organization"},"alternateName":"MarBella","potentialAction":[{"@type":"SearchAction","target":{"@type":"EntryPoint","urlTemplate":"https:\/\/www.marbella.gr\/?s={search_term_string}"},"query-input":{"@type":"PropertyValueSpecification","valueRequired":true,"valueName":"search_term_string"}}],"inLanguage":"fr-FR"},{"@type":"Organization","@id":"https:\/\/www.marbella.gr\/#organization","name":"MarBella","url":"https:\/\/www.marbella.gr\/","logo":{"@type":"ImageObject","inLanguage":"fr-FR","@id":"https:\/\/www.marbella.gr\/#\/schema\/logo\/image\/","url":"https:\/\/www.marbella.gr\/app\/uploads\/2023\/06\/Marbella-collection.png","contentUrl":"https:\/\/www.marbella.gr\/app\/uploads\/2023\/06\/Marbella-collection.png","width":230,"height":75,"caption":"MarBella"},"image":{"@id":"https:\/\/www.marbella.gr\/#\/schema\/logo\/image\/"}}]}},"_links":{"self":[{"href":"https:\/\/www.marbella.gr\/fr\/wp-json\/wp\/v2\/pages\/8306","targetHints":{"allow":["GET"]}}],"collection":[{"href":"https:\/\/www.marbella.gr\/fr\/wp-json\/wp\/v2\/pages"}],"about":[{"href":"https:\/\/www.marbella.gr\/fr\/wp-json\/wp\/v2\/types\/page"}],"author":[{"embeddable":true,"href":"https:\/\/www.marbella.gr\/fr\/wp-json\/wp\/v2\/users\/13"}],"replies":[{"embeddable":true,"href":"https:\/\/www.marbella.gr\/fr\/wp-json\/wp\/v2\/comments?post=8306"}],"version-history":[{"count":14,"href":"https:\/\/www.marbella.gr\/fr\/wp-json\/wp\/v2\/pages\/8306\/revisions"}],"predecessor-version":[{"id":11504,"href":"https:\/\/www.marbella.gr\/fr\/wp-json\/wp\/v2\/pages\/8306\/revisions\/11504"}],"up":[{"embeddable":true,"href":"https:\/\/www.marbella.gr\/fr\/wp-json\/wp\/v2\/pages\/7158"}],"wp:featuredmedia":[{"embeddable":true,"href":"https:\/\/www.marbella.gr\/fr\/wp-json\/wp\/v2\/media\/8823"}],"wp:attachment":[{"href":"https:\/\/www.marbella.gr\/fr\/wp-json\/wp\/v2\/media?parent=8306"}],"curies":[{"name":"wp","href":"https:\/\/api.w.org\/{rel}","templated":true}]}}