{"id":845,"date":"2023-03-16T10:31:22","date_gmt":"2023-03-16T10:31:22","guid":{"rendered":"https:\/\/www.marbella.gr\/?page_id=845"},"modified":"2026-03-27T09:54:36","modified_gmt":"2026-03-27T07:54:36","slug":"contact","status":"publish","type":"page","link":"https:\/\/www.marbella.gr\/fr\/contact\/","title":{"rendered":"Contact"},"content":{"rendered":"","protected":false},"excerpt":{"rendered":"<p> [&#8230;]<\/p>\n<p><a class=\"btn btn-secondary understrap-read-more-link\" href=\"https:\/\/www.marbella.gr\/fr\/contact\/\">Read More&#8230;<span class=\"screen-reader-text\"> from Contact<\/span><\/a><\/p>\n","protected":false},"author":1,"featured_media":0,"parent":0,"menu_order":0,"comment_status":"closed","ping_status":"closed","template":"page-templates\/contact.php","meta":{"_acf_changed":false,"footnotes":""},"class_list":["post-845","page","type-page","status-publish","hentry"],"acf":[],"yoast_head":"<!-- This site is optimized with the Yoast SEO plugin v27.5 - https:\/\/yoast.com\/product\/yoast-seo-wordpress\/ -->\n<title>Contact Info &amp; Details | Mar-Bella Collection<\/title>\n<meta name=\"description\" content=\"Reach out to Mar-Bella Collection by using the contact details found here, for any inquiries or queries regarding MarBella, Nido and Elix hotels.\" \/>\n<meta name=\"robots\" content=\"index, follow, max-snippet:-1, max-image-preview:large, max-video-preview:-1\" \/>\n<link rel=\"canonical\" href=\"https:\/\/www.marbella.gr\/fr\/contact\/\" \/>\n<meta property=\"og:locale\" content=\"fr_FR\" \/>\n<meta property=\"og:type\" content=\"article\" \/>\n<meta property=\"og:title\" content=\"Contact Info &amp; Details | Mar-Bella Collection\" \/>\n<meta property=\"og:description\" content=\"Reach out to Mar-Bella Collection by using the contact details found here, for any inquiries or queries regarding MarBella, Nido and Elix hotels.\" \/>\n<meta property=\"og:url\" content=\"https:\/\/www.marbella.gr\/fr\/contact\/\" \/>\n<meta property=\"og:site_name\" content=\"Mar-Bella Collection\" \/>\n<meta property=\"article:modified_time\" content=\"2026-03-27T07:54:36+00:00\" \/>\n<meta property=\"og:image\" content=\"https:\/\/www.marbella.gr\/app\/uploads\/2024\/05\/Elix_Water-Sports-2-scaled.jpg\" \/>\n\t<meta property=\"og:image:width\" content=\"2560\" \/>\n\t<meta property=\"og:image:height\" content=\"1705\" \/>\n\t<meta property=\"og:image:type\" content=\"image\/jpeg\" \/>\n<meta name=\"twitter:card\" content=\"summary_large_image\" \/>\n<!-- \/ Yoast SEO plugin. -->","yoast_head_json":{"title":"Coordonn\u00e9es et d\u00e9tails | Mar-Bella Collection","description":"Contactez Mar-Bella Collection en utilisant les coordonn\u00e9es indiqu\u00e9es ici, pour toute question concernant les h\u00f4tels MarBella, Nido et Elix.","robots":{"index":"index","follow":"follow","max-snippet":"max-snippet:-1","max-image-preview":"max-image-preview:large","max-video-preview":"max-video-preview:-1"},"canonical":"https:\/\/www.marbella.gr\/fr\/contact\/","og_locale":"fr_FR","og_type":"article","og_title":"Contact Info & Details | Mar-Bella Collection","og_description":"Reach out to Mar-Bella Collection by using the contact details found here, for any inquiries or queries regarding MarBella, Nido and Elix hotels.","og_url":"https:\/\/www.marbella.gr\/fr\/contact\/","og_site_name":"Mar-Bella Collection","article_modified_time":"2026-03-27T07:54:36+00:00","og_image":[{"width":2560,"height":1705,"url":"https:\/\/www.marbella.gr\/app\/uploads\/2024\/05\/Elix_Water-Sports-2-scaled.jpg","type":"image\/jpeg"}],"twitter_card":"summary_large_image","schema":{"@context":"https:\/\/schema.org","@graph":[{"@type":"WebPage","@id":"https:\/\/www.marbella.gr\/contact\/","url":"https:\/\/www.marbella.gr\/contact\/","name":"Coordonn\u00e9es et d\u00e9tails | Mar-Bella Collection","isPartOf":{"@id":"https:\/\/www.marbella.gr\/#website"},"datePublished":"2023-03-16T10:31:22+00:00","dateModified":"2026-03-27T07:54:36+00:00","description":"Contactez Mar-Bella Collection en utilisant les coordonn\u00e9es indiqu\u00e9es ici, pour toute question concernant les h\u00f4tels MarBella, Nido et Elix.","breadcrumb":{"@id":"https:\/\/www.marbella.gr\/contact\/#breadcrumb"},"inLanguage":"fr-FR","potentialAction":[{"@type":"ReadAction","target":["https:\/\/www.marbella.gr\/contact\/"]}]},{"@type":"BreadcrumbList","@id":"https:\/\/www.marbella.gr\/contact\/#breadcrumb","itemListElement":[{"@type":"ListItem","position":1,"name":"Home","item":"https:\/\/www.marbella.gr\/"},{"@type":"ListItem","position":2,"name":"Contact"}]},{"@type":"WebSite","@id":"https:\/\/www.marbella.gr\/#website","url":"https:\/\/www.marbella.gr\/","name":"MarBella","description":"Une famille d'h\u00f4tels vous reliant \u00e0 la magnifique mer Ionienne","publisher":{"@id":"https:\/\/www.marbella.gr\/#organization"},"alternateName":"MarBella","potentialAction":[{"@type":"SearchAction","target":{"@type":"EntryPoint","urlTemplate":"https:\/\/www.marbella.gr\/?s={search_term_string}"},"query-input":{"@type":"PropertyValueSpecification","valueRequired":true,"valueName":"search_term_string"}}],"inLanguage":"fr-FR"},{"@type":"Organization","@id":"https:\/\/www.marbella.gr\/#organization","name":"MarBella","url":"https:\/\/www.marbella.gr\/","logo":{"@type":"ImageObject","inLanguage":"fr-FR","@id":"https:\/\/www.marbella.gr\/#\/schema\/logo\/image\/","url":"https:\/\/www.marbella.gr\/app\/uploads\/2023\/06\/Marbella-collection.png","contentUrl":"https:\/\/www.marbella.gr\/app\/uploads\/2023\/06\/Marbella-collection.png","width":230,"height":75,"caption":"MarBella"},"image":{"@id":"https:\/\/www.marbella.gr\/#\/schema\/logo\/image\/"}}]}},"_links":{"self":[{"href":"https:\/\/www.marbella.gr\/fr\/wp-json\/wp\/v2\/pages\/845","targetHints":{"allow":["GET"]}}],"collection":[{"href":"https:\/\/www.marbella.gr\/fr\/wp-json\/wp\/v2\/pages"}],"about":[{"href":"https:\/\/www.marbella.gr\/fr\/wp-json\/wp\/v2\/types\/page"}],"author":[{"embeddable":true,"href":"https:\/\/www.marbella.gr\/fr\/wp-json\/wp\/v2\/users\/1"}],"replies":[{"embeddable":true,"href":"https:\/\/www.marbella.gr\/fr\/wp-json\/wp\/v2\/comments?post=845"}],"version-history":[{"count":44,"href":"https:\/\/www.marbella.gr\/fr\/wp-json\/wp\/v2\/pages\/845\/revisions"}],"predecessor-version":[{"id":14255,"href":"https:\/\/www.marbella.gr\/fr\/wp-json\/wp\/v2\/pages\/845\/revisions\/14255"}],"wp:attachment":[{"href":"https:\/\/www.marbella.gr\/fr\/wp-json\/wp\/v2\/media?parent=845"}],"curies":[{"name":"wp","href":"https:\/\/api.w.org\/{rel}","templated":true}]}}