{"id":847,"date":"2023-03-16T10:31:32","date_gmt":"2023-03-16T10:31:32","guid":{"rendered":"https:\/\/www.marbella.gr\/?page_id=847"},"modified":"2026-03-31T09:28:36","modified_gmt":"2026-03-31T06:28:36","slug":"awards","status":"publish","type":"page","link":"https:\/\/www.marbella.gr\/fr\/awards\/","title":{"rendered":"Distinctions"},"content":{"rendered":"","protected":false},"excerpt":{"rendered":"<p> [&#8230;]<\/p>\n<p><a class=\"btn btn-secondary understrap-read-more-link\" href=\"https:\/\/www.marbella.gr\/fr\/awards\/\">Read More&#8230;<span class=\"screen-reader-text\"> from Awards<\/span><\/a><\/p>\n","protected":false},"author":1,"featured_media":0,"parent":0,"menu_order":0,"comment_status":"closed","ping_status":"closed","template":"page-templates\/awards.php","meta":{"_acf_changed":false,"footnotes":""},"class_list":["post-847","page","type-page","status-publish","hentry"],"acf":[],"yoast_head":"<!-- This site is optimized with the Yoast SEO plugin v27.5 - https:\/\/yoast.com\/product\/yoast-seo-wordpress\/ -->\n<title>Awards - Mar-Bella Collection<\/title>\n<meta name=\"description\" content=\"Explore accolades highlighting Mar-Bella Collection&#039;s exceptional hospitality, luxury accommodations, and breathtaking locations.\" \/>\n<meta name=\"robots\" content=\"index, follow, max-snippet:-1, max-image-preview:large, max-video-preview:-1\" \/>\n<link rel=\"canonical\" href=\"https:\/\/www.marbella.gr\/fr\/awards\/\" \/>\n<meta property=\"og:locale\" content=\"fr_FR\" \/>\n<meta property=\"og:type\" content=\"article\" \/>\n<meta property=\"og:title\" content=\"Awards - Mar-Bella Collection\" \/>\n<meta property=\"og:description\" content=\"Explore accolades highlighting Mar-Bella Collection&#039;s exceptional hospitality, luxury accommodations, and breathtaking locations.\" \/>\n<meta property=\"og:url\" content=\"https:\/\/www.marbella.gr\/fr\/awards\/\" \/>\n<meta property=\"og:site_name\" content=\"Mar-Bella Collection\" \/>\n<meta property=\"article:modified_time\" content=\"2026-03-31T06:28:36+00:00\" \/>\n<meta property=\"og:image\" content=\"https:\/\/www.marbella.gr\/app\/uploads\/2024\/05\/Elix_Water-Sports-2-scaled.jpg\" \/>\n\t<meta property=\"og:image:width\" content=\"2560\" \/>\n\t<meta property=\"og:image:height\" content=\"1705\" \/>\n\t<meta property=\"og:image:type\" content=\"image\/jpeg\" \/>\n<meta name=\"twitter:card\" content=\"summary_large_image\" \/>\n<!-- \/ Yoast SEO plugin. -->","yoast_head_json":{"title":"Prix - Collection Mar-Bella","description":"D\u00e9couvrez les r\u00e9compenses qui soulignent l'hospitalit\u00e9 exceptionnelle, l'h\u00e9bergement de luxe et les sites \u00e0 couper le souffle de la Mar-Bella Collection.","robots":{"index":"index","follow":"follow","max-snippet":"max-snippet:-1","max-image-preview":"max-image-preview:large","max-video-preview":"max-video-preview:-1"},"canonical":"https:\/\/www.marbella.gr\/fr\/awards\/","og_locale":"fr_FR","og_type":"article","og_title":"Awards - Mar-Bella Collection","og_description":"Explore accolades highlighting Mar-Bella Collection's exceptional hospitality, luxury accommodations, and breathtaking locations.","og_url":"https:\/\/www.marbella.gr\/fr\/awards\/","og_site_name":"Mar-Bella Collection","article_modified_time":"2026-03-31T06:28:36+00:00","og_image":[{"width":2560,"height":1705,"url":"https:\/\/www.marbella.gr\/app\/uploads\/2024\/05\/Elix_Water-Sports-2-scaled.jpg","type":"image\/jpeg"}],"twitter_card":"summary_large_image","schema":{"@context":"https:\/\/schema.org","@graph":[{"@type":"WebPage","@id":"https:\/\/www.marbella.gr\/awards\/","url":"https:\/\/www.marbella.gr\/awards\/","name":"Prix - Collection Mar-Bella","isPartOf":{"@id":"https:\/\/www.marbella.gr\/#website"},"datePublished":"2023-03-16T10:31:32+00:00","dateModified":"2026-03-31T06:28:36+00:00","description":"D\u00e9couvrez les r\u00e9compenses qui soulignent l'hospitalit\u00e9 exceptionnelle, l'h\u00e9bergement de luxe et les sites \u00e0 couper le souffle de la Mar-Bella Collection.","breadcrumb":{"@id":"https:\/\/www.marbella.gr\/awards\/#breadcrumb"},"inLanguage":"fr-FR","potentialAction":[{"@type":"ReadAction","target":["https:\/\/www.marbella.gr\/awards\/"]}]},{"@type":"BreadcrumbList","@id":"https:\/\/www.marbella.gr\/awards\/#breadcrumb","itemListElement":[{"@type":"ListItem","position":1,"name":"Home","item":"https:\/\/www.marbella.gr\/"},{"@type":"ListItem","position":2,"name":"Awards"}]},{"@type":"WebSite","@id":"https:\/\/www.marbella.gr\/#website","url":"https:\/\/www.marbella.gr\/","name":"MarBella","description":"Une famille d'h\u00f4tels vous reliant \u00e0 la magnifique mer Ionienne","publisher":{"@id":"https:\/\/www.marbella.gr\/#organization"},"alternateName":"MarBella","potentialAction":[{"@type":"SearchAction","target":{"@type":"EntryPoint","urlTemplate":"https:\/\/www.marbella.gr\/?s={search_term_string}"},"query-input":{"@type":"PropertyValueSpecification","valueRequired":true,"valueName":"search_term_string"}}],"inLanguage":"fr-FR"},{"@type":"Organization","@id":"https:\/\/www.marbella.gr\/#organization","name":"MarBella","url":"https:\/\/www.marbella.gr\/","logo":{"@type":"ImageObject","inLanguage":"fr-FR","@id":"https:\/\/www.marbella.gr\/#\/schema\/logo\/image\/","url":"https:\/\/www.marbella.gr\/app\/uploads\/2023\/06\/Marbella-collection.png","contentUrl":"https:\/\/www.marbella.gr\/app\/uploads\/2023\/06\/Marbella-collection.png","width":230,"height":75,"caption":"MarBella"},"image":{"@id":"https:\/\/www.marbella.gr\/#\/schema\/logo\/image\/"}}]}},"_links":{"self":[{"href":"https:\/\/www.marbella.gr\/fr\/wp-json\/wp\/v2\/pages\/847","targetHints":{"allow":["GET"]}}],"collection":[{"href":"https:\/\/www.marbella.gr\/fr\/wp-json\/wp\/v2\/pages"}],"about":[{"href":"https:\/\/www.marbella.gr\/fr\/wp-json\/wp\/v2\/types\/page"}],"author":[{"embeddable":true,"href":"https:\/\/www.marbella.gr\/fr\/wp-json\/wp\/v2\/users\/1"}],"replies":[{"embeddable":true,"href":"https:\/\/www.marbella.gr\/fr\/wp-json\/wp\/v2\/comments?post=847"}],"version-history":[{"count":80,"href":"https:\/\/www.marbella.gr\/fr\/wp-json\/wp\/v2\/pages\/847\/revisions"}],"predecessor-version":[{"id":14298,"href":"https:\/\/www.marbella.gr\/fr\/wp-json\/wp\/v2\/pages\/847\/revisions\/14298"}],"wp:attachment":[{"href":"https:\/\/www.marbella.gr\/fr\/wp-json\/wp\/v2\/media?parent=847"}],"curies":[{"name":"wp","href":"https:\/\/api.w.org\/{rel}","templated":true}]}}