{"id":8725,"date":"2024-11-21T10:28:29","date_gmt":"2024-11-21T10:28:29","guid":{"rendered":"https:\/\/www.marbella.gr\/?page_id=8725"},"modified":"2025-01-27T13:17:04","modified_gmt":"2025-01-27T13:17:04","slug":"connecting-to-water","status":"publish","type":"page","link":"https:\/\/www.marbella.gr\/fr\/hotels\/avali-hotel\/connecting-to-water\/","title":{"rendered":"Raccordement \u00e0 l'eau"},"content":{"rendered":"<p>L'eau est omnipr\u00e9sente \u00e0 Avali. De l'azur chatoyant de la mer Ionienne, qui clapote doucement sur les sables dor\u00e9s de notre baie priv\u00e9e, \u00e0 l'invitante piscine \u00e0 d\u00e9bordement, impr\u00e9gnez-vous de l'\u00e9nergie vitale et profitez de tous les plaisirs qu'elle vous apporte.<\/p>","protected":false},"excerpt":{"rendered":"<p>Water is ever-present at Avali. From the shimmeringly azure Ionian Sea gently lapping the golden sands of our private bay to the inviting infinity pool, soak up the life-affirming energy and enjoy all the pleasure it brings. [&#8230;]<\/p>\n<p><a class=\"btn btn-secondary understrap-read-more-link\" href=\"https:\/\/www.marbella.gr\/fr\/hotels\/avali-hotel\/connecting-to-water\/\">Read More&#8230;<span class=\"screen-reader-text\"> from Connecting to water<\/span><\/a><\/p>\n","protected":false},"author":27,"featured_media":8170,"parent":7158,"menu_order":0,"comment_status":"closed","ping_status":"closed","template":"","meta":{"_acf_changed":false,"footnotes":""},"class_list":["post-8725","page","type-page","status-publish","has-post-thumbnail","hentry"],"acf":[],"yoast_head":"<!-- This site is optimized with the Yoast SEO plugin v27.4 - https:\/\/yoast.com\/product\/yoast-seo-wordpress\/ -->\n<title>Private Bay, Infinity Pool &amp; Watersports | Avali, Mar-Bella Collection<\/title>\n<meta name=\"description\" content=\"Experience the calming presence of water at Avali by Mar-Bella Collection in Corfu, from the serene Ionian Sea to the inviting infinity pool, offering relaxation and rejuvenation.\" \/>\n<meta name=\"robots\" content=\"index, follow, max-snippet:-1, max-image-preview:large, max-video-preview:-1\" \/>\n<link rel=\"canonical\" href=\"https:\/\/www.marbella.gr\/fr\/hotels\/avali-hotel\/connecting-to-water\/\" \/>\n<meta property=\"og:locale\" content=\"fr_FR\" \/>\n<meta property=\"og:type\" content=\"article\" \/>\n<meta property=\"og:title\" content=\"Private Bay, Infinity Pool &amp; Watersports | Avali, Mar-Bella Collection\" \/>\n<meta property=\"og:description\" content=\"Experience the calming presence of water at Avali by Mar-Bella Collection in Corfu, from the serene Ionian Sea to the inviting infinity pool, offering relaxation and rejuvenation.\" \/>\n<meta property=\"og:url\" content=\"https:\/\/www.marbella.gr\/fr\/hotels\/avali-hotel\/connecting-to-water\/\" \/>\n<meta property=\"og:site_name\" content=\"Mar-Bella Collection\" \/>\n<meta property=\"article:modified_time\" content=\"2025-01-27T13:17:04+00:00\" \/>\n<meta property=\"og:image\" content=\"https:\/\/www.marbella.gr\/app\/uploads\/2024\/10\/2024_05_MARBELLA_Avali-Beach_1122_v3-scaled.jpg\" \/>\n\t<meta property=\"og:image:width\" content=\"2560\" \/>\n\t<meta property=\"og:image:height\" content=\"1920\" \/>\n\t<meta property=\"og:image:type\" content=\"image\/jpeg\" \/>\n<meta name=\"twitter:card\" content=\"summary_large_image\" \/>\n<meta name=\"twitter:label1\" content=\"Dur\u00e9e de lecture estim\u00e9e\" \/>\n\t<meta name=\"twitter:data1\" content=\"1 minute\" \/>\n<!-- \/ Yoast SEO plugin. -->","yoast_head_json":{"title":"Baie priv\u00e9e, piscine \u00e0 d\u00e9bordement et sports nautiques | Avali, Mar-Bella Collection","description":"L'Avali by Mar-Bella Collection \u00e0 Corfou vous offre la pr\u00e9sence apaisante de l'eau, de la s\u00e9r\u00e9nit\u00e9 de la mer Ionienne \u00e0 l'invitante piscine \u00e0 d\u00e9bordement, pour vous permettre de vous d\u00e9tendre et de vous ressourcer.","robots":{"index":"index","follow":"follow","max-snippet":"max-snippet:-1","max-image-preview":"max-image-preview:large","max-video-preview":"max-video-preview:-1"},"canonical":"https:\/\/www.marbella.gr\/fr\/hotels\/avali-hotel\/connecting-to-water\/","og_locale":"fr_FR","og_type":"article","og_title":"Private Bay, Infinity Pool & Watersports | Avali, Mar-Bella Collection","og_description":"Experience the calming presence of water at Avali by Mar-Bella Collection in Corfu, from the serene Ionian Sea to the inviting infinity pool, offering relaxation and rejuvenation.","og_url":"https:\/\/www.marbella.gr\/fr\/hotels\/avali-hotel\/connecting-to-water\/","og_site_name":"Mar-Bella Collection","article_modified_time":"2025-01-27T13:17:04+00:00","og_image":[{"width":2560,"height":1920,"url":"https:\/\/www.marbella.gr\/app\/uploads\/2024\/10\/2024_05_MARBELLA_Avali-Beach_1122_v3-scaled.jpg","type":"image\/jpeg"}],"twitter_card":"summary_large_image","twitter_misc":{"Dur\u00e9e de lecture estim\u00e9e":"1 minute"},"schema":{"@context":"https:\/\/schema.org","@graph":[{"@type":"WebPage","@id":"https:\/\/www.marbella.gr\/hotels\/avali-hotel\/connecting-to-water\/","url":"https:\/\/www.marbella.gr\/hotels\/avali-hotel\/connecting-to-water\/","name":"Baie priv\u00e9e, piscine \u00e0 d\u00e9bordement et sports nautiques | Avali, Mar-Bella Collection","isPartOf":{"@id":"https:\/\/www.marbella.gr\/#website"},"primaryImageOfPage":{"@id":"https:\/\/www.marbella.gr\/hotels\/avali-hotel\/connecting-to-water\/#primaryimage"},"image":{"@id":"https:\/\/www.marbella.gr\/hotels\/avali-hotel\/connecting-to-water\/#primaryimage"},"thumbnailUrl":"https:\/\/www.marbella.gr\/app\/uploads\/2024\/10\/2024_05_MARBELLA_Avali-Beach_1122_v3-scaled.jpg","datePublished":"2024-11-21T10:28:29+00:00","dateModified":"2025-01-27T13:17:04+00:00","description":"L'Avali by Mar-Bella Collection \u00e0 Corfou vous offre la pr\u00e9sence apaisante de l'eau, de la s\u00e9r\u00e9nit\u00e9 de la mer Ionienne \u00e0 l'invitante piscine \u00e0 d\u00e9bordement, pour vous permettre de vous d\u00e9tendre et de vous ressourcer.","breadcrumb":{"@id":"https:\/\/www.marbella.gr\/hotels\/avali-hotel\/connecting-to-water\/#breadcrumb"},"inLanguage":"fr-FR","potentialAction":[{"@type":"ReadAction","target":["https:\/\/www.marbella.gr\/hotels\/avali-hotel\/connecting-to-water\/"]}]},{"@type":"ImageObject","inLanguage":"fr-FR","@id":"https:\/\/www.marbella.gr\/hotels\/avali-hotel\/connecting-to-water\/#primaryimage","url":"https:\/\/www.marbella.gr\/app\/uploads\/2024\/10\/2024_05_MARBELLA_Avali-Beach_1122_v3-scaled.jpg","contentUrl":"https:\/\/www.marbella.gr\/app\/uploads\/2024\/10\/2024_05_MARBELLA_Avali-Beach_1122_v3-scaled.jpg","width":2560,"height":1920,"caption":"Discover Mar-Bella Collection - 5 star hotels in Corfu, Parga Greece"},{"@type":"BreadcrumbList","@id":"https:\/\/www.marbella.gr\/hotels\/avali-hotel\/connecting-to-water\/#breadcrumb","itemListElement":[{"@type":"ListItem","position":1,"name":"Home","item":"https:\/\/www.marbella.gr\/"},{"@type":"ListItem","position":2,"name":"Hotels","item":"https:\/\/www.marbella.gr\/hotels\/"},{"@type":"ListItem","position":3,"name":"Avali","item":"https:\/\/www.marbella.gr\/hotels\/avali-hotel\/"},{"@type":"ListItem","position":4,"name":"Connecting to water"}]},{"@type":"WebSite","@id":"https:\/\/www.marbella.gr\/#website","url":"https:\/\/www.marbella.gr\/","name":"MarBella","description":"Une famille d'h\u00f4tels vous reliant \u00e0 la magnifique mer Ionienne","publisher":{"@id":"https:\/\/www.marbella.gr\/#organization"},"alternateName":"MarBella","potentialAction":[{"@type":"SearchAction","target":{"@type":"EntryPoint","urlTemplate":"https:\/\/www.marbella.gr\/?s={search_term_string}"},"query-input":{"@type":"PropertyValueSpecification","valueRequired":true,"valueName":"search_term_string"}}],"inLanguage":"fr-FR"},{"@type":"Organization","@id":"https:\/\/www.marbella.gr\/#organization","name":"MarBella","url":"https:\/\/www.marbella.gr\/","logo":{"@type":"ImageObject","inLanguage":"fr-FR","@id":"https:\/\/www.marbella.gr\/#\/schema\/logo\/image\/","url":"https:\/\/www.marbella.gr\/app\/uploads\/2023\/06\/Marbella-collection.png","contentUrl":"https:\/\/www.marbella.gr\/app\/uploads\/2023\/06\/Marbella-collection.png","width":230,"height":75,"caption":"MarBella"},"image":{"@id":"https:\/\/www.marbella.gr\/#\/schema\/logo\/image\/"}}]}},"_links":{"self":[{"href":"https:\/\/www.marbella.gr\/fr\/wp-json\/wp\/v2\/pages\/8725","targetHints":{"allow":["GET"]}}],"collection":[{"href":"https:\/\/www.marbella.gr\/fr\/wp-json\/wp\/v2\/pages"}],"about":[{"href":"https:\/\/www.marbella.gr\/fr\/wp-json\/wp\/v2\/types\/page"}],"author":[{"embeddable":true,"href":"https:\/\/www.marbella.gr\/fr\/wp-json\/wp\/v2\/users\/27"}],"replies":[{"embeddable":true,"href":"https:\/\/www.marbella.gr\/fr\/wp-json\/wp\/v2\/comments?post=8725"}],"version-history":[{"count":12,"href":"https:\/\/www.marbella.gr\/fr\/wp-json\/wp\/v2\/pages\/8725\/revisions"}],"predecessor-version":[{"id":9286,"href":"https:\/\/www.marbella.gr\/fr\/wp-json\/wp\/v2\/pages\/8725\/revisions\/9286"}],"up":[{"embeddable":true,"href":"https:\/\/www.marbella.gr\/fr\/wp-json\/wp\/v2\/pages\/7158"}],"wp:featuredmedia":[{"embeddable":true,"href":"https:\/\/www.marbella.gr\/fr\/wp-json\/wp\/v2\/media\/8170"}],"wp:attachment":[{"href":"https:\/\/www.marbella.gr\/fr\/wp-json\/wp\/v2\/media?parent=8725"}],"curies":[{"name":"wp","href":"https:\/\/api.w.org\/{rel}","templated":true}]}}