{"id":8879,"date":"2024-11-25T15:00:13","date_gmt":"2024-11-25T15:00:13","guid":{"rendered":"https:\/\/www.marbella.gr\/?page_id=8879"},"modified":"2025-12-02T15:19:23","modified_gmt":"2025-12-02T13:19:23","slug":"offers","status":"publish","type":"page","link":"https:\/\/www.marbella.gr\/fr\/hotels\/avali-hotel\/offers\/","title":{"rendered":"Offres"},"content":{"rendered":"<p>Tout est \u00e0 port\u00e9e de main dans cet h\u00f4tel de charme pour adultes, situ\u00e9 sur la plage. Facile comme bonjour. D\u00e9tendu comme vous l'entendez.<\/p>","protected":false},"excerpt":{"rendered":"<p>Everything is just a few steps away in this boutique, adult-friendly beach hotel. Easy as it comes. Relaxed as you like. [&#8230;]<\/p>\n<p><a class=\"btn btn-secondary understrap-read-more-link\" href=\"https:\/\/www.marbella.gr\/fr\/hotels\/avali-hotel\/offers\/\">Read More&#8230;<span class=\"screen-reader-text\"> from Offers<\/span><\/a><\/p>\n","protected":false},"author":13,"featured_media":7614,"parent":7158,"menu_order":0,"comment_status":"closed","ping_status":"closed","template":"","meta":{"_acf_changed":false,"footnotes":""},"class_list":["post-8879","page","type-page","status-publish","has-post-thumbnail","hentry"],"acf":[],"yoast_head":"<!-- This site is optimized with the Yoast SEO plugin v27.4 - https:\/\/yoast.com\/product\/yoast-seo-wordpress\/ -->\n<title>Exclusive Offers at Avali by Mar-Bella Collection, Corfu<\/title>\n<meta name=\"description\" content=\"Discover exclusive offers at Avali by Mar-Bella Collection, a boutique adult-friendly beach hotel in Corfu offering relaxation, luxury, and stunning coastal views.\" \/>\n<meta name=\"robots\" content=\"index, follow, max-snippet:-1, max-image-preview:large, max-video-preview:-1\" \/>\n<link rel=\"canonical\" href=\"https:\/\/www.marbella.gr\/fr\/hotels\/avali-hotel\/offers\/\" \/>\n<meta property=\"og:locale\" content=\"fr_FR\" \/>\n<meta property=\"og:type\" content=\"article\" \/>\n<meta property=\"og:title\" content=\"Exclusive Offers at Avali by Mar-Bella Collection, Corfu\" \/>\n<meta property=\"og:description\" content=\"Discover exclusive offers at Avali by Mar-Bella Collection, a boutique adult-friendly beach hotel in Corfu offering relaxation, luxury, and stunning coastal views.\" \/>\n<meta property=\"og:url\" content=\"https:\/\/www.marbella.gr\/fr\/hotels\/avali-hotel\/offers\/\" \/>\n<meta property=\"og:site_name\" content=\"Mar-Bella Collection\" \/>\n<meta property=\"article:modified_time\" content=\"2025-12-02T13:19:23+00:00\" \/>\n<meta property=\"og:image\" content=\"https:\/\/www.marbella.gr\/app\/uploads\/2024\/06\/2024_05_MARBELLA-4_Avali-Beach_232-scaled.jpg\" \/>\n\t<meta property=\"og:image:width\" content=\"2560\" \/>\n\t<meta property=\"og:image:height\" content=\"1920\" \/>\n\t<meta property=\"og:image:type\" content=\"image\/jpeg\" \/>\n<meta name=\"twitter:card\" content=\"summary_large_image\" \/>\n<meta name=\"twitter:label1\" content=\"Dur\u00e9e de lecture estim\u00e9e\" \/>\n\t<meta name=\"twitter:data1\" content=\"1 minute\" \/>\n<!-- \/ Yoast SEO plugin. -->","yoast_head_json":{"title":"Offres exclusives \u00e0 Avali by Mar-Bella Collection, Corfu","description":"D\u00e9couvrez les offres exclusives de l'Avali by Mar-Bella Collection, un h\u00f4tel de charme pour adultes situ\u00e9 sur la plage de Corfou, qui offre d\u00e9tente, luxe et vue imprenable sur la c\u00f4te.","robots":{"index":"index","follow":"follow","max-snippet":"max-snippet:-1","max-image-preview":"max-image-preview:large","max-video-preview":"max-video-preview:-1"},"canonical":"https:\/\/www.marbella.gr\/fr\/hotels\/avali-hotel\/offers\/","og_locale":"fr_FR","og_type":"article","og_title":"Exclusive Offers at Avali by Mar-Bella Collection, Corfu","og_description":"Discover exclusive offers at Avali by Mar-Bella Collection, a boutique adult-friendly beach hotel in Corfu offering relaxation, luxury, and stunning coastal views.","og_url":"https:\/\/www.marbella.gr\/fr\/hotels\/avali-hotel\/offers\/","og_site_name":"Mar-Bella Collection","article_modified_time":"2025-12-02T13:19:23+00:00","og_image":[{"width":2560,"height":1920,"url":"https:\/\/www.marbella.gr\/app\/uploads\/2024\/06\/2024_05_MARBELLA-4_Avali-Beach_232-scaled.jpg","type":"image\/jpeg"}],"twitter_card":"summary_large_image","twitter_misc":{"Dur\u00e9e de lecture estim\u00e9e":"1 minute"},"schema":{"@context":"https:\/\/schema.org","@graph":[{"@type":"WebPage","@id":"https:\/\/www.marbella.gr\/hotels\/avali-hotel\/offers\/","url":"https:\/\/www.marbella.gr\/hotels\/avali-hotel\/offers\/","name":"Offres exclusives \u00e0 Avali by Mar-Bella Collection, Corfu","isPartOf":{"@id":"https:\/\/www.marbella.gr\/#website"},"primaryImageOfPage":{"@id":"https:\/\/www.marbella.gr\/hotels\/avali-hotel\/offers\/#primaryimage"},"image":{"@id":"https:\/\/www.marbella.gr\/hotels\/avali-hotel\/offers\/#primaryimage"},"thumbnailUrl":"https:\/\/www.marbella.gr\/app\/uploads\/2024\/06\/2024_05_MARBELLA-4_Avali-Beach_232-scaled.jpg","datePublished":"2024-11-25T15:00:13+00:00","dateModified":"2025-12-02T13:19:23+00:00","description":"D\u00e9couvrez les offres exclusives de l'Avali by Mar-Bella Collection, un h\u00f4tel de charme pour adultes situ\u00e9 sur la plage de Corfou, qui offre d\u00e9tente, luxe et vue imprenable sur la c\u00f4te.","breadcrumb":{"@id":"https:\/\/www.marbella.gr\/hotels\/avali-hotel\/offers\/#breadcrumb"},"inLanguage":"fr-FR","potentialAction":[{"@type":"ReadAction","target":["https:\/\/www.marbella.gr\/hotels\/avali-hotel\/offers\/"]}]},{"@type":"ImageObject","inLanguage":"fr-FR","@id":"https:\/\/www.marbella.gr\/hotels\/avali-hotel\/offers\/#primaryimage","url":"https:\/\/www.marbella.gr\/app\/uploads\/2024\/06\/2024_05_MARBELLA-4_Avali-Beach_232-scaled.jpg","contentUrl":"https:\/\/www.marbella.gr\/app\/uploads\/2024\/06\/2024_05_MARBELLA-4_Avali-Beach_232-scaled.jpg","width":2560,"height":1920,"caption":"Discover Mar-Bella Collection - 5 star hotels in Corfu, Parga Greece"},{"@type":"BreadcrumbList","@id":"https:\/\/www.marbella.gr\/hotels\/avali-hotel\/offers\/#breadcrumb","itemListElement":[{"@type":"ListItem","position":1,"name":"Home","item":"https:\/\/www.marbella.gr\/"},{"@type":"ListItem","position":2,"name":"Hotels","item":"https:\/\/www.marbella.gr\/hotels\/"},{"@type":"ListItem","position":3,"name":"Avali","item":"https:\/\/www.marbella.gr\/hotels\/avali-hotel\/"},{"@type":"ListItem","position":4,"name":"Offers"}]},{"@type":"WebSite","@id":"https:\/\/www.marbella.gr\/#website","url":"https:\/\/www.marbella.gr\/","name":"MarBella","description":"Une famille d'h\u00f4tels vous reliant \u00e0 la magnifique mer Ionienne","publisher":{"@id":"https:\/\/www.marbella.gr\/#organization"},"alternateName":"MarBella","potentialAction":[{"@type":"SearchAction","target":{"@type":"EntryPoint","urlTemplate":"https:\/\/www.marbella.gr\/?s={search_term_string}"},"query-input":{"@type":"PropertyValueSpecification","valueRequired":true,"valueName":"search_term_string"}}],"inLanguage":"fr-FR"},{"@type":"Organization","@id":"https:\/\/www.marbella.gr\/#organization","name":"MarBella","url":"https:\/\/www.marbella.gr\/","logo":{"@type":"ImageObject","inLanguage":"fr-FR","@id":"https:\/\/www.marbella.gr\/#\/schema\/logo\/image\/","url":"https:\/\/www.marbella.gr\/app\/uploads\/2023\/06\/Marbella-collection.png","contentUrl":"https:\/\/www.marbella.gr\/app\/uploads\/2023\/06\/Marbella-collection.png","width":230,"height":75,"caption":"MarBella"},"image":{"@id":"https:\/\/www.marbella.gr\/#\/schema\/logo\/image\/"}}]}},"_links":{"self":[{"href":"https:\/\/www.marbella.gr\/fr\/wp-json\/wp\/v2\/pages\/8879","targetHints":{"allow":["GET"]}}],"collection":[{"href":"https:\/\/www.marbella.gr\/fr\/wp-json\/wp\/v2\/pages"}],"about":[{"href":"https:\/\/www.marbella.gr\/fr\/wp-json\/wp\/v2\/types\/page"}],"author":[{"embeddable":true,"href":"https:\/\/www.marbella.gr\/fr\/wp-json\/wp\/v2\/users\/13"}],"replies":[{"embeddable":true,"href":"https:\/\/www.marbella.gr\/fr\/wp-json\/wp\/v2\/comments?post=8879"}],"version-history":[{"count":9,"href":"https:\/\/www.marbella.gr\/fr\/wp-json\/wp\/v2\/pages\/8879\/revisions"}],"predecessor-version":[{"id":11608,"href":"https:\/\/www.marbella.gr\/fr\/wp-json\/wp\/v2\/pages\/8879\/revisions\/11608"}],"up":[{"embeddable":true,"href":"https:\/\/www.marbella.gr\/fr\/wp-json\/wp\/v2\/pages\/7158"}],"wp:featuredmedia":[{"embeddable":true,"href":"https:\/\/www.marbella.gr\/fr\/wp-json\/wp\/v2\/media\/7614"}],"wp:attachment":[{"href":"https:\/\/www.marbella.gr\/fr\/wp-json\/wp\/v2\/media?parent=8879"}],"curies":[{"name":"wp","href":"https:\/\/api.w.org\/{rel}","templated":true}]}}