{"id":9038,"date":"2024-12-20T14:47:58","date_gmt":"2024-12-20T14:47:58","guid":{"rendered":"https:\/\/www.marbella.gr\/2024-news-copy\/"},"modified":"2026-02-24T15:24:24","modified_gmt":"2026-02-24T13:24:24","slug":"2026-news","status":"publish","type":"page","link":"https:\/\/www.marbella.gr\/fr\/2026-news\/","title":{"rendered":"Nous avons des nouvelles pour vous"},"content":{"rendered":"<p style=\"text-align: left;\">D\u00e9couvrez toutes les mises \u00e0 jour passionnantes des h\u00f4tels de la Mar-Bella Collection pour la saison 2026. Des concepts de restauration rafra\u00eechis et des services \u00e0 la client\u00e8le am\u00e9lior\u00e9s aux exp\u00e9riences de loisirs et de bien-\u00eatre, chaque h\u00f4tel apporte quelque chose de nouveau pour \u00e9lever le s\u00e9jour de vos clients. Explorez les derni\u00e8res nouveaut\u00e9s par \u00e9tablissement et restez inform\u00e9 de tout ce qui arrivera l'ann\u00e9e prochaine.<\/p>","protected":false},"excerpt":{"rendered":"<p>Discover all the exciting updates across Mar-Bella Collection hotels for the 2026 season. From refreshed dining concepts and enhanced guest services to upgraded leisure and wellness experiences, each hotel brings something new to elevate your guests\u2019 stay. Explore the latest highlights by property and stay informed with everything coming next year. [&#8230;]<\/p>\n<p><a class=\"btn btn-secondary understrap-read-more-link\" href=\"https:\/\/www.marbella.gr\/fr\/2026-news\/\">Read More&#8230;<span class=\"screen-reader-text\"> from We&#8217;ve got news for you<\/span><\/a><\/p>\n","protected":false},"author":16,"featured_media":9694,"parent":0,"menu_order":0,"comment_status":"closed","ping_status":"closed","template":"","meta":{"_acf_changed":false,"footnotes":""},"class_list":["post-9038","page","type-page","status-publish","has-post-thumbnail","hentry"],"acf":[],"yoast_head":"<!-- This site is optimized with the Yoast SEO plugin v27.4 - https:\/\/yoast.com\/product\/yoast-seo-wordpress\/ -->\n<title>What&#039;s New? Stay up to date with us | Mar-Bella Collection<\/title>\n<meta name=\"description\" content=\"Here is where to find all the latest News, exciting information and what&#039;s happening at Mar-Bella Collection&#039;s luxury hotels in Corfu &amp; Parga, Greece.\" \/>\n<meta name=\"robots\" content=\"index, follow, max-snippet:-1, max-image-preview:large, max-video-preview:-1\" \/>\n<link rel=\"canonical\" href=\"https:\/\/www.marbella.gr\/fr\/news\/\" \/>\n<meta property=\"og:locale\" content=\"fr_FR\" \/>\n<meta property=\"og:type\" content=\"article\" \/>\n<meta property=\"og:title\" content=\"What&#039;s New? Stay up to date with us | Mar-Bella Collection\" \/>\n<meta property=\"og:description\" content=\"Here is where to find all the latest News, exciting information and what&#039;s happening at Mar-Bella Collection&#039;s luxury hotels in Corfu &amp; Parga, Greece.\" \/>\n<meta property=\"og:url\" content=\"https:\/\/www.marbella.gr\/fr\/news\/\" \/>\n<meta property=\"og:site_name\" content=\"Mar-Bella Collection\" \/>\n<meta property=\"article:modified_time\" content=\"2026-02-24T13:24:24+00:00\" \/>\n<meta property=\"og:image\" content=\"https:\/\/www.marbella.gr\/app\/uploads\/2025\/02\/2022_10-Marbella_Day-01-0652_v1-1024x575.jpg\" \/>\n\t<meta property=\"og:image:width\" content=\"1024\" \/>\n\t<meta property=\"og:image:height\" content=\"575\" \/>\n\t<meta property=\"og:image:type\" content=\"image\/jpeg\" \/>\n<meta name=\"twitter:card\" content=\"summary_large_image\" \/>\n<meta name=\"twitter:label1\" content=\"Dur\u00e9e de lecture estim\u00e9e\" \/>\n\t<meta name=\"twitter:data1\" content=\"1 minute\" \/>\n<!-- \/ Yoast SEO plugin. -->","yoast_head_json":{"title":"Quoi de neuf ? Restez inform\u00e9 avec nous | Mar-Bella Collection","description":"Voici o\u00f9 trouver toutes les derni\u00e8res nouvelles, des informations passionnantes et ce qui se passe dans les h\u00f4tels de luxe de Mar-Bella Collection \u00e0 Corfou et Parga, en Gr\u00e8ce.","robots":{"index":"index","follow":"follow","max-snippet":"max-snippet:-1","max-image-preview":"max-image-preview:large","max-video-preview":"max-video-preview:-1"},"canonical":"https:\/\/www.marbella.gr\/fr\/news\/","og_locale":"fr_FR","og_type":"article","og_title":"What's New? Stay up to date with us | Mar-Bella Collection","og_description":"Here is where to find all the latest News, exciting information and what's happening at Mar-Bella Collection's luxury hotels in Corfu & Parga, Greece.","og_url":"https:\/\/www.marbella.gr\/fr\/news\/","og_site_name":"Mar-Bella Collection","article_modified_time":"2026-02-24T13:24:24+00:00","og_image":[{"width":1024,"height":575,"url":"https:\/\/www.marbella.gr\/app\/uploads\/2025\/02\/2022_10-Marbella_Day-01-0652_v1-1024x575.jpg","type":"image\/jpeg"}],"twitter_card":"summary_large_image","twitter_misc":{"Dur\u00e9e de lecture estim\u00e9e":"1 minute"},"schema":{"@context":"https:\/\/schema.org","@graph":[{"@type":"WebPage","@id":"https:\/\/www.marbella.gr\/2026-news\/","url":"https:\/\/www.marbella.gr\/news\/","name":"Quoi de neuf ? Restez inform\u00e9 avec nous | Mar-Bella Collection","isPartOf":{"@id":"https:\/\/www.marbella.gr\/#website"},"primaryImageOfPage":{"@id":"https:\/\/www.marbella.gr\/news\/#primaryimage"},"image":{"@id":"https:\/\/www.marbella.gr\/news\/#primaryimage"},"thumbnailUrl":"https:\/\/www.marbella.gr\/app\/uploads\/2025\/02\/2022_10-Marbella_Day-01-0652_v1.jpg","datePublished":"2024-12-20T14:47:58+00:00","dateModified":"2026-02-24T13:24:24+00:00","description":"Voici o\u00f9 trouver toutes les derni\u00e8res nouvelles, des informations passionnantes et ce qui se passe dans les h\u00f4tels de luxe de Mar-Bella Collection \u00e0 Corfou et Parga, en Gr\u00e8ce.","breadcrumb":{"@id":"https:\/\/www.marbella.gr\/news\/#breadcrumb"},"inLanguage":"fr-FR","potentialAction":[{"@type":"ReadAction","target":["https:\/\/www.marbella.gr\/news\/"]}]},{"@type":"ImageObject","inLanguage":"fr-FR","@id":"https:\/\/www.marbella.gr\/news\/#primaryimage","url":"https:\/\/www.marbella.gr\/app\/uploads\/2025\/02\/2022_10-Marbella_Day-01-0652_v1.jpg","contentUrl":"https:\/\/www.marbella.gr\/app\/uploads\/2025\/02\/2022_10-Marbella_Day-01-0652_v1.jpg","width":1920,"height":1079},{"@type":"BreadcrumbList","@id":"https:\/\/www.marbella.gr\/news\/#breadcrumb","itemListElement":[{"@type":"ListItem","position":1,"name":"Home","item":"https:\/\/www.marbella.gr\/"},{"@type":"ListItem","position":2,"name":"We&#8217;ve got news for you"}]},{"@type":"WebSite","@id":"https:\/\/www.marbella.gr\/#website","url":"https:\/\/www.marbella.gr\/","name":"MarBella","description":"Une famille d'h\u00f4tels vous reliant \u00e0 la magnifique mer Ionienne","publisher":{"@id":"https:\/\/www.marbella.gr\/#organization"},"alternateName":"MarBella","potentialAction":[{"@type":"SearchAction","target":{"@type":"EntryPoint","urlTemplate":"https:\/\/www.marbella.gr\/?s={search_term_string}"},"query-input":{"@type":"PropertyValueSpecification","valueRequired":true,"valueName":"search_term_string"}}],"inLanguage":"fr-FR"},{"@type":"Organization","@id":"https:\/\/www.marbella.gr\/#organization","name":"MarBella","url":"https:\/\/www.marbella.gr\/","logo":{"@type":"ImageObject","inLanguage":"fr-FR","@id":"https:\/\/www.marbella.gr\/#\/schema\/logo\/image\/","url":"https:\/\/www.marbella.gr\/app\/uploads\/2023\/06\/Marbella-collection.png","contentUrl":"https:\/\/www.marbella.gr\/app\/uploads\/2023\/06\/Marbella-collection.png","width":230,"height":75,"caption":"MarBella"},"image":{"@id":"https:\/\/www.marbella.gr\/#\/schema\/logo\/image\/"}}]}},"_links":{"self":[{"href":"https:\/\/www.marbella.gr\/fr\/wp-json\/wp\/v2\/pages\/9038","targetHints":{"allow":["GET"]}}],"collection":[{"href":"https:\/\/www.marbella.gr\/fr\/wp-json\/wp\/v2\/pages"}],"about":[{"href":"https:\/\/www.marbella.gr\/fr\/wp-json\/wp\/v2\/types\/page"}],"author":[{"embeddable":true,"href":"https:\/\/www.marbella.gr\/fr\/wp-json\/wp\/v2\/users\/16"}],"replies":[{"embeddable":true,"href":"https:\/\/www.marbella.gr\/fr\/wp-json\/wp\/v2\/comments?post=9038"}],"version-history":[{"count":93,"href":"https:\/\/www.marbella.gr\/fr\/wp-json\/wp\/v2\/pages\/9038\/revisions"}],"predecessor-version":[{"id":13960,"href":"https:\/\/www.marbella.gr\/fr\/wp-json\/wp\/v2\/pages\/9038\/revisions\/13960"}],"wp:featuredmedia":[{"embeddable":true,"href":"https:\/\/www.marbella.gr\/fr\/wp-json\/wp\/v2\/media\/9694"}],"wp:attachment":[{"href":"https:\/\/www.marbella.gr\/fr\/wp-json\/wp\/v2\/media?parent=9038"}],"curies":[{"name":"wp","href":"https:\/\/api.w.org\/{rel}","templated":true}]}}