{"id":94,"date":"2023-03-10T08:59:49","date_gmt":"2023-03-10T08:59:49","guid":{"rendered":"http:\/\/marbella.wdev\/?page_id=94"},"modified":"2026-01-26T13:20:41","modified_gmt":"2026-01-26T11:20:41","slug":"homepage","status":"publish","type":"page","link":"https:\/\/www.marbella.gr\/fr\/","title":{"rendered":"Page d'accueil"},"content":{"rendered":"","protected":false},"excerpt":{"rendered":"<p> [&#8230;]<\/p>\n<p><a class=\"btn btn-secondary understrap-read-more-link\" href=\"https:\/\/www.marbella.gr\/fr\/\">Read More&#8230;<span class=\"screen-reader-text\"> from Homepage<\/span><\/a><\/p>\n","protected":false},"author":1,"featured_media":0,"parent":0,"menu_order":0,"comment_status":"closed","ping_status":"closed","template":"","meta":{"_acf_changed":false,"footnotes":""},"class_list":["post-94","page","type-page","status-publish","hentry"],"acf":[],"yoast_head":"<!-- This site is optimized with the Yoast SEO plugin v27.4 - https:\/\/yoast.com\/product\/yoast-seo-wordpress\/ -->\n<title>Discover Mar-Bella Collection - 5 star hotels in Corfu, Parga Greece<\/title>\n<meta name=\"description\" content=\"Embark on a journey of opulent indulgence at MarBella Collection&#039;s 5-star hotels in Greece, Corfu &amp; Parga. Experience unforgettable Ionian holidays in pure luxury.\" \/>\n<meta name=\"robots\" content=\"index, follow, max-snippet:-1, max-image-preview:large, max-video-preview:-1\" \/>\n<link rel=\"canonical\" href=\"https:\/\/www.marbella.gr\/fr\/\" \/>\n<meta property=\"og:locale\" content=\"fr_FR\" \/>\n<meta property=\"og:type\" content=\"article\" \/>\n<meta property=\"og:title\" content=\"Discover Mar-Bella Collection - 5 star hotels in Corfu, Parga Greece\" \/>\n<meta property=\"og:description\" content=\"Embark on a journey of opulent indulgence at MarBella Collection&#039;s 5-star hotels in Greece, Corfu &amp; Parga. Experience unforgettable Ionian holidays in pure luxury.\" \/>\n<meta property=\"og:url\" content=\"https:\/\/www.marbella.gr\/fr\/\" \/>\n<meta property=\"og:site_name\" content=\"Mar-Bella Collection\" \/>\n<meta property=\"article:modified_time\" content=\"2026-01-26T11:20:41+00:00\" \/>\n<meta property=\"og:image\" content=\"https:\/\/www.marbella.gr\/app\/uploads\/2024\/05\/Elix_Water-Sports-2-scaled.jpg\" \/>\n\t<meta property=\"og:image:width\" content=\"2560\" \/>\n\t<meta property=\"og:image:height\" content=\"1705\" \/>\n\t<meta property=\"og:image:type\" content=\"image\/jpeg\" \/>\n<meta name=\"twitter:card\" content=\"summary_large_image\" \/>\n<!-- \/ Yoast SEO plugin. -->","yoast_head_json":{"title":"D\u00e9couvrez Mar-Bella Collection - H\u00f4tels 5 \u00e9toiles \u00e0 Corfou, Parga Gr\u00e8ce","description":"Embarquez pour un voyage opulent dans les h\u00f4tels 5 \u00e9toiles de la MarBella Collection en Gr\u00e8ce, \u00e0 Corfou et \u00e0 Parga. Vivez des vacances inoubliables dans la mer Ionienne, dans le luxe le plus pur.","robots":{"index":"index","follow":"follow","max-snippet":"max-snippet:-1","max-image-preview":"max-image-preview:large","max-video-preview":"max-video-preview:-1"},"canonical":"https:\/\/www.marbella.gr\/fr\/","og_locale":"fr_FR","og_type":"article","og_title":"Discover Mar-Bella Collection - 5 star hotels in Corfu, Parga Greece","og_description":"Embark on a journey of opulent indulgence at MarBella Collection's 5-star hotels in Greece, Corfu & Parga. Experience unforgettable Ionian holidays in pure luxury.","og_url":"https:\/\/www.marbella.gr\/fr\/","og_site_name":"Mar-Bella Collection","article_modified_time":"2026-01-26T11:20:41+00:00","og_image":[{"width":2560,"height":1705,"url":"https:\/\/www.marbella.gr\/app\/uploads\/2024\/05\/Elix_Water-Sports-2-scaled.jpg","type":"image\/jpeg"}],"twitter_card":"summary_large_image","schema":{"@context":"https:\/\/schema.org","@graph":[{"@type":"WebPage","@id":"https:\/\/www.marbella.gr\/","url":"https:\/\/www.marbella.gr\/","name":"D\u00e9couvrez Mar-Bella Collection - H\u00f4tels 5 \u00e9toiles \u00e0 Corfou, Parga Gr\u00e8ce","isPartOf":{"@id":"https:\/\/www.marbella.gr\/#website"},"datePublished":"2023-03-10T08:59:49+00:00","dateModified":"2026-01-26T11:20:41+00:00","description":"Embarquez pour un voyage opulent dans les h\u00f4tels 5 \u00e9toiles de la MarBella Collection en Gr\u00e8ce, \u00e0 Corfou et \u00e0 Parga. Vivez des vacances inoubliables dans la mer Ionienne, dans le luxe le plus pur.","breadcrumb":{"@id":"https:\/\/www.marbella.gr\/#breadcrumb"},"inLanguage":"fr-FR","potentialAction":[{"@type":"ReadAction","target":["https:\/\/www.marbella.gr\/"]}]},{"@type":"BreadcrumbList","@id":"https:\/\/www.marbella.gr\/#breadcrumb","itemListElement":[{"@type":"ListItem","position":1,"name":"Home","item":"https:\/\/www.marbella.gr\/"},{"@type":"ListItem","position":2,"name":"Homepage"}]},{"@type":"WebSite","@id":"https:\/\/www.marbella.gr\/#website","url":"https:\/\/www.marbella.gr\/","name":"MarBella","description":"Une famille d'h\u00f4tels vous reliant \u00e0 la magnifique mer Ionienne","publisher":{"@id":"https:\/\/www.marbella.gr\/#organization"},"alternateName":"MarBella","potentialAction":[{"@type":"SearchAction","target":{"@type":"EntryPoint","urlTemplate":"https:\/\/www.marbella.gr\/?s={search_term_string}"},"query-input":{"@type":"PropertyValueSpecification","valueRequired":true,"valueName":"search_term_string"}}],"inLanguage":"fr-FR"},{"@type":"Organization","@id":"https:\/\/www.marbella.gr\/#organization","name":"MarBella","url":"https:\/\/www.marbella.gr\/","logo":{"@type":"ImageObject","inLanguage":"fr-FR","@id":"https:\/\/www.marbella.gr\/#\/schema\/logo\/image\/","url":"https:\/\/www.marbella.gr\/app\/uploads\/2023\/06\/Marbella-collection.png","contentUrl":"https:\/\/www.marbella.gr\/app\/uploads\/2023\/06\/Marbella-collection.png","width":230,"height":75,"caption":"MarBella"},"image":{"@id":"https:\/\/www.marbella.gr\/#\/schema\/logo\/image\/"}}]}},"_links":{"self":[{"href":"https:\/\/www.marbella.gr\/fr\/wp-json\/wp\/v2\/pages\/94","targetHints":{"allow":["GET"]}}],"collection":[{"href":"https:\/\/www.marbella.gr\/fr\/wp-json\/wp\/v2\/pages"}],"about":[{"href":"https:\/\/www.marbella.gr\/fr\/wp-json\/wp\/v2\/types\/page"}],"author":[{"embeddable":true,"href":"https:\/\/www.marbella.gr\/fr\/wp-json\/wp\/v2\/users\/1"}],"replies":[{"embeddable":true,"href":"https:\/\/www.marbella.gr\/fr\/wp-json\/wp\/v2\/comments?post=94"}],"version-history":[{"count":70,"href":"https:\/\/www.marbella.gr\/fr\/wp-json\/wp\/v2\/pages\/94\/revisions"}],"predecessor-version":[{"id":12987,"href":"https:\/\/www.marbella.gr\/fr\/wp-json\/wp\/v2\/pages\/94\/revisions\/12987"}],"wp:attachment":[{"href":"https:\/\/www.marbella.gr\/fr\/wp-json\/wp\/v2\/media?parent=94"}],"curies":[{"name":"wp","href":"https:\/\/api.w.org\/{rel}","templated":true}]}}