{"id":9446,"date":"2025-02-05T14:03:17","date_gmt":"2025-02-05T14:03:17","guid":{"rendered":"https:\/\/www.marbella.gr\/?page_id=9446"},"modified":"2026-04-15T10:37:48","modified_gmt":"2026-04-15T07:37:48","slug":"faqs-mc-rewards","status":"publish","type":"page","link":"https:\/\/www.marbella.gr\/fr\/faqs-mc-rewards\/","title":{"rendered":"FAQ pour MC Rewards"},"content":{"rendered":"<p>Bienvenue dans la section Questions fr\u00e9quemment pos\u00e9es (FAQ) sur les r\u00e9compenses ! Nous avons rassembl\u00e9 ici les r\u00e9ponses \u00e0 toutes les questions les plus courantes concernant notre tout nouveau programme de fid\u00e9lit\u00e9. Que vous souhaitiez savoir comment gagner des points ou b\u00e9n\u00e9ficier d'avantages exclusifs, ce guide est l\u00e0 pour vous apporter des r\u00e9ponses claires et utiles.<\/p>\n<p>Rejoignez maintenant notre programme MC Rewards et commencez \u00e0 gagner de l'argent d\u00e8s aujourd'hui !<\/p>\n<p>&nbsp;<\/p>\n<p>D\u00e9bloquer des r\u00e9ductions exclusives pour les membres<\/p>\n<p>B\u00e9n\u00e9ficier de surclassements et d'avantages prioritaires<\/p>\n<p>Acc\u00e8s aux offres et promotions \u00e0 dur\u00e9e limit\u00e9e<\/p>\n<p>Des exp\u00e9riences sur mesure, rien que pour vous<\/p>\n<p style=\"text-align: left;\">","protected":false},"excerpt":{"rendered":"<p>Welcome to our Rewards Frequently Asked Questions (FAQs) section! Here, we&#8217;ve gathered answers to all the most common questions about our brand new loyalty program. Whether you\u2019re curious about how to earn points, or enjoy exclusive perks, this guide is here to provide clear and helpful answers. Join Now our exciting MC Rewards and Start [&#8230;]<\/p>\n<p><a class=\"btn btn-secondary understrap-read-more-link\" href=\"https:\/\/www.marbella.gr\/fr\/faqs-mc-rewards\/\">Read More&#8230;<span class=\"screen-reader-text\"> from FAQs for MC Rewards<\/span><\/a><\/p>\n","protected":false},"author":27,"featured_media":0,"parent":0,"menu_order":0,"comment_status":"closed","ping_status":"closed","template":"","meta":{"_acf_changed":false,"footnotes":""},"class_list":["post-9446","page","type-page","status-publish","hentry"],"acf":[],"yoast_head":"<!-- This site is optimized with the Yoast SEO plugin v27.4 - https:\/\/yoast.com\/product\/yoast-seo-wordpress\/ -->\n<title>FAQs for MC Rewards - Mar-Bella Collection<\/title>\n<meta name=\"robots\" content=\"index, follow, max-snippet:-1, max-image-preview:large, max-video-preview:-1\" \/>\n<link rel=\"canonical\" href=\"https:\/\/www.marbella.gr\/fr\/faqs-mc-rewards\/\" \/>\n<meta property=\"og:locale\" content=\"fr_FR\" \/>\n<meta property=\"og:type\" content=\"article\" \/>\n<meta property=\"og:title\" content=\"FAQs for MC Rewards - Mar-Bella Collection\" \/>\n<meta property=\"og:description\" content=\"Welcome to our Rewards Frequently Asked Questions (FAQs) section! Here, we&#8217;ve gathered answers to all the most common questions about our brand new loyalty program. Whether you\u2019re curious about how to earn points, or enjoy exclusive perks, this guide is here to provide clear and helpful answers. Join Now our exciting MC Rewards and Start [...]Read More... from FAQs for MC Rewards\" \/>\n<meta property=\"og:url\" content=\"https:\/\/www.marbella.gr\/fr\/faqs-mc-rewards\/\" \/>\n<meta property=\"og:site_name\" content=\"Mar-Bella Collection\" \/>\n<meta property=\"article:modified_time\" content=\"2026-04-15T07:37:48+00:00\" \/>\n<meta property=\"og:image\" content=\"https:\/\/www.marbella.gr\/app\/uploads\/2024\/05\/Elix_Water-Sports-2-scaled.jpg\" \/>\n\t<meta property=\"og:image:width\" content=\"2560\" \/>\n\t<meta property=\"og:image:height\" content=\"1705\" \/>\n\t<meta property=\"og:image:type\" content=\"image\/jpeg\" \/>\n<meta name=\"twitter:card\" content=\"summary_large_image\" \/>\n<meta name=\"twitter:label1\" content=\"Dur\u00e9e de lecture estim\u00e9e\" \/>\n\t<meta name=\"twitter:data1\" content=\"1 minute\" \/>\n<!-- \/ Yoast SEO plugin. -->","yoast_head_json":{"title":"FAQ pour MC Rewards - Mar-Bella Collection","robots":{"index":"index","follow":"follow","max-snippet":"max-snippet:-1","max-image-preview":"max-image-preview:large","max-video-preview":"max-video-preview:-1"},"canonical":"https:\/\/www.marbella.gr\/fr\/faqs-mc-rewards\/","og_locale":"fr_FR","og_type":"article","og_title":"FAQs for MC Rewards - Mar-Bella Collection","og_description":"Welcome to our Rewards Frequently Asked Questions (FAQs) section! Here, we&#8217;ve gathered answers to all the most common questions about our brand new loyalty program. Whether you\u2019re curious about how to earn points, or enjoy exclusive perks, this guide is here to provide clear and helpful answers. Join Now our exciting MC Rewards and Start [...]Read More... from FAQs for MC Rewards","og_url":"https:\/\/www.marbella.gr\/fr\/faqs-mc-rewards\/","og_site_name":"Mar-Bella Collection","article_modified_time":"2026-04-15T07:37:48+00:00","og_image":[{"width":2560,"height":1705,"url":"https:\/\/www.marbella.gr\/app\/uploads\/2024\/05\/Elix_Water-Sports-2-scaled.jpg","type":"image\/jpeg"}],"twitter_card":"summary_large_image","twitter_misc":{"Dur\u00e9e de lecture estim\u00e9e":"1 minute"},"schema":{"@context":"https:\/\/schema.org","@graph":[{"@type":"WebPage","@id":"https:\/\/www.marbella.gr\/faqs-mc-rewards\/","url":"https:\/\/www.marbella.gr\/faqs-mc-rewards\/","name":"FAQ pour MC Rewards - Mar-Bella Collection","isPartOf":{"@id":"https:\/\/www.marbella.gr\/#website"},"datePublished":"2025-02-05T14:03:17+00:00","dateModified":"2026-04-15T07:37:48+00:00","breadcrumb":{"@id":"https:\/\/www.marbella.gr\/faqs-mc-rewards\/#breadcrumb"},"inLanguage":"fr-FR","potentialAction":[{"@type":"ReadAction","target":["https:\/\/www.marbella.gr\/faqs-mc-rewards\/"]}]},{"@type":"BreadcrumbList","@id":"https:\/\/www.marbella.gr\/faqs-mc-rewards\/#breadcrumb","itemListElement":[{"@type":"ListItem","position":1,"name":"Home","item":"https:\/\/www.marbella.gr\/"},{"@type":"ListItem","position":2,"name":"FAQs for MC Rewards"}]},{"@type":"WebSite","@id":"https:\/\/www.marbella.gr\/#website","url":"https:\/\/www.marbella.gr\/","name":"MarBella","description":"Une famille d'h\u00f4tels vous reliant \u00e0 la magnifique mer Ionienne","publisher":{"@id":"https:\/\/www.marbella.gr\/#organization"},"alternateName":"MarBella","potentialAction":[{"@type":"SearchAction","target":{"@type":"EntryPoint","urlTemplate":"https:\/\/www.marbella.gr\/?s={search_term_string}"},"query-input":{"@type":"PropertyValueSpecification","valueRequired":true,"valueName":"search_term_string"}}],"inLanguage":"fr-FR"},{"@type":"Organization","@id":"https:\/\/www.marbella.gr\/#organization","name":"MarBella","url":"https:\/\/www.marbella.gr\/","logo":{"@type":"ImageObject","inLanguage":"fr-FR","@id":"https:\/\/www.marbella.gr\/#\/schema\/logo\/image\/","url":"https:\/\/www.marbella.gr\/app\/uploads\/2023\/06\/Marbella-collection.png","contentUrl":"https:\/\/www.marbella.gr\/app\/uploads\/2023\/06\/Marbella-collection.png","width":230,"height":75,"caption":"MarBella"},"image":{"@id":"https:\/\/www.marbella.gr\/#\/schema\/logo\/image\/"}}]}},"_links":{"self":[{"href":"https:\/\/www.marbella.gr\/fr\/wp-json\/wp\/v2\/pages\/9446","targetHints":{"allow":["GET"]}}],"collection":[{"href":"https:\/\/www.marbella.gr\/fr\/wp-json\/wp\/v2\/pages"}],"about":[{"href":"https:\/\/www.marbella.gr\/fr\/wp-json\/wp\/v2\/types\/page"}],"author":[{"embeddable":true,"href":"https:\/\/www.marbella.gr\/fr\/wp-json\/wp\/v2\/users\/27"}],"replies":[{"embeddable":true,"href":"https:\/\/www.marbella.gr\/fr\/wp-json\/wp\/v2\/comments?post=9446"}],"version-history":[{"count":42,"href":"https:\/\/www.marbella.gr\/fr\/wp-json\/wp\/v2\/pages\/9446\/revisions"}],"predecessor-version":[{"id":14488,"href":"https:\/\/www.marbella.gr\/fr\/wp-json\/wp\/v2\/pages\/9446\/revisions\/14488"}],"wp:attachment":[{"href":"https:\/\/www.marbella.gr\/fr\/wp-json\/wp\/v2\/media?parent=9446"}],"curies":[{"name":"wp","href":"https:\/\/api.w.org\/{rel}","templated":true}]}}