{"id":9639,"date":"2025-02-17T12:04:10","date_gmt":"2025-02-17T12:04:10","guid":{"rendered":"https:\/\/www.marbella.gr\/?page_id=9639"},"modified":"2025-08-14T12:20:51","modified_gmt":"2025-08-14T12:20:51","slug":"inspire-the-body-and-mind-2025-nido","status":"publish","type":"page","link":"https:\/\/www.marbella.gr\/fr\/partnerships\/inspire-the-body-and-mind-2025-nido\/","title":{"rendered":"Inspirer le corps et l'esprit"},"content":{"rendered":"<p>Notre partenariat avec Oyogo London se poursuit cet \u00e9t\u00e9 au Nido, o\u00f9 vous pourrez profiter de s\u00e9ances de yoga Slow Flow, de Pilates Tone &amp; Sculpt et de s\u00e9ances de r\u00e9cup\u00e9ration Stretch &amp; Release, toutes ax\u00e9es sur la mobilit\u00e9 et incorporant un travail de respiration pour r\u00e9initialiser et r\u00e9\u00e9nergiser votre corps. Apr\u00e8s une ann\u00e9e couronn\u00e9e de succ\u00e8s, ces s\u00e9ances continuent d'offrir un m\u00e9lange parfait de relaxation, de force et de flexibilit\u00e9.<\/p>","protected":false},"excerpt":{"rendered":"<p>Our partnership with Oyogo London continues this summer at Nido, where you can enjoy Slow Flow Yoga, Tone &amp; Sculpt Pilates, and Stretch &amp; Release recovery sessions, all focusing on mobility and incorporating breathwork to reset and re-energize your body. Following a successful year of empowering and transforming our guests, these sessions continue to offer [&#8230;]<\/p>\n<p><a class=\"btn btn-secondary understrap-read-more-link\" href=\"https:\/\/www.marbella.gr\/fr\/partnerships\/inspire-the-body-and-mind-2025-nido\/\">Read More&#8230;<span class=\"screen-reader-text\"> from Inspire the body and mind<\/span><\/a><\/p>\n","protected":false},"author":27,"featured_media":8436,"parent":1034,"menu_order":0,"comment_status":"closed","ping_status":"closed","template":"","meta":{"_acf_changed":false,"footnotes":""},"class_list":["post-9639","page","type-page","status-publish","has-post-thumbnail","hentry"],"acf":[],"yoast_head":"<!-- This site is optimized with the Yoast SEO plugin v27.5 - https:\/\/yoast.com\/product\/yoast-seo-wordpress\/ -->\n<title>Oyogo London Wellness Sessions | Mar-Bella Collection<\/title>\n<meta name=\"description\" content=\"Re-energize your body this summer at Nido with Oyogo London\u2019s expert-led sessions in Slow Flow Yoga, Pilates, and Stretch &amp; Release.\" \/>\n<meta name=\"robots\" content=\"index, follow, max-snippet:-1, max-image-preview:large, max-video-preview:-1\" \/>\n<link rel=\"canonical\" href=\"https:\/\/www.marbella.gr\/fr\/partnerships\/inspire-the-body-and-mind-2025-nido\/\" \/>\n<meta property=\"og:locale\" content=\"fr_FR\" \/>\n<meta property=\"og:type\" content=\"article\" \/>\n<meta property=\"og:title\" content=\"Oyogo London Wellness Sessions | Mar-Bella Collection\" \/>\n<meta property=\"og:description\" content=\"Re-energize your body this summer at Nido with Oyogo London\u2019s expert-led sessions in Slow Flow Yoga, Pilates, and Stretch &amp; Release.\" \/>\n<meta property=\"og:url\" content=\"https:\/\/www.marbella.gr\/fr\/partnerships\/inspire-the-body-and-mind-2025-nido\/\" \/>\n<meta property=\"og:site_name\" content=\"Mar-Bella Collection\" \/>\n<meta property=\"article:modified_time\" content=\"2025-08-14T12:20:51+00:00\" \/>\n<meta property=\"og:image\" content=\"https:\/\/www.marbella.gr\/app\/uploads\/2024\/11\/2024_05_MARBELLA_009-Yoga_0063-scaled.jpg\" \/>\n\t<meta property=\"og:image:width\" content=\"2560\" \/>\n\t<meta property=\"og:image:height\" content=\"1920\" \/>\n\t<meta property=\"og:image:type\" content=\"image\/jpeg\" \/>\n<meta name=\"twitter:card\" content=\"summary_large_image\" \/>\n<meta name=\"twitter:label1\" content=\"Dur\u00e9e de lecture estim\u00e9e\" \/>\n\t<meta name=\"twitter:data1\" content=\"1 minute\" \/>\n<!-- \/ Yoast SEO plugin. -->","yoast_head_json":{"title":"Oyogo London Wellness Sessions | Mar-Bella Collection","description":"R\u00e9\u00e9nergisez votre corps cet \u00e9t\u00e9 au Nido gr\u00e2ce aux s\u00e9ances de yoga Slow Flow, de Pilates et de Stretch &amp; Release anim\u00e9es par des experts d'Oyogo London.","robots":{"index":"index","follow":"follow","max-snippet":"max-snippet:-1","max-image-preview":"max-image-preview:large","max-video-preview":"max-video-preview:-1"},"canonical":"https:\/\/www.marbella.gr\/fr\/partnerships\/inspire-the-body-and-mind-2025-nido\/","og_locale":"fr_FR","og_type":"article","og_title":"Oyogo London Wellness Sessions | Mar-Bella Collection","og_description":"Re-energize your body this summer at Nido with Oyogo London\u2019s expert-led sessions in Slow Flow Yoga, Pilates, and Stretch & Release.","og_url":"https:\/\/www.marbella.gr\/fr\/partnerships\/inspire-the-body-and-mind-2025-nido\/","og_site_name":"Mar-Bella Collection","article_modified_time":"2025-08-14T12:20:51+00:00","og_image":[{"width":2560,"height":1920,"url":"https:\/\/www.marbella.gr\/app\/uploads\/2024\/11\/2024_05_MARBELLA_009-Yoga_0063-scaled.jpg","type":"image\/jpeg"}],"twitter_card":"summary_large_image","twitter_misc":{"Dur\u00e9e de lecture estim\u00e9e":"1 minute"},"schema":{"@context":"https:\/\/schema.org","@graph":[{"@type":"WebPage","@id":"https:\/\/www.marbella.gr\/partnerships\/inspire-the-body-and-mind-2025-nido\/","url":"https:\/\/www.marbella.gr\/partnerships\/inspire-the-body-and-mind-2025-nido\/","name":"Oyogo London Wellness Sessions | Mar-Bella Collection","isPartOf":{"@id":"https:\/\/www.marbella.gr\/#website"},"primaryImageOfPage":{"@id":"https:\/\/www.marbella.gr\/partnerships\/inspire-the-body-and-mind-2025-nido\/#primaryimage"},"image":{"@id":"https:\/\/www.marbella.gr\/partnerships\/inspire-the-body-and-mind-2025-nido\/#primaryimage"},"thumbnailUrl":"https:\/\/www.marbella.gr\/app\/uploads\/2024\/11\/2024_05_MARBELLA_009-Yoga_0063-scaled.jpg","datePublished":"2025-02-17T12:04:10+00:00","dateModified":"2025-08-14T12:20:51+00:00","description":"R\u00e9\u00e9nergisez votre corps cet \u00e9t\u00e9 au Nido gr\u00e2ce aux s\u00e9ances de yoga Slow Flow, de Pilates et de Stretch &amp; Release anim\u00e9es par des experts d'Oyogo London.","breadcrumb":{"@id":"https:\/\/www.marbella.gr\/partnerships\/inspire-the-body-and-mind-2025-nido\/#breadcrumb"},"inLanguage":"fr-FR","potentialAction":[{"@type":"ReadAction","target":["https:\/\/www.marbella.gr\/partnerships\/inspire-the-body-and-mind-2025-nido\/"]}]},{"@type":"ImageObject","inLanguage":"fr-FR","@id":"https:\/\/www.marbella.gr\/partnerships\/inspire-the-body-and-mind-2025-nido\/#primaryimage","url":"https:\/\/www.marbella.gr\/app\/uploads\/2024\/11\/2024_05_MARBELLA_009-Yoga_0063-scaled.jpg","contentUrl":"https:\/\/www.marbella.gr\/app\/uploads\/2024\/11\/2024_05_MARBELLA_009-Yoga_0063-scaled.jpg","width":2560,"height":1920,"caption":"Discover Mar-Bella Collection - 5 star hotels in Corfu, Parga Greece"},{"@type":"BreadcrumbList","@id":"https:\/\/www.marbella.gr\/partnerships\/inspire-the-body-and-mind-2025-nido\/#breadcrumb","itemListElement":[{"@type":"ListItem","position":1,"name":"Home","item":"https:\/\/www.marbella.gr\/"},{"@type":"ListItem","position":2,"name":"Partnerships","item":"https:\/\/www.marbella.gr\/partnerships\/"},{"@type":"ListItem","position":3,"name":"Inspire the body and mind"}]},{"@type":"WebSite","@id":"https:\/\/www.marbella.gr\/#website","url":"https:\/\/www.marbella.gr\/","name":"MarBella","description":"Une famille d'h\u00f4tels vous reliant \u00e0 la magnifique mer Ionienne","publisher":{"@id":"https:\/\/www.marbella.gr\/#organization"},"alternateName":"MarBella","potentialAction":[{"@type":"SearchAction","target":{"@type":"EntryPoint","urlTemplate":"https:\/\/www.marbella.gr\/?s={search_term_string}"},"query-input":{"@type":"PropertyValueSpecification","valueRequired":true,"valueName":"search_term_string"}}],"inLanguage":"fr-FR"},{"@type":"Organization","@id":"https:\/\/www.marbella.gr\/#organization","name":"MarBella","url":"https:\/\/www.marbella.gr\/","logo":{"@type":"ImageObject","inLanguage":"fr-FR","@id":"https:\/\/www.marbella.gr\/#\/schema\/logo\/image\/","url":"https:\/\/www.marbella.gr\/app\/uploads\/2023\/06\/Marbella-collection.png","contentUrl":"https:\/\/www.marbella.gr\/app\/uploads\/2023\/06\/Marbella-collection.png","width":230,"height":75,"caption":"MarBella"},"image":{"@id":"https:\/\/www.marbella.gr\/#\/schema\/logo\/image\/"}}]}},"_links":{"self":[{"href":"https:\/\/www.marbella.gr\/fr\/wp-json\/wp\/v2\/pages\/9639","targetHints":{"allow":["GET"]}}],"collection":[{"href":"https:\/\/www.marbella.gr\/fr\/wp-json\/wp\/v2\/pages"}],"about":[{"href":"https:\/\/www.marbella.gr\/fr\/wp-json\/wp\/v2\/types\/page"}],"author":[{"embeddable":true,"href":"https:\/\/www.marbella.gr\/fr\/wp-json\/wp\/v2\/users\/27"}],"replies":[{"embeddable":true,"href":"https:\/\/www.marbella.gr\/fr\/wp-json\/wp\/v2\/comments?post=9639"}],"version-history":[{"count":8,"href":"https:\/\/www.marbella.gr\/fr\/wp-json\/wp\/v2\/pages\/9639\/revisions"}],"predecessor-version":[{"id":10313,"href":"https:\/\/www.marbella.gr\/fr\/wp-json\/wp\/v2\/pages\/9639\/revisions\/10313"}],"up":[{"embeddable":true,"href":"https:\/\/www.marbella.gr\/fr\/wp-json\/wp\/v2\/pages\/1034"}],"wp:featuredmedia":[{"embeddable":true,"href":"https:\/\/www.marbella.gr\/fr\/wp-json\/wp\/v2\/media\/8436"}],"wp:attachment":[{"href":"https:\/\/www.marbella.gr\/fr\/wp-json\/wp\/v2\/media?parent=9639"}],"curies":[{"name":"wp","href":"https:\/\/api.w.org\/{rel}","templated":true}]}}