{"id":9648,"date":"2025-02-17T12:20:28","date_gmt":"2025-02-17T12:20:28","guid":{"rendered":"https:\/\/www.marbella.gr\/?page_id=9648"},"modified":"2025-08-14T12:12:05","modified_gmt":"2025-08-14T12:12:05","slug":"inspire-the-body-and-mind-2025-elix","status":"publish","type":"page","link":"https:\/\/www.marbella.gr\/fr\/partnerships\/inspire-the-body-and-mind-2025-elix\/","title":{"rendered":"Inspirer le corps et l'esprit 2025"},"content":{"rendered":"<p>Les formateurs d'Oyogo London sont de retour cet \u00e9t\u00e9 \u00e0 Elix. Profitez des s\u00e9ances Slow Paced Strength, Slow Flow Yoga, Vinyasa Yoga et Express Core, ainsi que des s\u00e9ances Tone &amp; Sculpt, Express Pilates et Stretch &amp; Release, toutes adapt\u00e9es \u00e0 tous les niveaux. Suite au succ\u00e8s des offres transformatrices de ces derni\u00e8res ann\u00e9es, ces sessions continuent \u00e0 promouvoir la force, la flexibilit\u00e9 et le bien-\u00eatre g\u00e9n\u00e9ral, garantissant une exp\u00e9rience \u00e9quilibr\u00e9e et revitalisante.<\/p>","protected":false},"excerpt":{"rendered":"<p>Oyogo London trainers are back this summer at Elix. Enjoy Slow Paced Strength, Slow Flow Yoga, Vinyasa Yoga, and Express Core, as well as Tone &amp; Sculpt, Express Pilates, and Stretch &amp; Release sessions, all suitable for all levels. Following the success of the last few years&#8217; transformative offerings, these sessions continue to promote strength, [&#8230;]<\/p>\n<p><a class=\"btn btn-secondary understrap-read-more-link\" href=\"https:\/\/www.marbella.gr\/fr\/partnerships\/inspire-the-body-and-mind-2025-elix\/\">Read More&#8230;<span class=\"screen-reader-text\"> from Inspire the body and mind 2025<\/span><\/a><\/p>\n","protected":false},"author":27,"featured_media":8436,"parent":1034,"menu_order":0,"comment_status":"closed","ping_status":"closed","template":"","meta":{"_acf_changed":false,"footnotes":""},"class_list":["post-9648","page","type-page","status-publish","has-post-thumbnail","hentry"],"acf":[],"yoast_head":"<!-- This site is optimized with the Yoast SEO plugin v27.5 - https:\/\/yoast.com\/product\/yoast-seo-wordpress\/ -->\n<title>Fitness Sessions for All Levels | Mar-Bella Collection<\/title>\n<meta name=\"description\" content=\"Oyogo London trainers are back this summer at Elix. Enjoy their well-being sessions ensuring a balanced and revitalizing experience.\" \/>\n<meta name=\"robots\" content=\"index, follow, max-snippet:-1, max-image-preview:large, max-video-preview:-1\" \/>\n<link rel=\"canonical\" href=\"https:\/\/www.marbella.gr\/fr\/partnerships\/inspire-the-body-and-mind-2025-elix\/\" \/>\n<meta property=\"og:locale\" content=\"fr_FR\" \/>\n<meta property=\"og:type\" content=\"article\" \/>\n<meta property=\"og:title\" content=\"Fitness Sessions for All Levels | Mar-Bella Collection\" \/>\n<meta property=\"og:description\" content=\"Oyogo London trainers are back this summer at Elix. Enjoy their well-being sessions ensuring a balanced and revitalizing experience.\" \/>\n<meta property=\"og:url\" content=\"https:\/\/www.marbella.gr\/fr\/partnerships\/inspire-the-body-and-mind-2025-elix\/\" \/>\n<meta property=\"og:site_name\" content=\"Mar-Bella Collection\" \/>\n<meta property=\"article:modified_time\" content=\"2025-08-14T12:12:05+00:00\" \/>\n<meta property=\"og:image\" content=\"https:\/\/www.marbella.gr\/app\/uploads\/2024\/11\/2024_05_MARBELLA_009-Yoga_0063-scaled.jpg\" \/>\n\t<meta property=\"og:image:width\" content=\"2560\" \/>\n\t<meta property=\"og:image:height\" content=\"1920\" \/>\n\t<meta property=\"og:image:type\" content=\"image\/jpeg\" \/>\n<meta name=\"twitter:card\" content=\"summary_large_image\" \/>\n<meta name=\"twitter:label1\" content=\"Dur\u00e9e de lecture estim\u00e9e\" \/>\n\t<meta name=\"twitter:data1\" content=\"1 minute\" \/>\n<!-- \/ Yoast SEO plugin. -->","yoast_head_json":{"title":"Sessions de remise en forme pour tous les niveaux | Mar-Bella Collection","description":"Les formateurs d'Oyogo London sont de retour cet \u00e9t\u00e9 \u00e0 Elix. Profitez de leurs s\u00e9ances de bien-\u00eatre pour une exp\u00e9rience \u00e9quilibr\u00e9e et revitalisante.","robots":{"index":"index","follow":"follow","max-snippet":"max-snippet:-1","max-image-preview":"max-image-preview:large","max-video-preview":"max-video-preview:-1"},"canonical":"https:\/\/www.marbella.gr\/fr\/partnerships\/inspire-the-body-and-mind-2025-elix\/","og_locale":"fr_FR","og_type":"article","og_title":"Fitness Sessions for All Levels | Mar-Bella Collection","og_description":"Oyogo London trainers are back this summer at Elix. Enjoy their well-being sessions ensuring a balanced and revitalizing experience.","og_url":"https:\/\/www.marbella.gr\/fr\/partnerships\/inspire-the-body-and-mind-2025-elix\/","og_site_name":"Mar-Bella Collection","article_modified_time":"2025-08-14T12:12:05+00:00","og_image":[{"width":2560,"height":1920,"url":"https:\/\/www.marbella.gr\/app\/uploads\/2024\/11\/2024_05_MARBELLA_009-Yoga_0063-scaled.jpg","type":"image\/jpeg"}],"twitter_card":"summary_large_image","twitter_misc":{"Dur\u00e9e de lecture estim\u00e9e":"1 minute"},"schema":{"@context":"https:\/\/schema.org","@graph":[{"@type":"WebPage","@id":"https:\/\/www.marbella.gr\/partnerships\/inspire-the-body-and-mind-2025-elix\/","url":"https:\/\/www.marbella.gr\/partnerships\/inspire-the-body-and-mind-2025-elix\/","name":"Sessions de remise en forme pour tous les niveaux | Mar-Bella Collection","isPartOf":{"@id":"https:\/\/www.marbella.gr\/#website"},"primaryImageOfPage":{"@id":"https:\/\/www.marbella.gr\/partnerships\/inspire-the-body-and-mind-2025-elix\/#primaryimage"},"image":{"@id":"https:\/\/www.marbella.gr\/partnerships\/inspire-the-body-and-mind-2025-elix\/#primaryimage"},"thumbnailUrl":"https:\/\/www.marbella.gr\/app\/uploads\/2024\/11\/2024_05_MARBELLA_009-Yoga_0063-scaled.jpg","datePublished":"2025-02-17T12:20:28+00:00","dateModified":"2025-08-14T12:12:05+00:00","description":"Les formateurs d'Oyogo London sont de retour cet \u00e9t\u00e9 \u00e0 Elix. Profitez de leurs s\u00e9ances de bien-\u00eatre pour une exp\u00e9rience \u00e9quilibr\u00e9e et revitalisante.","breadcrumb":{"@id":"https:\/\/www.marbella.gr\/partnerships\/inspire-the-body-and-mind-2025-elix\/#breadcrumb"},"inLanguage":"fr-FR","potentialAction":[{"@type":"ReadAction","target":["https:\/\/www.marbella.gr\/partnerships\/inspire-the-body-and-mind-2025-elix\/"]}]},{"@type":"ImageObject","inLanguage":"fr-FR","@id":"https:\/\/www.marbella.gr\/partnerships\/inspire-the-body-and-mind-2025-elix\/#primaryimage","url":"https:\/\/www.marbella.gr\/app\/uploads\/2024\/11\/2024_05_MARBELLA_009-Yoga_0063-scaled.jpg","contentUrl":"https:\/\/www.marbella.gr\/app\/uploads\/2024\/11\/2024_05_MARBELLA_009-Yoga_0063-scaled.jpg","width":2560,"height":1920,"caption":"Discover Mar-Bella Collection - 5 star hotels in Corfu, Parga Greece"},{"@type":"BreadcrumbList","@id":"https:\/\/www.marbella.gr\/partnerships\/inspire-the-body-and-mind-2025-elix\/#breadcrumb","itemListElement":[{"@type":"ListItem","position":1,"name":"Home","item":"https:\/\/www.marbella.gr\/"},{"@type":"ListItem","position":2,"name":"Partnerships","item":"https:\/\/www.marbella.gr\/partnerships\/"},{"@type":"ListItem","position":3,"name":"Inspire the body and mind 2025"}]},{"@type":"WebSite","@id":"https:\/\/www.marbella.gr\/#website","url":"https:\/\/www.marbella.gr\/","name":"MarBella","description":"Une famille d'h\u00f4tels vous reliant \u00e0 la magnifique mer Ionienne","publisher":{"@id":"https:\/\/www.marbella.gr\/#organization"},"alternateName":"MarBella","potentialAction":[{"@type":"SearchAction","target":{"@type":"EntryPoint","urlTemplate":"https:\/\/www.marbella.gr\/?s={search_term_string}"},"query-input":{"@type":"PropertyValueSpecification","valueRequired":true,"valueName":"search_term_string"}}],"inLanguage":"fr-FR"},{"@type":"Organization","@id":"https:\/\/www.marbella.gr\/#organization","name":"MarBella","url":"https:\/\/www.marbella.gr\/","logo":{"@type":"ImageObject","inLanguage":"fr-FR","@id":"https:\/\/www.marbella.gr\/#\/schema\/logo\/image\/","url":"https:\/\/www.marbella.gr\/app\/uploads\/2023\/06\/Marbella-collection.png","contentUrl":"https:\/\/www.marbella.gr\/app\/uploads\/2023\/06\/Marbella-collection.png","width":230,"height":75,"caption":"MarBella"},"image":{"@id":"https:\/\/www.marbella.gr\/#\/schema\/logo\/image\/"}}]}},"_links":{"self":[{"href":"https:\/\/www.marbella.gr\/fr\/wp-json\/wp\/v2\/pages\/9648","targetHints":{"allow":["GET"]}}],"collection":[{"href":"https:\/\/www.marbella.gr\/fr\/wp-json\/wp\/v2\/pages"}],"about":[{"href":"https:\/\/www.marbella.gr\/fr\/wp-json\/wp\/v2\/types\/page"}],"author":[{"embeddable":true,"href":"https:\/\/www.marbella.gr\/fr\/wp-json\/wp\/v2\/users\/27"}],"replies":[{"embeddable":true,"href":"https:\/\/www.marbella.gr\/fr\/wp-json\/wp\/v2\/comments?post=9648"}],"version-history":[{"count":10,"href":"https:\/\/www.marbella.gr\/fr\/wp-json\/wp\/v2\/pages\/9648\/revisions"}],"predecessor-version":[{"id":10316,"href":"https:\/\/www.marbella.gr\/fr\/wp-json\/wp\/v2\/pages\/9648\/revisions\/10316"}],"up":[{"embeddable":true,"href":"https:\/\/www.marbella.gr\/fr\/wp-json\/wp\/v2\/pages\/1034"}],"wp:featuredmedia":[{"embeddable":true,"href":"https:\/\/www.marbella.gr\/fr\/wp-json\/wp\/v2\/media\/8436"}],"wp:attachment":[{"href":"https:\/\/www.marbella.gr\/fr\/wp-json\/wp\/v2\/media?parent=9648"}],"curies":[{"name":"wp","href":"https:\/\/api.w.org\/{rel}","templated":true}]}}