{"id":9894,"date":"2025-03-13T15:08:53","date_gmt":"2025-03-13T15:08:53","guid":{"rendered":"https:\/\/www.marbella.gr\/?page_id=9894"},"modified":"2025-03-18T09:53:23","modified_gmt":"2025-03-18T09:53:23","slug":"premium-all-inclusive","status":"publish","type":"page","link":"https:\/\/www.marbella.gr\/fr\/ideal-for\/premium-all-inclusive\/","title":{"rendered":"Premium All Inclusive"},"content":{"rendered":"<div class=\"max-w-4xl lg:px-8 mx-auto\">\n<div class=\"section-b\">\n<section class=\"w-full px-3 lg:px-6\">\n<div class=\"container mx-auto text-center fade-in-me max-w-4xl is-in-view\">\n<div class=\"max-w-4xl page-content main-text text-marbella-text pt-12 mx-auto\">\n<div class=\"w-full text-content\">\n<div class=\"section-b\">\n<section class=\"w-full px-3 lg:px-6\">\n<div class=\"container mx-auto text-center fade-in-me max-w-4xl is-in-view\">\n<div class=\"max-w-4xl page-content main-text text-marbella-text pt-12 mx-auto\">\n<div class=\"w-full text-content\">\n<p><span class=\"TextRun SCXW197889640 BCX0\" lang=\"EN-GB\" xml:lang=\"EN-GB\" data-contrast=\"auto\"><span class=\"NormalTextRun SCXW197889640 BCX0\" data-ccp-parastyle=\"No Spacing\">Plongez dans<\/span><span class=\"NormalTextRun SCXW197889640 BCX0\" data-ccp-parastyle=\"No Spacing\"> un monde d'exp\u00e9riences et de divertissements inoubliables, <\/span><span class=\"NormalTextRun SCXW197889640 BCX0\" data-ccp-parastyle=\"No Spacing\">avec<\/span><span class=\"NormalTextRun SCXW197889640 BCX0\" data-ccp-parastyle=\"No Spacing\"> une escapade haut de gamme tout compris<\/span><span class=\"NormalTextRun SCXW197889640 BCX0\" data-ccp-parastyle=\"No Spacing\"> \u00e0 <\/span><strong><span class=\"NormalTextRun SCXW197889640 BCX0\" data-ccp-parastyle=\"No Spacing\">MarBella<\/span><\/strong><span class=\"NormalTextRun SCXW197889640 BCX0\" data-ccp-parastyle=\"No Spacing\"> ou <strong>Avali<\/strong><\/span><span class=\"NormalTextRun SCXW197889640 BCX0\" data-ccp-parastyle=\"No Spacing\">.<\/span><span class=\"NormalTextRun SCXW197889640 BCX0\" data-ccp-parastyle=\"No Spacing\"> Ou<\/span> <span class=\"NormalTextRun SCXW197889640 BCX0\" data-ccp-parastyle=\"No Spacing\">Am\u00e9liorez votre s\u00e9jour \u00e0 Elix en choisissant l'option <\/span><span class=\"NormalTextRun SCXW197889640 BCX0\" data-ccp-parastyle=\"No Spacing\">premium tout compris <\/span><span class=\"NormalTextRun SCXW197889640 BCX0\" data-ccp-parastyle=\"No Spacing\">mise \u00e0 niveau<\/span><span class=\"NormalTextRun SCXW197889640 BCX0\" data-ccp-parastyle=\"No Spacing\">.<\/span> <span class=\"NormalTextRun SCXW197889640 BCX0\" data-ccp-parastyle=\"No Spacing\">W<\/span><span class=\"NormalTextRun SCXW197889640 BCX0\" data-ccp-parastyle=\"No Spacing\">Sports aquatiques, excursions guid\u00e9es, exp\u00e9riences culturelles <\/span><span class=\"NormalTextRun SCXW197889640 BCX0\" data-ccp-parastyle=\"No Spacing\">et<\/span><span class=\"NormalTextRun SCXW197889640 BCX0\" data-ccp-parastyle=\"No Spacing\"> soir\u00e9es \u00e0 th\u00e8me<\/span><span class=\"NormalTextRun SCXW197889640 BCX0\" data-ccp-parastyle=\"No Spacing\">, il y a<\/span><span class=\"NormalTextRun SCXW197889640 BCX0\" data-ccp-parastyle=\"No Spacing\"> sont<\/span><span class=\"NormalTextRun SCXW197889640 BCX0\" data-ccp-parastyle=\"No Spacing\"> activit\u00e9s<\/span><span class=\"NormalTextRun SCXW197889640 BCX0\" data-ccp-parastyle=\"No Spacing\"> pour vous divertir tout au long de la journ\u00e9e et de la soir\u00e9e. Embrasser le bien-\u00eatre<\/span> <span class=\"NormalTextRun SCXW197889640 BCX0\" data-ccp-parastyle=\"No Spacing\">avec<\/span><span class=\"NormalTextRun SCXW197889640 BCX0\" data-ccp-parastyle=\"No Spacing\"> yoga,<\/span> <span class=\"NormalTextRun SpellingErrorV2Themed SCXW197889640 BCX0\" data-ccp-parastyle=\"No Spacing\">pilates<\/span> <span class=\"NormalTextRun SCXW197889640 BCX0\" data-ccp-parastyle=\"No Spacing\">et <\/span><span class=\"NormalTextRun SCXW197889640 BCX0\" data-ccp-parastyle=\"No Spacing\">complimen<\/span><span class=\"NormalTextRun SCXW197889640 BCX0\" data-ccp-parastyle=\"No Spacing\">taire <\/span><span class=\"NormalTextRun SCXW197889640 BCX0\" data-ccp-parastyle=\"No Spacing\">l'acc\u00e8s \u00e0 notre <\/span><span class=\"NormalTextRun SCXW197889640 BCX0\" data-ccp-parastyle=\"No Spacing\">la remise en forme<\/span><span class=\"NormalTextRun SCXW197889640 BCX0\" data-ccp-parastyle=\"No Spacing\"> centres<\/span><span class=\"NormalTextRun SCXW197889640 BCX0\" data-ccp-parastyle=\"No Spacing\"> et spas<\/span><span class=\"NormalTextRun SCXW197889640 BCX0\" data-ccp-parastyle=\"No Spacing\">, <\/span><span class=\"NormalTextRun SCXW197889640 BCX0\" data-ccp-parastyle=\"No Spacing\">ou s'embarquer pour un<\/span><span class=\"NormalTextRun SCXW197889640 BCX0\" data-ccp-parastyle=\"No Spacing\"> aventure <\/span><span class=\"NormalTextRun SCXW197889640 BCX0\" data-ccp-parastyle=\"No Spacing\">avec<\/span><span class=\"NormalTextRun SCXW197889640 BCX0\" data-ccp-parastyle=\"No Spacing\"> sentiers de randonn\u00e9e, excursions en bateau et <\/span><span class=\"NormalTextRun SCXW197889640 BCX0\" data-ccp-parastyle=\"No Spacing\">plong\u00e9e en apn\u00e9e<\/span><span class=\"NormalTextRun SCXW197889640 BCX0\" data-ccp-parastyle=\"No Spacing\"> en<\/span><span class=\"NormalTextRun SCXW197889640 BCX0\" data-ccp-parastyle=\"No Spacing\"> les<\/span> <span class=\"NormalTextRun SCXW197889640 BCX0\" data-ccp-parastyle=\"No Spacing\">clair comme de l'eau de roche<\/span><span class=\"NormalTextRun SCXW197889640 BCX0\" data-ccp-parastyle=\"No Spacing\"> eaux.<\/span> <span class=\"NormalTextRun SCXW197889640 BCX0\" data-ccp-parastyle=\"No Spacing\">F<\/span><span class=\"NormalTextRun SCXW197889640 BCX0\" data-ccp-parastyle=\"No Spacing\">amil<\/span><span class=\"NormalTextRun SCXW197889640 BCX0\" data-ccp-parastyle=\"No Spacing\">ies<\/span><span class=\"NormalTextRun SCXW197889640 BCX0\" data-ccp-parastyle=\"No Spacing\">,<\/span><span class=\"NormalTextRun SCXW197889640 BCX0\" data-ccp-parastyle=\"No Spacing\"> des amis, et <\/span><span class=\"NormalTextRun SCXW197889640 BCX0\" data-ccp-parastyle=\"No Spacing\">couple<\/span><span class=\"NormalTextRun SCXW197889640 BCX0\" data-ccp-parastyle=\"No Spacing\">s<\/span><span class=\"NormalTextRun SCXW197889640 BCX0\" data-ccp-parastyle=\"No Spacing\">, <\/span><span class=\"NormalTextRun SCXW197889640 BCX0\" data-ccp-parastyle=\"No Spacing\">volont\u00e9 <\/span><span class=\"NormalTextRun SCXW197889640 BCX0\" data-ccp-parastyle=\"No Spacing\">tous <\/span><span class=\"NormalTextRun SCXW197889640 BCX0\" data-ccp-parastyle=\"No Spacing\">J'aime le choix des <\/span><span class=\"NormalTextRun SCXW197889640 BCX0\" data-ccp-parastyle=\"No Spacing\">des d\u00eeners \u00e0 la carte, <\/span><span class=\"NormalTextRun SCXW197889640 BCX0\" data-ccp-parastyle=\"No Spacing\">boissons<\/span><span class=\"NormalTextRun SCXW197889640 BCX0\" data-ccp-parastyle=\"No Spacing\"> et <\/span><span class=\"NormalTextRun SCXW197889640 BCX0\" data-ccp-parastyle=\"No Spacing\">activit\u00e9s pr\u00e9vues<\/span><span class=\"NormalTextRun SCXW197889640 BCX0\" data-ccp-parastyle=\"No Spacing\">, <\/span><span class=\"NormalTextRun SCXW197889640 BCX0\" data-ccp-parastyle=\"No Spacing\">conception<\/span><span class=\"NormalTextRun SCXW197889640 BCX0\" data-ccp-parastyle=\"No Spacing\">ned<\/span><span class=\"NormalTextRun SCXW197889640 BCX0\" data-ccp-parastyle=\"No Spacing\"> pour rendre vos vacances plus agr\u00e9ables<\/span><span class=\"NormalTextRun SCXW197889640 BCX0\" data-ccp-parastyle=\"No Spacing\"> exp\u00e9rience <\/span><span class=\"NormalTextRun SCXW197889640 BCX0\" data-ccp-parastyle=\"No Spacing\">sans aucun effort<\/span><span class=\"NormalTextRun SCXW197889640 BCX0\" data-ccp-parastyle=\"No Spacing\">.<\/span><\/span><span class=\"EOP SCXW197889640 BCX0\" data-ccp-props=\"{}\">\u00a0<\/span><\/p>\n<\/div>\n<\/div>\n<\/div>\n<\/section>\n<\/div>\n<\/div>\n<\/div>\n<\/div>\n<\/section>\n<\/div>\n<\/div>","protected":false},"excerpt":{"rendered":"<p>Dive into a world of unforgettable experiences and entertainment, with a premium all-inclusive getaway at MarBella or Avali. Or elevate your stay at Elix with an optional premium all-inclusive upgrade. Water sports, guided excursions, cultural experiences and themed nights, there are activities to keep you entertained all day and evening. Embrace wellness with yoga, pilates [&#8230;]<\/p>\n<p><a class=\"btn btn-secondary understrap-read-more-link\" href=\"https:\/\/www.marbella.gr\/fr\/ideal-for\/premium-all-inclusive\/\">Read More&#8230;<span class=\"screen-reader-text\"> from Premium All Inclusive<\/span><\/a><\/p>\n","protected":false},"author":16,"featured_media":8566,"parent":9713,"menu_order":0,"comment_status":"closed","ping_status":"closed","template":"","meta":{"_acf_changed":false,"footnotes":""},"class_list":["post-9894","page","type-page","status-publish","has-post-thumbnail","hentry"],"acf":[],"yoast_head":"<!-- This site is optimized with the Yoast SEO plugin v27.2 - https:\/\/yoast.com\/product\/yoast-seo-wordpress\/ -->\n<title>Premium All Inclusive - Mar-Bella Collection<\/title>\n<meta name=\"robots\" content=\"index, follow, max-snippet:-1, max-image-preview:large, max-video-preview:-1\" \/>\n<link rel=\"canonical\" href=\"https:\/\/www.marbella.gr\/fr\/ideal-for\/premium-all-inclusive\/\" \/>\n<meta property=\"og:locale\" content=\"fr_FR\" \/>\n<meta property=\"og:type\" content=\"article\" \/>\n<meta property=\"og:title\" content=\"Premium All Inclusive - Mar-Bella Collection\" \/>\n<meta property=\"og:description\" content=\"Dive into a world of unforgettable experiences and entertainment, with a premium all-inclusive getaway at MarBella or Avali. Or elevate your stay at Elix with an optional premium all-inclusive upgrade. Water sports, guided excursions, cultural experiences and themed nights, there are activities to keep you entertained all day and evening. Embrace wellness with yoga, pilates [...]Read More... from Premium All Inclusive\" \/>\n<meta property=\"og:url\" content=\"https:\/\/www.marbella.gr\/fr\/ideal-for\/premium-all-inclusive\/\" \/>\n<meta property=\"og:site_name\" content=\"Mar-Bella Collection\" \/>\n<meta property=\"article:modified_time\" content=\"2025-03-18T09:53:23+00:00\" \/>\n<meta property=\"og:image\" content=\"https:\/\/www.marbella.gr\/app\/uploads\/2024\/11\/MarBella_Deck_Restaurant-6-scaled.jpg\" \/>\n\t<meta property=\"og:image:width\" content=\"2560\" \/>\n\t<meta property=\"og:image:height\" content=\"1920\" \/>\n\t<meta property=\"og:image:type\" content=\"image\/jpeg\" \/>\n<meta name=\"twitter:card\" content=\"summary_large_image\" \/>\n<meta name=\"twitter:label1\" content=\"Dur\u00e9e de lecture estim\u00e9e\" \/>\n\t<meta name=\"twitter:data1\" content=\"1 minute\" \/>\n<!-- \/ Yoast SEO plugin. -->","yoast_head_json":{"title":"Premium All Inclusive - Mar-Bella Collection","robots":{"index":"index","follow":"follow","max-snippet":"max-snippet:-1","max-image-preview":"max-image-preview:large","max-video-preview":"max-video-preview:-1"},"canonical":"https:\/\/www.marbella.gr\/fr\/ideal-for\/premium-all-inclusive\/","og_locale":"fr_FR","og_type":"article","og_title":"Premium All Inclusive - Mar-Bella Collection","og_description":"Dive into a world of unforgettable experiences and entertainment, with a premium all-inclusive getaway at MarBella or Avali. Or elevate your stay at Elix with an optional premium all-inclusive upgrade. Water sports, guided excursions, cultural experiences and themed nights, there are activities to keep you entertained all day and evening. Embrace wellness with yoga, pilates [...]Read More... from Premium All Inclusive","og_url":"https:\/\/www.marbella.gr\/fr\/ideal-for\/premium-all-inclusive\/","og_site_name":"Mar-Bella Collection","article_modified_time":"2025-03-18T09:53:23+00:00","og_image":[{"width":2560,"height":1920,"url":"https:\/\/www.marbella.gr\/app\/uploads\/2024\/11\/MarBella_Deck_Restaurant-6-scaled.jpg","type":"image\/jpeg"}],"twitter_card":"summary_large_image","twitter_misc":{"Dur\u00e9e de lecture estim\u00e9e":"1 minute"},"schema":{"@context":"https:\/\/schema.org","@graph":[{"@type":"WebPage","@id":"https:\/\/www.marbella.gr\/ideal-for\/premium-all-inclusive\/","url":"https:\/\/www.marbella.gr\/ideal-for\/premium-all-inclusive\/","name":"Premium All Inclusive - Mar-Bella Collection","isPartOf":{"@id":"https:\/\/www.marbella.gr\/#website"},"primaryImageOfPage":{"@id":"https:\/\/www.marbella.gr\/ideal-for\/premium-all-inclusive\/#primaryimage"},"image":{"@id":"https:\/\/www.marbella.gr\/ideal-for\/premium-all-inclusive\/#primaryimage"},"thumbnailUrl":"https:\/\/www.marbella.gr\/app\/uploads\/2024\/11\/MarBella_Deck_Restaurant-6-scaled.jpg","datePublished":"2025-03-13T15:08:53+00:00","dateModified":"2025-03-18T09:53:23+00:00","breadcrumb":{"@id":"https:\/\/www.marbella.gr\/ideal-for\/premium-all-inclusive\/#breadcrumb"},"inLanguage":"fr-FR","potentialAction":[{"@type":"ReadAction","target":["https:\/\/www.marbella.gr\/ideal-for\/premium-all-inclusive\/"]}]},{"@type":"ImageObject","inLanguage":"fr-FR","@id":"https:\/\/www.marbella.gr\/ideal-for\/premium-all-inclusive\/#primaryimage","url":"https:\/\/www.marbella.gr\/app\/uploads\/2024\/11\/MarBella_Deck_Restaurant-6-scaled.jpg","contentUrl":"https:\/\/www.marbella.gr\/app\/uploads\/2024\/11\/MarBella_Deck_Restaurant-6-scaled.jpg","width":2560,"height":1920,"caption":"Discover Mar-Bella Collection - 5 star hotels in Corfu, Parga Greece"},{"@type":"BreadcrumbList","@id":"https:\/\/www.marbella.gr\/ideal-for\/premium-all-inclusive\/#breadcrumb","itemListElement":[{"@type":"ListItem","position":1,"name":"Home","item":"https:\/\/www.marbella.gr\/"},{"@type":"ListItem","position":2,"name":"Ideal for","item":"https:\/\/www.marbella.gr\/ideal-for\/"},{"@type":"ListItem","position":3,"name":"Premium All Inclusive"}]},{"@type":"WebSite","@id":"https:\/\/www.marbella.gr\/#website","url":"https:\/\/www.marbella.gr\/","name":"MarBella","description":"Une famille d'h\u00f4tels vous reliant \u00e0 la magnifique mer Ionienne","publisher":{"@id":"https:\/\/www.marbella.gr\/#organization"},"alternateName":"MarBella","potentialAction":[{"@type":"SearchAction","target":{"@type":"EntryPoint","urlTemplate":"https:\/\/www.marbella.gr\/?s={search_term_string}"},"query-input":{"@type":"PropertyValueSpecification","valueRequired":true,"valueName":"search_term_string"}}],"inLanguage":"fr-FR"},{"@type":"Organization","@id":"https:\/\/www.marbella.gr\/#organization","name":"MarBella","url":"https:\/\/www.marbella.gr\/","logo":{"@type":"ImageObject","inLanguage":"fr-FR","@id":"https:\/\/www.marbella.gr\/#\/schema\/logo\/image\/","url":"https:\/\/www.marbella.gr\/app\/uploads\/2023\/06\/Marbella-collection.png","contentUrl":"https:\/\/www.marbella.gr\/app\/uploads\/2023\/06\/Marbella-collection.png","width":230,"height":75,"caption":"MarBella"},"image":{"@id":"https:\/\/www.marbella.gr\/#\/schema\/logo\/image\/"}}]}},"_links":{"self":[{"href":"https:\/\/www.marbella.gr\/fr\/wp-json\/wp\/v2\/pages\/9894","targetHints":{"allow":["GET"]}}],"collection":[{"href":"https:\/\/www.marbella.gr\/fr\/wp-json\/wp\/v2\/pages"}],"about":[{"href":"https:\/\/www.marbella.gr\/fr\/wp-json\/wp\/v2\/types\/page"}],"author":[{"embeddable":true,"href":"https:\/\/www.marbella.gr\/fr\/wp-json\/wp\/v2\/users\/16"}],"replies":[{"embeddable":true,"href":"https:\/\/www.marbella.gr\/fr\/wp-json\/wp\/v2\/comments?post=9894"}],"version-history":[{"count":4,"href":"https:\/\/www.marbella.gr\/fr\/wp-json\/wp\/v2\/pages\/9894\/revisions"}],"predecessor-version":[{"id":9910,"href":"https:\/\/www.marbella.gr\/fr\/wp-json\/wp\/v2\/pages\/9894\/revisions\/9910"}],"up":[{"embeddable":true,"href":"https:\/\/www.marbella.gr\/fr\/wp-json\/wp\/v2\/pages\/9713"}],"wp:featuredmedia":[{"embeddable":true,"href":"https:\/\/www.marbella.gr\/fr\/wp-json\/wp\/v2\/media\/8566"}],"wp:attachment":[{"href":"https:\/\/www.marbella.gr\/fr\/wp-json\/wp\/v2\/media?parent=9894"}],"curies":[{"name":"wp","href":"https:\/\/api.w.org\/{rel}","templated":true}]}}